{"id":16569,"date":"2024-10-30T14:41:41","date_gmt":"2024-10-30T11:41:41","guid":{"rendered":"https:\/\/dolphinfix.com.tr\/eticaret?post_type=product&#038;p=16569"},"modified":"2026-03-12T12:43:22","modified_gmt":"2026-03-12T09:43:22","slug":"kmp-164-likit-membran","status":"publish","type":"product","link":"https:\/\/dolphinfix.com.tr\/eticaret\/urun\/kmp-164-likit-membran\/","title":{"rendered":"FLEX KAU\u00c7UK L\u0130K\u0130T MEBRAN KMP 164 &#8211; KAU\u00c7UK SOLVENTL\u0130 L\u0130K\u0130T MEMBRAN"},"content":{"rendered":"<h3><span style=\"color: #c61016;\">\u00dcR\u00dcN B\u0130LG\u0130LER\u0130 ;<\/span><\/h3>\n<p data-pm-slice=\"1 1 []\"><span style=\"color: #000000;\"><strong>TANIMI:<\/strong> MEMBRAN \u2013 KMP 164, Bit\u00fcm em\u00fclsiyon ve Solvent esasl\u0131, tek komponentli f\u0131r\u00e7a ve p\u00fcsk\u00fcrtme y\u00f6ntemi ile uygulanabilen, i\u00e7eri\u011finde ki solventin buharla\u015fmas\u0131<\/span><br \/>\n<span style=\"color: #000000;\">ile uyguland\u0131\u011f\u0131 y\u00fczeye kuvvetli \u015fekilde yap\u0131\u015farak dayan\u0131kl\u0131 bir film tabakas\u0131 olu\u015fturan esnek su yal\u0131t\u0131m malzemesidir.<\/span><\/p>\n<p><span style=\"color: #000000;\"><strong>KULLANIM ALANLARI<\/strong><\/span><br \/>\n<span style=\"color: #000000;\">\u2022Temellerde s\u0131z\u0131nt\u0131lara ve zemin nemine kar\u015f\u0131,<\/span><br \/>\n<span style=\"color: #000000;\">\u2022\u0130stinat ve perde duvarlar\u0131nda,<\/span><br \/>\n<span style=\"color: #000000;\">\u2022Galeri, drenaj ve temel kaz\u0131klar\u0131nda,<\/span><br \/>\n<span style=\"color: #000000;\">\u2022Kat aralar\u0131nda<\/span><br \/>\n<span style=\"color: #000000;\">\u2022\u00dczeri kapat\u0131lmak \u015fart\u0131 ile teras \u00e7at\u0131larda, balkonlarda, su kanallar\u0131 ve gizli derelerde, k\u00f6pr\u00fc ve viyad\u00fcklerde,<\/span><br \/>\n<span style=\"color: #000000;\">havuzlarda suya ve rutubete kar\u015f\u0131 kullan\u0131l\u0131r.<\/span><\/p>\n<p><span style=\"color: #000000;\"><strong>\u00dcR\u00dcN \u00d6ZELL\u0130KLER\u0130<\/strong><\/span><br \/>\n<span style=\"color: #000000;\">\u2022Kullan\u0131m\u0131 \u00e7ok kolayd\u0131r ve herkes taraf\u0131ndan uygulanabilir.<\/span><br \/>\n<span style=\"color: #000000;\">\u2022\u00c7ok elastiktir (%1000)<\/span><br \/>\n<span style=\"color: #000000;\">\u2022Ek olu\u015fturmadan, kesintisizve b\u00fct\u00fcn bir izolasyona imkan verir.<\/span><br \/>\n<span style=\"color: #000000;\">\u2022\u00c7abuk kurur.<\/span><br \/>\n<span style=\"color: #000000;\">\u2022Is\u0131tma ve inceltme gerektirmez.<\/span><br \/>\n<span style=\"color: #000000;\">\u2022Bas\u0131n\u00e7l\u0131 suya dayan\u0131m\u0131 istenen durumlarda file ke\u00e7e gibi malzemelerle kullan\u0131labilir.<\/span><\/p>\n<p><span style=\"color: #000000;\"><strong>TEKN\u0130K \u00d6ZELL\u0130KLER<\/strong><\/span><br \/>\n<span style=\"color: #000000;\">Renk ve g\u00f6r\u00fcn\u00fcm :Siyah &#8211; Koyu k\u0131vaml\u0131 s\u0131v\u0131<\/span><br \/>\n<span style=\"color: #000000;\">Esas\u0131 \/ \u00e7\u00f6z\u00fcc\u00fcs\u00fc :Modifiye Bit\u00fcm \/ Solvent<\/span><br \/>\n<span style=\"color: #000000;\">Uygulama S\u0131cakl\u0131\u011f\u0131 :(+5\u00b0C)-(+35)\u00b0C aras\u0131<\/span><br \/>\n<span style=\"color: #000000;\">Kuruma S\u00fcresi :2-4 saat<\/span><br \/>\n<span style=\"color: #000000;\">Yo\u011funluk :0,98\u00b10,05 gr\/cm\u00b3<\/span><br \/>\n<span style=\"color: #000000;\">Kat\u0131 Madde Oran\u0131 :%65<\/span><br \/>\n<span style=\"color: #000000;\">Kopma Uzamas\u0131 :%1000<\/span><br \/>\n<span style=\"color: #000000;\">Tehlikeli Maddeler :G\u00fcvelik bilgi f\u00f6y\u00fcne bak\u0131n\u0131z.<\/span><\/p>\n<p><span style=\"color: #000000;\">*Teknik Bilgiler: +20\u00b0C (\u00b12\u00baC) hava s\u0131cakl\u0131\u011f\u0131 ve %50 \u00b15 ba\u011f\u0131l nem ko\u015fullar\u0131nda elde edilmi\u015ftir. Y\u00fcksek s\u0131cakl\u0131klar s\u00fcreleri k\u0131salt\u0131r, d\u00fc\u015f\u00fck s\u0131cakl\u0131klar uzat\u0131r. Ger\u00e7ekte elde edilen de\u011ferler, bizim kontrollerimizin d\u0131\u015f\u0131ndaki \u015fartlar sebebiyle de\u011fi\u015fiklik g\u00f6sterebilir.<\/span><\/p>\n<p><span style=\"color: #000000;\"><strong>SARF\u0130YAT<\/strong><\/span><br \/>\n<span style=\"color: #000000;\">HER KAT \u0130\u00c7\u0130N M\u00b2 YE<\/span><br \/>\n<span style=\"color: #000000;\">600 gr olacak \u015fekilde en az 2 kat olarak uygulanmal\u0131d\u0131r.<\/span><\/p>\n<p><span style=\"color: #000000;\"><strong>AMBALAJ<\/strong><\/span><br \/>\n<span style=\"color: #000000;\">16 KG Metal Tenekelerde<\/span><\/p>\n<p><span style=\"color: #000000;\"><strong>RAF \u00d6MR\u00dc<\/strong><\/span><br \/>\n<span style=\"color: #000000;\">Orijinal, hasar g\u00f6rmemi\u015f ve a\u00e7\u0131lmam\u0131\u015f ambalaj\u0131nda ve depolama \u015farlar\u0131na uyulmas\u0131 durumunda \u00fcretim tarihi itibariyle 9 ayd\u0131r.<\/span><\/p>\n<p><span style=\"color: #000000;\"><strong>DEPOLAMA \u015eARTLARI<\/strong><\/span><br \/>\n<span style=\"color: #000000;\">+5 \u00b0C ve 35\u00b0C aral\u0131\u011f\u0131nda muhafaza edilmelidir. Dondan, nemden ve direkt g\u00fcne\u015f \u0131\u015f\u0131ndan korunmal\u0131d\u0131r.<\/span><\/p>\n<p><span style=\"color: #800080;\"><strong>Not: Bu \u00fcr\u00fcnden 200 kg sat\u0131n almak istemeniz halinde whatsapp hatt\u0131ndan k\u0131sa yola t\u0131klayarak ula\u015fabilirsiniz.<\/strong><\/span><\/p>\n","protected":false},"excerpt":{"rendered":"<p><span style=\"color: #000000;\"><a style=\"color: #000000;\" href=\"https:\/\/dolphinfix.com.tr\/eticaret\/wp-content\/uploads\/2025\/05\/MEMBRAN-KMP-164-TDS_compressed.pdf\" target=\"_blank\" rel=\"noopener\">TDS Belgesini \u0130ndirmek \u0130\u00e7in T\u0131klay\u0131n\u0131z<br \/>\n<\/a><\/span><span style=\"color: #000000;\"><a style=\"color: #000000;\" href=\"#\" target=\"_blank\" rel=\"noopener\">CE Belgesini \u0130ndirmek \u0130\u00e7in T\u0131klay\u0131n\u0131z<\/a><\/span><\/p>\n","protected":false},"featured_media":17473,"comment_status":"open","ping_status":"closed","template":"","meta":{"_joinchat":[]},"product_cat":[100,83],"product_tag":[992,1000,998,1039,1005,1038,1036,1004,788,1037,997,1001,1002,662,999],"class_list":{"0":"post-16569","1":"product","2":"type-product","3":"status-publish","4":"has-post-thumbnail","6":"product_cat-bitum-ve-kaucuk-esasli-pozitif","7":"product_cat-su-yalitim-cozumleri","8":"product_tag-beton-su-izolasyonu","9":"product_tag-catida-su-yalitim","10":"product_tag-dayanikli-su-yalitim","11":"product_tag-elastomerik-membran","12":"product_tag-endustriyel-su-yalitim","13":"product_tag-esnek-su-yalitim","14":"product_tag-kaucuk-likit-membran","15":"product_tag-kolay-uygulanabilir-su-yalitim","16":"product_tag-profesyonel-uygulama","17":"product_tag-solventli-su-yalitim","18":"product_tag-su-yalitim-kaplama","19":"product_tag-teras-su-yalitim","20":"product_tag-uzun-omurlu-su-yalitim","21":"product_tag-yapi-malzemeleri","22":"product_tag-yuksek-performansli-su-yalitim","24":"first","25":"instock","26":"taxable","27":"shipping-taxable","28":"purchasable","29":"product-type-variable"},"yoast_head":"<!-- This site is optimized with the Yoast SEO Premium plugin v20.2.1 (Yoast SEO v20.2.1) - https:\/\/yoast.com\/wordpress\/plugins\/seo\/ -->\n<title>MEMBRAN KMP 164 | Solvent Esasl\u0131 Elastik Likit Su Yal\u0131t\u0131m\u0131<\/title>\n<meta name=\"description\" content=\"MEMBRAN KMP 164, solvent esasl\u0131, tek komponentli ve 00 elastik yap\u0131ya sahip likit su yal\u0131t\u0131m malzemesidir. Temel, perde duvar, teras ve balkonlarda g\u00fc\u00e7l\u00fc ve kesintisiz izolasyon sa\u011flar.\" \/>\n<meta name=\"robots\" content=\"index, follow, max-snippet:-1, max-image-preview:large, max-video-preview:-1\" \/>\n<link rel=\"canonical\" href=\"https:\/\/dolphinfix.com.tr\/eticaret\/urun\/kmp-164-likit-membran\/\" \/>\n<meta property=\"og:locale\" content=\"tr_TR\" \/>\n<meta property=\"og:type\" content=\"article\" \/>\n<meta property=\"og:title\" content=\"FLEX KAU\u00c7UK L\u0130K\u0130T MEBRAN KMP 164 - KAU\u00c7UK SOLVENTL\u0130 L\u0130K\u0130T MEMBRAN\" \/>\n<meta property=\"og:description\" content=\"MEMBRAN KMP 164, solvent esasl\u0131, tek komponentli ve 00 elastik yap\u0131ya sahip likit su yal\u0131t\u0131m malzemesidir. Temel, perde duvar, teras ve balkonlarda g\u00fc\u00e7l\u00fc ve kesintisiz izolasyon sa\u011flar.\" \/>\n<meta property=\"og:url\" content=\"https:\/\/dolphinfix.com.tr\/eticaret\/urun\/kmp-164-likit-membran\/\" \/>\n<meta property=\"og:site_name\" content=\"Dolphinfix\" \/>\n<meta property=\"article:modified_time\" content=\"2026-03-12T09:43:22+00:00\" \/>\n<meta property=\"og:image\" content=\"https:\/\/dolphinfix.com.tr\/eticaret\/wp-content\/uploads\/2024\/10\/164-KMP.png\" \/>\n\t<meta property=\"og:image:width\" content=\"1000\" \/>\n\t<meta property=\"og:image:height\" content=\"1000\" \/>\n\t<meta property=\"og:image:type\" content=\"image\/png\" \/>\n<meta name=\"twitter:card\" content=\"summary_large_image\" \/>\n<meta name=\"twitter:label1\" content=\"Tahmini okuma s\u00fcresi\" \/>\n\t<meta name=\"twitter:data1\" content=\"2 dakika\" \/>\n<script type=\"application\/ld+json\" class=\"yoast-schema-graph\">{\"@context\":\"https:\/\/schema.org\",\"@graph\":[{\"@type\":\"WebPage\",\"@id\":\"https:\/\/dolphinfix.com.tr\/eticaret\/urun\/kmp-164-likit-membran\/\",\"url\":\"https:\/\/dolphinfix.com.tr\/eticaret\/urun\/kmp-164-likit-membran\/\",\"name\":\"MEMBRAN KMP 164 | Solvent Esasl\u0131 Elastik Likit Su Yal\u0131t\u0131m\u0131\",\"isPartOf\":{\"@id\":\"https:\/\/dolphinfix.com.tr\/eticaret\/#website\"},\"datePublished\":\"2024-10-30T11:41:41+00:00\",\"dateModified\":\"2026-03-12T09:43:22+00:00\",\"description\":\"MEMBRAN KMP 164, solvent esasl\u0131, tek komponentli ve 00 elastik yap\u0131ya sahip likit su yal\u0131t\u0131m malzemesidir. Temel, perde duvar, teras ve balkonlarda g\u00fc\u00e7l\u00fc ve kesintisiz izolasyon sa\u011flar.\",\"breadcrumb\":{\"@id\":\"https:\/\/dolphinfix.com.tr\/eticaret\/urun\/kmp-164-likit-membran\/#breadcrumb\"},\"inLanguage\":\"tr\",\"potentialAction\":[{\"@type\":\"ReadAction\",\"target\":[\"https:\/\/dolphinfix.com.tr\/eticaret\/urun\/kmp-164-likit-membran\/\"]}]},{\"@type\":\"BreadcrumbList\",\"@id\":\"https:\/\/dolphinfix.com.tr\/eticaret\/urun\/kmp-164-likit-membran\/#breadcrumb\",\"itemListElement\":[{\"@type\":\"ListItem\",\"position\":1,\"name\":\"Home\",\"item\":\"https:\/\/dolphinfix.com.tr\/eticaret\/\"},{\"@type\":\"ListItem\",\"position\":2,\"name\":\"Market\",\"item\":\"https:\/\/dolphinfix.com.tr\/eticaret\/market\/\"},{\"@type\":\"ListItem\",\"position\":3,\"name\":\"FLEX KAU\u00c7UK L\u0130K\u0130T MEBRAN KMP 164 &#8211; KAU\u00c7UK SOLVENTL\u0130 L\u0130K\u0130T MEMBRAN\"}]},{\"@type\":\"WebSite\",\"@id\":\"https:\/\/dolphinfix.com.tr\/eticaret\/#website\",\"url\":\"https:\/\/dolphinfix.com.tr\/eticaret\/\",\"name\":\"Dolphinfix\",\"description\":\"\",\"potentialAction\":[{\"@type\":\"SearchAction\",\"target\":{\"@type\":\"EntryPoint\",\"urlTemplate\":\"https:\/\/dolphinfix.com.tr\/eticaret\/?s={search_term_string}\"},\"query-input\":\"required name=search_term_string\"}],\"inLanguage\":\"tr\"}]}<\/script>\n<!-- \/ Yoast SEO Premium plugin. -->","yoast_head_json":{"title":"MEMBRAN KMP 164 | Solvent Esasl\u0131 Elastik Likit Su Yal\u0131t\u0131m\u0131","description":"MEMBRAN KMP 164, solvent esasl\u0131, tek komponentli ve 00 elastik yap\u0131ya sahip likit su yal\u0131t\u0131m malzemesidir. Temel, perde duvar, teras ve balkonlarda g\u00fc\u00e7l\u00fc ve kesintisiz izolasyon sa\u011flar.","robots":{"index":"index","follow":"follow","max-snippet":"max-snippet:-1","max-image-preview":"max-image-preview:large","max-video-preview":"max-video-preview:-1"},"canonical":"https:\/\/dolphinfix.com.tr\/eticaret\/urun\/kmp-164-likit-membran\/","og_locale":"tr_TR","og_type":"article","og_title":"FLEX KAU\u00c7UK L\u0130K\u0130T MEBRAN KMP 164 - KAU\u00c7UK SOLVENTL\u0130 L\u0130K\u0130T MEMBRAN","og_description":"MEMBRAN KMP 164, solvent esasl\u0131, tek komponentli ve 00 elastik yap\u0131ya sahip likit su yal\u0131t\u0131m malzemesidir. Temel, perde duvar, teras ve balkonlarda g\u00fc\u00e7l\u00fc ve kesintisiz izolasyon sa\u011flar.","og_url":"https:\/\/dolphinfix.com.tr\/eticaret\/urun\/kmp-164-likit-membran\/","og_site_name":"Dolphinfix","article_modified_time":"2026-03-12T09:43:22+00:00","og_image":[{"width":1000,"height":1000,"url":"https:\/\/dolphinfix.com.tr\/eticaret\/wp-content\/uploads\/2024\/10\/164-KMP.png","type":"image\/png"}],"twitter_card":"summary_large_image","twitter_misc":{"Tahmini okuma s\u00fcresi":"2 dakika"},"schema":{"@context":"https:\/\/schema.org","@graph":[{"@type":"WebPage","@id":"https:\/\/dolphinfix.com.tr\/eticaret\/urun\/kmp-164-likit-membran\/","url":"https:\/\/dolphinfix.com.tr\/eticaret\/urun\/kmp-164-likit-membran\/","name":"MEMBRAN KMP 164 | Solvent Esasl\u0131 Elastik Likit Su Yal\u0131t\u0131m\u0131","isPartOf":{"@id":"https:\/\/dolphinfix.com.tr\/eticaret\/#website"},"datePublished":"2024-10-30T11:41:41+00:00","dateModified":"2026-03-12T09:43:22+00:00","description":"MEMBRAN KMP 164, solvent esasl\u0131, tek komponentli ve 00 elastik yap\u0131ya sahip likit su yal\u0131t\u0131m malzemesidir. Temel, perde duvar, teras ve balkonlarda g\u00fc\u00e7l\u00fc ve kesintisiz izolasyon sa\u011flar.","breadcrumb":{"@id":"https:\/\/dolphinfix.com.tr\/eticaret\/urun\/kmp-164-likit-membran\/#breadcrumb"},"inLanguage":"tr","potentialAction":[{"@type":"ReadAction","target":["https:\/\/dolphinfix.com.tr\/eticaret\/urun\/kmp-164-likit-membran\/"]}]},{"@type":"BreadcrumbList","@id":"https:\/\/dolphinfix.com.tr\/eticaret\/urun\/kmp-164-likit-membran\/#breadcrumb","itemListElement":[{"@type":"ListItem","position":1,"name":"Home","item":"https:\/\/dolphinfix.com.tr\/eticaret\/"},{"@type":"ListItem","position":2,"name":"Market","item":"https:\/\/dolphinfix.com.tr\/eticaret\/market\/"},{"@type":"ListItem","position":3,"name":"FLEX KAU\u00c7UK L\u0130K\u0130T MEBRAN KMP 164 &#8211; KAU\u00c7UK SOLVENTL\u0130 L\u0130K\u0130T MEMBRAN"}]},{"@type":"WebSite","@id":"https:\/\/dolphinfix.com.tr\/eticaret\/#website","url":"https:\/\/dolphinfix.com.tr\/eticaret\/","name":"Dolphinfix","description":"","potentialAction":[{"@type":"SearchAction","target":{"@type":"EntryPoint","urlTemplate":"https:\/\/dolphinfix.com.tr\/eticaret\/?s={search_term_string}"},"query-input":"required name=search_term_string"}],"inLanguage":"tr"}]}},"_links":{"self":[{"href":"https:\/\/dolphinfix.com.tr\/eticaret\/wp-json\/wp\/v2\/product\/16569","targetHints":{"allow":["GET"]}}],"collection":[{"href":"https:\/\/dolphinfix.com.tr\/eticaret\/wp-json\/wp\/v2\/product"}],"about":[{"href":"https:\/\/dolphinfix.com.tr\/eticaret\/wp-json\/wp\/v2\/types\/product"}],"replies":[{"embeddable":true,"href":"https:\/\/dolphinfix.com.tr\/eticaret\/wp-json\/wp\/v2\/comments?post=16569"}],"version-history":[{"count":8,"href":"https:\/\/dolphinfix.com.tr\/eticaret\/wp-json\/wp\/v2\/product\/16569\/revisions"}],"predecessor-version":[{"id":19387,"href":"https:\/\/dolphinfix.com.tr\/eticaret\/wp-json\/wp\/v2\/product\/16569\/revisions\/19387"}],"wp:featuredmedia":[{"embeddable":true,"href":"https:\/\/dolphinfix.com.tr\/eticaret\/wp-json\/wp\/v2\/media\/17473"}],"wp:attachment":[{"href":"https:\/\/dolphinfix.com.tr\/eticaret\/wp-json\/wp\/v2\/media?parent=16569"}],"wp:term":[{"taxonomy":"product_cat","embeddable":true,"href":"https:\/\/dolphinfix.com.tr\/eticaret\/wp-json\/wp\/v2\/product_cat?post=16569"},{"taxonomy":"product_tag","embeddable":true,"href":"https:\/\/dolphinfix.com.tr\/eticaret\/wp-json\/wp\/v2\/product_tag?post=16569"}],"curies":[{"name":"wp","href":"https:\/\/api.w.org\/{rel}","templated":true}]}}