{"id":16577,"date":"2024-10-30T15:03:14","date_gmt":"2024-10-30T12:03:14","guid":{"rendered":"https:\/\/dolphinfix.com.tr\/eticaret?post_type=product&#038;p=16577"},"modified":"2026-03-12T12:38:30","modified_gmt":"2026-03-12T09:38:30","slug":"pur-200-poliuretan-astar","status":"publish","type":"product","link":"https:\/\/dolphinfix.com.tr\/eticaret\/urun\/pur-200-poliuretan-astar\/","title":{"rendered":"COAT ASTAR PUR 200 &#8211; POL\u0130\u00dcRETAN ESASLI SU YALITIM ASTARI"},"content":{"rendered":"<h3><span style=\"color: #c61016;\">\u00dcR\u00dcN B\u0130LG\u0130LER\u0130 ;<\/span><\/h3>\n<p data-pm-slice=\"1 1 []\"><span style=\"color: #000000;\"><strong>TANIMI:<\/strong> COAT \u2013 ASTAR PUR 200, Tek bile\u015fenli, \u015feffaf ve esnek bir yap\u0131ya sahip poli\u00fcretan esasl\u0131 astar malzemesidir.<\/span><\/p>\n<p><span style=\"color: #000000;\"><strong>KULLANIM ALANLARI<\/strong><\/span><br \/>\n<span style=\"color: #000000;\">Beton ve benzeri zeminlerin \u00fczerine uygulanacak olan poli\u00fcretan esasl\u0131 son kat zemin boyalar\u0131, poli\u00fcretan esasl\u0131 parke yap\u0131\u015ft\u0131r\u0131c\u0131lar\u0131 ve her t\u00fcrl\u00fc poli\u00fcretan esasl\u0131 zemin kaplama malzemelerini uygulamas\u0131ndan \u00f6nce, zeminin haz\u0131rlanmas\u0131nda kullan\u0131l\u0131r.<\/span><\/p>\n<p><span style=\"color: #000000;\"><strong>\u00dcR\u00dcN \u00d6ZELL\u0130KLER\u0130<\/strong><\/span><br \/>\n<span style=\"color: #000000;\">\u2022Nem ile kimyasal reaksiyona girerek k\u00fcrlenir.<\/span><br \/>\n<span style=\"color: #000000;\">\u2022En zor y\u00fczeylerde m\u00fckemmel yap\u0131\u015fma sa\u011flar ve g\u00f6zenekleri doldurur.<\/span><br \/>\n<span style=\"color: #000000;\">\u2022Tek bile\u015fenlidir, kolay uygulan\u0131r ve k\u00fcr\u00fcn\u00fc tamamlad\u0131ktan sonra sert ve sa\u011flam bir astar halini al\u0131r.<\/span><br \/>\n<span style=\"color: #000000;\">\u2022Suya ve pek \u00e7ok kimyasal maddeye kar\u015f\u0131 y\u00fcksek bir dayan\u0131ma sahiptir.<\/span><br \/>\n<span style=\"color: #000000;\">\u2022\u00dczerine uygulanacak poli\u00fcretan malzemelerin zemine m\u00fckemmel bir \u015fekilde tutunmas\u0131n\u0131 sa\u011flar.<\/span><\/p>\n<p><span style=\"color: #000000;\"><strong>TEKN\u0130K \u00d6ZELL\u0130KLER<\/strong><\/span><br \/>\n<span style=\"color: #000000;\">Renk ve g\u00f6r\u00fcn\u00fcm :\u015eeffaf<\/span><br \/>\n<span style=\"color: #000000;\">Uygulanan y\u00fczeyin kullan\u0131ma alma s\u00fcresi :En az 36 saat<\/span><br \/>\n<span style=\"color: #000000;\">Uygulama S\u0131cakl\u0131\u011f\u0131 :(+5\u00b0C)-(+35)\u00b0C aras\u0131<\/span><br \/>\n<span style=\"color: #000000;\">Kuruma S\u00fcresi :4-8 saat<\/span><br \/>\n<span style=\"color: #000000;\">Yo\u011funluk :0,96\u00b10,05 gr\/cm\u00b3<\/span><br \/>\n<span style=\"color: #000000;\">Viskozite :FORD CUP 4 ile 14 sn. (20\u00b0C\u2019de)<\/span><br \/>\n<span style=\"color: #000000;\">Kar\u015f\u0131lad\u0131\u011f\u0131 Standart :TS EN 1504-2<\/span><br \/>\n<span style=\"color: #000000;\">Tehlikeli Maddeler G\u00fcvelik bilgi f\u00f6y\u00fcne bak\u0131n\u0131z.<\/span><\/p>\n<p><span style=\"color: #000000;\">*Teknik Bilgiler: +20\u00b0C (\u00b12\u00baC) hava s\u0131cakl\u0131\u011f\u0131 ve %50 \u00b15 ba\u011f\u0131l nem ko\u015fullar\u0131nda elde edilmi\u015ftir. Y\u00fcksek s\u0131cakl\u0131klar s\u00fcreleri k\u0131salt\u0131r, d\u00fc\u015f\u00fck s\u0131cakl\u0131klar uzat\u0131r. Ger\u00e7ekte elde edilen de\u011ferler, bizim kontrollerimizin d\u0131\u015f\u0131ndaki \u015fartlar sebebiyle de\u011fi\u015fiklik g\u00f6sterebilir.<\/span><\/p>\n<p><span style=\"color: #000000;\"><strong>SARF\u0130YAT<\/strong><\/span><br \/>\n<span style=\"color: #000000;\">COAT \u2013 ASTAR PUR 200<\/span><br \/>\n<span style=\"color: #000000;\">HER KAT \u0130\u00c7\u0130N M\u00b2 YE 0,30 \u2013 0,50 KG<\/span><\/p>\n<p><span style=\"color: #000000;\"><strong>AMBALAJ<\/strong><\/span><br \/>\n<span style=\"color: #000000;\">20 KG Metal Tenekelerde<\/span><\/p>\n<p><span style=\"color: #000000;\"><strong>RAF \u00d6MR\u00dc<\/strong><\/span><br \/>\n<span style=\"color: #000000;\">Orijinal, hasar g\u00f6rmemi\u015f ve a\u00e7\u0131lmam\u0131\u015f ambalaj\u0131nda ve depolama \u015farlar\u0131na uyulmas\u0131 durumunda \u00fcretim tarihi itibariyle 9 ayd\u0131r.<\/span><\/p>\n","protected":false},"excerpt":{"rendered":"<p><span style=\"color: #000000;\"><a style=\"color: #000000;\" href=\"https:\/\/dolphinfix.com.tr\/eticaret\/wp-content\/uploads\/2025\/09\/COAT-ASTAR-200-TDS-GUNCEL.pdf\" target=\"_blank\" rel=\"noopener\">TDS Belgesini \u0130ndirmek \u0130\u00e7in T\u0131klay\u0131n\u0131z<br \/>\n<\/a><\/span><span style=\"color: #000000;\"><a style=\"color: #000000;\" href=\"#\" target=\"_blank\" rel=\"noopener\">CE Belgesini \u0130ndirmek \u0130\u00e7in T\u0131klay\u0131n\u0131z<\/a><\/span><\/p>\n","protected":false},"featured_media":16579,"comment_status":"open","ping_status":"closed","template":"","meta":{"_joinchat":[]},"product_cat":[101,83],"product_tag":[772,1034,774,675,778,1040,788,840,1041,1035,777,662,780,863,771],"class_list":{"0":"post-16577","1":"product","2":"type-product","3":"status-publish","4":"has-post-thumbnail","6":"product_cat-poliuretan-esasli","7":"product_cat-su-yalitim-cozumleri","8":"product_tag-beton-astari","9":"product_tag-catida-astar","10":"product_tag-dayanikli-astar","11":"product_tag-insaat-malzemesi","12":"product_tag-kolay-uygulanabilir-astar","13":"product_tag-poliuretan-su-yalitim-astari","14":"product_tag-profesyonel-uygulama","15":"product_tag-su-yalitim-astari","16":"product_tag-su-yalitim-hazirlik","17":"product_tag-teras-astari","18":"product_tag-uzun-omurlu-astar","19":"product_tag-yapi-malzemeleri","20":"product_tag-yuksek-performansli-astar","21":"product_tag-yuzey-hazirlik-astari","22":"product_tag-zemin-astari","24":"first","25":"instock","26":"taxable","27":"shipping-taxable","28":"purchasable","29":"product-type-variable"},"yoast_head":"<!-- This site is optimized with the Yoast SEO Premium plugin v20.2.1 (Yoast SEO v20.2.1) - https:\/\/yoast.com\/wordpress\/plugins\/seo\/ -->\n<title>COAT ASTAR PUR 200 | \u015eeffaf Poli\u00fcretan Zemin Astar\u0131<\/title>\n<meta name=\"description\" content=\"COAT ASTAR PUR 200, tek bile\u015fenli ve \u015feffaf poli\u00fcretan esasl\u0131 astard\u0131r. Poli\u00fcretan zemin kaplamalar\u0131 ve parke yap\u0131\u015ft\u0131r\u0131c\u0131lar\u0131 \u00f6ncesi m\u00fckemmel aderans sa\u011flar.\" \/>\n<meta name=\"robots\" content=\"index, follow, max-snippet:-1, max-image-preview:large, max-video-preview:-1\" \/>\n<link rel=\"canonical\" href=\"https:\/\/dolphinfix.com.tr\/eticaret\/urun\/pur-200-poliuretan-astar\/\" \/>\n<meta property=\"og:locale\" content=\"tr_TR\" \/>\n<meta property=\"og:type\" content=\"article\" \/>\n<meta property=\"og:title\" content=\"COAT ASTAR PUR 200 - POL\u0130\u00dcRETAN ESASLI SU YALITIM ASTARI\" \/>\n<meta property=\"og:description\" content=\"COAT ASTAR PUR 200, tek bile\u015fenli ve \u015feffaf poli\u00fcretan esasl\u0131 astard\u0131r. Poli\u00fcretan zemin kaplamalar\u0131 ve parke yap\u0131\u015ft\u0131r\u0131c\u0131lar\u0131 \u00f6ncesi m\u00fckemmel aderans sa\u011flar.\" \/>\n<meta property=\"og:url\" content=\"https:\/\/dolphinfix.com.tr\/eticaret\/urun\/pur-200-poliuretan-astar\/\" \/>\n<meta property=\"og:site_name\" content=\"Dolphinfix\" \/>\n<meta property=\"article:modified_time\" content=\"2026-03-12T09:38:30+00:00\" \/>\n<meta property=\"og:image\" content=\"https:\/\/dolphinfix.com.tr\/eticaret\/wp-content\/uploads\/2024\/10\/200.png\" \/>\n\t<meta property=\"og:image:width\" content=\"1000\" \/>\n\t<meta property=\"og:image:height\" content=\"1000\" \/>\n\t<meta property=\"og:image:type\" content=\"image\/png\" \/>\n<meta name=\"twitter:card\" content=\"summary_large_image\" \/>\n<meta name=\"twitter:label1\" content=\"Tahmini okuma s\u00fcresi\" \/>\n\t<meta name=\"twitter:data1\" content=\"2 dakika\" \/>\n<script type=\"application\/ld+json\" class=\"yoast-schema-graph\">{\"@context\":\"https:\/\/schema.org\",\"@graph\":[{\"@type\":\"WebPage\",\"@id\":\"https:\/\/dolphinfix.com.tr\/eticaret\/urun\/pur-200-poliuretan-astar\/\",\"url\":\"https:\/\/dolphinfix.com.tr\/eticaret\/urun\/pur-200-poliuretan-astar\/\",\"name\":\"COAT ASTAR PUR 200 | \u015eeffaf Poli\u00fcretan Zemin Astar\u0131\",\"isPartOf\":{\"@id\":\"https:\/\/dolphinfix.com.tr\/eticaret\/#website\"},\"datePublished\":\"2024-10-30T12:03:14+00:00\",\"dateModified\":\"2026-03-12T09:38:30+00:00\",\"description\":\"COAT ASTAR PUR 200, tek bile\u015fenli ve \u015feffaf poli\u00fcretan esasl\u0131 astard\u0131r. Poli\u00fcretan zemin kaplamalar\u0131 ve parke yap\u0131\u015ft\u0131r\u0131c\u0131lar\u0131 \u00f6ncesi m\u00fckemmel aderans sa\u011flar.\",\"breadcrumb\":{\"@id\":\"https:\/\/dolphinfix.com.tr\/eticaret\/urun\/pur-200-poliuretan-astar\/#breadcrumb\"},\"inLanguage\":\"tr\",\"potentialAction\":[{\"@type\":\"ReadAction\",\"target\":[\"https:\/\/dolphinfix.com.tr\/eticaret\/urun\/pur-200-poliuretan-astar\/\"]}]},{\"@type\":\"BreadcrumbList\",\"@id\":\"https:\/\/dolphinfix.com.tr\/eticaret\/urun\/pur-200-poliuretan-astar\/#breadcrumb\",\"itemListElement\":[{\"@type\":\"ListItem\",\"position\":1,\"name\":\"Home\",\"item\":\"https:\/\/dolphinfix.com.tr\/eticaret\/\"},{\"@type\":\"ListItem\",\"position\":2,\"name\":\"Market\",\"item\":\"https:\/\/dolphinfix.com.tr\/eticaret\/market\/\"},{\"@type\":\"ListItem\",\"position\":3,\"name\":\"COAT ASTAR PUR 200 &#8211; POL\u0130\u00dcRETAN ESASLI SU YALITIM ASTARI\"}]},{\"@type\":\"WebSite\",\"@id\":\"https:\/\/dolphinfix.com.tr\/eticaret\/#website\",\"url\":\"https:\/\/dolphinfix.com.tr\/eticaret\/\",\"name\":\"Dolphinfix\",\"description\":\"\",\"potentialAction\":[{\"@type\":\"SearchAction\",\"target\":{\"@type\":\"EntryPoint\",\"urlTemplate\":\"https:\/\/dolphinfix.com.tr\/eticaret\/?s={search_term_string}\"},\"query-input\":\"required name=search_term_string\"}],\"inLanguage\":\"tr\"}]}<\/script>\n<!-- \/ Yoast SEO Premium plugin. -->","yoast_head_json":{"title":"COAT ASTAR PUR 200 | \u015eeffaf Poli\u00fcretan Zemin Astar\u0131","description":"COAT ASTAR PUR 200, tek bile\u015fenli ve \u015feffaf poli\u00fcretan esasl\u0131 astard\u0131r. Poli\u00fcretan zemin kaplamalar\u0131 ve parke yap\u0131\u015ft\u0131r\u0131c\u0131lar\u0131 \u00f6ncesi m\u00fckemmel aderans sa\u011flar.","robots":{"index":"index","follow":"follow","max-snippet":"max-snippet:-1","max-image-preview":"max-image-preview:large","max-video-preview":"max-video-preview:-1"},"canonical":"https:\/\/dolphinfix.com.tr\/eticaret\/urun\/pur-200-poliuretan-astar\/","og_locale":"tr_TR","og_type":"article","og_title":"COAT ASTAR PUR 200 - POL\u0130\u00dcRETAN ESASLI SU YALITIM ASTARI","og_description":"COAT ASTAR PUR 200, tek bile\u015fenli ve \u015feffaf poli\u00fcretan esasl\u0131 astard\u0131r. Poli\u00fcretan zemin kaplamalar\u0131 ve parke yap\u0131\u015ft\u0131r\u0131c\u0131lar\u0131 \u00f6ncesi m\u00fckemmel aderans sa\u011flar.","og_url":"https:\/\/dolphinfix.com.tr\/eticaret\/urun\/pur-200-poliuretan-astar\/","og_site_name":"Dolphinfix","article_modified_time":"2026-03-12T09:38:30+00:00","og_image":[{"width":1000,"height":1000,"url":"https:\/\/dolphinfix.com.tr\/eticaret\/wp-content\/uploads\/2024\/10\/200.png","type":"image\/png"}],"twitter_card":"summary_large_image","twitter_misc":{"Tahmini okuma s\u00fcresi":"2 dakika"},"schema":{"@context":"https:\/\/schema.org","@graph":[{"@type":"WebPage","@id":"https:\/\/dolphinfix.com.tr\/eticaret\/urun\/pur-200-poliuretan-astar\/","url":"https:\/\/dolphinfix.com.tr\/eticaret\/urun\/pur-200-poliuretan-astar\/","name":"COAT ASTAR PUR 200 | \u015eeffaf Poli\u00fcretan Zemin Astar\u0131","isPartOf":{"@id":"https:\/\/dolphinfix.com.tr\/eticaret\/#website"},"datePublished":"2024-10-30T12:03:14+00:00","dateModified":"2026-03-12T09:38:30+00:00","description":"COAT ASTAR PUR 200, tek bile\u015fenli ve \u015feffaf poli\u00fcretan esasl\u0131 astard\u0131r. Poli\u00fcretan zemin kaplamalar\u0131 ve parke yap\u0131\u015ft\u0131r\u0131c\u0131lar\u0131 \u00f6ncesi m\u00fckemmel aderans sa\u011flar.","breadcrumb":{"@id":"https:\/\/dolphinfix.com.tr\/eticaret\/urun\/pur-200-poliuretan-astar\/#breadcrumb"},"inLanguage":"tr","potentialAction":[{"@type":"ReadAction","target":["https:\/\/dolphinfix.com.tr\/eticaret\/urun\/pur-200-poliuretan-astar\/"]}]},{"@type":"BreadcrumbList","@id":"https:\/\/dolphinfix.com.tr\/eticaret\/urun\/pur-200-poliuretan-astar\/#breadcrumb","itemListElement":[{"@type":"ListItem","position":1,"name":"Home","item":"https:\/\/dolphinfix.com.tr\/eticaret\/"},{"@type":"ListItem","position":2,"name":"Market","item":"https:\/\/dolphinfix.com.tr\/eticaret\/market\/"},{"@type":"ListItem","position":3,"name":"COAT ASTAR PUR 200 &#8211; POL\u0130\u00dcRETAN ESASLI SU YALITIM ASTARI"}]},{"@type":"WebSite","@id":"https:\/\/dolphinfix.com.tr\/eticaret\/#website","url":"https:\/\/dolphinfix.com.tr\/eticaret\/","name":"Dolphinfix","description":"","potentialAction":[{"@type":"SearchAction","target":{"@type":"EntryPoint","urlTemplate":"https:\/\/dolphinfix.com.tr\/eticaret\/?s={search_term_string}"},"query-input":"required name=search_term_string"}],"inLanguage":"tr"}]}},"_links":{"self":[{"href":"https:\/\/dolphinfix.com.tr\/eticaret\/wp-json\/wp\/v2\/product\/16577","targetHints":{"allow":["GET"]}}],"collection":[{"href":"https:\/\/dolphinfix.com.tr\/eticaret\/wp-json\/wp\/v2\/product"}],"about":[{"href":"https:\/\/dolphinfix.com.tr\/eticaret\/wp-json\/wp\/v2\/types\/product"}],"replies":[{"embeddable":true,"href":"https:\/\/dolphinfix.com.tr\/eticaret\/wp-json\/wp\/v2\/comments?post=16577"}],"version-history":[{"count":9,"href":"https:\/\/dolphinfix.com.tr\/eticaret\/wp-json\/wp\/v2\/product\/16577\/revisions"}],"predecessor-version":[{"id":19507,"href":"https:\/\/dolphinfix.com.tr\/eticaret\/wp-json\/wp\/v2\/product\/16577\/revisions\/19507"}],"wp:featuredmedia":[{"embeddable":true,"href":"https:\/\/dolphinfix.com.tr\/eticaret\/wp-json\/wp\/v2\/media\/16579"}],"wp:attachment":[{"href":"https:\/\/dolphinfix.com.tr\/eticaret\/wp-json\/wp\/v2\/media?parent=16577"}],"wp:term":[{"taxonomy":"product_cat","embeddable":true,"href":"https:\/\/dolphinfix.com.tr\/eticaret\/wp-json\/wp\/v2\/product_cat?post=16577"},{"taxonomy":"product_tag","embeddable":true,"href":"https:\/\/dolphinfix.com.tr\/eticaret\/wp-json\/wp\/v2\/product_tag?post=16577"}],"curies":[{"name":"wp","href":"https:\/\/api.w.org\/{rel}","templated":true}]}}