{"id":16586,"date":"2024-10-30T15:24:25","date_gmt":"2024-10-30T12:24:25","guid":{"rendered":"https:\/\/dolphinfix.com.tr\/eticaret?post_type=product&#038;p=16586"},"modified":"2026-03-12T12:38:30","modified_gmt":"2026-03-12T09:38:30","slug":"pur-201-poliuretan","status":"publish","type":"product","link":"https:\/\/dolphinfix.com.tr\/eticaret\/urun\/pur-201-poliuretan\/","title":{"rendered":"COAT 2K PUR 201 &#8211; POL\u0130\u00dcRETAN ESASLI \u00c7\u0130FT KOMPENANTLI SU YALITIMI"},"content":{"rendered":"<h3><span style=\"color: #c61016;\">\u00dcR\u00dcN B\u0130LG\u0130LER\u0130 ;<\/span><\/h3>\n<p><span style=\"color: #000000;\"><strong>TANIMI :<\/strong> PUR 201, Poli\u00fcretan esasl\u0131, tek bilesenli, UV dayan\u0131m\u0131 y\u00fcksek, \u00e7ok ag\u0131r hava sartlar\u0131nda bile elastik yap\u0131s\u0131n\u0131 koruyabilen su yal\u0131t\u0131m malzemesidir.<\/span><\/p>\n<p><strong><span style=\"color: #000000;\">KULLANIM ALANLARI;<\/span><\/strong><br \/>\n<span style=\"color: #000000;\">\u2022\u00d6zellikle a\u00e7\u0131k alanlarda ( teras, balkon, \u00e7at\u0131, dere oluklar\u0131 vb.)<\/span><br \/>\n<span style=\"color: #000000;\">\u2022Y\u00fcksek as\u0131nma direnci gerektiren y\u00fczeylerde,<\/span><br \/>\n<span style=\"color: #000000;\">\u2022End\u00fcstriye zeminlerde<\/span><br \/>\n<span style=\"color: #000000;\">\u2022Yaya trafiginin yogun oldugu alanlarda,<\/span><br \/>\n<span style=\"color: #000000;\">\u2022Su deposu, y\u00fczme havuzu ve s\u00fcs havuzlar\u0131nda,<\/span><br \/>\n<span style=\"color: #000000;\">\u2022T\u00fcm \u0131slak hacimlerde<\/span><\/p>\n<p><strong><span style=\"color: #000000;\">\u00dcR\u00dcN \u00d6ZELL\u0130KLER\u0130<\/span><\/strong><br \/>\n<span style=\"color: #000000;\">\u2022En zor y\u00fczeylerde m\u00fckemmel yap\u0131sma saglar,<\/span><br \/>\n<span style=\"color: #000000;\">\u2022Y\u00fcksek UV direncine sahiptir,<\/span><br \/>\n<span style=\"color: #000000;\">\u2022Renkini korur solmaz,<\/span><br \/>\n<span style=\"color: #000000;\">\u2022Y\u00fcksek elastik yap\u0131ya sahiptir. Zor hava kosullar\u0131nda bile esnekligini korur,<\/span><br \/>\n<span style=\"color: #000000;\">\u2022Ek olusturmaz bu nedenle ek olusumuna bagl\u0131 s\u0131z\u0131nt\u0131 ihtimali yoktur.<\/span><br \/>\n<span style=\"color: #000000;\">\u2022Uzun \u00f6m\u00fcrl\u00fcd\u00fcr.<\/span><br \/>\n<span style=\"color: #000000;\">\u2022\u00c7evre dostudur.<\/span><\/p>\n<p><strong><span style=\"color: #000000;\">UYGULAMA B\u0130LG\u0130S\u0130;<\/span><\/strong><br \/>\n<span style=\"color: #000000;\"><strong>Y\u00dcZEY HAZIRLIGI :<\/strong> Uygulama y\u00fczeyinin saglam, tutunmay\u0131 \u00f6nleyici, kuru, tozsuz, ve temiz olmal\u0131d\u0131r. Y\u00fczey, aderans\u0131 azaltacak her t\u00fcrl\u00fc yag, gres, pas, ve parafin kal\u0131nt\u0131lar\u0131ndan iyice temizlenmeli ve y\u00fczeyde gevsek par\u00e7ac\u0131klar olmamal\u0131d\u0131r. Y\u00fczeyde ki bozuk yerleri D- TH tamir har\u00e7lar\u0131ndan uygun olan ile tamir edilmelidir.<\/span><\/p>\n<p><span style=\"color: #000000;\"><strong>KARISTIRMA :<\/strong> Uygulamadan \u00f6nce 300 devir\/dk. h\u0131z\u0131nda uygun bir kar\u0131st\u0131r\u0131c\u0131 ile 2-3 dk kar\u0131st\u0131r\u0131n\u0131z.<\/span><\/p>\n<p><span style=\"color: #000000;\"><strong>UYGULAMA :<\/strong> 2 kat halinde uygulay\u0131n\u0131z. Katlar aras\u0131nda azami 24 saatten fazla beklemeyiniz. I\u00e7erisini baska bir malzeme kar\u0131st\u0131rmay\u0131n\u0131z.<\/span><\/p>\n<p><span style=\"color: #000000;\"><strong>UYARILAR :<\/strong> (+) 5\u00b0C\u2019nin alt\u0131nda ve (+) 35\u00b0C\u2019nin \u00fcst\u00fcnde ki ortamlarda mutlaka korumaya al\u0131nmal\u0131d\u0131r. Siddetli r\u00fczg\u00e2rdan mutlaka korunmal\u0131d\u0131r. Dona ve yagmur gibi hava kosullar\u0131na kars\u0131 \u00f6nlem al\u0131nmal\u0131d\u0131r.<\/span><\/p>\n<p><span style=\"color: #000000;\"><strong>AMBALAJ :<\/strong> 25 KG SET A Komponent 20 kg teneke \/ B Komponent 5 kg bidon<\/span><\/p>\n<p><span style=\"color: #000000;\"><strong>SARFIYAT :<\/strong> Her kat i\u00e7in m\u00b2 ba\u015f\u0131na yataylarda 0,65 kg d\u00fcseylerde 0,50 kg<\/span><\/p>\n<p><span style=\"color: #000000;\"><strong>RAF \u00d6MR\u00dc :<\/strong> Orijinal, hasar g\u00f6rmemis ve a\u00e7\u0131lmam\u0131s ambalaj\u0131nda ve depolama sarlar\u0131na uyulmas\u0131 durumunda \u00fcretim tarihi itibariyle 12 ayd\u0131r.<\/span><\/p>\n<p><span style=\"color: #000000;\"><strong>DEPOLAMA SARTLARI :<\/strong> +5 \u00b0C ve 30\u00b0C aral\u0131g\u0131nda muhafaza edilmelidir. Dondan, nemden ve direkt g\u00fcnes \u0131s\u0131ndan korunmal\u0131d\u0131r.<\/span><\/p>\n<p><span style=\"color: #000000;\"><em>\u00dcr\u00fcn Teknik \u00f6zellikleri ve di\u011fer bilgiler i\u00e7in tds belgesini indirmenizi rica ederiz.<\/em><\/span><\/p>\n<p><span style=\"color: #800080;\"><strong>Not:Set \u00dcr\u00fcnlerinden setin herhangi bir par\u00e7a \u00fcr\u00fcn sat\u0131n almak istemeniz halinde whatsapp hatt\u0131ndan k\u0131sa yola t\u0131klayarak ula\u015fabilirsiniz.<\/strong><\/span><\/p>\n","protected":false},"excerpt":{"rendered":"<p><span style=\"color: #000000;\"><a style=\"color: #000000;\" href=\"https:\/\/dolphinfix.com.tr\/eticaret\/wp-content\/uploads\/2025\/04\/COAT-2K-201-PUR-TDS-1.pdf\" target=\"_blank\" rel=\"noopener\">TDS Belgesini \u0130ndirmek \u0130\u00e7in T\u0131klay\u0131n\u0131z<br \/>\n<\/a><\/span><span style=\"color: #000000;\"><a style=\"color: #000000;\" href=\"#\" target=\"_blank\" rel=\"noopener\">CE Belgesini \u0130ndirmek \u0130\u00e7in T\u0131klay\u0131n\u0131z<\/a><\/span><\/p>\n","protected":false},"featured_media":16880,"comment_status":"open","ping_status":"closed","template":"","meta":{"_joinchat":[]},"product_cat":[101,83],"product_tag":[992,1000,1042,998,1044,1005,995,1004,1043,788,996,1001,1002,662,999],"class_list":{"0":"post-16586","1":"product","2":"type-product","3":"status-publish","4":"has-post-thumbnail","6":"product_cat-poliuretan-esasli","7":"product_cat-su-yalitim-cozumleri","8":"product_tag-beton-su-izolasyonu","9":"product_tag-catida-su-yalitim","10":"product_tag-cift-komponentli-poliuretan-su-yalitimi","11":"product_tag-dayanikli-su-yalitim","12":"product_tag-elastomerik-su-yalitim","13":"product_tag-endustriyel-su-yalitim","14":"product_tag-gri-su-yalitim-malzemesi","15":"product_tag-kolay-uygulanabilir-su-yalitim","16":"product_tag-poliuretan-su-yalitim-malzemesi","17":"product_tag-profesyonel-uygulama","18":"product_tag-su-yalitim-membrani","19":"product_tag-teras-su-yalitim","20":"product_tag-uzun-omurlu-su-yalitim","21":"product_tag-yapi-malzemeleri","22":"product_tag-yuksek-performansli-su-yalitim","24":"first","25":"instock","26":"taxable","27":"shipping-taxable","28":"purchasable","29":"product-type-variable"},"yoast_head":"<!-- This site is optimized with the Yoast SEO Premium plugin v20.2.1 (Yoast SEO v20.2.1) - https:\/\/yoast.com\/wordpress\/plugins\/seo\/ -->\n<title>PUR 201 | 2K UV Dayan\u0131ml\u0131 Poli\u00fcretan Su Yal\u0131t\u0131m\u0131<\/title>\n<meta name=\"description\" content=\"PUR 201, poli\u00fcretan esasl\u0131, UV dayan\u0131ml\u0131 ve y\u00fcksek elastik yap\u0131ya sahip su yal\u0131t\u0131m malzemesidir. Teras, balkon, \u00e7at\u0131 ve \u0131slak hacimlerde uzun \u00f6m\u00fcrl\u00fc koruma sa\u011flar.\" \/>\n<meta name=\"robots\" content=\"index, follow, max-snippet:-1, max-image-preview:large, max-video-preview:-1\" \/>\n<link rel=\"canonical\" href=\"https:\/\/dolphinfix.com.tr\/eticaret\/urun\/pur-201-poliuretan\/\" \/>\n<meta property=\"og:locale\" content=\"tr_TR\" \/>\n<meta property=\"og:type\" content=\"article\" \/>\n<meta property=\"og:title\" content=\"COAT 2K PUR 201 - POL\u0130\u00dcRETAN ESASLI \u00c7\u0130FT KOMPENANTLI SU YALITIMI\" \/>\n<meta property=\"og:description\" content=\"PUR 201, poli\u00fcretan esasl\u0131, UV dayan\u0131ml\u0131 ve y\u00fcksek elastik yap\u0131ya sahip su yal\u0131t\u0131m malzemesidir. Teras, balkon, \u00e7at\u0131 ve \u0131slak hacimlerde uzun \u00f6m\u00fcrl\u00fc koruma sa\u011flar.\" \/>\n<meta property=\"og:url\" content=\"https:\/\/dolphinfix.com.tr\/eticaret\/urun\/pur-201-poliuretan\/\" \/>\n<meta property=\"og:site_name\" content=\"Dolphinfix\" \/>\n<meta property=\"article:modified_time\" content=\"2026-03-12T09:38:30+00:00\" \/>\n<meta property=\"og:image\" content=\"https:\/\/dolphinfix.com.tr\/eticaret\/wp-content\/uploads\/2024\/10\/201.png\" \/>\n\t<meta property=\"og:image:width\" content=\"970\" \/>\n\t<meta property=\"og:image:height\" content=\"1000\" \/>\n\t<meta property=\"og:image:type\" content=\"image\/png\" \/>\n<meta name=\"twitter:card\" content=\"summary_large_image\" \/>\n<meta name=\"twitter:label1\" content=\"Tahmini okuma s\u00fcresi\" \/>\n\t<meta name=\"twitter:data1\" content=\"2 dakika\" \/>\n<script type=\"application\/ld+json\" class=\"yoast-schema-graph\">{\"@context\":\"https:\/\/schema.org\",\"@graph\":[{\"@type\":\"WebPage\",\"@id\":\"https:\/\/dolphinfix.com.tr\/eticaret\/urun\/pur-201-poliuretan\/\",\"url\":\"https:\/\/dolphinfix.com.tr\/eticaret\/urun\/pur-201-poliuretan\/\",\"name\":\"PUR 201 | 2K UV Dayan\u0131ml\u0131 Poli\u00fcretan Su Yal\u0131t\u0131m\u0131\",\"isPartOf\":{\"@id\":\"https:\/\/dolphinfix.com.tr\/eticaret\/#website\"},\"datePublished\":\"2024-10-30T12:24:25+00:00\",\"dateModified\":\"2026-03-12T09:38:30+00:00\",\"description\":\"PUR 201, poli\u00fcretan esasl\u0131, UV dayan\u0131ml\u0131 ve y\u00fcksek elastik yap\u0131ya sahip su yal\u0131t\u0131m malzemesidir. Teras, balkon, \u00e7at\u0131 ve \u0131slak hacimlerde uzun \u00f6m\u00fcrl\u00fc koruma sa\u011flar.\",\"breadcrumb\":{\"@id\":\"https:\/\/dolphinfix.com.tr\/eticaret\/urun\/pur-201-poliuretan\/#breadcrumb\"},\"inLanguage\":\"tr\",\"potentialAction\":[{\"@type\":\"ReadAction\",\"target\":[\"https:\/\/dolphinfix.com.tr\/eticaret\/urun\/pur-201-poliuretan\/\"]}]},{\"@type\":\"BreadcrumbList\",\"@id\":\"https:\/\/dolphinfix.com.tr\/eticaret\/urun\/pur-201-poliuretan\/#breadcrumb\",\"itemListElement\":[{\"@type\":\"ListItem\",\"position\":1,\"name\":\"Home\",\"item\":\"https:\/\/dolphinfix.com.tr\/eticaret\/\"},{\"@type\":\"ListItem\",\"position\":2,\"name\":\"Market\",\"item\":\"https:\/\/dolphinfix.com.tr\/eticaret\/market\/\"},{\"@type\":\"ListItem\",\"position\":3,\"name\":\"COAT 2K PUR 201 &#8211; POL\u0130\u00dcRETAN ESASLI \u00c7\u0130FT KOMPENANTLI SU YALITIMI\"}]},{\"@type\":\"WebSite\",\"@id\":\"https:\/\/dolphinfix.com.tr\/eticaret\/#website\",\"url\":\"https:\/\/dolphinfix.com.tr\/eticaret\/\",\"name\":\"Dolphinfix\",\"description\":\"\",\"potentialAction\":[{\"@type\":\"SearchAction\",\"target\":{\"@type\":\"EntryPoint\",\"urlTemplate\":\"https:\/\/dolphinfix.com.tr\/eticaret\/?s={search_term_string}\"},\"query-input\":\"required name=search_term_string\"}],\"inLanguage\":\"tr\"}]}<\/script>\n<!-- \/ Yoast SEO Premium plugin. -->","yoast_head_json":{"title":"PUR 201 | 2K UV Dayan\u0131ml\u0131 Poli\u00fcretan Su Yal\u0131t\u0131m\u0131","description":"PUR 201, poli\u00fcretan esasl\u0131, UV dayan\u0131ml\u0131 ve y\u00fcksek elastik yap\u0131ya sahip su yal\u0131t\u0131m malzemesidir. Teras, balkon, \u00e7at\u0131 ve \u0131slak hacimlerde uzun \u00f6m\u00fcrl\u00fc koruma sa\u011flar.","robots":{"index":"index","follow":"follow","max-snippet":"max-snippet:-1","max-image-preview":"max-image-preview:large","max-video-preview":"max-video-preview:-1"},"canonical":"https:\/\/dolphinfix.com.tr\/eticaret\/urun\/pur-201-poliuretan\/","og_locale":"tr_TR","og_type":"article","og_title":"COAT 2K PUR 201 - POL\u0130\u00dcRETAN ESASLI \u00c7\u0130FT KOMPENANTLI SU YALITIMI","og_description":"PUR 201, poli\u00fcretan esasl\u0131, UV dayan\u0131ml\u0131 ve y\u00fcksek elastik yap\u0131ya sahip su yal\u0131t\u0131m malzemesidir. Teras, balkon, \u00e7at\u0131 ve \u0131slak hacimlerde uzun \u00f6m\u00fcrl\u00fc koruma sa\u011flar.","og_url":"https:\/\/dolphinfix.com.tr\/eticaret\/urun\/pur-201-poliuretan\/","og_site_name":"Dolphinfix","article_modified_time":"2026-03-12T09:38:30+00:00","og_image":[{"width":970,"height":1000,"url":"https:\/\/dolphinfix.com.tr\/eticaret\/wp-content\/uploads\/2024\/10\/201.png","type":"image\/png"}],"twitter_card":"summary_large_image","twitter_misc":{"Tahmini okuma s\u00fcresi":"2 dakika"},"schema":{"@context":"https:\/\/schema.org","@graph":[{"@type":"WebPage","@id":"https:\/\/dolphinfix.com.tr\/eticaret\/urun\/pur-201-poliuretan\/","url":"https:\/\/dolphinfix.com.tr\/eticaret\/urun\/pur-201-poliuretan\/","name":"PUR 201 | 2K UV Dayan\u0131ml\u0131 Poli\u00fcretan Su Yal\u0131t\u0131m\u0131","isPartOf":{"@id":"https:\/\/dolphinfix.com.tr\/eticaret\/#website"},"datePublished":"2024-10-30T12:24:25+00:00","dateModified":"2026-03-12T09:38:30+00:00","description":"PUR 201, poli\u00fcretan esasl\u0131, UV dayan\u0131ml\u0131 ve y\u00fcksek elastik yap\u0131ya sahip su yal\u0131t\u0131m malzemesidir. Teras, balkon, \u00e7at\u0131 ve \u0131slak hacimlerde uzun \u00f6m\u00fcrl\u00fc koruma sa\u011flar.","breadcrumb":{"@id":"https:\/\/dolphinfix.com.tr\/eticaret\/urun\/pur-201-poliuretan\/#breadcrumb"},"inLanguage":"tr","potentialAction":[{"@type":"ReadAction","target":["https:\/\/dolphinfix.com.tr\/eticaret\/urun\/pur-201-poliuretan\/"]}]},{"@type":"BreadcrumbList","@id":"https:\/\/dolphinfix.com.tr\/eticaret\/urun\/pur-201-poliuretan\/#breadcrumb","itemListElement":[{"@type":"ListItem","position":1,"name":"Home","item":"https:\/\/dolphinfix.com.tr\/eticaret\/"},{"@type":"ListItem","position":2,"name":"Market","item":"https:\/\/dolphinfix.com.tr\/eticaret\/market\/"},{"@type":"ListItem","position":3,"name":"COAT 2K PUR 201 &#8211; POL\u0130\u00dcRETAN ESASLI \u00c7\u0130FT KOMPENANTLI SU YALITIMI"}]},{"@type":"WebSite","@id":"https:\/\/dolphinfix.com.tr\/eticaret\/#website","url":"https:\/\/dolphinfix.com.tr\/eticaret\/","name":"Dolphinfix","description":"","potentialAction":[{"@type":"SearchAction","target":{"@type":"EntryPoint","urlTemplate":"https:\/\/dolphinfix.com.tr\/eticaret\/?s={search_term_string}"},"query-input":"required name=search_term_string"}],"inLanguage":"tr"}]}},"_links":{"self":[{"href":"https:\/\/dolphinfix.com.tr\/eticaret\/wp-json\/wp\/v2\/product\/16586","targetHints":{"allow":["GET"]}}],"collection":[{"href":"https:\/\/dolphinfix.com.tr\/eticaret\/wp-json\/wp\/v2\/product"}],"about":[{"href":"https:\/\/dolphinfix.com.tr\/eticaret\/wp-json\/wp\/v2\/types\/product"}],"replies":[{"embeddable":true,"href":"https:\/\/dolphinfix.com.tr\/eticaret\/wp-json\/wp\/v2\/comments?post=16586"}],"version-history":[{"count":9,"href":"https:\/\/dolphinfix.com.tr\/eticaret\/wp-json\/wp\/v2\/product\/16586\/revisions"}],"predecessor-version":[{"id":19254,"href":"https:\/\/dolphinfix.com.tr\/eticaret\/wp-json\/wp\/v2\/product\/16586\/revisions\/19254"}],"wp:featuredmedia":[{"embeddable":true,"href":"https:\/\/dolphinfix.com.tr\/eticaret\/wp-json\/wp\/v2\/media\/16880"}],"wp:attachment":[{"href":"https:\/\/dolphinfix.com.tr\/eticaret\/wp-json\/wp\/v2\/media?parent=16586"}],"wp:term":[{"taxonomy":"product_cat","embeddable":true,"href":"https:\/\/dolphinfix.com.tr\/eticaret\/wp-json\/wp\/v2\/product_cat?post=16586"},{"taxonomy":"product_tag","embeddable":true,"href":"https:\/\/dolphinfix.com.tr\/eticaret\/wp-json\/wp\/v2\/product_tag?post=16586"}],"curies":[{"name":"wp","href":"https:\/\/api.w.org\/{rel}","templated":true}]}}