{"id":16612,"date":"2024-10-30T23:52:20","date_gmt":"2024-10-30T20:52:20","guid":{"rendered":"https:\/\/dolphinfix.com.tr\/eticaret?post_type=product&#038;p=16612"},"modified":"2026-03-12T12:22:26","modified_gmt":"2026-03-12T09:22:26","slug":"enj-303-poliuretan-enjeksiyon","status":"publish","type":"product","link":"https:\/\/dolphinfix.com.tr\/eticaret\/urun\/enj-303-poliuretan-enjeksiyon\/","title":{"rendered":"ENJEKS\u0130YON 303 ENJ &#8211; ELAST\u0130K ENJEKS\u0130YON RE\u00c7\u0130NES\u0130"},"content":{"rendered":"<h3><span style=\"color: #c61016;\">\u00dcR\u00dcN B\u0130LG\u0130LER\u0130 ;<\/span><\/h3>\n<p><span style=\"color: #000000;\"><strong>TANIMI :<\/strong> POLI\u00dcRETAN \u2013 ENJ 303 d\u00fcs\u00fck viskoziteli, cfc ve Solvent gibi \u00e7\u00f6z\u00fcc\u00fc madde i\u00e7ermeyen, k\u00fcr\u00fcn\u00fc tamamlad\u0131g\u0131nda sert bir yap\u0131 olusturan, su ile aktif hale gelen iki bilesenli poli\u00fcretan esasl\u0131 enjeksiyon re\u00e7inesidir. <\/span><\/p>\n<p><strong><span style=\"color: #000000;\">KULLANIM ALANLARI;<\/span><\/strong><br \/>\n<span style=\"color: #000000;\">\u2022Y\u00fcksek bas\u0131n\u00e7l\u0131, tazyikli ve diger su ka\u00e7aklar\u0131n\u0131n durdurulmas\u0131nda,<\/span><br \/>\n<span style=\"color: #000000;\">\u2022Gevsek ve oynak kaya\u00e7lar\u0131n saglamlast\u0131r\u0131lmas\u0131nda ve su izolasyonunun saglanmas\u0131nda,<\/span><br \/>\n<span style=\"color: #000000;\">\u2022\u00c7atlak enjeksiyonunda ve dilatasyon bosluk doldurma islerinde,<\/span><br \/>\n<span style=\"color: #000000;\">\u2022Derin enjeksiyonlarda,<\/span><br \/>\n<span style=\"color: #000000;\">\u2022Orta derece hassastan, kaba boyuta kadar y\u0131rt\u0131klar\u0131n, yar\u0131klar\u0131n, \u00e7ak\u0131l yuvalar\u0131 ve d\u00f6kme baglant\u0131lar\u0131n enjeksiyonunda,<\/span><br \/>\n<span style=\"color: #000000;\">\u2022T\u00fcnel insaatlar\u0131nda, membran kaplama enjeksiyonunda,<\/span><br \/>\n<span style=\"color: #000000;\">\u2022\u00c7iroz deliklerinin \u0131slak veya kuru dolgu islerinde,<\/span><\/p>\n<p><strong><span style=\"color: #000000;\">\u00dcR\u00dcN \u00d6ZELL\u0130KLER\u0130;<\/span><\/strong><br \/>\n<span style=\"color: #000000;\">\u2022Yan\u0131c\u0131 degildir, Solvent i\u00e7ermez.<\/span><br \/>\n<span style=\"color: #000000;\">\u2022K\u00fcr\u00fcn\u00fc ald\u0131ktan sonra hareketsiz ve kimyasal dayan\u0131ml\u0131 hale gelir<\/span><br \/>\n<span style=\"color: #000000;\">\u2022Kataliz\u00f6r ile kullan\u0131ld\u0131g\u0131nda saniyeler i\u00e7inde k\u00fcr al\u0131r.<\/span><br \/>\n<span style=\"color: #000000;\">\u2022Uyguland\u0131 yerde esnek bir conta halini al\u0131r.<\/span><br \/>\n<span style=\"color: #000000;\">\u2022Betona m\u00fckemmel yap\u0131s\u0131r,<\/span><br \/>\n<span style=\"color: #000000;\">\u2022Elastiktir. Esnekligini kaybetmez ve s\u0131n\u0131rl\u0131 hareketleri kars\u0131layabilir.<\/span><br \/>\n<span style=\"color: #000000;\">\u2022Uzun \u00f6m\u00fcrl\u00fcd\u00fcr.<\/span><\/p>\n<p><strong><span style=\"color: #000000;\">UYGULAMA Y\u00d6NTEM\u0130;<\/span><\/strong><br \/>\n<span style=\"color: #000000;\">Y\u00fczey Haz\u0131rl\u0131\u011f\u0131 : Uygulama yap\u0131lacak bosluk ve \u00e7atlaklar\u0131n y\u00fczeylerinin saglam, tozsuz ve temiz olmas\u0131na dikkat edilmelidir. Oynak ve gevsek par\u00e7alar y\u00fczeyden ar\u0131nd\u0131r\u0131lmal\u0131d\u0131r. Y\u00fczey, aderans\u0131 zay\u0131flatacak her t\u00fcrl\u00fc yag, pas, gres ve parafin kal\u0131nt\u0131lar\u0131ndan iyice temizlenmelidir. Uygulama yap\u0131lacak alanda su ak\u0131nt\u0131s\u0131 varsa drene edilmeli veya uygun bir t\u0131ka\u00e7 ile kapat\u0131lmal\u0131d\u0131r.<\/span><br \/>\n<span style=\"color: #000000;\">Kar\u0131st\u0131rma : A ve B bilesenler kar\u0131st\u0131rma kap\u0131na ilave ettikten sonra d\u00fcs\u00fck devirli bir kar\u0131st\u0131r\u0131c\u0131 ile ( max. 250 dv.\/dk.) homojen bir kar\u0131s\u0131m elde edene kadar 3 dk. kar\u0131st\u0131r\u0131n\u0131z.<\/span><\/p>\n<p><span style=\"color: #000000;\"><strong>Uygulama :<\/strong> POLI\u00dcRETAN \u2013 ENJ 303 kar\u0131st\u0131rma isleminden sonra pompan\u0131n haznense bosalt\u0131n\u0131z, k\u0131sa bir s\u00fcre kar\u0131st\u0131rd\u0131ktan sonra uygulamaya baslay\u0131n\u0131z. Pota \u00f6mr\u00fc s\u00fcresine dikkat edin.<\/span><\/p>\n<p><strong><span style=\"color: #000000;\">DIKKAT EDILMESI GEREKEN HUSUSLAR ;\u00a0<\/span><\/strong><br \/>\n<span style=\"color: #000000;\">\u2022\u00dcr\u00fcn\u00fc, bu alanda egitim alm\u0131s uzmanlar uygulamal\u0131d\u0131r.<\/span><br \/>\n<span style=\"color: #000000;\">\u2022A ve B bilesenleri belirtilen miktardan az kullanmay\u0131n\u0131z.<\/span><\/p>\n<p><span style=\"color: #000000;\"><strong>ALETLERIN TEMIZLENMES\u0130 :<\/strong> Uygulamadan sonra kullan\u0131lan alet ve ekipmanlar su ile temizlenmelidir. POLI\u00dcRETAN \u2013 ENJ 303, sertlestikten sonra ancak mekanik olarak y\u00fczeyden temizlenebilir.<\/span><\/p>\n<p><span style=\"color: #000000;\"><strong>AMBALAJ :<\/strong> A Bilesen: 20 Kg Plastik Bidon B Bilesen: 1,25 Kg Plastik Bidon<\/span><\/p>\n<p><span style=\"color: #000000;\"><strong>DEPOLAMA :<\/strong> A\u00e7\u0131lmam\u0131s orijinal ambalaj\u0131nda, +5 \u00b0C ile +30 \u00b0C aras\u0131nda serin ve kuru ortamda, dondan ve direkt g\u00fcnes \u0131s\u0131nlar\u0131ndan korunarak depolanmal\u0131d\u0131r.<\/span><\/p>\n<p><span style=\"color: #000000;\"><strong>SARF\u0130YAT :<\/strong> \u00dcr\u00fcn ihtiya\u00e7 dahilinde kullan\u0131ld\u0131\u011f\u0131 i\u00e7in sarfiyat miktar\u0131 belirtilmemi\u015ftir.<\/span><\/p>\n<p><span style=\"color: #000000;\"><strong>RAF \u00d6MR\u00dc :<\/strong> Uygun depolama kosullar\u0131nda \u00fcretim tarihinden itibaren 36 ayd\u0131r.<\/span><\/p>\n<p><span style=\"color: #000000;\"><em>\u00dcr\u00fcn Teknik \u00f6zellikleri ve di\u011fer bilgiler i\u00e7in tds belgesini indirmenizi rica ederiz.<\/em><\/span><\/p>\n<p><span style=\"color: #800080;\"><strong>Not: Set \u00dcr\u00fcnlerinden setin herhangi bir par\u00e7a \u00fcr\u00fcn sat\u0131n almak istemeniz halinde whatsapp hatt\u0131ndan k\u0131sa yola t\u0131klayarak ula\u015fabilirsiniz.<\/strong><\/span><\/p>\n","protected":false},"excerpt":{"rendered":"<p><span style=\"color: #000000;\"><a style=\"color: #000000;\" href=\"https:\/\/dolphinfix.com.tr\/eticaret\/wp-content\/uploads\/2025\/04\/POLIURETAN-\u2013-ENJ-303-TDS.pdf\" target=\"_blank\" rel=\"noopener\">TDS Belgesini \u0130ndirmek \u0130\u00e7in T\u0131klay\u0131n\u0131z<br \/>\n<\/a><\/span><span style=\"color: #000000;\"><a style=\"color: #000000;\" href=\"#\" target=\"_blank\" rel=\"noopener\">CE Belgesini \u0130ndirmek \u0130\u00e7in T\u0131klay\u0131n\u0131z<\/a><\/span><\/p>\n","protected":false},"featured_media":16857,"comment_status":"open","ping_status":"closed","template":"","meta":{"_joinchat":[]},"product_cat":[102,83],"product_tag":[1062,992,1066,1064,1060,1070,1069,1061,1067,788,1063,1071,1068,662,1065],"class_list":{"0":"post-16612","1":"product","2":"type-product","3":"status-publish","4":"has-post-thumbnail","6":"product_cat-enjeksiyon-su-yalitimi","7":"product_cat-su-yalitim-cozumleri","8":"product_tag-beton-catlak-tamiri","9":"product_tag-beton-su-izolasyonu","10":"product_tag-catlak-doldurma","11":"product_tag-dayanikli-enjeksiyon-malzemesi","12":"product_tag-elastik-enjeksiyon-recinesi","13":"product_tag-elastomerik-recine","14":"product_tag-endustriyel-enjeksiyon","15":"product_tag-enjeksiyon-recinesi","16":"product_tag-kolay-uygulanabilir-enjeksiyon","17":"product_tag-profesyonel-uygulama","18":"product_tag-su-sizintisi-durdurucu","19":"product_tag-su-yalitim-recinesi","20":"product_tag-yapi-guclendirme","21":"product_tag-yapi-malzemeleri","22":"product_tag-yuksek-performansli-beton-tamiri","24":"first","25":"instock","26":"taxable","27":"shipping-taxable","28":"purchasable","29":"product-type-variable"},"yoast_head":"<!-- This site is optimized with the Yoast SEO Premium plugin v20.2.1 (Yoast SEO v20.2.1) - https:\/\/yoast.com\/wordpress\/plugins\/seo\/ -->\n<title>POL\u0130\u00dcRETAN ENJ 303 | Su Aktif \u0130ki Bile\u015fenli Enjeksiyon Re\u00e7inesi<\/title>\n<meta name=\"description\" content=\"POL\u0130\u00dcRETAN ENJ 303, su ile aktive olan, solvent i\u00e7ermeyen iki bile\u015fenli poli\u00fcretan enjeksiyon re\u00e7inesidir. Y\u00fcksek bas\u0131n\u00e7l\u0131 su ka\u00e7aklar\u0131n\u0131n durdurulmas\u0131nda etkilidir.\" \/>\n<meta name=\"robots\" content=\"index, follow, max-snippet:-1, max-image-preview:large, max-video-preview:-1\" \/>\n<link rel=\"canonical\" href=\"https:\/\/dolphinfix.com.tr\/eticaret\/urun\/enj-303-poliuretan-enjeksiyon\/\" \/>\n<meta property=\"og:locale\" content=\"tr_TR\" \/>\n<meta property=\"og:type\" content=\"article\" \/>\n<meta property=\"og:title\" content=\"ENJEKS\u0130YON 303 ENJ - ELAST\u0130K ENJEKS\u0130YON RE\u00c7\u0130NES\u0130\" \/>\n<meta property=\"og:description\" content=\"POL\u0130\u00dcRETAN ENJ 303, su ile aktive olan, solvent i\u00e7ermeyen iki bile\u015fenli poli\u00fcretan enjeksiyon re\u00e7inesidir. Y\u00fcksek bas\u0131n\u00e7l\u0131 su ka\u00e7aklar\u0131n\u0131n durdurulmas\u0131nda etkilidir.\" \/>\n<meta property=\"og:url\" content=\"https:\/\/dolphinfix.com.tr\/eticaret\/urun\/enj-303-poliuretan-enjeksiyon\/\" \/>\n<meta property=\"og:site_name\" content=\"Dolphinfix\" \/>\n<meta property=\"article:modified_time\" content=\"2026-03-12T09:22:26+00:00\" \/>\n<meta property=\"og:image\" content=\"https:\/\/dolphinfix.com.tr\/eticaret\/wp-content\/uploads\/2024\/10\/303.png\" \/>\n\t<meta property=\"og:image:width\" content=\"1000\" \/>\n\t<meta property=\"og:image:height\" content=\"1000\" \/>\n\t<meta property=\"og:image:type\" content=\"image\/png\" \/>\n<meta name=\"twitter:card\" content=\"summary_large_image\" \/>\n<meta name=\"twitter:label1\" content=\"Tahmini okuma s\u00fcresi\" \/>\n\t<meta name=\"twitter:data1\" content=\"3 dakika\" \/>\n<script type=\"application\/ld+json\" class=\"yoast-schema-graph\">{\"@context\":\"https:\/\/schema.org\",\"@graph\":[{\"@type\":\"WebPage\",\"@id\":\"https:\/\/dolphinfix.com.tr\/eticaret\/urun\/enj-303-poliuretan-enjeksiyon\/\",\"url\":\"https:\/\/dolphinfix.com.tr\/eticaret\/urun\/enj-303-poliuretan-enjeksiyon\/\",\"name\":\"POL\u0130\u00dcRETAN ENJ 303 | Su Aktif \u0130ki Bile\u015fenli Enjeksiyon Re\u00e7inesi\",\"isPartOf\":{\"@id\":\"https:\/\/dolphinfix.com.tr\/eticaret\/#website\"},\"datePublished\":\"2024-10-30T20:52:20+00:00\",\"dateModified\":\"2026-03-12T09:22:26+00:00\",\"description\":\"POL\u0130\u00dcRETAN ENJ 303, su ile aktive olan, solvent i\u00e7ermeyen iki bile\u015fenli poli\u00fcretan enjeksiyon re\u00e7inesidir. Y\u00fcksek bas\u0131n\u00e7l\u0131 su ka\u00e7aklar\u0131n\u0131n durdurulmas\u0131nda etkilidir.\",\"breadcrumb\":{\"@id\":\"https:\/\/dolphinfix.com.tr\/eticaret\/urun\/enj-303-poliuretan-enjeksiyon\/#breadcrumb\"},\"inLanguage\":\"tr\",\"potentialAction\":[{\"@type\":\"ReadAction\",\"target\":[\"https:\/\/dolphinfix.com.tr\/eticaret\/urun\/enj-303-poliuretan-enjeksiyon\/\"]}]},{\"@type\":\"BreadcrumbList\",\"@id\":\"https:\/\/dolphinfix.com.tr\/eticaret\/urun\/enj-303-poliuretan-enjeksiyon\/#breadcrumb\",\"itemListElement\":[{\"@type\":\"ListItem\",\"position\":1,\"name\":\"Home\",\"item\":\"https:\/\/dolphinfix.com.tr\/eticaret\/\"},{\"@type\":\"ListItem\",\"position\":2,\"name\":\"Market\",\"item\":\"https:\/\/dolphinfix.com.tr\/eticaret\/market\/\"},{\"@type\":\"ListItem\",\"position\":3,\"name\":\"ENJEKS\u0130YON 303 ENJ &#8211; ELAST\u0130K ENJEKS\u0130YON RE\u00c7\u0130NES\u0130\"}]},{\"@type\":\"WebSite\",\"@id\":\"https:\/\/dolphinfix.com.tr\/eticaret\/#website\",\"url\":\"https:\/\/dolphinfix.com.tr\/eticaret\/\",\"name\":\"Dolphinfix\",\"description\":\"\",\"potentialAction\":[{\"@type\":\"SearchAction\",\"target\":{\"@type\":\"EntryPoint\",\"urlTemplate\":\"https:\/\/dolphinfix.com.tr\/eticaret\/?s={search_term_string}\"},\"query-input\":\"required name=search_term_string\"}],\"inLanguage\":\"tr\"}]}<\/script>\n<!-- \/ Yoast SEO Premium plugin. -->","yoast_head_json":{"title":"POL\u0130\u00dcRETAN ENJ 303 | Su Aktif \u0130ki Bile\u015fenli Enjeksiyon Re\u00e7inesi","description":"POL\u0130\u00dcRETAN ENJ 303, su ile aktive olan, solvent i\u00e7ermeyen iki bile\u015fenli poli\u00fcretan enjeksiyon re\u00e7inesidir. Y\u00fcksek bas\u0131n\u00e7l\u0131 su ka\u00e7aklar\u0131n\u0131n durdurulmas\u0131nda etkilidir.","robots":{"index":"index","follow":"follow","max-snippet":"max-snippet:-1","max-image-preview":"max-image-preview:large","max-video-preview":"max-video-preview:-1"},"canonical":"https:\/\/dolphinfix.com.tr\/eticaret\/urun\/enj-303-poliuretan-enjeksiyon\/","og_locale":"tr_TR","og_type":"article","og_title":"ENJEKS\u0130YON 303 ENJ - ELAST\u0130K ENJEKS\u0130YON RE\u00c7\u0130NES\u0130","og_description":"POL\u0130\u00dcRETAN ENJ 303, su ile aktive olan, solvent i\u00e7ermeyen iki bile\u015fenli poli\u00fcretan enjeksiyon re\u00e7inesidir. Y\u00fcksek bas\u0131n\u00e7l\u0131 su ka\u00e7aklar\u0131n\u0131n durdurulmas\u0131nda etkilidir.","og_url":"https:\/\/dolphinfix.com.tr\/eticaret\/urun\/enj-303-poliuretan-enjeksiyon\/","og_site_name":"Dolphinfix","article_modified_time":"2026-03-12T09:22:26+00:00","og_image":[{"width":1000,"height":1000,"url":"https:\/\/dolphinfix.com.tr\/eticaret\/wp-content\/uploads\/2024\/10\/303.png","type":"image\/png"}],"twitter_card":"summary_large_image","twitter_misc":{"Tahmini okuma s\u00fcresi":"3 dakika"},"schema":{"@context":"https:\/\/schema.org","@graph":[{"@type":"WebPage","@id":"https:\/\/dolphinfix.com.tr\/eticaret\/urun\/enj-303-poliuretan-enjeksiyon\/","url":"https:\/\/dolphinfix.com.tr\/eticaret\/urun\/enj-303-poliuretan-enjeksiyon\/","name":"POL\u0130\u00dcRETAN ENJ 303 | Su Aktif \u0130ki Bile\u015fenli Enjeksiyon Re\u00e7inesi","isPartOf":{"@id":"https:\/\/dolphinfix.com.tr\/eticaret\/#website"},"datePublished":"2024-10-30T20:52:20+00:00","dateModified":"2026-03-12T09:22:26+00:00","description":"POL\u0130\u00dcRETAN ENJ 303, su ile aktive olan, solvent i\u00e7ermeyen iki bile\u015fenli poli\u00fcretan enjeksiyon re\u00e7inesidir. Y\u00fcksek bas\u0131n\u00e7l\u0131 su ka\u00e7aklar\u0131n\u0131n durdurulmas\u0131nda etkilidir.","breadcrumb":{"@id":"https:\/\/dolphinfix.com.tr\/eticaret\/urun\/enj-303-poliuretan-enjeksiyon\/#breadcrumb"},"inLanguage":"tr","potentialAction":[{"@type":"ReadAction","target":["https:\/\/dolphinfix.com.tr\/eticaret\/urun\/enj-303-poliuretan-enjeksiyon\/"]}]},{"@type":"BreadcrumbList","@id":"https:\/\/dolphinfix.com.tr\/eticaret\/urun\/enj-303-poliuretan-enjeksiyon\/#breadcrumb","itemListElement":[{"@type":"ListItem","position":1,"name":"Home","item":"https:\/\/dolphinfix.com.tr\/eticaret\/"},{"@type":"ListItem","position":2,"name":"Market","item":"https:\/\/dolphinfix.com.tr\/eticaret\/market\/"},{"@type":"ListItem","position":3,"name":"ENJEKS\u0130YON 303 ENJ &#8211; ELAST\u0130K ENJEKS\u0130YON RE\u00c7\u0130NES\u0130"}]},{"@type":"WebSite","@id":"https:\/\/dolphinfix.com.tr\/eticaret\/#website","url":"https:\/\/dolphinfix.com.tr\/eticaret\/","name":"Dolphinfix","description":"","potentialAction":[{"@type":"SearchAction","target":{"@type":"EntryPoint","urlTemplate":"https:\/\/dolphinfix.com.tr\/eticaret\/?s={search_term_string}"},"query-input":"required name=search_term_string"}],"inLanguage":"tr"}]}},"_links":{"self":[{"href":"https:\/\/dolphinfix.com.tr\/eticaret\/wp-json\/wp\/v2\/product\/16612","targetHints":{"allow":["GET"]}}],"collection":[{"href":"https:\/\/dolphinfix.com.tr\/eticaret\/wp-json\/wp\/v2\/product"}],"about":[{"href":"https:\/\/dolphinfix.com.tr\/eticaret\/wp-json\/wp\/v2\/types\/product"}],"replies":[{"embeddable":true,"href":"https:\/\/dolphinfix.com.tr\/eticaret\/wp-json\/wp\/v2\/comments?post=16612"}],"version-history":[{"count":9,"href":"https:\/\/dolphinfix.com.tr\/eticaret\/wp-json\/wp\/v2\/product\/16612\/revisions"}],"predecessor-version":[{"id":19240,"href":"https:\/\/dolphinfix.com.tr\/eticaret\/wp-json\/wp\/v2\/product\/16612\/revisions\/19240"}],"wp:featuredmedia":[{"embeddable":true,"href":"https:\/\/dolphinfix.com.tr\/eticaret\/wp-json\/wp\/v2\/media\/16857"}],"wp:attachment":[{"href":"https:\/\/dolphinfix.com.tr\/eticaret\/wp-json\/wp\/v2\/media?parent=16612"}],"wp:term":[{"taxonomy":"product_cat","embeddable":true,"href":"https:\/\/dolphinfix.com.tr\/eticaret\/wp-json\/wp\/v2\/product_cat?post=16612"},{"taxonomy":"product_tag","embeddable":true,"href":"https:\/\/dolphinfix.com.tr\/eticaret\/wp-json\/wp\/v2\/product_tag?post=16612"}],"curies":[{"name":"wp","href":"https:\/\/api.w.org\/{rel}","templated":true}]}}