{"id":16659,"date":"2024-10-31T00:49:43","date_gmt":"2024-10-30T21:49:43","guid":{"rendered":"https:\/\/dolphinfix.com.tr\/eticaret?post_type=product&#038;p=16659"},"modified":"2026-03-12T12:16:28","modified_gmt":"2026-03-12T09:16:28","slug":"fgr-171-elastomerik-su-yalitimi","status":"publish","type":"product","link":"https:\/\/dolphinfix.com.tr\/eticaret\/urun\/fgr-171-elastomerik-su-yalitimi\/","title":{"rendered":"FLEX GR\u0130 UV  FGR 171 &#8211; SU BAZLI L\u0130K\u0130T SU YALITIMI"},"content":{"rendered":"<h3><span style=\"color: #c61016;\">\u00dcR\u00dcN B\u0130LG\u0130LER\u0130 ;<\/span><\/h3>\n<p><span style=\"color: #000000;\"><strong>TANIMI :<\/strong> FLEX GRI \u2013 FGR 171, Elastomerik re\u00e7ine esasl\u0131, su bazl\u0131, uyguland\u0131g\u0131 y\u00fczeyde su ge\u00e7irimsiz elastik bir tabaka olusturan tek bilesenli su yal\u0131t\u0131m malzemesidir.<\/span><\/p>\n<p><strong><span style=\"color: #000000;\">KULLANIM ALANLARI;<\/span><\/strong><br \/>\n<span style=\"color: #000000;\">\u2022Y\u00fczme ve s\u00fcs havuzu,<\/span><br \/>\n<span style=\"color: #000000;\">\u2022Banyo ve wc,<\/span><br \/>\n<span style=\"color: #000000;\">\u2022Balkon ve meyilli teraslarda,<\/span><br \/>\n<span style=\"color: #000000;\">\u2022Binalar\u0131n zeminle kesistigi alanlarda,<\/span><br \/>\n<span style=\"color: #000000;\">\u2022Su depolar\u0131nda,<\/span><br \/>\n<span style=\"color: #000000;\">\u2022Baca kenarlar\u0131, sa\u00e7ak ve gizli dere oluklar\u0131n\u0131n yal\u0131t\u0131m\u0131nda,<\/span><\/p>\n<p><strong><span style=\"color: #000000;\">\u00dcR\u00dcN \u00d6ZELL\u0130KLER\u0130 ;\u00a0<\/span><\/strong><br \/>\n<span style=\"color: #000000;\">\u2022Kullan\u0131ma haz\u0131r,<\/span><br \/>\n<span style=\"color: #000000;\">\u2022Zor zeminlerde \u00e7ok iyi aderans sa\u011flar,<\/span><br \/>\n<span style=\"color: #000000;\">\u2022D\u00fc\u015f\u00fck s\u0131cakl\u0131klarda dahi y\u00fcksek esnekli\u011fe sahiptir.<\/span><br \/>\n<span style=\"color: #000000;\">\u2022Yo\u011fun su ge\u00e7i\u015flerine kars\u0131 y\u00fcksek diren\u00e7,<\/span><br \/>\n<span style=\"color: #000000;\">\u2022Uyguland\u0131\u011f\u0131 y\u00fczeyi karbonatla\u015fmaya kars\u0131 m\u00fckemmel korur.<\/span><br \/>\n<span style=\"color: #000000;\">\u2022F\u0131r\u00e7a ve rulo ile veya p\u00fcsk\u00fcrtme ekipman\u0131 ile direkt uygulanabilir.<\/span><br \/>\n<span style=\"color: #000000;\">\u2022\u00dczerine boya ve seramik kaplama yap\u0131labilir.<\/span><\/p>\n<p><span style=\"color: #000000;\"><strong>UYGULAMA Y\u00d6NTEM\u0130 :<\/strong> Y\u00fczey her t\u00fcrl\u00fc kir, ya\u011f ve gresten, zay\u0131f ve oynak par\u00e7ac\u0131klardan, \u00e7imento \u015ferbeti kal\u0131nt\u0131lar\u0131ndan ar\u0131nd\u0131r\u0131lmal\u0131d\u0131r. Uygulama yap\u0131lacak y\u00fczeyde \u00e7atlak ve oyuk varsa DOLPHINFIX TH tamir har\u00e7lar\u0131ndan uygun olan\u0131 ile tamir yap\u0131larak 3 g\u00fcn sonra FLEX GR\u0130 \u2013 FGR 171 uygulamas\u0131na ge\u00e7ilmelidir. Yal\u0131t\u0131m yap\u0131lacak y\u00fczey kuru olmal\u0131d\u0131r. Yaz\u0131n hafif\u00e7e nemlendirilebilir. Su birikintisi, g\u00f6llenme var ise giderilmelidir. T\u00fcm k\u00f6\u015felere \u00f6nceden pah band\u0131 uygulamas\u0131 yap\u0131lmal\u0131d\u0131r. <\/span><\/p>\n<p><strong><span style=\"color: #000000;\">D\u0130KKAT ED\u0130LMESI GEREKEN HUSUSLAR ;<\/span><\/strong><br \/>\n<span style=\"color: #000000;\">\u2022Ya\u011fmur ya\u011farken uygulama yapmay\u0131n,<\/span><br \/>\n<span style=\"color: #000000;\">\u2022Direkt g\u00fcne\u015f \u0131s\u0131\u011f\u0131 alt\u0131nda uygulamay\u0131n,<\/span><br \/>\n<span style=\"color: #000000;\">\u2022Yabanc\u0131 Malzemeler ilave etmeyiniz.<\/span><br \/>\n<span style=\"color: #000000;\">\u2022\u00dcr\u00fcnden uzun s\u00fcreli performans elde etmek i\u00e7in mutlaka \u00fcst\u00fcn\u00fcn fayans, sap, s\u0131va vb. \u015fekilde kapat\u0131lmas\u0131 gerekir.<\/span><br \/>\n<span style=\"color: #000000;\">\u2022\u00c7ok s\u0131cak ve y\u00fcksek nem oran\u0131 olan havalarda uygulama yapmay\u0131n.<\/span><br \/>\n<span style=\"color: #000000;\">\u2022Don tehlikesi olan havalarda uygulama yapmay\u0131n.<\/span><br \/>\n<span style=\"color: #000000;\">\u2022Donmus veya erimeye baslam\u0131s y\u00fczeylere uygulama yapmay\u0131n.<\/span><br \/>\n<span style=\"color: #000000;\">\u2022Emici y\u00fczeylerde astarlama yap\u0131lmal\u0131d\u0131r. (Astar uygulamas\u0131 i\u00e7in temiz bir kap\u0131n i\u00e7ine bir miktar FLEX GRI \u2013 FGR 171 konur %50 si kadar su ilave edilerek kar\u0131\u015ft\u0131r\u0131larak y\u00fczeye s\u00fcr\u00fcl\u00fcr.)<\/span><br \/>\n<span style=\"color: #000000;\">\u2022Katlar aras\u0131nda ta\u015f\u0131y\u0131c\u0131 olarak cam elyaf kullan\u0131labilir. 1. Kat uygulamadan sonra elle kontrol yap\u0131lmal\u0131 iz kalm\u0131yorsa di\u011fer katlara ge\u00e7ilmelidir.<\/span><br \/>\n<span style=\"color: #000000;\">\u2022Uygulamalar birbirine dik olacak \u015fekilde yap\u0131lmal\u0131d\u0131r.<\/span><\/p>\n<p><span style=\"color: #000000;\"><strong>AMBALAJ :<\/strong> 20 Kg Plastik Kova<\/span><\/p>\n<p><span style=\"color: #000000;\"><strong>SARF\u0130YAT :<\/strong> 1,50 kg\/m\u00b2 (1 mm kuru film kal\u0131nl\u0131\u011f\u0131 i\u00e7in)<\/span><\/p>\n<p><span style=\"color: #000000;\"><strong>RAF \u00d6MR\u00dc :<\/strong> Orijinal, hasar g\u00f6rmemi\u015f ve a\u00e7\u0131lmam\u0131\u015f ambalaj\u0131nda \u00fcretim tarihi itibariyle 12 ay kullan\u0131labilir.<\/span><\/p>\n<p><span style=\"color: #000000;\"><strong>DEPOLAMA \u015eARTLARI :<\/strong> +5 \u00b0C ve 35\u00b0C aral\u0131\u011f\u0131nda muhafaza edilmelidir. Dondan, nemden ve direkt g\u00fcne\u015f \u0131s\u0131s\u0131ndan korunmal\u0131d\u0131r.<\/span><\/p>\n<p><span style=\"color: #000000;\"><em>\u00dcr\u00fcn Teknik \u00f6zellikleri ve di\u011fer bilgiler i\u00e7in tds belgesini indirmenizi rica ederiz.<\/em><\/span><\/p>\n","protected":false},"excerpt":{"rendered":"<p><span style=\"color: #000000;\"><a style=\"color: #000000;\" href=\"https:\/\/dolphinfix.com.tr\/eticaret\/wp-content\/uploads\/2025\/04\/FLEX-GRI-FGR171-TDS.pdf\" target=\"_blank\" rel=\"noopener\">TDS Belgesini \u0130ndirmek \u0130\u00e7in T\u0131klay\u0131n\u0131z<\/a><\/span><br \/>\n<span style=\"color: #000000;\"><a style=\"color: #000000;\" href=\"https:\/\/dolphinfix.com.tr\/eticaret\/wp-content\/uploads\/2025\/03\/AKER-KIMYA-EN-1504-2-FUK-UYGUNLUK-BELGESI-REV06-TR.pdf\" target=\"_blank\" rel=\"noopener\">CE Belgesini \u0130ndirmek \u0130\u00e7in T\u0131klay\u0131n\u0131z<\/a><\/span><\/p>\n","protected":false},"featured_media":16656,"comment_status":"open","ping_status":"closed","template":"","meta":{"_joinchat":[]},"product_cat":[104,83],"product_tag":[992,1000,1089,998,1044,1005,1090,1004,788,1087,996,1001,1002,662,999],"class_list":{"0":"post-16659","1":"product","2":"type-product","3":"status-publish","4":"has-post-thumbnail","6":"product_cat-elastomerik-recine-esasli-pozitif","7":"product_cat-su-yalitim-cozumleri","8":"product_tag-beton-su-izolasyonu","9":"product_tag-catida-su-yalitim","10":"product_tag-cevre-dostu-su-yalitim","11":"product_tag-dayanikli-su-yalitim","12":"product_tag-elastomerik-su-yalitim","13":"product_tag-endustriyel-su-yalitim","14":"product_tag-gri-likit-su-yalitim","15":"product_tag-kolay-uygulanabilir-su-yalitim","16":"product_tag-profesyonel-uygulama","17":"product_tag-su-bazli-likit-su-yalitimi","18":"product_tag-su-yalitim-membrani","19":"product_tag-teras-su-yalitim","20":"product_tag-uzun-omurlu-su-yalitim","21":"product_tag-yapi-malzemeleri","22":"product_tag-yuksek-performansli-su-yalitim","24":"first","25":"instock","26":"taxable","27":"shipping-taxable","28":"purchasable","29":"product-type-variable"},"yoast_head":"<!-- This site is optimized with the Yoast SEO Premium plugin v20.2.1 (Yoast SEO v20.2.1) - https:\/\/yoast.com\/wordpress\/plugins\/seo\/ -->\n<title>Gri Elastomerik Su Yal\u0131t\u0131m Malzemesi FGR 171 | Balkon ve Teras Yal\u0131t\u0131m\u0131<\/title>\n<meta name=\"description\" content=\"FGR 171 gri elastomerik, su bazl\u0131 ve tek bile\u015fenli su yal\u0131t\u0131m malzemesidir. Balkon, banyo, teras ve su depolar\u0131nda esnek ve su ge\u00e7irimsiz koruma sa\u011flar.\" \/>\n<meta name=\"robots\" content=\"index, follow, max-snippet:-1, max-image-preview:large, max-video-preview:-1\" \/>\n<link rel=\"canonical\" href=\"https:\/\/dolphinfix.com.tr\/eticaret\/urun\/fgr-171-elastomerik-su-yalitimi\/\" \/>\n<meta property=\"og:locale\" content=\"tr_TR\" \/>\n<meta property=\"og:type\" content=\"article\" \/>\n<meta property=\"og:title\" content=\"FLEX GR\u0130 UV FGR 171 - SU BAZLI L\u0130K\u0130T SU YALITIMI\" \/>\n<meta property=\"og:description\" content=\"FGR 171 gri elastomerik, su bazl\u0131 ve tek bile\u015fenli su yal\u0131t\u0131m malzemesidir. Balkon, banyo, teras ve su depolar\u0131nda esnek ve su ge\u00e7irimsiz koruma sa\u011flar.\" \/>\n<meta property=\"og:url\" content=\"https:\/\/dolphinfix.com.tr\/eticaret\/urun\/fgr-171-elastomerik-su-yalitimi\/\" \/>\n<meta property=\"og:site_name\" content=\"Dolphinfix\" \/>\n<meta property=\"article:modified_time\" content=\"2026-03-12T09:16:28+00:00\" \/>\n<meta property=\"og:image\" content=\"https:\/\/dolphinfix.com.tr\/eticaret\/wp-content\/uploads\/2024\/10\/171.png\" \/>\n\t<meta property=\"og:image:width\" content=\"1000\" \/>\n\t<meta property=\"og:image:height\" content=\"1000\" \/>\n\t<meta property=\"og:image:type\" content=\"image\/png\" \/>\n<meta name=\"twitter:card\" content=\"summary_large_image\" \/>\n<meta name=\"twitter:label1\" content=\"Tahmini okuma s\u00fcresi\" \/>\n\t<meta name=\"twitter:data1\" content=\"2 dakika\" \/>\n<script type=\"application\/ld+json\" class=\"yoast-schema-graph\">{\"@context\":\"https:\/\/schema.org\",\"@graph\":[{\"@type\":\"WebPage\",\"@id\":\"https:\/\/dolphinfix.com.tr\/eticaret\/urun\/fgr-171-elastomerik-su-yalitimi\/\",\"url\":\"https:\/\/dolphinfix.com.tr\/eticaret\/urun\/fgr-171-elastomerik-su-yalitimi\/\",\"name\":\"Gri Elastomerik Su Yal\u0131t\u0131m Malzemesi FGR 171 | Balkon ve Teras Yal\u0131t\u0131m\u0131\",\"isPartOf\":{\"@id\":\"https:\/\/dolphinfix.com.tr\/eticaret\/#website\"},\"datePublished\":\"2024-10-30T21:49:43+00:00\",\"dateModified\":\"2026-03-12T09:16:28+00:00\",\"description\":\"FGR 171 gri elastomerik, su bazl\u0131 ve tek bile\u015fenli su yal\u0131t\u0131m malzemesidir. Balkon, banyo, teras ve su depolar\u0131nda esnek ve su ge\u00e7irimsiz koruma sa\u011flar.\",\"breadcrumb\":{\"@id\":\"https:\/\/dolphinfix.com.tr\/eticaret\/urun\/fgr-171-elastomerik-su-yalitimi\/#breadcrumb\"},\"inLanguage\":\"tr\",\"potentialAction\":[{\"@type\":\"ReadAction\",\"target\":[\"https:\/\/dolphinfix.com.tr\/eticaret\/urun\/fgr-171-elastomerik-su-yalitimi\/\"]}]},{\"@type\":\"BreadcrumbList\",\"@id\":\"https:\/\/dolphinfix.com.tr\/eticaret\/urun\/fgr-171-elastomerik-su-yalitimi\/#breadcrumb\",\"itemListElement\":[{\"@type\":\"ListItem\",\"position\":1,\"name\":\"Home\",\"item\":\"https:\/\/dolphinfix.com.tr\/eticaret\/\"},{\"@type\":\"ListItem\",\"position\":2,\"name\":\"Market\",\"item\":\"https:\/\/dolphinfix.com.tr\/eticaret\/market\/\"},{\"@type\":\"ListItem\",\"position\":3,\"name\":\"FLEX GR\u0130 UV FGR 171 &#8211; SU BAZLI L\u0130K\u0130T SU YALITIMI\"}]},{\"@type\":\"WebSite\",\"@id\":\"https:\/\/dolphinfix.com.tr\/eticaret\/#website\",\"url\":\"https:\/\/dolphinfix.com.tr\/eticaret\/\",\"name\":\"Dolphinfix\",\"description\":\"\",\"potentialAction\":[{\"@type\":\"SearchAction\",\"target\":{\"@type\":\"EntryPoint\",\"urlTemplate\":\"https:\/\/dolphinfix.com.tr\/eticaret\/?s={search_term_string}\"},\"query-input\":\"required name=search_term_string\"}],\"inLanguage\":\"tr\"}]}<\/script>\n<!-- \/ Yoast SEO Premium plugin. -->","yoast_head_json":{"title":"Gri Elastomerik Su Yal\u0131t\u0131m Malzemesi FGR 171 | Balkon ve Teras Yal\u0131t\u0131m\u0131","description":"FGR 171 gri elastomerik, su bazl\u0131 ve tek bile\u015fenli su yal\u0131t\u0131m malzemesidir. Balkon, banyo, teras ve su depolar\u0131nda esnek ve su ge\u00e7irimsiz koruma sa\u011flar.","robots":{"index":"index","follow":"follow","max-snippet":"max-snippet:-1","max-image-preview":"max-image-preview:large","max-video-preview":"max-video-preview:-1"},"canonical":"https:\/\/dolphinfix.com.tr\/eticaret\/urun\/fgr-171-elastomerik-su-yalitimi\/","og_locale":"tr_TR","og_type":"article","og_title":"FLEX GR\u0130 UV FGR 171 - SU BAZLI L\u0130K\u0130T SU YALITIMI","og_description":"FGR 171 gri elastomerik, su bazl\u0131 ve tek bile\u015fenli su yal\u0131t\u0131m malzemesidir. Balkon, banyo, teras ve su depolar\u0131nda esnek ve su ge\u00e7irimsiz koruma sa\u011flar.","og_url":"https:\/\/dolphinfix.com.tr\/eticaret\/urun\/fgr-171-elastomerik-su-yalitimi\/","og_site_name":"Dolphinfix","article_modified_time":"2026-03-12T09:16:28+00:00","og_image":[{"width":1000,"height":1000,"url":"https:\/\/dolphinfix.com.tr\/eticaret\/wp-content\/uploads\/2024\/10\/171.png","type":"image\/png"}],"twitter_card":"summary_large_image","twitter_misc":{"Tahmini okuma s\u00fcresi":"2 dakika"},"schema":{"@context":"https:\/\/schema.org","@graph":[{"@type":"WebPage","@id":"https:\/\/dolphinfix.com.tr\/eticaret\/urun\/fgr-171-elastomerik-su-yalitimi\/","url":"https:\/\/dolphinfix.com.tr\/eticaret\/urun\/fgr-171-elastomerik-su-yalitimi\/","name":"Gri Elastomerik Su Yal\u0131t\u0131m Malzemesi FGR 171 | Balkon ve Teras Yal\u0131t\u0131m\u0131","isPartOf":{"@id":"https:\/\/dolphinfix.com.tr\/eticaret\/#website"},"datePublished":"2024-10-30T21:49:43+00:00","dateModified":"2026-03-12T09:16:28+00:00","description":"FGR 171 gri elastomerik, su bazl\u0131 ve tek bile\u015fenli su yal\u0131t\u0131m malzemesidir. Balkon, banyo, teras ve su depolar\u0131nda esnek ve su ge\u00e7irimsiz koruma sa\u011flar.","breadcrumb":{"@id":"https:\/\/dolphinfix.com.tr\/eticaret\/urun\/fgr-171-elastomerik-su-yalitimi\/#breadcrumb"},"inLanguage":"tr","potentialAction":[{"@type":"ReadAction","target":["https:\/\/dolphinfix.com.tr\/eticaret\/urun\/fgr-171-elastomerik-su-yalitimi\/"]}]},{"@type":"BreadcrumbList","@id":"https:\/\/dolphinfix.com.tr\/eticaret\/urun\/fgr-171-elastomerik-su-yalitimi\/#breadcrumb","itemListElement":[{"@type":"ListItem","position":1,"name":"Home","item":"https:\/\/dolphinfix.com.tr\/eticaret\/"},{"@type":"ListItem","position":2,"name":"Market","item":"https:\/\/dolphinfix.com.tr\/eticaret\/market\/"},{"@type":"ListItem","position":3,"name":"FLEX GR\u0130 UV FGR 171 &#8211; SU BAZLI L\u0130K\u0130T SU YALITIMI"}]},{"@type":"WebSite","@id":"https:\/\/dolphinfix.com.tr\/eticaret\/#website","url":"https:\/\/dolphinfix.com.tr\/eticaret\/","name":"Dolphinfix","description":"","potentialAction":[{"@type":"SearchAction","target":{"@type":"EntryPoint","urlTemplate":"https:\/\/dolphinfix.com.tr\/eticaret\/?s={search_term_string}"},"query-input":"required name=search_term_string"}],"inLanguage":"tr"}]}},"_links":{"self":[{"href":"https:\/\/dolphinfix.com.tr\/eticaret\/wp-json\/wp\/v2\/product\/16659","targetHints":{"allow":["GET"]}}],"collection":[{"href":"https:\/\/dolphinfix.com.tr\/eticaret\/wp-json\/wp\/v2\/product"}],"about":[{"href":"https:\/\/dolphinfix.com.tr\/eticaret\/wp-json\/wp\/v2\/types\/product"}],"replies":[{"embeddable":true,"href":"https:\/\/dolphinfix.com.tr\/eticaret\/wp-json\/wp\/v2\/comments?post=16659"}],"version-history":[{"count":9,"href":"https:\/\/dolphinfix.com.tr\/eticaret\/wp-json\/wp\/v2\/product\/16659\/revisions"}],"predecessor-version":[{"id":19202,"href":"https:\/\/dolphinfix.com.tr\/eticaret\/wp-json\/wp\/v2\/product\/16659\/revisions\/19202"}],"wp:featuredmedia":[{"embeddable":true,"href":"https:\/\/dolphinfix.com.tr\/eticaret\/wp-json\/wp\/v2\/media\/16656"}],"wp:attachment":[{"href":"https:\/\/dolphinfix.com.tr\/eticaret\/wp-json\/wp\/v2\/media?parent=16659"}],"wp:term":[{"taxonomy":"product_cat","embeddable":true,"href":"https:\/\/dolphinfix.com.tr\/eticaret\/wp-json\/wp\/v2\/product_cat?post=16659"},{"taxonomy":"product_tag","embeddable":true,"href":"https:\/\/dolphinfix.com.tr\/eticaret\/wp-json\/wp\/v2\/product_tag?post=16659"}],"curies":[{"name":"wp","href":"https:\/\/api.w.org\/{rel}","templated":true}]}}