{"id":16703,"date":"2024-10-31T01:28:49","date_gmt":"2024-10-30T22:28:49","guid":{"rendered":"https:\/\/dolphinfix.com.tr\/eticaret?post_type=product&#038;p=16703"},"modified":"2026-03-12T11:56:36","modified_gmt":"2026-03-12T08:56:36","slug":"hst-222-kokusuz-su-itici","status":"publish","type":"product","link":"https:\/\/dolphinfix.com.tr\/eticaret\/urun\/hst-222-kokusuz-su-itici\/","title":{"rendered":"HST 222 \u015eEFFAF KOKUSUZ &#8211; H\u0130DROSTOP \u015eEFFAF"},"content":{"rendered":"<h5><span style=\"color: #c61016;\"><span style=\"color: #ff0000;\"><strong>** PALET F\u0130YATLARI \u0130\u00c7\u0130N \u0130LET\u0130\u015e\u0130ME GE\u00c7\u0130N\u0130Z.**<\/strong><\/span><\/span><\/h5>\n<h3><span style=\"color: #c61016;\">\u00dcR\u00dcN B\u0130LG\u0130LER\u0130 ;<\/span><\/h3>\n<p><span style=\"color: #000000;\"><strong>TANIMI :<\/strong> H\u0130DROSTOP KOKUSUZ \u2013 HST 222, silan, siloksan esasl\u0131, d\u00fc\u015f\u00fck viskoziteli, kire\u00e7 ve \u00e7imento esasl\u0131 t\u00fcm y\u00fczeylerde koruyucu reaktif kaplamad\u0131r. <\/span><\/p>\n<p><strong><span style=\"color: #000000;\">KULLANIM ALANLARI;<\/span><\/strong><br \/>\n<span style=\"color: #000000;\">Farkl\u0131 yap\u0131 malzemeleriyle uyumlu yap\u0131s\u0131yla; seramik, mermer, beton gibi y\u00fczeylerde oldu\u011fu gibi ah\u015fap, PVC ve metal y\u00fczeylerde de etkili sonu\u00e7 verir. \u015eeffaf yap\u0131s\u0131yla estetikten \u00f6d\u00fcn vermeden su yal\u0131t\u0131m\u0131 sa\u011flar. Teras, balkon, banyo ve mutfak gibi i\u00e7 mekanlarda g\u00fcvenle kullan\u0131l\u0131rken; \u00e7at\u0131, cephe ve havuz gibi d\u0131\u015f mekanlarda da uzun s\u00fcreli koruma ve s\u0131zd\u0131rmazl\u0131k sunar.<\/span><\/p>\n<p><strong><span style=\"color: #000000;\">\u00dcR\u00dcN \u00d6ZELL\u0130KLER\u0130;<\/span><\/strong><br \/>\n<span style=\"color: #000000;\">\u2022Y\u00fcksek penetrasyon \u00f6zellikli,<\/span><br \/>\n<span style=\"color: #000000;\">\u2022A\u011f\u0131r kokmaz, kapal\u0131 alanlarda rahat kullan\u0131m sa\u011flar,<\/span><br \/>\n<span style=\"color: #000000;\">\u2022D\u0131\u015f cephede leke yapmaz, g\u00f6r\u00fcn\u00fcm\u00fc de\u011fi\u015ftirmez,<\/span><br \/>\n<span style=\"color: #000000;\">\u2022Kuvvetli iticilik \u00f6zelli\u011fi,<\/span><br \/>\n<span style=\"color: #000000;\">\u2022Buhar ge\u00e7irgenlik \u00f6zelli\u011fine sahip,<\/span><br \/>\n<span style=\"color: #000000;\">\u2022Alkalilere ve UV \u0131s\u0131nlar\u0131na dayan\u0131kl\u0131d\u0131r,<\/span><br \/>\n<span style=\"color: #000000;\">\u2022Zor kirlenir ve kolay temizlenir,<\/span><br \/>\n<span style=\"color: #000000;\">\u2022Solvent i\u00e7erir.<\/span><\/p>\n<p><span style=\"color: #000000;\"><strong>UYGULAMA Y\u00d6NTEM\u0130 :<\/strong> Y\u00fczey her t\u00fcrl\u00fc kir, ya\u011f ve gresten, zay\u0131f ve oynak par\u00e7ac\u0131klardan, \u00e7imento serbeti kal\u0131nt\u0131lar\u0131ndan ar\u0131nd\u0131r\u0131lmal\u0131d\u0131r. Uygulama yap\u0131lacak y\u00fczeyde \u00e7atlak ve oyuk varsa DOLPHIN TH tamir har\u00e7lar\u0131ndan uygun olan\u0131 ile tamir yap\u0131larak 3 g\u00fcn sonra H\u0130DROSTOP KOKUSUZ \u2013 HST 222 uygulamas\u0131na ge\u00e7ilmelidir. Yal\u0131t\u0131m yap\u0131lacak y\u00fczey kuru olmal\u0131d\u0131r. Hi\u00e7bir \u0131slakl\u0131k bulunmamal\u0131d\u0131r. Tam olarak kurumam\u0131\u015f y\u00fczeylere uygulama yap\u0131lmas\u0131 tavsiye edilmez.<\/span><\/p>\n<p><strong><span style=\"color: #000000;\">D\u0130KKAT ED\u0130LMESI GEREKEN HUSUSLAR;<\/span><\/strong><br \/>\n<span style=\"color: #000000;\">\u2022Ya\u011fmur ya\u011farken uygulama yapmay\u0131n,<\/span><br \/>\n<span style=\"color: #000000;\">\u2022Direkt g\u00fcne\u015f \u0131\u015f\u0131\u011f\u0131 alt\u0131nda uygulamay\u0131n,<\/span><br \/>\n<span style=\"color: #000000;\">\u2022Yabanc\u0131 Malzemeler ilave etmeyiniz.<\/span><br \/>\n<span style=\"color: #000000;\">\u2022Uygulama esnas\u0131nda y\u00fczey ve ortam s\u0131cakl\u0131\u011f\u0131n\u0131n +5 \u00baC ile +35 \u00baC aras\u0131nda olmas\u0131na dikkat edilmelidir.<\/span><br \/>\n<span style=\"color: #000000;\">\u2022Ya\u011fmurdan ve +25 \u00baC y\u00fcksek s\u0131cakl\u0131ktan en az 3 saat korunmal\u0131d\u0131r.<\/span><br \/>\n<span style=\"color: #000000;\">\u2022H\u0130DROSTOP KOKUSUZ \u2013 HST 222, su veya Solvent bazl\u0131 polimer esasl\u0131 boyalar ile boyanabilir.<\/span><br \/>\n<span style=\"color: #000000;\">\u2022En iyi sonucu almak i\u00e7in uygulanacak y\u00fczeyin minimum 28 g\u00fcnl\u00fck olmas\u0131 gerekmektedir.<\/span><br \/>\n<span style=\"color: #000000;\">\u2022H\u0130DROSTOP KOKUSUZ \u2013 HST 222 uygulanan y\u00fczeylerde en iyi su iticilik sonucu 2-3 g\u00fcn sonra edilir.<\/span><br \/>\n<span style=\"color: #000000;\">\u2022Y\u00fczeyin emicilik durumuna g\u00f6re 2-3 kez y\u00fczeye uygulama yap\u0131lmal\u0131d\u0131r. Katlar aras\u0131nda min. 3 saat beklenmesi tavsiye edilir.<\/span><\/p>\n<p><span style=\"color: #000000;\"><strong>AMBALAJ :<\/strong> 1 &#8211; 4 &#8211; 15 Kg Teneke<\/span><\/p>\n<p><span style=\"color: #000000;\"><strong>SARF\u0130YAT :<\/strong> Y\u00fczeyin yap\u0131s\u0131na ve istenilen penetrasyon derinli\u011fine g\u00f6re kat bas\u0131na yakla\u015f\u0131k 150 gr\/m\u00b2<\/span><\/p>\n<p><span style=\"color: #000000;\"><strong>RAF \u00d6MR\u00dc :<\/strong> Orijinal, hasar g\u00f6rmemi\u015f ve a\u00e7\u0131lmam\u0131\u015f ambalaj\u0131nda \u00fcretim tarihi itibariyle 12 ay kullan\u0131labilir.<\/span><\/p>\n<p><strong><span style=\"color: #000000;\">DEPOLAMA SARTLARI ;<\/span><\/strong><br \/>\n<span style=\"color: #000000;\">\u2022+5 \u00b0C ve 35\u00b0C aral\u0131\u011f\u0131nda muhafaza edilmelidir.<\/span><br \/>\n<span style=\"color: #000000;\">\u2022Dondan, nemden ve direkt g\u00fcne\u015f \u0131s\u0131ndan korunmal\u0131d\u0131r.<\/span><\/p>\n<p><span style=\"color: #000000;\"><em>\u00dcr\u00fcn Teknik \u00f6zellikleri ve di\u011fer bilgiler i\u00e7in tds belgesini indirmenizi rica ederiz.<\/em><\/span><\/p>\n","protected":false},"excerpt":{"rendered":"<p><span style=\"color: #000000;\"><a style=\"color: #000000;\" href=\"https:\/\/dolphinfix.com.tr\/eticaret\/wp-content\/uploads\/2025\/04\/HIDROSTOP-KOKUSUZ-\u2013-HST-222-TDS-1.pdf\" target=\"_blank\" rel=\"noopener\">TDS Belgesini \u0130ndirmek \u0130\u00e7in T\u0131klay\u0131n\u0131z<br \/>\n<\/a><\/span><span style=\"color: #000000;\"><a style=\"color: #000000;\" href=\"#\" target=\"_blank\" rel=\"noopener\">CE Belgesini \u0130ndirmek \u0130\u00e7in T\u0131klay\u0131n\u0131z<\/a><\/span><\/p>\n","protected":false},"featured_media":17477,"comment_status":"open","ping_status":"closed","template":"","meta":{"_joinchat":[]},"product_cat":[103,83],"product_tag":[1000,1089,998,1044,1095,1096,1004,788,1094,1092,996,1001,1002,662,999],"class_list":{"0":"post-16703","1":"product","2":"type-product","3":"status-publish","4":"has-post-thumbnail","6":"product_cat-seffaf-yalitim","7":"product_cat-su-yalitim-cozumleri","8":"product_tag-catida-su-yalitim","9":"product_tag-cevre-dostu-su-yalitim","10":"product_tag-dayanikli-su-yalitim","11":"product_tag-elastomerik-su-yalitim","12":"product_tag-hidrostop-seffaf-kokusuz","13":"product_tag-kokusuz-su-yalitim","14":"product_tag-kolay-uygulanabilir-su-yalitim","15":"product_tag-profesyonel-uygulama","16":"product_tag-seffaf-su-izolasyonu","17":"product_tag-su-yalitim-malzemesi","18":"product_tag-su-yalitim-membrani","19":"product_tag-teras-su-yalitim","20":"product_tag-uzun-omurlu-su-yalitim","21":"product_tag-yapi-malzemeleri","22":"product_tag-yuksek-performansli-su-yalitim","24":"first","25":"instock","26":"taxable","27":"shipping-taxable","28":"purchasable","29":"product-type-variable"},"yoast_head":"<!-- This site is optimized with the Yoast SEO Premium plugin v20.2.1 (Yoast SEO v20.2.1) - https:\/\/yoast.com\/wordpress\/plugins\/seo\/ -->\n<title>Kokusuz Su \u0130tici Emprenye HST 222 | \u015eeffaf Cephe ve Beton Koruma<\/title>\n<meta name=\"description\" content=\"HST 222 kokusuz su itici emprenye; beton ve \u00e7imento esasl\u0131 y\u00fczeylerde derinlemesine koruma sa\u011flar. Leke yapmaz, g\u00f6r\u00fcn\u00fcm\u00fc de\u011fi\u015ftirmez ve uzun \u00f6m\u00fcrl\u00fc su iticilik sunar.\" \/>\n<meta name=\"robots\" content=\"index, follow, max-snippet:-1, max-image-preview:large, max-video-preview:-1\" \/>\n<link rel=\"canonical\" href=\"https:\/\/dolphinfix.com.tr\/eticaret\/urun\/hst-222-kokusuz-su-itici\/\" \/>\n<meta property=\"og:locale\" content=\"tr_TR\" \/>\n<meta property=\"og:type\" content=\"article\" \/>\n<meta property=\"og:title\" content=\"HST 222 \u015eEFFAF KOKUSUZ - H\u0130DROSTOP \u015eEFFAF\" \/>\n<meta property=\"og:description\" content=\"HST 222 kokusuz su itici emprenye; beton ve \u00e7imento esasl\u0131 y\u00fczeylerde derinlemesine koruma sa\u011flar. Leke yapmaz, g\u00f6r\u00fcn\u00fcm\u00fc de\u011fi\u015ftirmez ve uzun \u00f6m\u00fcrl\u00fc su iticilik sunar.\" \/>\n<meta property=\"og:url\" content=\"https:\/\/dolphinfix.com.tr\/eticaret\/urun\/hst-222-kokusuz-su-itici\/\" \/>\n<meta property=\"og:site_name\" content=\"Dolphinfix\" \/>\n<meta property=\"article:modified_time\" content=\"2026-03-12T08:56:36+00:00\" \/>\n<meta property=\"og:image\" content=\"https:\/\/dolphinfix.com.tr\/eticaret\/wp-content\/uploads\/2024\/10\/222.png\" \/>\n\t<meta property=\"og:image:width\" content=\"1000\" \/>\n\t<meta property=\"og:image:height\" content=\"1000\" \/>\n\t<meta property=\"og:image:type\" content=\"image\/png\" \/>\n<meta name=\"twitter:card\" content=\"summary_large_image\" \/>\n<meta name=\"twitter:label1\" content=\"Tahmini okuma s\u00fcresi\" \/>\n\t<meta name=\"twitter:data1\" content=\"3 dakika\" \/>\n<script type=\"application\/ld+json\" class=\"yoast-schema-graph\">{\"@context\":\"https:\/\/schema.org\",\"@graph\":[{\"@type\":\"WebPage\",\"@id\":\"https:\/\/dolphinfix.com.tr\/eticaret\/urun\/hst-222-kokusuz-su-itici\/\",\"url\":\"https:\/\/dolphinfix.com.tr\/eticaret\/urun\/hst-222-kokusuz-su-itici\/\",\"name\":\"Kokusuz Su \u0130tici Emprenye HST 222 | \u015eeffaf Cephe ve Beton Koruma\",\"isPartOf\":{\"@id\":\"https:\/\/dolphinfix.com.tr\/eticaret\/#website\"},\"datePublished\":\"2024-10-30T22:28:49+00:00\",\"dateModified\":\"2026-03-12T08:56:36+00:00\",\"description\":\"HST 222 kokusuz su itici emprenye; beton ve \u00e7imento esasl\u0131 y\u00fczeylerde derinlemesine koruma sa\u011flar. Leke yapmaz, g\u00f6r\u00fcn\u00fcm\u00fc de\u011fi\u015ftirmez ve uzun \u00f6m\u00fcrl\u00fc su iticilik sunar.\",\"breadcrumb\":{\"@id\":\"https:\/\/dolphinfix.com.tr\/eticaret\/urun\/hst-222-kokusuz-su-itici\/#breadcrumb\"},\"inLanguage\":\"tr\",\"potentialAction\":[{\"@type\":\"ReadAction\",\"target\":[\"https:\/\/dolphinfix.com.tr\/eticaret\/urun\/hst-222-kokusuz-su-itici\/\"]}]},{\"@type\":\"BreadcrumbList\",\"@id\":\"https:\/\/dolphinfix.com.tr\/eticaret\/urun\/hst-222-kokusuz-su-itici\/#breadcrumb\",\"itemListElement\":[{\"@type\":\"ListItem\",\"position\":1,\"name\":\"Home\",\"item\":\"https:\/\/dolphinfix.com.tr\/eticaret\/\"},{\"@type\":\"ListItem\",\"position\":2,\"name\":\"Market\",\"item\":\"https:\/\/dolphinfix.com.tr\/eticaret\/market\/\"},{\"@type\":\"ListItem\",\"position\":3,\"name\":\"HST 222 \u015eEFFAF KOKUSUZ &#8211; H\u0130DROSTOP \u015eEFFAF\"}]},{\"@type\":\"WebSite\",\"@id\":\"https:\/\/dolphinfix.com.tr\/eticaret\/#website\",\"url\":\"https:\/\/dolphinfix.com.tr\/eticaret\/\",\"name\":\"Dolphinfix\",\"description\":\"\",\"potentialAction\":[{\"@type\":\"SearchAction\",\"target\":{\"@type\":\"EntryPoint\",\"urlTemplate\":\"https:\/\/dolphinfix.com.tr\/eticaret\/?s={search_term_string}\"},\"query-input\":\"required name=search_term_string\"}],\"inLanguage\":\"tr\"}]}<\/script>\n<!-- \/ Yoast SEO Premium plugin. -->","yoast_head_json":{"title":"Kokusuz Su \u0130tici Emprenye HST 222 | \u015eeffaf Cephe ve Beton Koruma","description":"HST 222 kokusuz su itici emprenye; beton ve \u00e7imento esasl\u0131 y\u00fczeylerde derinlemesine koruma sa\u011flar. Leke yapmaz, g\u00f6r\u00fcn\u00fcm\u00fc de\u011fi\u015ftirmez ve uzun \u00f6m\u00fcrl\u00fc su iticilik sunar.","robots":{"index":"index","follow":"follow","max-snippet":"max-snippet:-1","max-image-preview":"max-image-preview:large","max-video-preview":"max-video-preview:-1"},"canonical":"https:\/\/dolphinfix.com.tr\/eticaret\/urun\/hst-222-kokusuz-su-itici\/","og_locale":"tr_TR","og_type":"article","og_title":"HST 222 \u015eEFFAF KOKUSUZ - H\u0130DROSTOP \u015eEFFAF","og_description":"HST 222 kokusuz su itici emprenye; beton ve \u00e7imento esasl\u0131 y\u00fczeylerde derinlemesine koruma sa\u011flar. Leke yapmaz, g\u00f6r\u00fcn\u00fcm\u00fc de\u011fi\u015ftirmez ve uzun \u00f6m\u00fcrl\u00fc su iticilik sunar.","og_url":"https:\/\/dolphinfix.com.tr\/eticaret\/urun\/hst-222-kokusuz-su-itici\/","og_site_name":"Dolphinfix","article_modified_time":"2026-03-12T08:56:36+00:00","og_image":[{"width":1000,"height":1000,"url":"https:\/\/dolphinfix.com.tr\/eticaret\/wp-content\/uploads\/2024\/10\/222.png","type":"image\/png"}],"twitter_card":"summary_large_image","twitter_misc":{"Tahmini okuma s\u00fcresi":"3 dakika"},"schema":{"@context":"https:\/\/schema.org","@graph":[{"@type":"WebPage","@id":"https:\/\/dolphinfix.com.tr\/eticaret\/urun\/hst-222-kokusuz-su-itici\/","url":"https:\/\/dolphinfix.com.tr\/eticaret\/urun\/hst-222-kokusuz-su-itici\/","name":"Kokusuz Su \u0130tici Emprenye HST 222 | \u015eeffaf Cephe ve Beton Koruma","isPartOf":{"@id":"https:\/\/dolphinfix.com.tr\/eticaret\/#website"},"datePublished":"2024-10-30T22:28:49+00:00","dateModified":"2026-03-12T08:56:36+00:00","description":"HST 222 kokusuz su itici emprenye; beton ve \u00e7imento esasl\u0131 y\u00fczeylerde derinlemesine koruma sa\u011flar. Leke yapmaz, g\u00f6r\u00fcn\u00fcm\u00fc de\u011fi\u015ftirmez ve uzun \u00f6m\u00fcrl\u00fc su iticilik sunar.","breadcrumb":{"@id":"https:\/\/dolphinfix.com.tr\/eticaret\/urun\/hst-222-kokusuz-su-itici\/#breadcrumb"},"inLanguage":"tr","potentialAction":[{"@type":"ReadAction","target":["https:\/\/dolphinfix.com.tr\/eticaret\/urun\/hst-222-kokusuz-su-itici\/"]}]},{"@type":"BreadcrumbList","@id":"https:\/\/dolphinfix.com.tr\/eticaret\/urun\/hst-222-kokusuz-su-itici\/#breadcrumb","itemListElement":[{"@type":"ListItem","position":1,"name":"Home","item":"https:\/\/dolphinfix.com.tr\/eticaret\/"},{"@type":"ListItem","position":2,"name":"Market","item":"https:\/\/dolphinfix.com.tr\/eticaret\/market\/"},{"@type":"ListItem","position":3,"name":"HST 222 \u015eEFFAF KOKUSUZ &#8211; H\u0130DROSTOP \u015eEFFAF"}]},{"@type":"WebSite","@id":"https:\/\/dolphinfix.com.tr\/eticaret\/#website","url":"https:\/\/dolphinfix.com.tr\/eticaret\/","name":"Dolphinfix","description":"","potentialAction":[{"@type":"SearchAction","target":{"@type":"EntryPoint","urlTemplate":"https:\/\/dolphinfix.com.tr\/eticaret\/?s={search_term_string}"},"query-input":"required name=search_term_string"}],"inLanguage":"tr"}]}},"_links":{"self":[{"href":"https:\/\/dolphinfix.com.tr\/eticaret\/wp-json\/wp\/v2\/product\/16703","targetHints":{"allow":["GET"]}}],"collection":[{"href":"https:\/\/dolphinfix.com.tr\/eticaret\/wp-json\/wp\/v2\/product"}],"about":[{"href":"https:\/\/dolphinfix.com.tr\/eticaret\/wp-json\/wp\/v2\/types\/product"}],"replies":[{"embeddable":true,"href":"https:\/\/dolphinfix.com.tr\/eticaret\/wp-json\/wp\/v2\/comments?post=16703"}],"version-history":[{"count":13,"href":"https:\/\/dolphinfix.com.tr\/eticaret\/wp-json\/wp\/v2\/product\/16703\/revisions"}],"predecessor-version":[{"id":19412,"href":"https:\/\/dolphinfix.com.tr\/eticaret\/wp-json\/wp\/v2\/product\/16703\/revisions\/19412"}],"wp:featuredmedia":[{"embeddable":true,"href":"https:\/\/dolphinfix.com.tr\/eticaret\/wp-json\/wp\/v2\/media\/17477"}],"wp:attachment":[{"href":"https:\/\/dolphinfix.com.tr\/eticaret\/wp-json\/wp\/v2\/media?parent=16703"}],"wp:term":[{"taxonomy":"product_cat","embeddable":true,"href":"https:\/\/dolphinfix.com.tr\/eticaret\/wp-json\/wp\/v2\/product_cat?post=16703"},{"taxonomy":"product_tag","embeddable":true,"href":"https:\/\/dolphinfix.com.tr\/eticaret\/wp-json\/wp\/v2\/product_tag?post=16703"}],"curies":[{"name":"wp","href":"https:\/\/api.w.org\/{rel}","templated":true}]}}