{"id":16722,"date":"2024-10-31T09:21:36","date_gmt":"2024-10-31T06:21:36","guid":{"rendered":"https:\/\/dolphinfix.com.tr\/eticaret?post_type=product&#038;p=16722"},"modified":"2026-03-12T11:48:15","modified_gmt":"2026-03-12T08:48:15","slug":"2220-nem-bariyeri-membran","status":"publish","type":"product","link":"https:\/\/dolphinfix.com.tr\/eticaret\/urun\/2220-nem-bariyeri-membran\/","title":{"rendered":"2220 &#8211; NEM BAR\u0130YER\u0130 90 GR."},"content":{"rendered":"<p><strong><span style=\"color: #ff0000;\">** PALET F\u0130YATLARI \u0130\u00c7\u0130N \u0130LET\u0130\u015e\u0130ME GE\u00c7\u0130N\u0130Z.**<\/span><\/strong><\/p>\n<p><span style=\"color: #000000;\"><strong>TANIMI<\/strong><\/span><br \/>\n<span style=\"color: #000000;\">2220 &#8211; Nem bariyeri , iki adet polipropilen (PP) y\u00fczey katman\u0131 ile bu katmanlar aras\u0131nda konumland\u0131r\u0131lm\u0131s polietilen (PE) fonksiyonel ara tabakadan olusan \u00fc\u00e7 katmanl\u0131 bariyerdir.<\/span><\/p>\n<p><span style=\"color: #000000;\"><strong>KULLANIM ALANLARI<\/strong><\/span><br \/>\n<span style=\"color: #000000;\">\u2022Duvar konstr\u00fcksiyonlar\u0131<\/span><br \/>\n<span style=\"color: #000000;\">\u2022Ahsap tas\u0131y\u0131c\u0131l\u0131 yap\u0131lar<\/span><br \/>\n<span style=\"color: #000000;\">\u2022Y\u00fcksek katl\u0131 binalar<\/span><br \/>\n<span style=\"color: #000000;\">\u2022Giydirme cephe sistemleri (hava bosluklu ve \u0131s\u0131 yal\u0131t\u0131ml\u0131 <\/span><span style=\"color: #000000;\">cephe uygulamalar\u0131)<\/span><\/p>\n<p><span style=\"color: #000000;\"><strong>\u00dcR\u00dcN \u00d6ZELL\u0130KLER\u0130<\/strong><\/span><br \/>\n<span style=\"color: #000000;\">\u2022Nem bariyeri \u0131s\u0131ya kars\u0131 diren\u00e7lidir.<\/span><br \/>\n<span style=\"color: #000000;\">\u2022Benzersiz 3 katmanl\u0131 teknolojisi su ge\u00e7irmez \u00f6zellige sahiptir.<\/span><br \/>\n<span style=\"color: #000000;\">\u20223 katmanl\u0131 yap\u0131s\u0131 sayesinde d\u0131s duvarlarda yogusma, nem ve <\/span><span style=\"color: #000000;\">hava s\u0131z\u0131nt\u0131s\u0131na kars\u0131 koruma saglar.<\/span><br \/>\n<span style=\"color: #000000;\">\u2022Esnek yap\u0131l\u0131<\/span><br \/>\n<span style=\"color: #000000;\">\u2022Soguk ve s\u0131cak hava verimliligini artt\u0131rarak \u0131s\u0131 tasarrufu saglar.<\/span><br \/>\n<span style=\"color: #000000;\">\u2022Ahsap yap\u0131 i\u00e7in essiz bir su yal\u0131t\u0131m \u00f6rt\u00fcs\u00fcd\u00fcr.<\/span><br \/>\n<span style=\"color: #000000;\">\u2022Nefes alma \u00f6zelligi ile yap\u0131 i\u00e7erisinde olusabilecek nemi <\/span><span style=\"color: #000000;\">d\u0131sar\u0131 atmaya yard\u0131mc\u0131 olur.<\/span><\/p>\n<p><span style=\"color: #000000;\"><strong>TEKNIK \u00d6ZELL\u0130KLER<\/strong><\/span><br \/>\n<span style=\"color: #000000;\">Yang\u0131na Kars\u0131 Tepki : E<\/span><br \/>\n<span style=\"color: #000000;\">Su penetrasyonuna kars\u0131 diren\u00e7 : W1 s\u0131n\u0131f\u0131<\/span><br \/>\n<span style=\"color: #000000;\">\u00dcr\u00fcn Ag\u0131rl\u0131k(gr\/m\u00b2) : 90 gr\/m\u00b2<\/span><br \/>\n<span style=\"color: #000000;\">Boyuna Kopma Uzamas\u0131 : % 66<\/span><br \/>\n<span style=\"color: #000000;\">Enine Kopma Uzamas\u0131 : % 77<\/span><\/p>\n<p><span style=\"color: #000000;\"><strong>UYGULAMA<\/strong><\/span><br \/>\n<span style=\"color: #000000;\">\u00c7at\u0131 ve cephe uygulamalar\u0131nda, yatay veya d\u00fcsey y\u00fczey <\/span><span style=\"color: #000000;\">fark etmeksizin \u00fcr\u00fcn 10 cm bindirme pay\u0131 b\u0131rak\u0131larak gergin\u00a0 <\/span><span style=\"color: #000000;\">bi\u00e7imde serilmeli ve ek yerleri uygun bantlarla s\u0131zd\u0131rmaz <\/span><span style=\"color: #000000;\">sekilde birlestirilmelidir. \u00d6rt\u00fclerin y\u00fczeye d\u00fczg\u00fcn sekilde , <\/span><span style=\"color: #000000;\">sabitlenebilmesi i\u00e7in, ambalaj\u0131 a\u00e7\u0131lm\u0131s \u00fcr\u00fcnlerin toza ve <\/span><span style=\"color: #000000;\">neme maruz kalmamas\u0131 saglanmal\u0131; uygulamadan \u00f6nce <\/span><span style=\"color: #000000;\">zemin temiz, kuru ve yap\u0131smaya uygun hale getirilmelidir.<\/span><\/p>\n<p><span style=\"color: #000000;\"><strong>AMBALAJ<\/strong><\/span><br \/>\n<span style=\"color: #000000;\">160cm x 100mt: 160 m\u00b2<\/span><\/p>\n","protected":false},"excerpt":{"rendered":"<p><span style=\"color: #000000;\"><a style=\"color: #000000;\" href=\"https:\/\/dolphinfix.com.tr\/eticaret\/wp-content\/uploads\/2025\/11\/2220-\u2013-NEM-BARIYERI-90-GR.pdf\" target=\"_blank\" rel=\"noopener\">TDS Belgesini \u0130ndirmek \u0130\u00e7in T\u0131klay\u0131n\u0131z<br \/>\n<\/a><\/span><span style=\"color: #000000;\"><a style=\"color: #000000;\" href=\"#\" target=\"_blank\" rel=\"noopener\">CE Belgesini \u0130ndirmek \u0130\u00e7in T\u0131klay\u0131n\u0131z<\/a><\/span><\/p>\n","protected":false},"featured_media":16873,"comment_status":"open","ping_status":"closed","template":"","meta":{"_joinchat":[]},"product_cat":[83,106],"product_tag":[1107,1098,1101,1102,1104,1110,1099,1097,1108,1105,1106,996,1109,1100,1103],"class_list":{"0":"post-16722","1":"product","2":"type-product","3":"status-publish","4":"has-post-thumbnail","6":"product_cat-su-yalitim-cozumleri","7":"product_cat-tekstil-membranlar","8":"product_tag-bina-izolasyon-malzemesi","9":"product_tag-buhar-dengeleyici","10":"product_tag-buhar-kesici-film","11":"product_tag-cati-izolasyonu-bariyeri","12":"product_tag-duvar-nem-onleyici","13":"product_tag-insaat-nem-yalitimi","14":"product_tag-isi-yalitimi-icin-nem-koruma","15":"product_tag-nem-bariyeri","16":"product_tag-nem-izolasyonu","17":"product_tag-sap-alti-nem-bariyeri","18":"product_tag-su-buhari-gecirmez-ortu","19":"product_tag-su-yalitim-membrani","20":"product_tag-yapi-koruma-bariyeri","21":"product_tag-yapi-nem-onleyici","22":"product_tag-zemin-nem-yalitimi","24":"first","25":"instock","26":"taxable","27":"shipping-taxable","28":"purchasable","29":"product-type-variable"},"yoast_head":"<!-- This site is optimized with the Yoast SEO Premium plugin v20.2.1 (Yoast SEO v20.2.1) - https:\/\/yoast.com\/wordpress\/plugins\/seo\/ -->\n<title>3 Katmanl\u0131 Nem Bariyeri Membran 2220 | Cephe ve \u00c7at\u0131 Koruma<\/title>\n<meta name=\"description\" content=\"2220 nem bariyeri; \u00fc\u00e7 katmanl\u0131 yap\u0131s\u0131yla cephe ve \u00e7at\u0131 sistemlerinde yo\u011fu\u015fma, nem ve hava s\u0131z\u0131nt\u0131s\u0131na kar\u015f\u0131 koruma sa\u011flar. Nefes alabilir ve su ge\u00e7irmez membran \u00e7\u00f6z\u00fcm\u00fcd\u00fcr.\" \/>\n<meta name=\"robots\" content=\"index, follow, max-snippet:-1, max-image-preview:large, max-video-preview:-1\" \/>\n<link rel=\"canonical\" href=\"https:\/\/dolphinfix.com.tr\/eticaret\/urun\/2220-nem-bariyeri-membran\/\" \/>\n<meta property=\"og:locale\" content=\"tr_TR\" \/>\n<meta property=\"og:type\" content=\"article\" \/>\n<meta property=\"og:title\" content=\"2220 - NEM BAR\u0130YER\u0130 90 GR.\" \/>\n<meta property=\"og:description\" content=\"2220 nem bariyeri; \u00fc\u00e7 katmanl\u0131 yap\u0131s\u0131yla cephe ve \u00e7at\u0131 sistemlerinde yo\u011fu\u015fma, nem ve hava s\u0131z\u0131nt\u0131s\u0131na kar\u015f\u0131 koruma sa\u011flar. Nefes alabilir ve su ge\u00e7irmez membran \u00e7\u00f6z\u00fcm\u00fcd\u00fcr.\" \/>\n<meta property=\"og:url\" content=\"https:\/\/dolphinfix.com.tr\/eticaret\/urun\/2220-nem-bariyeri-membran\/\" \/>\n<meta property=\"og:site_name\" content=\"Dolphinfix\" \/>\n<meta property=\"article:modified_time\" content=\"2026-03-12T08:48:15+00:00\" \/>\n<meta property=\"og:image\" content=\"https:\/\/dolphinfix.com.tr\/eticaret\/wp-content\/uploads\/2024\/10\/90-gr-1.png\" \/>\n\t<meta property=\"og:image:width\" content=\"1000\" \/>\n\t<meta property=\"og:image:height\" content=\"1000\" \/>\n\t<meta property=\"og:image:type\" content=\"image\/png\" \/>\n<meta name=\"twitter:card\" content=\"summary_large_image\" \/>\n<meta name=\"twitter:label1\" content=\"Tahmini okuma s\u00fcresi\" \/>\n\t<meta name=\"twitter:data1\" content=\"2 dakika\" \/>\n<script type=\"application\/ld+json\" class=\"yoast-schema-graph\">{\"@context\":\"https:\/\/schema.org\",\"@graph\":[{\"@type\":\"WebPage\",\"@id\":\"https:\/\/dolphinfix.com.tr\/eticaret\/urun\/2220-nem-bariyeri-membran\/\",\"url\":\"https:\/\/dolphinfix.com.tr\/eticaret\/urun\/2220-nem-bariyeri-membran\/\",\"name\":\"3 Katmanl\u0131 Nem Bariyeri Membran 2220 | Cephe ve \u00c7at\u0131 Koruma\",\"isPartOf\":{\"@id\":\"https:\/\/dolphinfix.com.tr\/eticaret\/#website\"},\"datePublished\":\"2024-10-31T06:21:36+00:00\",\"dateModified\":\"2026-03-12T08:48:15+00:00\",\"description\":\"2220 nem bariyeri; \u00fc\u00e7 katmanl\u0131 yap\u0131s\u0131yla cephe ve \u00e7at\u0131 sistemlerinde yo\u011fu\u015fma, nem ve hava s\u0131z\u0131nt\u0131s\u0131na kar\u015f\u0131 koruma sa\u011flar. Nefes alabilir ve su ge\u00e7irmez membran \u00e7\u00f6z\u00fcm\u00fcd\u00fcr.\",\"breadcrumb\":{\"@id\":\"https:\/\/dolphinfix.com.tr\/eticaret\/urun\/2220-nem-bariyeri-membran\/#breadcrumb\"},\"inLanguage\":\"tr\",\"potentialAction\":[{\"@type\":\"ReadAction\",\"target\":[\"https:\/\/dolphinfix.com.tr\/eticaret\/urun\/2220-nem-bariyeri-membran\/\"]}]},{\"@type\":\"BreadcrumbList\",\"@id\":\"https:\/\/dolphinfix.com.tr\/eticaret\/urun\/2220-nem-bariyeri-membran\/#breadcrumb\",\"itemListElement\":[{\"@type\":\"ListItem\",\"position\":1,\"name\":\"Home\",\"item\":\"https:\/\/dolphinfix.com.tr\/eticaret\/\"},{\"@type\":\"ListItem\",\"position\":2,\"name\":\"Market\",\"item\":\"https:\/\/dolphinfix.com.tr\/eticaret\/market\/\"},{\"@type\":\"ListItem\",\"position\":3,\"name\":\"2220 &#8211; NEM BAR\u0130YER\u0130 90 GR.\"}]},{\"@type\":\"WebSite\",\"@id\":\"https:\/\/dolphinfix.com.tr\/eticaret\/#website\",\"url\":\"https:\/\/dolphinfix.com.tr\/eticaret\/\",\"name\":\"Dolphinfix\",\"description\":\"\",\"potentialAction\":[{\"@type\":\"SearchAction\",\"target\":{\"@type\":\"EntryPoint\",\"urlTemplate\":\"https:\/\/dolphinfix.com.tr\/eticaret\/?s={search_term_string}\"},\"query-input\":\"required name=search_term_string\"}],\"inLanguage\":\"tr\"}]}<\/script>\n<!-- \/ Yoast SEO Premium plugin. -->","yoast_head_json":{"title":"3 Katmanl\u0131 Nem Bariyeri Membran 2220 | Cephe ve \u00c7at\u0131 Koruma","description":"2220 nem bariyeri; \u00fc\u00e7 katmanl\u0131 yap\u0131s\u0131yla cephe ve \u00e7at\u0131 sistemlerinde yo\u011fu\u015fma, nem ve hava s\u0131z\u0131nt\u0131s\u0131na kar\u015f\u0131 koruma sa\u011flar. Nefes alabilir ve su ge\u00e7irmez membran \u00e7\u00f6z\u00fcm\u00fcd\u00fcr.","robots":{"index":"index","follow":"follow","max-snippet":"max-snippet:-1","max-image-preview":"max-image-preview:large","max-video-preview":"max-video-preview:-1"},"canonical":"https:\/\/dolphinfix.com.tr\/eticaret\/urun\/2220-nem-bariyeri-membran\/","og_locale":"tr_TR","og_type":"article","og_title":"2220 - NEM BAR\u0130YER\u0130 90 GR.","og_description":"2220 nem bariyeri; \u00fc\u00e7 katmanl\u0131 yap\u0131s\u0131yla cephe ve \u00e7at\u0131 sistemlerinde yo\u011fu\u015fma, nem ve hava s\u0131z\u0131nt\u0131s\u0131na kar\u015f\u0131 koruma sa\u011flar. Nefes alabilir ve su ge\u00e7irmez membran \u00e7\u00f6z\u00fcm\u00fcd\u00fcr.","og_url":"https:\/\/dolphinfix.com.tr\/eticaret\/urun\/2220-nem-bariyeri-membran\/","og_site_name":"Dolphinfix","article_modified_time":"2026-03-12T08:48:15+00:00","og_image":[{"width":1000,"height":1000,"url":"https:\/\/dolphinfix.com.tr\/eticaret\/wp-content\/uploads\/2024\/10\/90-gr-1.png","type":"image\/png"}],"twitter_card":"summary_large_image","twitter_misc":{"Tahmini okuma s\u00fcresi":"2 dakika"},"schema":{"@context":"https:\/\/schema.org","@graph":[{"@type":"WebPage","@id":"https:\/\/dolphinfix.com.tr\/eticaret\/urun\/2220-nem-bariyeri-membran\/","url":"https:\/\/dolphinfix.com.tr\/eticaret\/urun\/2220-nem-bariyeri-membran\/","name":"3 Katmanl\u0131 Nem Bariyeri Membran 2220 | Cephe ve \u00c7at\u0131 Koruma","isPartOf":{"@id":"https:\/\/dolphinfix.com.tr\/eticaret\/#website"},"datePublished":"2024-10-31T06:21:36+00:00","dateModified":"2026-03-12T08:48:15+00:00","description":"2220 nem bariyeri; \u00fc\u00e7 katmanl\u0131 yap\u0131s\u0131yla cephe ve \u00e7at\u0131 sistemlerinde yo\u011fu\u015fma, nem ve hava s\u0131z\u0131nt\u0131s\u0131na kar\u015f\u0131 koruma sa\u011flar. Nefes alabilir ve su ge\u00e7irmez membran \u00e7\u00f6z\u00fcm\u00fcd\u00fcr.","breadcrumb":{"@id":"https:\/\/dolphinfix.com.tr\/eticaret\/urun\/2220-nem-bariyeri-membran\/#breadcrumb"},"inLanguage":"tr","potentialAction":[{"@type":"ReadAction","target":["https:\/\/dolphinfix.com.tr\/eticaret\/urun\/2220-nem-bariyeri-membran\/"]}]},{"@type":"BreadcrumbList","@id":"https:\/\/dolphinfix.com.tr\/eticaret\/urun\/2220-nem-bariyeri-membran\/#breadcrumb","itemListElement":[{"@type":"ListItem","position":1,"name":"Home","item":"https:\/\/dolphinfix.com.tr\/eticaret\/"},{"@type":"ListItem","position":2,"name":"Market","item":"https:\/\/dolphinfix.com.tr\/eticaret\/market\/"},{"@type":"ListItem","position":3,"name":"2220 &#8211; NEM BAR\u0130YER\u0130 90 GR."}]},{"@type":"WebSite","@id":"https:\/\/dolphinfix.com.tr\/eticaret\/#website","url":"https:\/\/dolphinfix.com.tr\/eticaret\/","name":"Dolphinfix","description":"","potentialAction":[{"@type":"SearchAction","target":{"@type":"EntryPoint","urlTemplate":"https:\/\/dolphinfix.com.tr\/eticaret\/?s={search_term_string}"},"query-input":"required name=search_term_string"}],"inLanguage":"tr"}]}},"_links":{"self":[{"href":"https:\/\/dolphinfix.com.tr\/eticaret\/wp-json\/wp\/v2\/product\/16722","targetHints":{"allow":["GET"]}}],"collection":[{"href":"https:\/\/dolphinfix.com.tr\/eticaret\/wp-json\/wp\/v2\/product"}],"about":[{"href":"https:\/\/dolphinfix.com.tr\/eticaret\/wp-json\/wp\/v2\/types\/product"}],"replies":[{"embeddable":true,"href":"https:\/\/dolphinfix.com.tr\/eticaret\/wp-json\/wp\/v2\/comments?post=16722"}],"version-history":[{"count":7,"href":"https:\/\/dolphinfix.com.tr\/eticaret\/wp-json\/wp\/v2\/product\/16722\/revisions"}],"predecessor-version":[{"id":19556,"href":"https:\/\/dolphinfix.com.tr\/eticaret\/wp-json\/wp\/v2\/product\/16722\/revisions\/19556"}],"wp:featuredmedia":[{"embeddable":true,"href":"https:\/\/dolphinfix.com.tr\/eticaret\/wp-json\/wp\/v2\/media\/16873"}],"wp:attachment":[{"href":"https:\/\/dolphinfix.com.tr\/eticaret\/wp-json\/wp\/v2\/media?parent=16722"}],"wp:term":[{"taxonomy":"product_cat","embeddable":true,"href":"https:\/\/dolphinfix.com.tr\/eticaret\/wp-json\/wp\/v2\/product_cat?post=16722"},{"taxonomy":"product_tag","embeddable":true,"href":"https:\/\/dolphinfix.com.tr\/eticaret\/wp-json\/wp\/v2\/product_tag?post=16722"}],"curies":[{"name":"wp","href":"https:\/\/api.w.org\/{rel}","templated":true}]}}