{"id":16739,"date":"2024-10-31T09:32:47","date_gmt":"2024-10-31T06:32:47","guid":{"rendered":"https:\/\/dolphinfix.com.tr\/eticaret?post_type=product&#038;p=16739"},"modified":"2026-03-31T09:42:01","modified_gmt":"2026-03-31T06:42:01","slug":"dolphinfix-pp-su-yalitim-ortusu","status":"publish","type":"product","link":"https:\/\/dolphinfix.com.tr\/eticaret\/urun\/dolphinfix-pp-su-yalitim-ortusu\/","title":{"rendered":"2223 &#8211; TEKST\u0130L MEMBRAN 230 GR."},"content":{"rendered":"<h3><span style=\"color: #c61016;\">\u00dcR\u00dcN B\u0130LG\u0130LER\u0130 ;<\/span><\/h3>\n<p><span style=\"color: #000000;\"><strong>TANIMI<\/strong><\/span><br \/>\n<span style=\"color: #000000;\">E\u015fsiz \u00fcretim teknolojisi ile alt ve \u00fcst POL\u0130PROP\u0130LEN (PP) ara katman POL\u0130ET\u0130LEN (PE) hammaddesinden 3 katman olarak \u00fcretilmektedir. Dolphinfix su yal\u0131t\u0131m \u00f6rt\u00fcleri y\u00fcksek su bas\u0131nc\u0131na dayan\u0131kl\u0131 teknik tekstil su izolasyon \u00fcr\u00fcn\u00fcd\u00fcr.<\/span><\/p>\n<p><span style=\"color: #000000;\"><strong>\u00dcR\u00dcN \u00d6ZELL\u0130KLER\u0130<\/strong><\/span><br \/>\n<span style=\"color: #000000;\">Y\u00fcksek su bas\u0131n\u00e7 dayan\u0131m\u0131<\/span><br \/>\n<span style=\"color: #000000;\">Esnek yap\u0131s\u0131 sayesinde kolay uygulama<\/span><br \/>\n<span style=\"color: #000000;\">%100 su ge\u00e7irimsizlik<\/span><br \/>\n<span style=\"color: #000000;\">G\u00fc\u00e7l\u00fc ve sa\u011flam yap\u0131s\u0131<\/span><br \/>\n<span style=\"color: #000000;\">Tamamen su yal\u0131t\u0131m \u00f6rt\u00fcs\u00fc<\/span><br \/>\n<span style=\"color: #000000;\">Is\u0131 yal\u0131t\u0131m\u0131na %10 &#8211; 20 katk\u0131 sa\u011flar.<\/span><\/p>\n<p><span style=\"color: #000000;\"><strong>KULLANIM ALANLARI<\/strong><\/span><br \/>\n<span style=\"color: #000000;\">Islak hacimler<\/span><br \/>\n<span style=\"color: #000000;\">Havuz<\/span><br \/>\n<span style=\"color: #000000;\">Teras<\/span><br \/>\n<span style=\"color: #000000;\">Balkon<\/span><br \/>\n<span style=\"color: #000000;\">Su depolar\u0131nda<\/span><\/p>\n<p><span style=\"color: #000000;\"><strong>TEKN\u0130K \u00d6ZELL\u0130KLER<\/strong><\/span><br \/>\n<span style=\"color: #000000;\">A\u011f\u0131rl\u0131k (Basis Weight) : gr\/m2 230<\/span><br \/>\n<span style=\"color: #000000;\">Kal\u0131nl\u0131k (Thickness) : mm 0,75<\/span><br \/>\n<span style=\"color: #000000;\">\u00dcr\u00fcn Kat Say\u0131s\u0131 (Product Floor Amount) : &#8211; 3<\/span><br \/>\n<span style=\"color: #000000;\">Kopma Mukavemeti (Tensile Strenght) : \u00dcretim Y\u00f6n\u00fc N\/5cm 201<\/span><br \/>\n<span style=\"color: #000000;\">: \u00dcretim Y\u00f6n\u00fcne Dikey N\/5cm 125<\/span><br \/>\n<span style=\"color: #000000;\">S\u00fcnme (Elongation at break) : \u00dcretim Y\u00f6n\u00fc % 300-400<\/span><br \/>\n<span style=\"color: #000000;\">: \u00dcretim Y\u00f6n\u00fcne Dikey % 300-400<\/span><br \/>\n<span style=\"color: #000000;\">S\u0131cakl\u0131k Direnci (Temparature Resistance) : C _20\/80<\/span><br \/>\n<span style=\"color: #000000;\">Su S\u0131zd\u0131rmazl\u0131k (Resistance To Water Penatration) : S\u0131n\u0131f W1<\/span><\/p>\n<p><span style=\"color: #000000;\"><strong>PAKET \u00d6L\u00c7\u00dcLER\u0130<\/strong><\/span><br \/>\n<span style=\"color: #000000;\">1,50 *50 MT. &#8211; 75 M2<\/span><\/p>\n<p><span style=\"color: #000000;\"><em>\u00dcr\u00fcn Teknik \u00f6zellikleri ve di\u011fer bilgiler i\u00e7in tds belgesini indirmenizi rica ederiz.<\/em><\/span><\/p>\n","protected":false},"excerpt":{"rendered":"<p><span style=\"color: #000000;\"><a style=\"color: #000000;\" href=\"https:\/\/dolphinfix.com.tr\/eticaret\/wp-content\/uploads\/2026\/03\/2223-TEKSTIL-MEMBRAN-TDS.pdf\" target=\"_blank\" rel=\"noopener\">TDS Belgesini \u0130ndirmek \u0130\u00e7in T\u0131klay\u0131n\u0131z<br \/>\n<\/a><\/span><span style=\"color: #000000;\"><a style=\"color: #000000;\" href=\"#\" target=\"_blank\" rel=\"noopener\">CE Belgesini \u0130ndirmek \u0130\u00e7in T\u0131klay\u0131n\u0131z<\/a><\/span><\/p>\n","protected":false},"featured_media":16875,"comment_status":"open","ping_status":"closed","template":"","meta":{"_joinchat":[]},"product_cat":[145,92,83,106,144],"product_tag":[1113,1115,1124,1116,1118,1121,1112,1119,1117,996,1120,1111,1114,1123,1122],"class_list":{"0":"post-16739","1":"product","2":"type-product","3":"status-publish","4":"has-post-thumbnail","6":"product_cat-peyzaj-su-yalitim","7":"product_cat-peyzaj-yesil-cati","8":"product_cat-su-yalitim-cozumleri","9":"product_cat-tekstil-membranlar","10":"product_cat-yesil-cati-urunleri","11":"product_tag-buhar-dengeleyici-membran","12":"product_tag-cati-alti-membran","13":"product_tag-dis-cephe-tekstil-membrani","14":"product_tag-duvar-kaplama-membrani","15":"product_tag-insaat-membrani","16":"product_tag-isi-yalitim-destek-membrani","17":"product_tag-nefes-alan-membran","18":"product_tag-nem-ve-buhar-bariyeri","19":"product_tag-ruzgar-dengeleyici-membran","20":"product_tag-su-yalitim-membrani","21":"product_tag-tekstil-esasli-membran","22":"product_tag-tekstil-membran","23":"product_tag-yapi-izolasyon-malzemesi","24":"product_tag-yapi-koruma-ortusu","25":"product_tag-zemin-izolasyon-membrani","27":"first","28":"instock","29":"taxable","30":"shipping-taxable","31":"purchasable","32":"product-type-variable"},"yoast_head":"<!-- This site is optimized with the Yoast SEO Premium plugin v20.2.1 (Yoast SEO v20.2.1) - https:\/\/yoast.com\/wordpress\/plugins\/seo\/ -->\n<title>Dolphinfix 3 Katmanl\u0131 PP Su Yal\u0131t\u0131m \u00d6rt\u00fcs\u00fc | Y\u00fcksek Bas\u0131n\u00e7 Dayan\u0131ml\u0131 \u0130zolasyon<\/title>\n<meta name=\"description\" content=\"Dolphinfix 3 katmanl\u0131 polipropilen su yal\u0131t\u0131m \u00f6rt\u00fcs\u00fc; teras, balkon, havuz ve \u0131slak hacimlerde 0 su ge\u00e7irimsizlik sa\u011flar. Y\u00fcksek bas\u0131nca dayan\u0131kl\u0131, esnek ve kolay uygulanan profesyonel su izolasyon \u00e7\u00f6z\u00fcm\u00fc.\" \/>\n<meta name=\"robots\" content=\"index, follow, max-snippet:-1, max-image-preview:large, max-video-preview:-1\" \/>\n<link rel=\"canonical\" href=\"https:\/\/dolphinfix.com.tr\/eticaret\/urun\/dolphinfix-pp-su-yalitim-ortusu\/\" \/>\n<meta property=\"og:locale\" content=\"tr_TR\" \/>\n<meta property=\"og:type\" content=\"article\" \/>\n<meta property=\"og:title\" content=\"2223 - TEKST\u0130L MEMBRAN 230 GR.\" \/>\n<meta property=\"og:description\" content=\"Dolphinfix 3 katmanl\u0131 polipropilen su yal\u0131t\u0131m \u00f6rt\u00fcs\u00fc; teras, balkon, havuz ve \u0131slak hacimlerde 0 su ge\u00e7irimsizlik sa\u011flar. Y\u00fcksek bas\u0131nca dayan\u0131kl\u0131, esnek ve kolay uygulanan profesyonel su izolasyon \u00e7\u00f6z\u00fcm\u00fc.\" \/>\n<meta property=\"og:url\" content=\"https:\/\/dolphinfix.com.tr\/eticaret\/urun\/dolphinfix-pp-su-yalitim-ortusu\/\" \/>\n<meta property=\"og:site_name\" content=\"Dolphinfix\" \/>\n<meta property=\"article:modified_time\" content=\"2026-03-31T06:42:01+00:00\" \/>\n<meta property=\"og:image\" content=\"https:\/\/dolphinfix.com.tr\/eticaret\/wp-content\/uploads\/2024\/10\/110-ve-130-gr-1.png\" \/>\n\t<meta property=\"og:image:width\" content=\"1000\" \/>\n\t<meta property=\"og:image:height\" content=\"1000\" \/>\n\t<meta property=\"og:image:type\" content=\"image\/png\" \/>\n<meta name=\"twitter:card\" content=\"summary_large_image\" \/>\n<meta name=\"twitter:label1\" content=\"Tahmini okuma s\u00fcresi\" \/>\n\t<meta name=\"twitter:data1\" content=\"1 dakika\" \/>\n<script type=\"application\/ld+json\" class=\"yoast-schema-graph\">{\"@context\":\"https:\/\/schema.org\",\"@graph\":[{\"@type\":\"WebPage\",\"@id\":\"https:\/\/dolphinfix.com.tr\/eticaret\/urun\/dolphinfix-pp-su-yalitim-ortusu\/\",\"url\":\"https:\/\/dolphinfix.com.tr\/eticaret\/urun\/dolphinfix-pp-su-yalitim-ortusu\/\",\"name\":\"Dolphinfix 3 Katmanl\u0131 PP Su Yal\u0131t\u0131m \u00d6rt\u00fcs\u00fc | Y\u00fcksek Bas\u0131n\u00e7 Dayan\u0131ml\u0131 \u0130zolasyon\",\"isPartOf\":{\"@id\":\"https:\/\/dolphinfix.com.tr\/eticaret\/#website\"},\"datePublished\":\"2024-10-31T06:32:47+00:00\",\"dateModified\":\"2026-03-31T06:42:01+00:00\",\"description\":\"Dolphinfix 3 katmanl\u0131 polipropilen su yal\u0131t\u0131m \u00f6rt\u00fcs\u00fc; teras, balkon, havuz ve \u0131slak hacimlerde 0 su ge\u00e7irimsizlik sa\u011flar. Y\u00fcksek bas\u0131nca dayan\u0131kl\u0131, esnek ve kolay uygulanan profesyonel su izolasyon \u00e7\u00f6z\u00fcm\u00fc.\",\"breadcrumb\":{\"@id\":\"https:\/\/dolphinfix.com.tr\/eticaret\/urun\/dolphinfix-pp-su-yalitim-ortusu\/#breadcrumb\"},\"inLanguage\":\"tr\",\"potentialAction\":[{\"@type\":\"ReadAction\",\"target\":[\"https:\/\/dolphinfix.com.tr\/eticaret\/urun\/dolphinfix-pp-su-yalitim-ortusu\/\"]}]},{\"@type\":\"BreadcrumbList\",\"@id\":\"https:\/\/dolphinfix.com.tr\/eticaret\/urun\/dolphinfix-pp-su-yalitim-ortusu\/#breadcrumb\",\"itemListElement\":[{\"@type\":\"ListItem\",\"position\":1,\"name\":\"Home\",\"item\":\"https:\/\/dolphinfix.com.tr\/eticaret\/\"},{\"@type\":\"ListItem\",\"position\":2,\"name\":\"Market\",\"item\":\"https:\/\/dolphinfix.com.tr\/eticaret\/market\/\"},{\"@type\":\"ListItem\",\"position\":3,\"name\":\"2223 &#8211; TEKST\u0130L MEMBRAN 230 GR.\"}]},{\"@type\":\"WebSite\",\"@id\":\"https:\/\/dolphinfix.com.tr\/eticaret\/#website\",\"url\":\"https:\/\/dolphinfix.com.tr\/eticaret\/\",\"name\":\"Dolphinfix\",\"description\":\"\",\"potentialAction\":[{\"@type\":\"SearchAction\",\"target\":{\"@type\":\"EntryPoint\",\"urlTemplate\":\"https:\/\/dolphinfix.com.tr\/eticaret\/?s={search_term_string}\"},\"query-input\":\"required name=search_term_string\"}],\"inLanguage\":\"tr\"}]}<\/script>\n<!-- \/ Yoast SEO Premium plugin. -->","yoast_head_json":{"title":"Dolphinfix 3 Katmanl\u0131 PP Su Yal\u0131t\u0131m \u00d6rt\u00fcs\u00fc | Y\u00fcksek Bas\u0131n\u00e7 Dayan\u0131ml\u0131 \u0130zolasyon","description":"Dolphinfix 3 katmanl\u0131 polipropilen su yal\u0131t\u0131m \u00f6rt\u00fcs\u00fc; teras, balkon, havuz ve \u0131slak hacimlerde 0 su ge\u00e7irimsizlik sa\u011flar. Y\u00fcksek bas\u0131nca dayan\u0131kl\u0131, esnek ve kolay uygulanan profesyonel su izolasyon \u00e7\u00f6z\u00fcm\u00fc.","robots":{"index":"index","follow":"follow","max-snippet":"max-snippet:-1","max-image-preview":"max-image-preview:large","max-video-preview":"max-video-preview:-1"},"canonical":"https:\/\/dolphinfix.com.tr\/eticaret\/urun\/dolphinfix-pp-su-yalitim-ortusu\/","og_locale":"tr_TR","og_type":"article","og_title":"2223 - TEKST\u0130L MEMBRAN 230 GR.","og_description":"Dolphinfix 3 katmanl\u0131 polipropilen su yal\u0131t\u0131m \u00f6rt\u00fcs\u00fc; teras, balkon, havuz ve \u0131slak hacimlerde 0 su ge\u00e7irimsizlik sa\u011flar. Y\u00fcksek bas\u0131nca dayan\u0131kl\u0131, esnek ve kolay uygulanan profesyonel su izolasyon \u00e7\u00f6z\u00fcm\u00fc.","og_url":"https:\/\/dolphinfix.com.tr\/eticaret\/urun\/dolphinfix-pp-su-yalitim-ortusu\/","og_site_name":"Dolphinfix","article_modified_time":"2026-03-31T06:42:01+00:00","og_image":[{"width":1000,"height":1000,"url":"https:\/\/dolphinfix.com.tr\/eticaret\/wp-content\/uploads\/2024\/10\/110-ve-130-gr-1.png","type":"image\/png"}],"twitter_card":"summary_large_image","twitter_misc":{"Tahmini okuma s\u00fcresi":"1 dakika"},"schema":{"@context":"https:\/\/schema.org","@graph":[{"@type":"WebPage","@id":"https:\/\/dolphinfix.com.tr\/eticaret\/urun\/dolphinfix-pp-su-yalitim-ortusu\/","url":"https:\/\/dolphinfix.com.tr\/eticaret\/urun\/dolphinfix-pp-su-yalitim-ortusu\/","name":"Dolphinfix 3 Katmanl\u0131 PP Su Yal\u0131t\u0131m \u00d6rt\u00fcs\u00fc | Y\u00fcksek Bas\u0131n\u00e7 Dayan\u0131ml\u0131 \u0130zolasyon","isPartOf":{"@id":"https:\/\/dolphinfix.com.tr\/eticaret\/#website"},"datePublished":"2024-10-31T06:32:47+00:00","dateModified":"2026-03-31T06:42:01+00:00","description":"Dolphinfix 3 katmanl\u0131 polipropilen su yal\u0131t\u0131m \u00f6rt\u00fcs\u00fc; teras, balkon, havuz ve \u0131slak hacimlerde 0 su ge\u00e7irimsizlik sa\u011flar. Y\u00fcksek bas\u0131nca dayan\u0131kl\u0131, esnek ve kolay uygulanan profesyonel su izolasyon \u00e7\u00f6z\u00fcm\u00fc.","breadcrumb":{"@id":"https:\/\/dolphinfix.com.tr\/eticaret\/urun\/dolphinfix-pp-su-yalitim-ortusu\/#breadcrumb"},"inLanguage":"tr","potentialAction":[{"@type":"ReadAction","target":["https:\/\/dolphinfix.com.tr\/eticaret\/urun\/dolphinfix-pp-su-yalitim-ortusu\/"]}]},{"@type":"BreadcrumbList","@id":"https:\/\/dolphinfix.com.tr\/eticaret\/urun\/dolphinfix-pp-su-yalitim-ortusu\/#breadcrumb","itemListElement":[{"@type":"ListItem","position":1,"name":"Home","item":"https:\/\/dolphinfix.com.tr\/eticaret\/"},{"@type":"ListItem","position":2,"name":"Market","item":"https:\/\/dolphinfix.com.tr\/eticaret\/market\/"},{"@type":"ListItem","position":3,"name":"2223 &#8211; TEKST\u0130L MEMBRAN 230 GR."}]},{"@type":"WebSite","@id":"https:\/\/dolphinfix.com.tr\/eticaret\/#website","url":"https:\/\/dolphinfix.com.tr\/eticaret\/","name":"Dolphinfix","description":"","potentialAction":[{"@type":"SearchAction","target":{"@type":"EntryPoint","urlTemplate":"https:\/\/dolphinfix.com.tr\/eticaret\/?s={search_term_string}"},"query-input":"required name=search_term_string"}],"inLanguage":"tr"}]}},"_links":{"self":[{"href":"https:\/\/dolphinfix.com.tr\/eticaret\/wp-json\/wp\/v2\/product\/16739","targetHints":{"allow":["GET"]}}],"collection":[{"href":"https:\/\/dolphinfix.com.tr\/eticaret\/wp-json\/wp\/v2\/product"}],"about":[{"href":"https:\/\/dolphinfix.com.tr\/eticaret\/wp-json\/wp\/v2\/types\/product"}],"replies":[{"embeddable":true,"href":"https:\/\/dolphinfix.com.tr\/eticaret\/wp-json\/wp\/v2\/comments?post=16739"}],"version-history":[{"count":11,"href":"https:\/\/dolphinfix.com.tr\/eticaret\/wp-json\/wp\/v2\/product\/16739\/revisions"}],"predecessor-version":[{"id":20296,"href":"https:\/\/dolphinfix.com.tr\/eticaret\/wp-json\/wp\/v2\/product\/16739\/revisions\/20296"}],"wp:featuredmedia":[{"embeddable":true,"href":"https:\/\/dolphinfix.com.tr\/eticaret\/wp-json\/wp\/v2\/media\/16875"}],"wp:attachment":[{"href":"https:\/\/dolphinfix.com.tr\/eticaret\/wp-json\/wp\/v2\/media?parent=16739"}],"wp:term":[{"taxonomy":"product_cat","embeddable":true,"href":"https:\/\/dolphinfix.com.tr\/eticaret\/wp-json\/wp\/v2\/product_cat?post=16739"},{"taxonomy":"product_tag","embeddable":true,"href":"https:\/\/dolphinfix.com.tr\/eticaret\/wp-json\/wp\/v2\/product_tag?post=16739"}],"curies":[{"name":"wp","href":"https:\/\/api.w.org\/{rel}","templated":true}]}}