{"id":18705,"date":"2025-04-07T01:10:47","date_gmt":"2025-04-06T22:10:47","guid":{"rendered":"https:\/\/dolphinfix.com.tr\/eticaret\/?post_type=product&#038;p=18705"},"modified":"2026-03-31T16:07:44","modified_gmt":"2026-03-31T13:07:44","slug":"1141-dss-solventli-emprenye","status":"publish","type":"product","link":"https:\/\/dolphinfix.com.tr\/eticaret\/urun\/1141-dss-solventli-emprenye\/","title":{"rendered":"1141 DSS D-S\u0130L SU \u0130T\u0130C\u0130 SOLVENTL\u0130 EMPRENYE MALZEMES\u0130"},"content":{"rendered":"<p data-pm-slice=\"0 0 []\"><span style=\"color: #ff0000;\"><strong>** PALET F\u0130YATLARI \u0130\u00c7\u0130N \u0130LET\u0130\u015e\u0130ME GE\u00c7\u0130N\u0130Z.**<\/strong><\/span><\/p>\n<h3><span style=\"color: #c61016;\">\u00dcR\u00dcN B\u0130LG\u0130LER\u0130 ;<\/span><\/h3>\n<p><span style=\"color: #000000;\"><strong>TANIMI<\/strong><\/span><br \/>\n<span style=\"color: #000000;\">1141 DSS D-S\u0130L Solventli \u00f6zel emprenye malzemesidir.<\/span><\/p>\n<p><span style=\"color: #000000;\"><strong>KULLANIM ALANLARI<\/strong><\/span><br \/>\n<span style=\"color: #000000;\">Tarihi eser cephe kaplamalar\u0131, do\u011fal ta\u015f, tu\u011fla, traverten, kire\u00e7 ta\u015f\u0131, hafif beton y\u00fczeylerine emprenye olarak su itici \u00f6zellik kazand\u0131ran \u015feffaf malzeme olarak kullan\u0131l\u0131r.<\/span><\/p>\n<p><span style=\"color: #000000;\"><strong>\u00dcR\u00dcN \u00d6ZELL\u0130KLER\u0130 VE AVANTAJLARI<\/strong><\/span><br \/>\n<span style=\"color: #000000;\">*Y\u00fcksek penetrasyon \u00f6zelli\u011fi,<\/span><br \/>\n<span style=\"color: #000000;\">*D\u0131\u015f cephede leke yapmaz,<\/span><br \/>\n<span style=\"color: #000000;\">*G\u00f6r\u00fcn\u00fcm\u00fcn\u00fc de\u011fi\u015ftirmez,<\/span><br \/>\n<span style=\"color: #000000;\">*Kuvvetli iticilik tesiri,<\/span><br \/>\n<span style=\"color: #000000;\">*Buhar ge\u00e7iren \u00f6zelliktedir,<\/span><br \/>\n<span style=\"color: #000000;\">*Alkalilere ve UV \u0131\u015f\u0131nlar\u0131na kar\u015f\u0131<\/span><br \/>\n<span style=\"color: #000000;\">dayan\u0131kl\u0131d\u0131r,<\/span><br \/>\n<span style=\"color: #000000;\">*Zor kirlenme ve kolay temizlenme<\/span><br \/>\n<span style=\"color: #000000;\">*Solventlidir<\/span><\/p>\n<p><span style=\"color: #000000;\"><strong>TEKN\u0130K \u00d6ZELL\u0130KLER<\/strong><\/span><br \/>\n<span style=\"color: #000000;\">Malzemenin Yap\u0131s\u0131: D\u00fc\u015f\u00fck molek\u00fcll\u00fc siloksan<\/span><br \/>\n<span style=\"color: #000000;\">Renk: \u015eeffaf<\/span><br \/>\n<span style=\"color: #000000;\">Yo\u011funluk: 0.79 gr\/cm<\/span><br \/>\n<span style=\"color: #000000;\">Kuruma S\u00fcresi: 60 dakika<\/span><br \/>\n<span style=\"color: #000000;\">Uygulama Ortam S\u0131cakl\u0131\u011f\u0131: +5\u00b0C ile +25\u00b0C<\/span><br \/>\n<span style=\"color: #000000;\">Uygulama \u015eekli: P\u00fcsk\u00fcrtme, F\u0131r\u00e7a, Rulo<\/span><br \/>\n<span style=\"color: #000000;\">T\u00fcketim: 0.20\u20130.4 lt\/m g\u00f6re)<\/span><\/p>\n<p><span style=\"color: #000000;\"><strong>UYGULAMA Y\u00d6NTEM\u0130<\/strong><\/span><br \/>\n<span style=\"color: #000000;\"><strong>Y\u00fczey Haz\u0131rl\u0131\u011f\u0131<\/strong><\/span><br \/>\n<span style=\"color: #000000;\">*Uygulama y\u00fczeyinin sa\u011flam, tutunmay\u0131 \u00f6nleyici, kuru, <\/span><span style=\"color: #000000;\">tozsuz ve ayn\u0131 zamanda temiz olmal\u0131d\u0131r.<\/span><br \/>\n<span style=\"color: #000000;\">*Y\u00fczey aderans\u0131 azaltacak her t\u00fcrl\u00fc ya\u011f, gres, pas <\/span><span style=\"color: #000000;\">kal\u0131nt\u0131lar\u0131ndan iyice temizlenmeli ve y\u00fczeyde gev\u015fek <\/span><span style=\"color: #000000;\">par\u00e7ac\u0131klar olmamal\u0131d\u0131r.<\/span><br \/>\n<span style=\"color: #000000;\">*Y\u00fczeyde nem lekeleri olmamal\u0131 ve kuru olmal\u0131d\u0131r.<\/span><\/p>\n<p><span style=\"color: #000000;\"><strong>KARI\u015eTIRMA<\/strong><\/span><br \/>\n<span style=\"color: #000000;\">Temiz bir kap i\u00e7inde veya kendi ambalaj\u0131nda d\u00fc\u015f\u00fck devirli <\/span><span style=\"color: #000000;\">matkapla yakla\u015f\u0131k 3 dk. kar\u0131\u015ft\u0131r\u0131lmal\u0131d\u0131r. Kullan\u0131ma haz\u0131r <\/span><span style=\"color: #000000;\">hale gelen malzeme p\u00fcsk\u00fcrtme cihaz\u0131, rulo veya f\u0131r\u00e7a ile<\/span><br \/>\n<span style=\"color: #000000;\">y\u00fczeye doyana kadar s\u00fcr\u00fcl\u00fcr. Emici y\u00fczeylerde max. 4 <\/span><span style=\"color: #000000;\">saat ara ile iki kat uygulan\u0131r. \u00c7ok g\u00f6zenekli y\u00fczeylerde bir <\/span><span style=\"color: #000000;\">kat daha fazla uygulanmas\u0131 gerekebilir.<\/span><\/p>\n<p><span style=\"color: #000000;\"><strong>UYARILAR<\/strong><\/span><br \/>\n<span style=\"color: #000000;\">Malzeme i\u00e7ine kesinlikle hi\u00e7bir yabanc\u0131 malzeme ilave <\/span><span style=\"color: #000000;\">etmeyiniz. Malzeme y\u00fczeyde akma yapmamas\u0131na <\/span><span style=\"color: #000000;\">dikkat ediniz. Uygulamadan sonra direkt g\u00fcne\u015f \u0131\u015f\u0131\u011f\u0131, <\/span><span style=\"color: #000000;\">\u015fiddetli r\u00fczgar, y\u00fcksek hava s\u0131cakl\u0131\u011f\u0131, ya\u011fmur ve don <\/span><span style=\"color: #000000;\">gibi olumsuz hava \u015fartlar\u0131na kar\u015f\u0131 korunmal\u0131d\u0131r. Aletler <\/span><span style=\"color: #000000;\">ya\u015f iken deterjan ile temizlenir.<\/span><\/p>\n<p><span style=\"color: #000000;\"><strong>AMBALAJ<\/strong><\/span><br \/>\n<span style=\"color: #000000;\">5 lt. ve 17 lt. teneke<\/span><\/p>\n<p><span style=\"color: #000000;\"><strong>DEPOLAMA<\/strong><\/span><br \/>\n<span style=\"color: #000000;\">A\u00e7\u0131lmam\u0131\u015f orijinal ambalaj\u0131nda a\u011fz\u0131 kapal\u0131, rutubetsiz ve kuru ortamda depolanmal\u0131d\u0131r.<\/span><\/p>\n<p><span style=\"color: #000000;\"><strong>RAF \u00d6MR\u00dc<\/strong><\/span><br \/>\n<span style=\"color: #000000;\">\u00dcretim tarihinden itibaren 12 ayd\u0131r.<\/span><\/p>\n<p><span style=\"color: #000000;\"><em>\u00dcr\u00fcn Teknik \u00f6zellikleri ve di\u011fer bilgiler i\u00e7in tds belgesini indirmenizi rica ederiz.<\/em><\/span><\/p>\n","protected":false},"excerpt":{"rendered":"<p><span style=\"color: #000000;\"><a style=\"color: #000000;\" href=\"https:\/\/dolphinfix.com.tr\/eticaret\/wp-content\/uploads\/2026\/03\/1141-DSS-DSIL-SU-ITICI-SOLVENTLI-EMPRENYE-MALZEMESI.pdf\" target=\"_blank\" rel=\"noopener\">TDS Belgesini \u0130ndirmek \u0130\u00e7in T\u0131klay\u0131n\u0131z<br \/>\n<\/a><\/span><span style=\"color: #000000;\"><a style=\"color: #000000;\" href=\"#\" target=\"_blank\" rel=\"noopener\">CE Belgesini \u0130ndirmek \u0130\u00e7in T\u0131klay\u0131n\u0131z<\/a><\/span><\/p>\n","protected":false},"featured_media":18709,"comment_status":"open","ping_status":"closed","template":"","meta":{"_joinchat":[]},"product_cat":[84],"product_tag":[1144,1151,1157,1150,1158,1159,1160,1145,788,1156,1140,1148,1161,1162,1143,1149,1057],"class_list":{"0":"post-18705","1":"product","2":"type-product","3":"status-publish","4":"has-post-thumbnail","6":"product_cat-restorasyon-cozumleri","7":"product_tag-beton-su-itici","8":"product_tag-cevre-dostu-su-itici","9":"product_tag-d-sil-dss","10":"product_tag-dayanikli-emprenye","11":"product_tag-dis-cephe-su-itici","12":"product_tag-ic-cephe-su-itici","13":"product_tag-kaliteli-su-itici","14":"product_tag-nefes-alan-su-itici","15":"product_tag-profesyonel-uygulama","16":"product_tag-solventli-emprenye","17":"product_tag-su-itici-malzeme","18":"product_tag-suya-dayanikli-kaplama","19":"product_tag-tarihi-eser-yapilarda-kullanilan-solventli-su-itici-malzeme-ve-urun","20":"product_tag-tas-ve-tugla-duvarlari-yuzeyinde-kullanilan-solventli-su-itici-malzeme-ve-urun","21":"product_tag-tas-ve-tugla-su-itici","22":"product_tag-uzun-omurlu-su-itici","23":"product_tag-yuzey-koruma","25":"first","26":"instock","27":"taxable","28":"shipping-taxable","29":"purchasable","30":"product-type-variable"},"yoast_head":"<!-- This site is optimized with the Yoast SEO Premium plugin v20.2.1 (Yoast SEO v20.2.1) - https:\/\/yoast.com\/wordpress\/plugins\/seo\/ -->\n<title>1141 DSS D-S\u0130L Solvent Bazl\u0131 Su \u0130tici Emprenye | Derinlemesine Koruma<\/title>\n<meta name=\"description\" content=\"1141 DSS D-S\u0130L solvent bazl\u0131 su itici emprenye; beton, ta\u015f ve mineral y\u00fczeylerde derin n\u00fcfuz ederek suya kar\u015f\u0131 g\u00fc\u00e7l\u00fc koruma sa\u011flar. D\u0131\u015f cephelerde uzun \u00f6m\u00fcrl\u00fc, \u015feffaf ve nefes alabilen y\u00fczey koruma \u00e7\u00f6z\u00fcm\u00fc.\" \/>\n<meta name=\"robots\" content=\"index, follow, max-snippet:-1, max-image-preview:large, max-video-preview:-1\" \/>\n<link rel=\"canonical\" href=\"https:\/\/dolphinfix.com.tr\/eticaret\/urun\/1141-dss-solventli-emprenye\/\" \/>\n<meta property=\"og:locale\" content=\"tr_TR\" \/>\n<meta property=\"og:type\" content=\"article\" \/>\n<meta property=\"og:title\" content=\"1141 DSS D-S\u0130L SU \u0130T\u0130C\u0130 SOLVENTL\u0130 EMPRENYE MALZEMES\u0130\" \/>\n<meta property=\"og:description\" content=\"1141 DSS D-S\u0130L solvent bazl\u0131 su itici emprenye; beton, ta\u015f ve mineral y\u00fczeylerde derin n\u00fcfuz ederek suya kar\u015f\u0131 g\u00fc\u00e7l\u00fc koruma sa\u011flar. D\u0131\u015f cephelerde uzun \u00f6m\u00fcrl\u00fc, \u015feffaf ve nefes alabilen y\u00fczey koruma \u00e7\u00f6z\u00fcm\u00fc.\" \/>\n<meta property=\"og:url\" content=\"https:\/\/dolphinfix.com.tr\/eticaret\/urun\/1141-dss-solventli-emprenye\/\" \/>\n<meta property=\"og:site_name\" content=\"Dolphinfix\" \/>\n<meta property=\"article:modified_time\" content=\"2026-03-31T13:07:44+00:00\" \/>\n<meta property=\"og:image\" content=\"https:\/\/dolphinfix.com.tr\/eticaret\/wp-content\/uploads\/2025\/04\/1141.png\" \/>\n\t<meta property=\"og:image:width\" content=\"1000\" \/>\n\t<meta property=\"og:image:height\" content=\"1000\" \/>\n\t<meta property=\"og:image:type\" content=\"image\/png\" \/>\n<meta name=\"twitter:card\" content=\"summary_large_image\" \/>\n<meta name=\"twitter:label1\" content=\"Tahmini okuma s\u00fcresi\" \/>\n\t<meta name=\"twitter:data1\" content=\"2 dakika\" \/>\n<script type=\"application\/ld+json\" class=\"yoast-schema-graph\">{\"@context\":\"https:\/\/schema.org\",\"@graph\":[{\"@type\":\"WebPage\",\"@id\":\"https:\/\/dolphinfix.com.tr\/eticaret\/urun\/1141-dss-solventli-emprenye\/\",\"url\":\"https:\/\/dolphinfix.com.tr\/eticaret\/urun\/1141-dss-solventli-emprenye\/\",\"name\":\"1141 DSS D-S\u0130L Solvent Bazl\u0131 Su \u0130tici Emprenye | Derinlemesine Koruma\",\"isPartOf\":{\"@id\":\"https:\/\/dolphinfix.com.tr\/eticaret\/#website\"},\"datePublished\":\"2025-04-06T22:10:47+00:00\",\"dateModified\":\"2026-03-31T13:07:44+00:00\",\"description\":\"1141 DSS D-S\u0130L solvent bazl\u0131 su itici emprenye; beton, ta\u015f ve mineral y\u00fczeylerde derin n\u00fcfuz ederek suya kar\u015f\u0131 g\u00fc\u00e7l\u00fc koruma sa\u011flar. D\u0131\u015f cephelerde uzun \u00f6m\u00fcrl\u00fc, \u015feffaf ve nefes alabilen y\u00fczey koruma \u00e7\u00f6z\u00fcm\u00fc.\",\"breadcrumb\":{\"@id\":\"https:\/\/dolphinfix.com.tr\/eticaret\/urun\/1141-dss-solventli-emprenye\/#breadcrumb\"},\"inLanguage\":\"tr\",\"potentialAction\":[{\"@type\":\"ReadAction\",\"target\":[\"https:\/\/dolphinfix.com.tr\/eticaret\/urun\/1141-dss-solventli-emprenye\/\"]}]},{\"@type\":\"BreadcrumbList\",\"@id\":\"https:\/\/dolphinfix.com.tr\/eticaret\/urun\/1141-dss-solventli-emprenye\/#breadcrumb\",\"itemListElement\":[{\"@type\":\"ListItem\",\"position\":1,\"name\":\"Home\",\"item\":\"https:\/\/dolphinfix.com.tr\/eticaret\/\"},{\"@type\":\"ListItem\",\"position\":2,\"name\":\"Market\",\"item\":\"https:\/\/dolphinfix.com.tr\/eticaret\/market\/\"},{\"@type\":\"ListItem\",\"position\":3,\"name\":\"1141 DSS D-S\u0130L SU \u0130T\u0130C\u0130 SOLVENTL\u0130 EMPRENYE MALZEMES\u0130\"}]},{\"@type\":\"WebSite\",\"@id\":\"https:\/\/dolphinfix.com.tr\/eticaret\/#website\",\"url\":\"https:\/\/dolphinfix.com.tr\/eticaret\/\",\"name\":\"Dolphinfix\",\"description\":\"\",\"potentialAction\":[{\"@type\":\"SearchAction\",\"target\":{\"@type\":\"EntryPoint\",\"urlTemplate\":\"https:\/\/dolphinfix.com.tr\/eticaret\/?s={search_term_string}\"},\"query-input\":\"required name=search_term_string\"}],\"inLanguage\":\"tr\"}]}<\/script>\n<!-- \/ Yoast SEO Premium plugin. -->","yoast_head_json":{"title":"1141 DSS D-S\u0130L Solvent Bazl\u0131 Su \u0130tici Emprenye | Derinlemesine Koruma","description":"1141 DSS D-S\u0130L solvent bazl\u0131 su itici emprenye; beton, ta\u015f ve mineral y\u00fczeylerde derin n\u00fcfuz ederek suya kar\u015f\u0131 g\u00fc\u00e7l\u00fc koruma sa\u011flar. D\u0131\u015f cephelerde uzun \u00f6m\u00fcrl\u00fc, \u015feffaf ve nefes alabilen y\u00fczey koruma \u00e7\u00f6z\u00fcm\u00fc.","robots":{"index":"index","follow":"follow","max-snippet":"max-snippet:-1","max-image-preview":"max-image-preview:large","max-video-preview":"max-video-preview:-1"},"canonical":"https:\/\/dolphinfix.com.tr\/eticaret\/urun\/1141-dss-solventli-emprenye\/","og_locale":"tr_TR","og_type":"article","og_title":"1141 DSS D-S\u0130L SU \u0130T\u0130C\u0130 SOLVENTL\u0130 EMPRENYE MALZEMES\u0130","og_description":"1141 DSS D-S\u0130L solvent bazl\u0131 su itici emprenye; beton, ta\u015f ve mineral y\u00fczeylerde derin n\u00fcfuz ederek suya kar\u015f\u0131 g\u00fc\u00e7l\u00fc koruma sa\u011flar. D\u0131\u015f cephelerde uzun \u00f6m\u00fcrl\u00fc, \u015feffaf ve nefes alabilen y\u00fczey koruma \u00e7\u00f6z\u00fcm\u00fc.","og_url":"https:\/\/dolphinfix.com.tr\/eticaret\/urun\/1141-dss-solventli-emprenye\/","og_site_name":"Dolphinfix","article_modified_time":"2026-03-31T13:07:44+00:00","og_image":[{"width":1000,"height":1000,"url":"https:\/\/dolphinfix.com.tr\/eticaret\/wp-content\/uploads\/2025\/04\/1141.png","type":"image\/png"}],"twitter_card":"summary_large_image","twitter_misc":{"Tahmini okuma s\u00fcresi":"2 dakika"},"schema":{"@context":"https:\/\/schema.org","@graph":[{"@type":"WebPage","@id":"https:\/\/dolphinfix.com.tr\/eticaret\/urun\/1141-dss-solventli-emprenye\/","url":"https:\/\/dolphinfix.com.tr\/eticaret\/urun\/1141-dss-solventli-emprenye\/","name":"1141 DSS D-S\u0130L Solvent Bazl\u0131 Su \u0130tici Emprenye | Derinlemesine Koruma","isPartOf":{"@id":"https:\/\/dolphinfix.com.tr\/eticaret\/#website"},"datePublished":"2025-04-06T22:10:47+00:00","dateModified":"2026-03-31T13:07:44+00:00","description":"1141 DSS D-S\u0130L solvent bazl\u0131 su itici emprenye; beton, ta\u015f ve mineral y\u00fczeylerde derin n\u00fcfuz ederek suya kar\u015f\u0131 g\u00fc\u00e7l\u00fc koruma sa\u011flar. D\u0131\u015f cephelerde uzun \u00f6m\u00fcrl\u00fc, \u015feffaf ve nefes alabilen y\u00fczey koruma \u00e7\u00f6z\u00fcm\u00fc.","breadcrumb":{"@id":"https:\/\/dolphinfix.com.tr\/eticaret\/urun\/1141-dss-solventli-emprenye\/#breadcrumb"},"inLanguage":"tr","potentialAction":[{"@type":"ReadAction","target":["https:\/\/dolphinfix.com.tr\/eticaret\/urun\/1141-dss-solventli-emprenye\/"]}]},{"@type":"BreadcrumbList","@id":"https:\/\/dolphinfix.com.tr\/eticaret\/urun\/1141-dss-solventli-emprenye\/#breadcrumb","itemListElement":[{"@type":"ListItem","position":1,"name":"Home","item":"https:\/\/dolphinfix.com.tr\/eticaret\/"},{"@type":"ListItem","position":2,"name":"Market","item":"https:\/\/dolphinfix.com.tr\/eticaret\/market\/"},{"@type":"ListItem","position":3,"name":"1141 DSS D-S\u0130L SU \u0130T\u0130C\u0130 SOLVENTL\u0130 EMPRENYE MALZEMES\u0130"}]},{"@type":"WebSite","@id":"https:\/\/dolphinfix.com.tr\/eticaret\/#website","url":"https:\/\/dolphinfix.com.tr\/eticaret\/","name":"Dolphinfix","description":"","potentialAction":[{"@type":"SearchAction","target":{"@type":"EntryPoint","urlTemplate":"https:\/\/dolphinfix.com.tr\/eticaret\/?s={search_term_string}"},"query-input":"required name=search_term_string"}],"inLanguage":"tr"}]}},"_links":{"self":[{"href":"https:\/\/dolphinfix.com.tr\/eticaret\/wp-json\/wp\/v2\/product\/18705","targetHints":{"allow":["GET"]}}],"collection":[{"href":"https:\/\/dolphinfix.com.tr\/eticaret\/wp-json\/wp\/v2\/product"}],"about":[{"href":"https:\/\/dolphinfix.com.tr\/eticaret\/wp-json\/wp\/v2\/types\/product"}],"replies":[{"embeddable":true,"href":"https:\/\/dolphinfix.com.tr\/eticaret\/wp-json\/wp\/v2\/comments?post=18705"}],"version-history":[{"count":7,"href":"https:\/\/dolphinfix.com.tr\/eticaret\/wp-json\/wp\/v2\/product\/18705\/revisions"}],"predecessor-version":[{"id":20309,"href":"https:\/\/dolphinfix.com.tr\/eticaret\/wp-json\/wp\/v2\/product\/18705\/revisions\/20309"}],"wp:featuredmedia":[{"embeddable":true,"href":"https:\/\/dolphinfix.com.tr\/eticaret\/wp-json\/wp\/v2\/media\/18709"}],"wp:attachment":[{"href":"https:\/\/dolphinfix.com.tr\/eticaret\/wp-json\/wp\/v2\/media?parent=18705"}],"wp:term":[{"taxonomy":"product_cat","embeddable":true,"href":"https:\/\/dolphinfix.com.tr\/eticaret\/wp-json\/wp\/v2\/product_cat?post=18705"},{"taxonomy":"product_tag","embeddable":true,"href":"https:\/\/dolphinfix.com.tr\/eticaret\/wp-json\/wp\/v2\/product_tag?post=18705"}],"curies":[{"name":"wp","href":"https:\/\/api.w.org\/{rel}","templated":true}]}}