{"id":19630,"date":"2026-01-22T13:22:48","date_gmt":"2026-01-22T10:22:48","guid":{"rendered":"https:\/\/dolphinfix.com.tr\/eticaret\/?post_type=product&#038;p=19630"},"modified":"2026-03-12T10:09:55","modified_gmt":"2026-03-12T07:09:55","slug":"solventsiz-epoksi-astar","status":"publish","type":"product","link":"https:\/\/dolphinfix.com.tr\/eticaret\/urun\/solventsiz-epoksi-astar\/","title":{"rendered":"760 EPK ASTAR &#8211; DOLPH\u0130N EPOKS\u0130 SOLVENTS\u0130Z ASTAR TAKIM"},"content":{"rendered":"<p data-pm-slice=\"0 0 []\"><span style=\"color: #ff0000;\"><strong>** PALET F\u0130YATLARI \u0130\u00c7\u0130N \u0130LET\u0130\u015e\u0130ME GE\u00c7\u0130N\u0130Z.**<\/strong><\/span><\/p>\n<h3><span style=\"color: #c61016;\">\u00dcR\u00dcN B\u0130LG\u0130LER\u0130 ;<\/span><\/h3>\n<p><span style=\"color: #000000;\"><strong>TANIMI: <\/strong>760-ASTAR, Iki bilesenli, solventsiz ve saydam epoksi astar; atmosferik ortamlarda beton zemin ve duvarlara y\u00fcksek yap\u0131sma saglayarak zemin kaplamalar\u0131nda kullan\u0131l\u0131r.<\/span><\/p>\n<p><span style=\"color: #000000;\"><strong>KULLANIM ALANLARI<\/strong><\/span><br \/>\n<span style=\"color: #000000;\">\u2022Ag\u0131r trafik alanlar\u0131 ; rampalar, otoparklar, park yerleri,yaya ge\u00e7itleri.<\/span><br \/>\n<span style=\"color: #000000;\">\u2022End\u00fcstriyel zeminler ; fabrikalar, depolar, hangarlar.<\/span><br \/>\n<span style=\"color: #000000;\">\u2022Soguk hava depolar\u0131 ; d\u00fcs\u00fck s\u0131cakl\u0131k dayan\u0131m\u0131 gerektiren alanlar.<\/span><br \/>\n<span style=\"color: #000000;\">\u2022Sagl\u0131k tesisleri ; hastaneler, laboratuvarlar, hijyenik ortamlar.<\/span><br \/>\n<span style=\"color: #000000;\">\u2022G\u0131da \u00fcretim alanlar\u0131 ; mutfaklar, mand\u0131ralar, yiyecek-i\u00e7ecek fabrikalar\u0131.<\/span><br \/>\n<span style=\"color: #000000;\">\u2022\u00c7at\u0131 g\u00fcverteleri ; atmosferik dayan\u0131m gerektiren zeminler.<\/span><\/p>\n<p><span style=\"color: #000000;\"><strong>\u00dcR\u00dcN \u00d6ZELL\u0130KLER\u0130<\/strong><\/span><br \/>\n<span style=\"color: #000000;\">\u2022Iki bilesenli solventsiz epoksi astar.<\/span><br \/>\n<span style=\"color: #000000;\">\u2022Saydam g\u00f6r\u00fcn\u00fcm, estetik ve dekoratif uygulamalara uygun.<\/span><br \/>\n<span style=\"color: #000000;\">\u2022Y\u00fcksek yap\u0131sma g\u00fcc\u00fc \u2013 atmosferik ortamlarda \u00e7ogu beton y\u00fczeye kuvvetli tutunur.<\/span><br \/>\n<span style=\"color: #000000;\">\u2022\u00d6zel tasar\u0131m \u2013 d\u00fczg\u00fcn haz\u0131rlanm\u0131s beton zemin ve duvarlarda y\u00fcksek yap\u0131 kaplamalar\u0131 i\u00e7in uygundur.<\/span><\/p>\n<p><span style=\"color: #000000;\"><strong>TEKN\u0130K \u00d6ZELL\u0130KLER<\/strong><\/span><br \/>\n<span style=\"color: #000000;\">\u2022Tam k\u00fcrlenme: 7 g\u00fcn 25\u00b0C<\/span><br \/>\n<span style=\"color: #000000;\">\u2022\u00dczerine kat atma s\u00fcresi: 12\u201324 saat 25\u00b0C<\/span><br \/>\n<span style=\"color: #000000;\">\u2022Yogunluk (kar\u0131s\u0131k): 1,43 \u00b1 0,05 g\/cm\u00b3 28\u00b0C<\/span><br \/>\n<span style=\"color: #000000;\">\u2022Renk: Saydam<\/span><br \/>\n<span style=\"color: #000000;\">\u2022Parlama noktas\u0131: 100\u00b0C<\/span><br \/>\n<span style=\"color: #000000;\">\u2022Sertlik: Shore D &gt; 78 (ASTM D2240)<\/span><br \/>\n<span style=\"color: #000000;\">\u2022Bas\u0131n\u00e7 dayan\u0131m\u0131: &gt;124 N\/mm\u00b2 (ASTM D695)<\/span><br \/>\n<span style=\"color: #000000;\">\u2022Sertlik: Shore D &gt; 78 (ASTM D2240)<\/span><\/p>\n<p><span style=\"color: #000000;\"><strong>UYGULAMA B\u0130LG\u0130S\u0130<\/strong><\/span><br \/>\n<span style=\"color: #000000;\"><strong>Y\u00dcZEY HAZIRLI\u011eI : <\/strong>D\u00f6seme malzemelerinin kayganl\u0131g\u0131, kurulum s\u00fcreci, bak\u0131m, as\u0131nma, kullan\u0131m s\u00fcresi ve y\u00fczeydeki kirleticilerden etkilenebilir. Islak veya kirli y\u00fczeylerde kayma riskini azaltmak i\u00e7in dokulu veya kaymaz zemin sistemlerinin kullan\u0131lmas\u0131 \u00f6nerilir. Son kat kaplama, beton y\u00fczey profiline uygun olmal\u0131 ve y\u00fczeydeki p\u00fcr\u00fczl\u00fcl\u00fckleri gidermek i\u00e7in uygun bir tesviye bilesigi uygulanmas\u0131 tavsiye edilir.<\/span><\/p>\n<p><span style=\"color: #000000;\"><strong>UYGULAMA<\/strong><\/span><br \/>\n<span style=\"color: #000000;\">Epoksi kaplama, A ve B bilesenleri kar\u0131st\u0131r\u0131l\u0131r. Uygulama genellikle 2 kat seklindedir. Katlar aras\u0131nda 12\u201324 saat bekleyerek yeniden kaplama yap\u0131labilir.<\/span><\/p>\n<p><span style=\"color: #000000;\"><strong>UYARILAR<\/strong><\/span><br \/>\n<span style=\"color: #000000;\">Bu \u00fcr\u00fcn sadece kuru ve iyi havaland\u0131r\u0131lm\u0131s alanlarda kullan\u0131lmal\u0131d\u0131r. Cilt ve g\u00f6z ile temas\u0131ndan ka\u00e7\u0131n\u0131lmal\u0131, temas halinde bol su ile y\u0131kanmal\u0131d\u0131r. Uygulama s\u0131ras\u0131nda eldiven, g\u00f6zl\u00fck ve maske kullan\u0131lmal\u0131, \u00e7ocuklar\u0131n ve evcil hayvanlar\u0131n ulasamayacag\u0131 yerlerde saklanmal\u0131d\u0131r. Katlar aras\u0131nda \u00f6nerilen bekleme s\u00fcresine uyulmal\u0131 ve \u0131slak veya kirli y\u00fczeylerde kayma riskine kars\u0131 dokulu veya kaymaz zemin sistemleri tercih edilmelidir.<\/span><\/p>\n<p><span style=\"color: #000000;\"><strong>AMBALAJ<\/strong><\/span><br \/>\n<span style=\"color: #000000;\">13+5 kg olmak \u00fczere \u00e7ift kompenantl\u0131. kova<\/span><\/p>\n<p><span style=\"color: #000000;\"><strong>SARF\u0130YAT : <\/strong>300 &#8211; 500 gr.\/m2 \/kat<\/span><\/p>\n<p><span style=\"color: #000000;\"><strong>RAF \u00d6MR\u00dc<\/strong><\/span><br \/>\n<span style=\"color: #000000;\">12 ay uygun sekilde saklanmal\u0131d\u0131r.<\/span><\/p>\n<p><span style=\"color: #000000;\"><strong>DEPOLAMA SARTLARI<\/strong><\/span><br \/>\n<span style=\"color: #000000;\">Dogrudan g\u00fcnes \u0131s\u0131g\u0131ndan uzak ve nemsiz ortamda 30\u00b0C<\/span><\/p>\n<p>&nbsp;<\/p>\n","protected":false},"excerpt":{"rendered":"<p><span style=\"color: #000000;\"><a style=\"color: #000000;\" href=\"https:\/\/dolphinfix.com.tr\/eticaret\/wp-content\/uploads\/2026\/03\/760-EPOKSI-ASTAR.pdf\" target=\"_blank\" rel=\"noopener\">TDS Belgesini \u0130ndirmek \u0130\u00e7in T\u0131klay\u0131n\u0131z<br \/>\n<\/a><\/span><span style=\"color: #000000;\"><a style=\"color: #000000;\" href=\"#\" target=\"_blank\" rel=\"noopener\">CE Belgesini \u0130ndirmek \u0130\u00e7in T\u0131klay\u0131n\u0131z<\/a><\/span><\/p>\n","protected":false},"featured_media":19632,"comment_status":"open","ping_status":"closed","template":"","meta":{"_joinchat":[]},"product_cat":[1269,83],"product_tag":[1236,1248,1240,1241,1235,1243,1239,1245,1247,1244,1237,1246,1238,1242],"class_list":{"0":"post-19630","1":"product","2":"type-product","3":"status-publish","4":"has-post-thumbnail","6":"product_cat-epoksi-esasli-su-yalitim-cozumleri","7":"product_cat-su-yalitim-cozumleri","8":"product_tag-760-astar","9":"product_tag-cati-guvertesi-epoksi","10":"product_tag-cift-bilesenli-epoksi","11":"product_tag-endustriyel-zemin-astari","12":"product_tag-epoksi-astar","13":"product_tag-epoksi-kaplama-oncesi-astar","14":"product_tag-epoksi-zemin-astari","15":"product_tag-fabrika-zemin-astari","16":"product_tag-gida-alani-zemin-astari","17":"product_tag-otopark-epoksi-astari","18":"product_tag-saydam-epoksi","19":"product_tag-soguk-hava-deposu-epoksi","20":"product_tag-solventsiz-epoksi","21":"product_tag-yuksek-yapisma-astari","23":"first","24":"instock","25":"taxable","26":"shipping-taxable","27":"purchasable","28":"product-type-variable"},"yoast_head":"<!-- This site is optimized with the Yoast SEO Premium plugin v20.2.1 (Yoast SEO v20.2.1) - https:\/\/yoast.com\/wordpress\/plugins\/seo\/ -->\n<title>760-EPK ASTAR Solventsiz Epoksi Astar | Y\u00fcksek Yap\u0131\u015fma G\u00fcc\u00fc<\/title>\n<meta name=\"description\" content=\"760-EPK ASTAR iki bile\u015fenli, solventsiz ve saydam epoksi astar. Beton zemin ve duvarlarda y\u00fcksek yap\u0131\u015fma sa\u011flar, end\u00fcstriyel zemin kaplamalar\u0131 i\u00e7in idealdir.\" \/>\n<meta name=\"robots\" content=\"index, follow, max-snippet:-1, max-image-preview:large, max-video-preview:-1\" \/>\n<link rel=\"canonical\" href=\"https:\/\/dolphinfix.com.tr\/eticaret\/urun\/solventsiz-epoksi-astar\/\" \/>\n<meta property=\"og:locale\" content=\"tr_TR\" \/>\n<meta property=\"og:type\" content=\"article\" \/>\n<meta property=\"og:title\" content=\"760 EPK ASTAR - DOLPH\u0130N EPOKS\u0130 SOLVENTS\u0130Z ASTAR TAKIM\" \/>\n<meta property=\"og:description\" content=\"760-EPK ASTAR iki bile\u015fenli, solventsiz ve saydam epoksi astar. Beton zemin ve duvarlarda y\u00fcksek yap\u0131\u015fma sa\u011flar, end\u00fcstriyel zemin kaplamalar\u0131 i\u00e7in idealdir.\" \/>\n<meta property=\"og:url\" content=\"https:\/\/dolphinfix.com.tr\/eticaret\/urun\/solventsiz-epoksi-astar\/\" \/>\n<meta property=\"og:site_name\" content=\"Dolphinfix\" \/>\n<meta property=\"article:modified_time\" content=\"2026-03-12T07:09:55+00:00\" \/>\n<meta property=\"og:image\" content=\"https:\/\/dolphinfix.com.tr\/eticaret\/wp-content\/uploads\/2026\/01\/760-ASTAR-A-KOMP.-TENEKE-SEFFFAF-PNG-1000X1000.png\" \/>\n\t<meta property=\"og:image:width\" content=\"1000\" \/>\n\t<meta property=\"og:image:height\" content=\"1000\" \/>\n\t<meta property=\"og:image:type\" content=\"image\/png\" \/>\n<meta name=\"twitter:card\" content=\"summary_large_image\" \/>\n<meta name=\"twitter:label1\" content=\"Tahmini okuma s\u00fcresi\" \/>\n\t<meta name=\"twitter:data1\" content=\"2 dakika\" \/>\n<script type=\"application\/ld+json\" class=\"yoast-schema-graph\">{\"@context\":\"https:\/\/schema.org\",\"@graph\":[{\"@type\":\"WebPage\",\"@id\":\"https:\/\/dolphinfix.com.tr\/eticaret\/urun\/solventsiz-epoksi-astar\/\",\"url\":\"https:\/\/dolphinfix.com.tr\/eticaret\/urun\/solventsiz-epoksi-astar\/\",\"name\":\"760-EPK ASTAR Solventsiz Epoksi Astar | Y\u00fcksek Yap\u0131\u015fma G\u00fcc\u00fc\",\"isPartOf\":{\"@id\":\"https:\/\/dolphinfix.com.tr\/eticaret\/#website\"},\"datePublished\":\"2026-01-22T10:22:48+00:00\",\"dateModified\":\"2026-03-12T07:09:55+00:00\",\"description\":\"760-EPK ASTAR iki bile\u015fenli, solventsiz ve saydam epoksi astar. Beton zemin ve duvarlarda y\u00fcksek yap\u0131\u015fma sa\u011flar, end\u00fcstriyel zemin kaplamalar\u0131 i\u00e7in idealdir.\",\"breadcrumb\":{\"@id\":\"https:\/\/dolphinfix.com.tr\/eticaret\/urun\/solventsiz-epoksi-astar\/#breadcrumb\"},\"inLanguage\":\"tr\",\"potentialAction\":[{\"@type\":\"ReadAction\",\"target\":[\"https:\/\/dolphinfix.com.tr\/eticaret\/urun\/solventsiz-epoksi-astar\/\"]}]},{\"@type\":\"BreadcrumbList\",\"@id\":\"https:\/\/dolphinfix.com.tr\/eticaret\/urun\/solventsiz-epoksi-astar\/#breadcrumb\",\"itemListElement\":[{\"@type\":\"ListItem\",\"position\":1,\"name\":\"Home\",\"item\":\"https:\/\/dolphinfix.com.tr\/eticaret\/\"},{\"@type\":\"ListItem\",\"position\":2,\"name\":\"Market\",\"item\":\"https:\/\/dolphinfix.com.tr\/eticaret\/market\/\"},{\"@type\":\"ListItem\",\"position\":3,\"name\":\"760 EPK ASTAR &#8211; DOLPH\u0130N EPOKS\u0130 SOLVENTS\u0130Z ASTAR TAKIM\"}]},{\"@type\":\"WebSite\",\"@id\":\"https:\/\/dolphinfix.com.tr\/eticaret\/#website\",\"url\":\"https:\/\/dolphinfix.com.tr\/eticaret\/\",\"name\":\"Dolphinfix\",\"description\":\"\",\"potentialAction\":[{\"@type\":\"SearchAction\",\"target\":{\"@type\":\"EntryPoint\",\"urlTemplate\":\"https:\/\/dolphinfix.com.tr\/eticaret\/?s={search_term_string}\"},\"query-input\":\"required name=search_term_string\"}],\"inLanguage\":\"tr\"}]}<\/script>\n<!-- \/ Yoast SEO Premium plugin. -->","yoast_head_json":{"title":"760-EPK ASTAR Solventsiz Epoksi Astar | Y\u00fcksek Yap\u0131\u015fma G\u00fcc\u00fc","description":"760-EPK ASTAR iki bile\u015fenli, solventsiz ve saydam epoksi astar. Beton zemin ve duvarlarda y\u00fcksek yap\u0131\u015fma sa\u011flar, end\u00fcstriyel zemin kaplamalar\u0131 i\u00e7in idealdir.","robots":{"index":"index","follow":"follow","max-snippet":"max-snippet:-1","max-image-preview":"max-image-preview:large","max-video-preview":"max-video-preview:-1"},"canonical":"https:\/\/dolphinfix.com.tr\/eticaret\/urun\/solventsiz-epoksi-astar\/","og_locale":"tr_TR","og_type":"article","og_title":"760 EPK ASTAR - DOLPH\u0130N EPOKS\u0130 SOLVENTS\u0130Z ASTAR TAKIM","og_description":"760-EPK ASTAR iki bile\u015fenli, solventsiz ve saydam epoksi astar. Beton zemin ve duvarlarda y\u00fcksek yap\u0131\u015fma sa\u011flar, end\u00fcstriyel zemin kaplamalar\u0131 i\u00e7in idealdir.","og_url":"https:\/\/dolphinfix.com.tr\/eticaret\/urun\/solventsiz-epoksi-astar\/","og_site_name":"Dolphinfix","article_modified_time":"2026-03-12T07:09:55+00:00","og_image":[{"width":1000,"height":1000,"url":"https:\/\/dolphinfix.com.tr\/eticaret\/wp-content\/uploads\/2026\/01\/760-ASTAR-A-KOMP.-TENEKE-SEFFFAF-PNG-1000X1000.png","type":"image\/png"}],"twitter_card":"summary_large_image","twitter_misc":{"Tahmini okuma s\u00fcresi":"2 dakika"},"schema":{"@context":"https:\/\/schema.org","@graph":[{"@type":"WebPage","@id":"https:\/\/dolphinfix.com.tr\/eticaret\/urun\/solventsiz-epoksi-astar\/","url":"https:\/\/dolphinfix.com.tr\/eticaret\/urun\/solventsiz-epoksi-astar\/","name":"760-EPK ASTAR Solventsiz Epoksi Astar | Y\u00fcksek Yap\u0131\u015fma G\u00fcc\u00fc","isPartOf":{"@id":"https:\/\/dolphinfix.com.tr\/eticaret\/#website"},"datePublished":"2026-01-22T10:22:48+00:00","dateModified":"2026-03-12T07:09:55+00:00","description":"760-EPK ASTAR iki bile\u015fenli, solventsiz ve saydam epoksi astar. Beton zemin ve duvarlarda y\u00fcksek yap\u0131\u015fma sa\u011flar, end\u00fcstriyel zemin kaplamalar\u0131 i\u00e7in idealdir.","breadcrumb":{"@id":"https:\/\/dolphinfix.com.tr\/eticaret\/urun\/solventsiz-epoksi-astar\/#breadcrumb"},"inLanguage":"tr","potentialAction":[{"@type":"ReadAction","target":["https:\/\/dolphinfix.com.tr\/eticaret\/urun\/solventsiz-epoksi-astar\/"]}]},{"@type":"BreadcrumbList","@id":"https:\/\/dolphinfix.com.tr\/eticaret\/urun\/solventsiz-epoksi-astar\/#breadcrumb","itemListElement":[{"@type":"ListItem","position":1,"name":"Home","item":"https:\/\/dolphinfix.com.tr\/eticaret\/"},{"@type":"ListItem","position":2,"name":"Market","item":"https:\/\/dolphinfix.com.tr\/eticaret\/market\/"},{"@type":"ListItem","position":3,"name":"760 EPK ASTAR &#8211; DOLPH\u0130N EPOKS\u0130 SOLVENTS\u0130Z ASTAR TAKIM"}]},{"@type":"WebSite","@id":"https:\/\/dolphinfix.com.tr\/eticaret\/#website","url":"https:\/\/dolphinfix.com.tr\/eticaret\/","name":"Dolphinfix","description":"","potentialAction":[{"@type":"SearchAction","target":{"@type":"EntryPoint","urlTemplate":"https:\/\/dolphinfix.com.tr\/eticaret\/?s={search_term_string}"},"query-input":"required name=search_term_string"}],"inLanguage":"tr"}]}},"_links":{"self":[{"href":"https:\/\/dolphinfix.com.tr\/eticaret\/wp-json\/wp\/v2\/product\/19630","targetHints":{"allow":["GET"]}}],"collection":[{"href":"https:\/\/dolphinfix.com.tr\/eticaret\/wp-json\/wp\/v2\/product"}],"about":[{"href":"https:\/\/dolphinfix.com.tr\/eticaret\/wp-json\/wp\/v2\/types\/product"}],"replies":[{"embeddable":true,"href":"https:\/\/dolphinfix.com.tr\/eticaret\/wp-json\/wp\/v2\/comments?post=19630"}],"version-history":[{"count":6,"href":"https:\/\/dolphinfix.com.tr\/eticaret\/wp-json\/wp\/v2\/product\/19630\/revisions"}],"predecessor-version":[{"id":20076,"href":"https:\/\/dolphinfix.com.tr\/eticaret\/wp-json\/wp\/v2\/product\/19630\/revisions\/20076"}],"wp:featuredmedia":[{"embeddable":true,"href":"https:\/\/dolphinfix.com.tr\/eticaret\/wp-json\/wp\/v2\/media\/19632"}],"wp:attachment":[{"href":"https:\/\/dolphinfix.com.tr\/eticaret\/wp-json\/wp\/v2\/media?parent=19630"}],"wp:term":[{"taxonomy":"product_cat","embeddable":true,"href":"https:\/\/dolphinfix.com.tr\/eticaret\/wp-json\/wp\/v2\/product_cat?post=19630"},{"taxonomy":"product_tag","embeddable":true,"href":"https:\/\/dolphinfix.com.tr\/eticaret\/wp-json\/wp\/v2\/product_tag?post=19630"}],"curies":[{"name":"wp","href":"https:\/\/api.w.org\/{rel}","templated":true}]}}