{"id":20031,"date":"2026-02-28T07:22:04","date_gmt":"2026-02-28T04:22:04","guid":{"rendered":"https:\/\/dolphinfix.com.tr\/eticaret\/?post_type=product&#038;p=20031"},"modified":"2026-03-05T14:11:38","modified_gmt":"2026-03-05T11:11:38","slug":"floor-self-50","status":"publish","type":"product","link":"https:\/\/dolphinfix.com.tr\/eticaret\/urun\/floor-self-50\/","title":{"rendered":"995 S50 &#8211; FLOOR &#8211; SELF 50 \u00c7\u0130MENTO ESASLI TESV\u0130YE \u015eAPI (1-7 mm)"},"content":{"rendered":"<p><span style=\"color: #ff0000;\"><strong>** PALET F\u0130YATLARI \u0130\u00c7\u0130N \u0130LET\u0130\u015e\u0130ME GE\u00c7\u0130N\u0130Z.**<\/strong><\/span><\/p>\n<h3><span style=\"color: #c61016;\">\u00dcR\u00dcN B\u0130LG\u0130LER\u0130 ;<\/span><\/h3>\n<p><span style=\"color: #000000;\"><strong>TANIMI : <\/strong>995 S50 &#8211; FLOOR &#8211; SELF 50, \u00c7imento esasl\u0131, ince uygulamalar i\u00e7in gelistirilmis, y\u00fcksek ak\u0131c\u0131l\u0131ga sahip, kendiliginden teraziye gelen \u00f6zel tesviye sap\u0131d\u0131rLOOR &#8211; SELF 50, \u00c7imento esasl\u0131, ince uygulamala i\u00e7in gelistirilmis, y\u00fcksek ak\u0131c\u0131l\u0131ga sahip, kendiliginden teraziye gelen \u00f6zel tesviye sap\u0131d\u0131r.<\/span><\/p>\n<p><span style=\"color: #000000;\"><strong>KULLANIM ALANLARI<\/strong>:<\/span><br \/>\n<span style=\"color: #000000;\">\u2022Her t\u00fcrl\u00fc kapal\u0131 alanlarda y\u00fczey d\u00fczeltme ve teraziye getirmekte kullan\u0131l\u0131r.<\/span><br \/>\n<span style=\"color: #000000;\">\u2022\u00dczerine hal\u0131, PVC, Linolium kaplan\u0131r.<\/span><br \/>\n<span style=\"color: #000000;\">\u2022Tek bas\u0131na zemin kaplamas\u0131 olarakta kullan\u0131labilir.<\/span><\/p>\n<p><span style=\"color: #000000;\"><strong>\u00dcR\u00dcN \u00d6ZELL\u0130KLER\u0130<\/strong><\/span><br \/>\n<span style=\"color: #000000;\">\u20228-12 saat aras\u0131nda \u00fczerinde y\u00fcr\u00fcn\u00fclecek hale gelir.<\/span><br \/>\n<span style=\"color: #000000;\">\u2022Ortam s\u0131cakl\u0131g\u0131na bagl\u0131 olarak 48 -60 saat sonra \u00fczerine kaplama yap\u0131labilir.<\/span><br \/>\n<span style=\"color: #000000;\">\u2022Y\u00fcksek yay\u0131lma ve yap\u0131sma \u00f6zelligine sahiptir.<\/span><br \/>\n<span style=\"color: #000000;\">\u2022\u00c7atlama yapmaz.<\/span><br \/>\n<span style=\"color: #000000;\">\u2022Kolay ve h\u0131zl\u0131 uygulan\u0131r.<\/span><br \/>\n<span style=\"color: #000000;\">\u2022Pompalanabilir.<\/span><\/p>\n<p><span style=\"color: #000000;\"><strong>TEKNIK \u00d6ZELLIKLER<\/strong><\/span><br \/>\n<span style=\"color: #000000;\">Egilme mukavemeti: B\u00fcy\u00fck e\u015fittir 4 N\/mm\u00b2<\/span><br \/>\n<span style=\"color: #000000;\">Bas\u0131n\u00e7 mukavemeti: B\u00fcy\u00fck e\u015fittir 20 N\/mm\u00b2<\/span><br \/>\n<span style=\"color: #000000;\">Betona aderans (SS 92 35 07):B\u00fcy\u00fck e\u015fittir 1 N\/mm\u00b2<\/span><br \/>\n<span style=\"color: #000000;\">Haz\u0131r malzeme kullan\u0131m s\u00fcresi: 15 \u2013 20 dakika<\/span><br \/>\n<span style=\"color: #000000;\">PH Degeri : Yaklas\u0131k 11<\/span><br \/>\n<span style=\"color: #000000;\">*Tipik degerler: +23\u00b0C\u2019de %50 bag\u0131l nem kosullar\u0131nda 4x4x16 cm har\u00e7 prizmas\u0131nda yap\u0131lan deneyler sonucunda elde edilmistir. Y\u00fcksek s\u0131cakl\u0131klar s\u00fcreleri k\u0131salt\u0131r, D\u00fcs\u00fck s\u0131cakl\u0131klar uzat\u0131r.<\/span><\/p>\n<p><span style=\"color: #000000;\"><strong>UYGULAMA Y\u00d6NTEMI<\/strong><\/span><br \/>\n<span style=\"color: #000000;\"><strong>Y\u00fczey Haz\u0131rl\u0131g\u0131 : <\/strong>Uygulama \u00f6ncesinde kaplanacak y\u00fczeyin sert ve saglam oldugu tespit edilmeli; y\u00fczey, yabanc\u0131 maddelerden, yumusak veya zay\u0131f katmanlardan ar\u0131nd\u0131r\u0131lmal\u0131d\u0131r.<\/span><br \/>\n<span style=\"color: #000000;\">T\u00fcm toz ve par\u00e7ac\u0131klar, y\u00fczeyden temizlenmelidir. \u00c7imento serbeti veya eski kaplamalar mekanik olarak s\u00f6k\u00fclmelidir. Yag veya gres lekeli betonu, p\u00fcrm\u00fczle yakarak ve\/veya \u00f6zel bir gres temizleyicisi uygulayarak temizlemek gerekebilir.<\/span><\/p>\n<p><span style=\"color: #000000;\"><strong>Astarlama<\/strong><\/span><br \/>\n<span style=\"color: #000000;\">E 720 EMC, haz\u0131rlanan y\u00fczey \u00fczerine yumusak bir f\u0131r\u00e7a veya astar pompas\u0131 ile uygulanmal\u0131, g\u00f6llenmeler engellenmeli ve kurumas\u0131na izin verilmelidir (normal kosullarda 2 \u2013 4 saat).<\/span><br \/>\n<span style=\"color: #000000;\">Uygulama yap\u0131lacak zeminin emiciligi y\u00fcksek ise, E 720 EMC,birinci kat i\u00e7in 1:5, ikinci kat i\u00e7in ise 1:3 oran\u0131nda temiz su ile inceltilerek uygulanmal\u0131d\u0131r. Saglam beton y\u00fczeylerde 1:3<\/span><br \/>\n<span style=\"color: #000000;\">oran\u0131nda inceltilmis tek kat yeterlidir.<\/span><\/p>\n<p><span style=\"color: #000000;\">Farkl\u0131 zeminler \u00fczerine uygulama s\u00f6z konusu ise inceltme oranlar\u0131 ve uygulama teknikleri i\u00e7in l\u00fctfen Dolphinfix\u2019e dan\u0131s\u0131n\u0131z. E 720 EMC, s\u0131cakl\u0131g\u0131 +10\u00b0C\u2019nin alt\u0131nda olan y\u00fczeylere<\/span><br \/>\n<span style=\"color: #000000;\">uygulanmamal\u0131d\u0131r. Y\u00fczey kuru olmal\u0131, bag\u0131l nem % 70\u2019in alt\u0131nda bulunmal\u0131d\u0131r. Kuruma s\u00fcresinin yeterli olmamas\u0131, d\u00fcs\u00fck s\u0131cakl\u0131k ve\/veya y\u00fcksek nem film olusumunu etkileyerek, y\u00fczeyi tam olarak kaplamas\u0131n\u0131 \u00f6nleyebilir.<\/span><\/p>\n<p><span style=\"color: #000000;\"><strong>Kar\u0131st\u0131rma<\/strong><\/span><br \/>\n<span style=\"color: #000000;\">Malzeme %26 oran\u0131nda (25 kg torbaya 6.50 litre) temiz su ile kar\u0131st\u0131r\u0131lmal\u0131d\u0131r. Kar\u0131st\u0131rma isleminde, matkap ucuna tak\u0131lm\u0131s pervane veya Dolphinfix taraf\u0131ndan onaylanacak bir pompa<\/span><br \/>\n<span style=\"color: #000000;\">kullan\u0131lmal\u0131d\u0131r. Pervane ile kar\u0131st\u0131rmada, kar\u0131st\u0131rma s\u00fcresi 2 dakikadan az olmamal\u0131d\u0131r.Kar\u0131st\u0131r\u0131lan malzeme 30 dakika 3 i\u00e7inde kullan\u0131lmal\u0131, malzeme s\u0131cakl\u0131g\u0131 +5\u00b0 C ile +20\u00b0 C<\/span><br \/>\n<span style=\"color: #000000;\">aras\u0131nda olmal\u0131d\u0131r. Kuru malzemenin kullan\u0131mdan \u00f6nce fazla sogumas\u0131 veya \u0131s\u0131nmas\u0131, kar\u0131s\u0131m\u0131n ak\u0131skanl\u0131k \u00f6zelliklerini etkileyebilir.<\/span><\/p>\n<p><span style=\"color: #000000;\"><strong>Uygulama<\/strong><\/span><br \/>\n<span style=\"color: #000000;\">Kar\u0131st\u0131r\u0131lan malzeme y\u00fczeye yay\u0131larak d\u00f6k\u00fcl\u00fcr. Malzemenin \u00fczerinden \u00e7elik spatula veya kirpi rulo ile ge\u00e7ilerek malzemenin i\u00e7indeki hava kabarc\u0131klar\u0131n\u0131n \u00e7\u0131k\u0131s\u0131 kolaylast\u0131r\u0131l\u0131r.<\/span><br \/>\n<span style=\"color: #000000;\">Yar\u0131 sertlesmis malzeme kolayl\u0131kla bi\u00e7imlendirilebilir veya kesilebilir, b\u00f6ylelikle istenen d\u00fczeltmeler yap\u0131labilir. Floor Serisi \u00fcr\u00fcnler, +10\u00b0C\u2019den soguk y\u00fczeylere uygulanmamal\u0131d\u0131r.<\/span><br \/>\n<span style=\"color: #000000;\">Zemin, uygulamay\u0131 izleyen 48 saat boyunca dona kars\u0131 korunmal\u0131d\u0131r. Ortam havas\u0131n\u0131n bag\u0131l nemi %70\u2019in alt\u0131nda olmal\u0131d\u0131r. Uygulama s\u0131ras\u0131nda ve sonras\u0131nda hafif havaland\u0131rma \u00f6nerilir, ancak nem gidericiler ilk iki g\u00fcn s\u00fcresince kullan\u0131lmamal\u0131d\u0131r. K\u00fcr membranlar\u0131n\u0131n kullan\u0131lmas\u0131 gerekmez. Floor \u2013 Self 50 uygulamas\u0131ndan sonra hareketi s\u00fcrebilecek yap\u0131 ve dilatasyon derzleri ile \u00e7atlaklar, yeni y\u00fczey \u00fczerine derz olarak aktar\u0131lmal\u0131d\u0131r.<\/span><\/p>\n<p><span style=\"color: #000000;\"><strong>DIKKAT EDILMESI GEREKEN HUSUSLAR<\/strong><\/span><br \/>\n<span style=\"color: #000000;\">\u2022+5\u00b0C\u2019nin alt\u0131nda ve +35\u00b0C\u2019nin \u00fczerindeki s\u0131cakl\u0131klarda uygulama yapmay\u0131n\u0131z.<\/span><br \/>\n<span style=\"color: #000000;\">\u2022D\u0131s y\u00fczey uygulamalar\u0131nda, donma riski olan alanlarda y\u00fczeyin ilk 24 saat g\u00fcnesten, r\u00fczg\u00e2rdan, yagmurdan veya dondan korunmas\u0131 gerekir.<\/span><br \/>\n<span style=\"color: #000000;\">\u2022\u00c7imento esasl\u0131 sistemlerin \u00e7al\u0131sma ve reaksiyon s\u00fcreleri, ortam ve zemin s\u0131cakl\u0131g\u0131ndan ve havadaki bag\u0131l nemden etkilenir. D\u00fcs\u00fck s\u0131cakl\u0131klarda hidratasyon yavaslar, bu da tava \u00f6mr\u00fcn\u00fc ve \u00e7al\u0131sma s\u00fcresini uzat\u0131r. Y\u00fcksek s\u0131cakl\u0131klar, hidratasyonu h\u0131zland\u0131r\u0131r ve yukar\u0131da belirtilen zamanlar buna bagl\u0131 olarak k\u0131sal\u0131r. Malzemenin prizini tamamlamas\u0131 i\u00e7in, ortam ve zemin s\u0131cakl\u0131g\u0131 izin verilen minimum s\u0131cakl\u0131g\u0131n alt\u0131na d\u00fcsmemelidir.<\/span><\/p>\n<p><span style=\"color: #000000;\"><strong>SARFIYAT<\/strong><\/span><br \/>\n<span style=\"color: #000000;\">Uygulama yap\u0131lacak y\u00fczeye bagl\u0131d\u0131r. Kuru malzeme\u00a0 t\u00fcketimi, 1 mm kal\u0131nl\u0131k i\u00e7in 1,5 kg\/m\u00b2\u2019dir.<\/span><\/p>\n<p><span style=\"color: #000000;\"><strong>AMBALAJ<\/strong><\/span><br \/>\n<span style=\"color: #000000;\">25 kg kraft torba<\/span><\/p>\n<p><span style=\"color: #000000;\"><strong>RAF \u00d6MR\u00dc<\/strong><\/span><br \/>\n<span style=\"color: #000000;\">Uygun depolama kosullar\u0131nda \u00fcretim tarihinden itibaren 6 ayd\u0131r.<\/span><\/p>\n<p><span style=\"color: #000000;\"><strong>DEPOLAMA SARTLARI<\/strong><\/span><br \/>\n<span style=\"color: #000000;\">A\u00e7\u0131lmam\u0131s orijinal ambalaj\u0131nda, serin ve kuru ortamda, dondan korunarak depolanmal\u0131d\u0131r. 8 torbadan fazla \u00fcst \u00fcste istiflenmemelidir.<\/span><\/p>\n","protected":false},"excerpt":{"rendered":"<p><span style=\"color: #000000;\"><a style=\"color: #000000;\" href=\"https:\/\/dolphinfix.com.tr\/eticaret\/wp-content\/uploads\/2026\/03\/995-S50-FLOOR-SELF-50-TESVIYE-SAPI-1-7-MM-TDS.pdf\" target=\"_blank\" rel=\"noopener\">TDS Belgesini \u0130ndirmek \u0130\u00e7in T\u0131klay\u0131n\u0131z<br \/>\n<\/a><\/span><span style=\"color: #000000;\"><a style=\"color: #000000;\" href=\"#\" target=\"_blank\" rel=\"noopener\">CE Belgesini \u0130ndirmek \u0130\u00e7in T\u0131klay\u0131n\u0131z<\/a><\/span><\/p>\n","protected":false},"featured_media":20047,"comment_status":"open","ping_status":"closed","template":"","meta":{"_joinchat":[]},"product_cat":[142,90],"product_tag":[1520,1517,1522,1521,1516,1524,1519,338,1518,1523],"class_list":{"0":"post-20031","1":"product","2":"type-product","3":"status-publish","4":"has-post-thumbnail","6":"product_cat-kendinden-yayilan-ozel-tesviye-sapi","7":"product_cat-zemin-cozumleri","8":"product_tag-akici-sap","9":"product_tag-cimento-esasli-sap","10":"product_tag-floor-self-50","11":"product_tag-ince-uygulama-sapi","12":"product_tag-kendiliginden-yayilan-sap","13":"product_tag-pompalanabilir-sap","14":"product_tag-self-leveling-sap","15":"product_tag-tesviye-sapi","16":"product_tag-zemin-duzeltme-sapi","17":"product_tag-zemin-tesviye-malzemesi","19":"first","20":"instock","21":"taxable","22":"shipping-taxable","23":"purchasable","24":"product-type-variable"},"yoast_head":"<!-- This site is optimized with the Yoast SEO Premium plugin v20.2.1 (Yoast SEO v20.2.1) - https:\/\/yoast.com\/wordpress\/plugins\/seo\/ -->\n<title>Floor Self 50 Kendili\u011finden Yay\u0131lan Tesviye \u015eap\u0131 25 kg<\/title>\n<meta name=\"description\" content=\"Floor Self 50 \u00e7imento esasl\u0131 kendili\u011finden yay\u0131lan tesviye \u015fap\u0131d\u0131r. Y\u00fcksek ak\u0131c\u0131l\u0131k, \u00e7atlama yapmayan yap\u0131 ve h\u0131zl\u0131 kuruma \u00f6zelli\u011fi ile zemin d\u00fczeltme uygulamalar\u0131nda ideal \u00e7\u00f6z\u00fcmd\u00fcr.\" \/>\n<meta name=\"robots\" content=\"index, follow, max-snippet:-1, max-image-preview:large, max-video-preview:-1\" \/>\n<link rel=\"canonical\" href=\"https:\/\/dolphinfix.com.tr\/eticaret\/urun\/floor-self-50\/\" \/>\n<meta property=\"og:locale\" content=\"tr_TR\" \/>\n<meta property=\"og:type\" content=\"article\" \/>\n<meta property=\"og:title\" content=\"995 S50 - FLOOR - SELF 50 \u00c7\u0130MENTO ESASLI TESV\u0130YE \u015eAPI (1-7 mm)\" \/>\n<meta property=\"og:description\" content=\"Floor Self 50 \u00e7imento esasl\u0131 kendili\u011finden yay\u0131lan tesviye \u015fap\u0131d\u0131r. Y\u00fcksek ak\u0131c\u0131l\u0131k, \u00e7atlama yapmayan yap\u0131 ve h\u0131zl\u0131 kuruma \u00f6zelli\u011fi ile zemin d\u00fczeltme uygulamalar\u0131nda ideal \u00e7\u00f6z\u00fcmd\u00fcr.\" \/>\n<meta property=\"og:url\" content=\"https:\/\/dolphinfix.com.tr\/eticaret\/urun\/floor-self-50\/\" \/>\n<meta property=\"og:site_name\" content=\"Dolphinfix\" \/>\n<meta property=\"article:modified_time\" content=\"2026-03-05T11:11:38+00:00\" \/>\n<meta property=\"og:image\" content=\"https:\/\/dolphinfix.com.tr\/eticaret\/wp-content\/uploads\/2026\/02\/FLOOR-SELF-50-TORBA-PNG-1000X1000-1.png\" \/>\n\t<meta property=\"og:image:width\" content=\"1000\" \/>\n\t<meta property=\"og:image:height\" content=\"1000\" \/>\n\t<meta property=\"og:image:type\" content=\"image\/png\" \/>\n<meta name=\"twitter:card\" content=\"summary_large_image\" \/>\n<meta name=\"twitter:label1\" content=\"Tahmini okuma s\u00fcresi\" \/>\n\t<meta name=\"twitter:data1\" content=\"4 dakika\" \/>\n<script type=\"application\/ld+json\" class=\"yoast-schema-graph\">{\"@context\":\"https:\/\/schema.org\",\"@graph\":[{\"@type\":\"WebPage\",\"@id\":\"https:\/\/dolphinfix.com.tr\/eticaret\/urun\/floor-self-50\/\",\"url\":\"https:\/\/dolphinfix.com.tr\/eticaret\/urun\/floor-self-50\/\",\"name\":\"Floor Self 50 Kendili\u011finden Yay\u0131lan Tesviye \u015eap\u0131 25 kg\",\"isPartOf\":{\"@id\":\"https:\/\/dolphinfix.com.tr\/eticaret\/#website\"},\"datePublished\":\"2026-02-28T04:22:04+00:00\",\"dateModified\":\"2026-03-05T11:11:38+00:00\",\"description\":\"Floor Self 50 \u00e7imento esasl\u0131 kendili\u011finden yay\u0131lan tesviye \u015fap\u0131d\u0131r. Y\u00fcksek ak\u0131c\u0131l\u0131k, \u00e7atlama yapmayan yap\u0131 ve h\u0131zl\u0131 kuruma \u00f6zelli\u011fi ile zemin d\u00fczeltme uygulamalar\u0131nda ideal \u00e7\u00f6z\u00fcmd\u00fcr.\",\"breadcrumb\":{\"@id\":\"https:\/\/dolphinfix.com.tr\/eticaret\/urun\/floor-self-50\/#breadcrumb\"},\"inLanguage\":\"tr\",\"potentialAction\":[{\"@type\":\"ReadAction\",\"target\":[\"https:\/\/dolphinfix.com.tr\/eticaret\/urun\/floor-self-50\/\"]}]},{\"@type\":\"BreadcrumbList\",\"@id\":\"https:\/\/dolphinfix.com.tr\/eticaret\/urun\/floor-self-50\/#breadcrumb\",\"itemListElement\":[{\"@type\":\"ListItem\",\"position\":1,\"name\":\"Home\",\"item\":\"https:\/\/dolphinfix.com.tr\/eticaret\/\"},{\"@type\":\"ListItem\",\"position\":2,\"name\":\"Market\",\"item\":\"https:\/\/dolphinfix.com.tr\/eticaret\/market\/\"},{\"@type\":\"ListItem\",\"position\":3,\"name\":\"995 S50 &#8211; FLOOR &#8211; SELF 50 \u00c7\u0130MENTO ESASLI TESV\u0130YE \u015eAPI (1-7 mm)\"}]},{\"@type\":\"WebSite\",\"@id\":\"https:\/\/dolphinfix.com.tr\/eticaret\/#website\",\"url\":\"https:\/\/dolphinfix.com.tr\/eticaret\/\",\"name\":\"Dolphinfix\",\"description\":\"\",\"potentialAction\":[{\"@type\":\"SearchAction\",\"target\":{\"@type\":\"EntryPoint\",\"urlTemplate\":\"https:\/\/dolphinfix.com.tr\/eticaret\/?s={search_term_string}\"},\"query-input\":\"required name=search_term_string\"}],\"inLanguage\":\"tr\"}]}<\/script>\n<!-- \/ Yoast SEO Premium plugin. -->","yoast_head_json":{"title":"Floor Self 50 Kendili\u011finden Yay\u0131lan Tesviye \u015eap\u0131 25 kg","description":"Floor Self 50 \u00e7imento esasl\u0131 kendili\u011finden yay\u0131lan tesviye \u015fap\u0131d\u0131r. Y\u00fcksek ak\u0131c\u0131l\u0131k, \u00e7atlama yapmayan yap\u0131 ve h\u0131zl\u0131 kuruma \u00f6zelli\u011fi ile zemin d\u00fczeltme uygulamalar\u0131nda ideal \u00e7\u00f6z\u00fcmd\u00fcr.","robots":{"index":"index","follow":"follow","max-snippet":"max-snippet:-1","max-image-preview":"max-image-preview:large","max-video-preview":"max-video-preview:-1"},"canonical":"https:\/\/dolphinfix.com.tr\/eticaret\/urun\/floor-self-50\/","og_locale":"tr_TR","og_type":"article","og_title":"995 S50 - FLOOR - SELF 50 \u00c7\u0130MENTO ESASLI TESV\u0130YE \u015eAPI (1-7 mm)","og_description":"Floor Self 50 \u00e7imento esasl\u0131 kendili\u011finden yay\u0131lan tesviye \u015fap\u0131d\u0131r. Y\u00fcksek ak\u0131c\u0131l\u0131k, \u00e7atlama yapmayan yap\u0131 ve h\u0131zl\u0131 kuruma \u00f6zelli\u011fi ile zemin d\u00fczeltme uygulamalar\u0131nda ideal \u00e7\u00f6z\u00fcmd\u00fcr.","og_url":"https:\/\/dolphinfix.com.tr\/eticaret\/urun\/floor-self-50\/","og_site_name":"Dolphinfix","article_modified_time":"2026-03-05T11:11:38+00:00","og_image":[{"width":1000,"height":1000,"url":"https:\/\/dolphinfix.com.tr\/eticaret\/wp-content\/uploads\/2026\/02\/FLOOR-SELF-50-TORBA-PNG-1000X1000-1.png","type":"image\/png"}],"twitter_card":"summary_large_image","twitter_misc":{"Tahmini okuma s\u00fcresi":"4 dakika"},"schema":{"@context":"https:\/\/schema.org","@graph":[{"@type":"WebPage","@id":"https:\/\/dolphinfix.com.tr\/eticaret\/urun\/floor-self-50\/","url":"https:\/\/dolphinfix.com.tr\/eticaret\/urun\/floor-self-50\/","name":"Floor Self 50 Kendili\u011finden Yay\u0131lan Tesviye \u015eap\u0131 25 kg","isPartOf":{"@id":"https:\/\/dolphinfix.com.tr\/eticaret\/#website"},"datePublished":"2026-02-28T04:22:04+00:00","dateModified":"2026-03-05T11:11:38+00:00","description":"Floor Self 50 \u00e7imento esasl\u0131 kendili\u011finden yay\u0131lan tesviye \u015fap\u0131d\u0131r. Y\u00fcksek ak\u0131c\u0131l\u0131k, \u00e7atlama yapmayan yap\u0131 ve h\u0131zl\u0131 kuruma \u00f6zelli\u011fi ile zemin d\u00fczeltme uygulamalar\u0131nda ideal \u00e7\u00f6z\u00fcmd\u00fcr.","breadcrumb":{"@id":"https:\/\/dolphinfix.com.tr\/eticaret\/urun\/floor-self-50\/#breadcrumb"},"inLanguage":"tr","potentialAction":[{"@type":"ReadAction","target":["https:\/\/dolphinfix.com.tr\/eticaret\/urun\/floor-self-50\/"]}]},{"@type":"BreadcrumbList","@id":"https:\/\/dolphinfix.com.tr\/eticaret\/urun\/floor-self-50\/#breadcrumb","itemListElement":[{"@type":"ListItem","position":1,"name":"Home","item":"https:\/\/dolphinfix.com.tr\/eticaret\/"},{"@type":"ListItem","position":2,"name":"Market","item":"https:\/\/dolphinfix.com.tr\/eticaret\/market\/"},{"@type":"ListItem","position":3,"name":"995 S50 &#8211; FLOOR &#8211; SELF 50 \u00c7\u0130MENTO ESASLI TESV\u0130YE \u015eAPI (1-7 mm)"}]},{"@type":"WebSite","@id":"https:\/\/dolphinfix.com.tr\/eticaret\/#website","url":"https:\/\/dolphinfix.com.tr\/eticaret\/","name":"Dolphinfix","description":"","potentialAction":[{"@type":"SearchAction","target":{"@type":"EntryPoint","urlTemplate":"https:\/\/dolphinfix.com.tr\/eticaret\/?s={search_term_string}"},"query-input":"required name=search_term_string"}],"inLanguage":"tr"}]}},"_links":{"self":[{"href":"https:\/\/dolphinfix.com.tr\/eticaret\/wp-json\/wp\/v2\/product\/20031","targetHints":{"allow":["GET"]}}],"collection":[{"href":"https:\/\/dolphinfix.com.tr\/eticaret\/wp-json\/wp\/v2\/product"}],"about":[{"href":"https:\/\/dolphinfix.com.tr\/eticaret\/wp-json\/wp\/v2\/types\/product"}],"replies":[{"embeddable":true,"href":"https:\/\/dolphinfix.com.tr\/eticaret\/wp-json\/wp\/v2\/comments?post=20031"}],"version-history":[{"count":4,"href":"https:\/\/dolphinfix.com.tr\/eticaret\/wp-json\/wp\/v2\/product\/20031\/revisions"}],"predecessor-version":[{"id":20054,"href":"https:\/\/dolphinfix.com.tr\/eticaret\/wp-json\/wp\/v2\/product\/20031\/revisions\/20054"}],"wp:featuredmedia":[{"embeddable":true,"href":"https:\/\/dolphinfix.com.tr\/eticaret\/wp-json\/wp\/v2\/media\/20047"}],"wp:attachment":[{"href":"https:\/\/dolphinfix.com.tr\/eticaret\/wp-json\/wp\/v2\/media?parent=20031"}],"wp:term":[{"taxonomy":"product_cat","embeddable":true,"href":"https:\/\/dolphinfix.com.tr\/eticaret\/wp-json\/wp\/v2\/product_cat?post=20031"},{"taxonomy":"product_tag","embeddable":true,"href":"https:\/\/dolphinfix.com.tr\/eticaret\/wp-json\/wp\/v2\/product_tag?post=20031"}],"curies":[{"name":"wp","href":"https:\/\/api.w.org\/{rel}","templated":true}]}}