{"id":20105,"date":"2026-03-05T21:02:10","date_gmt":"2026-03-05T18:02:10","guid":{"rendered":"https:\/\/dolphinfix.com.tr\/eticaret\/?post_type=product&#038;p=20105"},"modified":"2026-03-28T04:26:20","modified_gmt":"2026-03-28T01:26:20","slug":"1161-kaba-siva","status":"publish","type":"product","link":"https:\/\/dolphinfix.com.tr\/eticaret\/urun\/1161-kaba-siva\/","title":{"rendered":"PLASTER 1161 &#8211; KSV \u00c7\u0130MENTO ESASLI KALIN SIVA"},"content":{"rendered":"<p><span style=\"color: #ff0000;\"><strong>** PALET F\u0130YATLARI \u0130\u00c7\u0130N \u0130LET\u0130\u015e\u0130ME GE\u00c7\u0130N\u0130Z.**<\/strong><\/span><\/p>\n<h3><span style=\"color: #c61016;\">\u00dcR\u00dcN B\u0130LG\u0130LER\u0130 ;<\/span><\/h3>\n<p><span style=\"color: #000000;\"><strong>TANIMI : <\/strong>1161 &#8211; Ksv Kal\u0131n S\u0131va, \u00c7imento esasl\u0131,polimer ve elyaf katk\u0131l\u0131 i\u00e7 ve d\u0131s mekanlar i\u00e7in makine veya elle uygulanabilen kaba s\u0131vad\u0131r .<\/span><\/p>\n<p><span style=\"color: #000000;\"><strong>\u00dcR\u00dcN \u00d6ZELL\u0130KLER\u0130;<\/strong><\/span><br \/>\n<span style=\"color: #000000;\">\u2022\u00d6zel agrega kar\u0131s\u0131m\u0131 sayesinde hem kaba ve hem ince s\u0131va islevini g\u00f6r\u00fcr,<\/span><br \/>\n<span style=\"color: #000000;\">\u2022Geleneksel s\u0131valara g\u00f6re y\u00fcksek yap\u0131sma ve dayan\u0131m mukavemetleri ile saglam bir zemin olusturur,<\/span><br \/>\n<span style=\"color: #000000;\">\u2022Makine ile kolay ve h\u0131zl\u0131 uygulama olanag\u0131 saglayarak zamandan ve is\u00e7ilikten tasarruf saglar,<\/span><br \/>\n<span style=\"color: #000000;\">\u2022Geleneksel s\u0131valara g\u00f6re suya kars\u0131 daha dayan\u0131kl\u0131d\u0131r,<\/span><br \/>\n<span style=\"color: #000000;\">\u2022Geleneksel s\u0131valara g\u00f6re \u00e7ok daha fazla kalite s\u00fcrekliligi saglar,<\/span><br \/>\n<span style=\"color: #000000;\">\u2022Kolay haz\u0131rlan\u0131r ve uygulan\u0131r,<\/span><\/p>\n<p><span style=\"color: #000000;\"><strong>KULLANIM ALANLARI;<\/strong><\/span><br \/>\n<span style=\"color: #000000;\">Tugla, Gazbeton, beton, Br\u00fct Beton, Bims, Briket, Duvar\u00a0 ve Tavan y\u00fczeylerin s\u0131vanmas\u0131nda kullan\u0131l\u0131r.<\/span><\/p>\n<p><span style=\"color: #000000;\"><strong>TEKNIK \u00d6ZELL\u0130KLER<\/strong><\/span><br \/>\n<span style=\"color: #000000;\">\u2022Renk : Gri<\/span><br \/>\n<span style=\"color: #000000;\">\u2022Malzemenin yap\u0131s\u0131 : \u00c7imento, Kire\u00e7 ,\u00f6zel ince silis agregalar, Mineral dolgular.<\/span><br \/>\n<span style=\"color: #000000;\">\u2022Uygulama kal\u0131nl\u0131g\u0131 : 0,5-30 mm<\/span><br \/>\n<span style=\"color: #000000;\">\u2022Egilme Dayan\u0131m\u0131 :B\u00fcy\u00fck E\u015fittir 2,0 N\/mm\u00b2<\/span><br \/>\n<span style=\"color: #000000;\">\u2022Bag Dayan\u0131m\u0131 :B\u00fcy\u00fck E\u015fittir 0,15 N\/mm\u00b2<\/span><br \/>\n<span style=\"color: #000000;\">\u2022Kapiler Su Absorbsiyonu : K\u00fc\u00e7\u00fck E\u015fittir 0,5 kg.m\u00af\u00b2.h\u00af0,5<\/span><br \/>\n<span style=\"color: #000000;\">\u2022Uygulanacak Zeminin S\u0131cakl\u0131g\u0131 : +5\u00b0C +30\u00b0C<\/span><\/p>\n<p><span style=\"color: #000000;\"><strong>UYGULAMA B\u0130LG\u0130S\u0130<\/strong><\/span><br \/>\n<span style=\"color: #000000;\">Haz\u0131rlanan har\u00e7 uygun aletle y\u00fczeye uygulan\u0131r. Uygulama kal\u0131nl\u0131g\u0131 1-2 cm aras\u0131nda olmal\u0131d\u0131r. Harc\u0131n suyunu \u00e7ekmesinden sonra \u00e7elik veya ahsap mala ile y\u00fczeyi istenilen sekilde bitirin. Daha fazla kat uygulamas\u0131 yapmak i\u00e7in alt katman\u0131n iyice kurudugundan emin olun ve y\u00fczeyi nemlendirerek yine 1-2 cm kal\u0131nl\u0131g\u0131nda uygulama yap\u0131labilir.<\/span><\/p>\n<p><span style=\"color: #000000;\"><strong>SARFIYAT:<\/strong><\/span><br \/>\n<span style=\"color: #000000;\">1 cm kal\u0131nl\u0131k i\u00e7in 16 kg\/m\u00b2<\/span><\/p>\n<p><span style=\"color: #000000;\"><strong>RAF \u00d6MR\u00dc<\/strong><\/span><br \/>\n<span style=\"color: #000000;\">Uygun depolama kosullar\u0131nda \u00fcretim tarihinden itibaren 12 ayd\u0131r. A\u00e7\u0131lm\u0131s ambalajlar uygun depolama kosullar\u0131nda saklanarak bir hafta i\u00e7inde kullan\u0131lmal\u0131d\u0131r.<\/span><\/p>\n<p><span style=\"color: #000000;\"><strong>KARISTIRMA ORANLARI<\/strong><\/span><br \/>\n<span style=\"color: #000000;\">1161 &#8211; KSV &#8211; KALIN SIVA\u00a0 \u00a0 \u00a0 \u00a0 \u00a0 1 KG TOZ I\u00c7IN\u00a0 \u00a0 \u00a0 \u00a0 \u00a0 \u00a0 \u00a0 \u00a0 25 KG TORBA I\u00c7IN<\/span><br \/>\n<span style=\"color: #000000;\">KARISIM SUYUMIKTARI\u00a0 \u00a0 \u00a0 \u00a0 \u00a00,20 lt \u2013 0,22 lt\u00a0 \u00a0 \u00a0 \u00a0 \u00a0 \u00a0 \u00a0 \u00a0 \u00a05,0 lt \u2013 5,5 lt<\/span><br \/>\n<span style=\"color: #000000;\">KARISIM YOGUNLUGU 1,70 kg\/lt<\/span><\/p>\n<p><span style=\"color: #000000;\"><strong>AMBALAJ<\/strong><\/span><br \/>\n<span style=\"color: #000000;\">25 KG TORBA<\/span><\/p>\n<p><span style=\"color: #000000;\"><strong>DEPOLAMA SARTLARI<\/strong><\/span><br \/>\n<span style=\"color: #000000;\">A\u00e7\u0131lmam\u0131s orijinal ambalaj\u0131nda, serin ve kuru ortamda,\u00a0 dondan korunarak depolanmal\u0131d\u0131r. K\u0131sa s\u00fcreli depolamalarda, en fazla 3 palet \u00fcst \u00fcste konulmal\u0131 ve<\/span><br \/>\n<span style=\"color: #000000;\">ilk giren ilk \u00e7\u0131kar sistemiyle sevkiyat yap\u0131lmal\u0131d\u0131r. Uzun s\u00fcreli depolamalarda ise, paletler \u00fcst \u00fcste konulmamal\u0131d\u0131r.<\/span><\/p>\n","protected":false},"excerpt":{"rendered":"<p><span style=\"color: #000000;\"><a style=\"color: #000000;\" href=\"https:\/\/dolphinfix.com.tr\/eticaret\/wp-content\/uploads\/2026\/03\/1161-KSV-CIMENTO-ESASLI-KALIN-SIVA.pdf\" target=\"_blank\" rel=\"noopener\">TDS Belgesini \u0130ndirmek \u0130\u00e7in T\u0131klay\u0131n\u0131z<br \/>\n<\/a><\/span><span style=\"color: #000000;\"><a style=\"color: #000000;\" href=\"#\" target=\"_blank\" rel=\"noopener\">CE Belgesini \u0130ndirmek \u0130\u00e7in T\u0131klay\u0131n\u0131z<\/a><\/span><\/p>\n","protected":false},"featured_media":20272,"comment_status":"open","ping_status":"closed","template":"","meta":{"_joinchat":[]},"product_cat":[124,87],"product_tag":[1555,1552,1547,1548,1546,1540,911,909,1542,1545,1551,1550,910,1556,1557,1541,1543,1554,1544,1553],"class_list":{"0":"post-20105","1":"product","2":"type-product","3":"status-publish","4":"has-post-thumbnail","6":"product_cat-isi-yalitim-siva-sap-ve-puskurtme","7":"product_cat-isi-yalitimi","8":"product_tag-1161-kaba-siva","9":"product_tag-25-kg-siva","10":"product_tag-bims-sivasi","11":"product_tag-briket-sivasi","12":"product_tag-brut-beton-sivasi","13":"product_tag-cimento-esasli-siva","14":"product_tag-dis-cephe-sivasi","15":"product_tag-duvar-sivasi","16":"product_tag-elyaf-katkili-siva","17":"product_tag-gazbeton-sivasi","18":"product_tag-gri-siva","19":"product_tag-hazir-siva","20":"product_tag-ic-cephe-sivasi","21":"product_tag-kaba-siva","22":"product_tag-kalin-siva","23":"product_tag-makine-sivasi","24":"product_tag-polimer-katkili-siva","25":"product_tag-profesyonel-siva","26":"product_tag-tavan-sivasi","27":"product_tag-yapi-kimyasallari","29":"first","30":"instock","31":"taxable","32":"shipping-taxable","33":"purchasable","34":"product-type-variable"},"yoast_head":"<!-- This site is optimized with the Yoast SEO Premium plugin v20.2.1 (Yoast SEO v20.2.1) - https:\/\/yoast.com\/wordpress\/plugins\/seo\/ -->\n<title>1161 Kaba S\u0131va | \u00c7imento Esasl\u0131 \u0130\u00e7 &amp; D\u0131\u015f Cephe<\/title>\n<meta name=\"description\" content=\"1161 kaba s\u0131va, i\u00e7 ve d\u0131\u015f mekanlarda kullan\u0131lan, polimer ve elyaf katk\u0131l\u0131, y\u00fcksek dayan\u0131ml\u0131 \u00e7imento esasl\u0131 makine ve el uygulamas\u0131na uygun s\u0131vad\u0131r.\" \/>\n<meta name=\"robots\" content=\"index, follow, max-snippet:-1, max-image-preview:large, max-video-preview:-1\" \/>\n<link rel=\"canonical\" href=\"https:\/\/dolphinfix.com.tr\/eticaret\/urun\/1161-kaba-siva\/\" \/>\n<meta property=\"og:locale\" content=\"tr_TR\" \/>\n<meta property=\"og:type\" content=\"article\" \/>\n<meta property=\"og:title\" content=\"PLASTER 1161 - KSV \u00c7\u0130MENTO ESASLI KALIN SIVA\" \/>\n<meta property=\"og:description\" content=\"1161 kaba s\u0131va, i\u00e7 ve d\u0131\u015f mekanlarda kullan\u0131lan, polimer ve elyaf katk\u0131l\u0131, y\u00fcksek dayan\u0131ml\u0131 \u00e7imento esasl\u0131 makine ve el uygulamas\u0131na uygun s\u0131vad\u0131r.\" \/>\n<meta property=\"og:url\" content=\"https:\/\/dolphinfix.com.tr\/eticaret\/urun\/1161-kaba-siva\/\" \/>\n<meta property=\"og:site_name\" content=\"Dolphinfix\" \/>\n<meta property=\"article:modified_time\" content=\"2026-03-28T01:26:20+00:00\" \/>\n<meta property=\"og:image\" content=\"https:\/\/dolphinfix.com.tr\/eticaret\/wp-content\/uploads\/2026\/03\/10002.png\" \/>\n\t<meta property=\"og:image:width\" content=\"1000\" \/>\n\t<meta property=\"og:image:height\" content=\"1000\" \/>\n\t<meta property=\"og:image:type\" content=\"image\/png\" \/>\n<meta name=\"twitter:card\" content=\"summary_large_image\" \/>\n<meta name=\"twitter:label1\" content=\"Tahmini okuma s\u00fcresi\" \/>\n\t<meta name=\"twitter:data1\" content=\"2 dakika\" \/>\n<script type=\"application\/ld+json\" class=\"yoast-schema-graph\">{\"@context\":\"https:\/\/schema.org\",\"@graph\":[{\"@type\":\"WebPage\",\"@id\":\"https:\/\/dolphinfix.com.tr\/eticaret\/urun\/1161-kaba-siva\/\",\"url\":\"https:\/\/dolphinfix.com.tr\/eticaret\/urun\/1161-kaba-siva\/\",\"name\":\"1161 Kaba S\u0131va | \u00c7imento Esasl\u0131 \u0130\u00e7 & D\u0131\u015f Cephe\",\"isPartOf\":{\"@id\":\"https:\/\/dolphinfix.com.tr\/eticaret\/#website\"},\"datePublished\":\"2026-03-05T18:02:10+00:00\",\"dateModified\":\"2026-03-28T01:26:20+00:00\",\"description\":\"1161 kaba s\u0131va, i\u00e7 ve d\u0131\u015f mekanlarda kullan\u0131lan, polimer ve elyaf katk\u0131l\u0131, y\u00fcksek dayan\u0131ml\u0131 \u00e7imento esasl\u0131 makine ve el uygulamas\u0131na uygun s\u0131vad\u0131r.\",\"breadcrumb\":{\"@id\":\"https:\/\/dolphinfix.com.tr\/eticaret\/urun\/1161-kaba-siva\/#breadcrumb\"},\"inLanguage\":\"tr\",\"potentialAction\":[{\"@type\":\"ReadAction\",\"target\":[\"https:\/\/dolphinfix.com.tr\/eticaret\/urun\/1161-kaba-siva\/\"]}]},{\"@type\":\"BreadcrumbList\",\"@id\":\"https:\/\/dolphinfix.com.tr\/eticaret\/urun\/1161-kaba-siva\/#breadcrumb\",\"itemListElement\":[{\"@type\":\"ListItem\",\"position\":1,\"name\":\"Home\",\"item\":\"https:\/\/dolphinfix.com.tr\/eticaret\/\"},{\"@type\":\"ListItem\",\"position\":2,\"name\":\"Market\",\"item\":\"https:\/\/dolphinfix.com.tr\/eticaret\/market\/\"},{\"@type\":\"ListItem\",\"position\":3,\"name\":\"PLASTER 1161 &#8211; KSV \u00c7\u0130MENTO ESASLI KALIN SIVA\"}]},{\"@type\":\"WebSite\",\"@id\":\"https:\/\/dolphinfix.com.tr\/eticaret\/#website\",\"url\":\"https:\/\/dolphinfix.com.tr\/eticaret\/\",\"name\":\"Dolphinfix\",\"description\":\"\",\"potentialAction\":[{\"@type\":\"SearchAction\",\"target\":{\"@type\":\"EntryPoint\",\"urlTemplate\":\"https:\/\/dolphinfix.com.tr\/eticaret\/?s={search_term_string}\"},\"query-input\":\"required name=search_term_string\"}],\"inLanguage\":\"tr\"}]}<\/script>\n<!-- \/ Yoast SEO Premium plugin. -->","yoast_head_json":{"title":"1161 Kaba S\u0131va | \u00c7imento Esasl\u0131 \u0130\u00e7 & D\u0131\u015f Cephe","description":"1161 kaba s\u0131va, i\u00e7 ve d\u0131\u015f mekanlarda kullan\u0131lan, polimer ve elyaf katk\u0131l\u0131, y\u00fcksek dayan\u0131ml\u0131 \u00e7imento esasl\u0131 makine ve el uygulamas\u0131na uygun s\u0131vad\u0131r.","robots":{"index":"index","follow":"follow","max-snippet":"max-snippet:-1","max-image-preview":"max-image-preview:large","max-video-preview":"max-video-preview:-1"},"canonical":"https:\/\/dolphinfix.com.tr\/eticaret\/urun\/1161-kaba-siva\/","og_locale":"tr_TR","og_type":"article","og_title":"PLASTER 1161 - KSV \u00c7\u0130MENTO ESASLI KALIN SIVA","og_description":"1161 kaba s\u0131va, i\u00e7 ve d\u0131\u015f mekanlarda kullan\u0131lan, polimer ve elyaf katk\u0131l\u0131, y\u00fcksek dayan\u0131ml\u0131 \u00e7imento esasl\u0131 makine ve el uygulamas\u0131na uygun s\u0131vad\u0131r.","og_url":"https:\/\/dolphinfix.com.tr\/eticaret\/urun\/1161-kaba-siva\/","og_site_name":"Dolphinfix","article_modified_time":"2026-03-28T01:26:20+00:00","og_image":[{"width":1000,"height":1000,"url":"https:\/\/dolphinfix.com.tr\/eticaret\/wp-content\/uploads\/2026\/03\/10002.png","type":"image\/png"}],"twitter_card":"summary_large_image","twitter_misc":{"Tahmini okuma s\u00fcresi":"2 dakika"},"schema":{"@context":"https:\/\/schema.org","@graph":[{"@type":"WebPage","@id":"https:\/\/dolphinfix.com.tr\/eticaret\/urun\/1161-kaba-siva\/","url":"https:\/\/dolphinfix.com.tr\/eticaret\/urun\/1161-kaba-siva\/","name":"1161 Kaba S\u0131va | \u00c7imento Esasl\u0131 \u0130\u00e7 & D\u0131\u015f Cephe","isPartOf":{"@id":"https:\/\/dolphinfix.com.tr\/eticaret\/#website"},"datePublished":"2026-03-05T18:02:10+00:00","dateModified":"2026-03-28T01:26:20+00:00","description":"1161 kaba s\u0131va, i\u00e7 ve d\u0131\u015f mekanlarda kullan\u0131lan, polimer ve elyaf katk\u0131l\u0131, y\u00fcksek dayan\u0131ml\u0131 \u00e7imento esasl\u0131 makine ve el uygulamas\u0131na uygun s\u0131vad\u0131r.","breadcrumb":{"@id":"https:\/\/dolphinfix.com.tr\/eticaret\/urun\/1161-kaba-siva\/#breadcrumb"},"inLanguage":"tr","potentialAction":[{"@type":"ReadAction","target":["https:\/\/dolphinfix.com.tr\/eticaret\/urun\/1161-kaba-siva\/"]}]},{"@type":"BreadcrumbList","@id":"https:\/\/dolphinfix.com.tr\/eticaret\/urun\/1161-kaba-siva\/#breadcrumb","itemListElement":[{"@type":"ListItem","position":1,"name":"Home","item":"https:\/\/dolphinfix.com.tr\/eticaret\/"},{"@type":"ListItem","position":2,"name":"Market","item":"https:\/\/dolphinfix.com.tr\/eticaret\/market\/"},{"@type":"ListItem","position":3,"name":"PLASTER 1161 &#8211; KSV \u00c7\u0130MENTO ESASLI KALIN SIVA"}]},{"@type":"WebSite","@id":"https:\/\/dolphinfix.com.tr\/eticaret\/#website","url":"https:\/\/dolphinfix.com.tr\/eticaret\/","name":"Dolphinfix","description":"","potentialAction":[{"@type":"SearchAction","target":{"@type":"EntryPoint","urlTemplate":"https:\/\/dolphinfix.com.tr\/eticaret\/?s={search_term_string}"},"query-input":"required name=search_term_string"}],"inLanguage":"tr"}]}},"_links":{"self":[{"href":"https:\/\/dolphinfix.com.tr\/eticaret\/wp-json\/wp\/v2\/product\/20105","targetHints":{"allow":["GET"]}}],"collection":[{"href":"https:\/\/dolphinfix.com.tr\/eticaret\/wp-json\/wp\/v2\/product"}],"about":[{"href":"https:\/\/dolphinfix.com.tr\/eticaret\/wp-json\/wp\/v2\/types\/product"}],"replies":[{"embeddable":true,"href":"https:\/\/dolphinfix.com.tr\/eticaret\/wp-json\/wp\/v2\/comments?post=20105"}],"version-history":[{"count":4,"href":"https:\/\/dolphinfix.com.tr\/eticaret\/wp-json\/wp\/v2\/product\/20105\/revisions"}],"predecessor-version":[{"id":20270,"href":"https:\/\/dolphinfix.com.tr\/eticaret\/wp-json\/wp\/v2\/product\/20105\/revisions\/20270"}],"wp:featuredmedia":[{"embeddable":true,"href":"https:\/\/dolphinfix.com.tr\/eticaret\/wp-json\/wp\/v2\/media\/20272"}],"wp:attachment":[{"href":"https:\/\/dolphinfix.com.tr\/eticaret\/wp-json\/wp\/v2\/media?parent=20105"}],"wp:term":[{"taxonomy":"product_cat","embeddable":true,"href":"https:\/\/dolphinfix.com.tr\/eticaret\/wp-json\/wp\/v2\/product_cat?post=20105"},{"taxonomy":"product_tag","embeddable":true,"href":"https:\/\/dolphinfix.com.tr\/eticaret\/wp-json\/wp\/v2\/product_tag?post=20105"}],"curies":[{"name":"wp","href":"https:\/\/api.w.org\/{rel}","templated":true}]}}