{"id":20117,"date":"2026-03-05T21:39:21","date_gmt":"2026-03-05T18:39:21","guid":{"rendered":"https:\/\/dolphinfix.com.tr\/eticaret\/?post_type=product&#038;p=20117"},"modified":"2026-03-05T21:39:22","modified_gmt":"2026-03-05T18:39:22","slug":"762-epk-epoksi-astar","status":"publish","type":"product","link":"https:\/\/dolphinfix.com.tr\/eticaret\/urun\/762-epk-epoksi-astar\/","title":{"rendered":"762- EPK ASTAR &#8211; DOLPHIN EPOKSI SOLVENTLI ASTAR TAKIM"},"content":{"rendered":"<p><span style=\"color: #ff0000;\"><strong>** PALET F\u0130YATLARI \u0130\u00c7\u0130N \u0130LET\u0130\u015e\u0130ME GE\u00c7\u0130N\u0130Z.**<\/strong><\/span><\/p>\n<h3><span style=\"color: #c61016;\">\u00dcR\u00dcN B\u0130LG\u0130LER\u0130 ;<\/span><\/h3>\n<p><span style=\"color: #000000;\"><strong>TANIMI<\/strong> : 762-EPK ASTAR, iki bilesenli, solvent bazl\u0131 epoksi astard\u0131r. Beton zeminlerde kullan\u0131lan, seffaf yap\u0131da ve y\u00fcksek aderans saglayan bir \u00fcr\u00fcnd\u00fcr. D\u00fcs\u00fck viskozitesi sayesinde y\u00fczeye derinlemesine n\u00fcfuz eder ve kaplama sistemleri i\u00e7in saglam bir astar olusturur.<\/span><\/p>\n<p><span style=\"color: #000000;\"><strong>KULLANIM ALANLARI<\/strong><\/span><br \/>\n<span style=\"color: #000000;\">\u2022\u00c7esitli mekanik ve kimyasal etkilere maruz kalan genis zemin alanlar\u0131 i\u00e7in tasarlanm\u0131st\u0131r. T\u00fcm zemin \u00fcr\u00fcnleri i\u00e7in astar olarak kullan\u0131l\u0131r.<\/span><br \/>\n<span style=\"color: #000000;\">\u2022Ag\u0131r trafik i\u00e7in trafik deck sistemleri ile kullan\u0131m i\u00e7in \u00f6zel olarak tasarlanm\u0131st\u0131r; rampalar, otoparklar, park alanlar\u0131, yaya yollar\u0131, \u00e7at\u0131 g\u00fcverteleri ve end\u00fcstriyel zeminler gibi alanlarda kullan\u0131l\u0131r.<\/span><br \/>\n<span style=\"color: #000000;\">\u2022Soguk hava depolar\u0131, laboratuvarlar, hastaneler, g\u0131da ve i\u00e7ecek tesisleri, mutfaklar, y\u00fcksek teknoloji \u00fcretim tesisleri, mand\u0131ralar, depolar, fabrikalar ve hangarlar i\u00e7in \u00f6nerilir.<\/span><\/p>\n<p><span style=\"color: #000000;\"><strong>\u00dcR\u00dcN \u00d6ZELL\u0130KLER\u0130<\/strong><\/span><br \/>\n<span style=\"color: #000000;\">\u2022Iki bilesenli solventli epoksi astar.<\/span><br \/>\n<span style=\"color: #000000;\">\u2022I\u00e7 ve d\u0131s mek\u00e2n kullan\u0131m\u0131 i\u00e7in uygundur.<\/span><br \/>\n<span style=\"color: #000000;\">\u2022Uygun sekilde haz\u0131rlanm\u0131s beton zemin ve duvarlarda y\u00fcksek kal\u0131nl\u0131kl\u0131 zemin kaplamalar\u0131 i\u00e7in \u00f6zel olarak tasarlanm\u0131st\u0131r.<\/span><br \/>\n<span style=\"color: #000000;\">\u2022D\u00fcs\u00fck viskozite sayesinde derin n\u00fcfuz eder.<\/span><br \/>\n<span style=\"color: #000000;\">\u2022Aderans art\u0131r\u0131c\u0131 ile m\u00fckemmel baglanma saglar.<\/span><\/p>\n<p><span style=\"color: #000000;\"><strong>TEKNIK \u00d6ZELL\u0130KLER<\/strong><\/span><br \/>\n<span style=\"color: #000000;\">\u2022K\u00fcrlenme S\u00fcresi (28\u00b0C): Yaya trafigi 6 saat Hafif trafik 3 g\u00fcn<\/span><br \/>\n<span style=\"color: #000000;\">\u2022\u00dczerine kat atma s\u00fcresi: 6 \u2013 24 saat 28\u00b0C<\/span><br \/>\n<span style=\"color: #000000;\">\u2022Yogunluk (kar\u0131s\u0131k): 0,95 \u00b1 0,05 g\/cm\u00b3 28\u00b0C<\/span><br \/>\n<span style=\"color: #000000;\">\u2022Renk: Saydam<\/span><br \/>\n<span style=\"color: #000000;\">\u2022Parlama noktas\u0131: 100\u00b0C <\/span><\/p>\n<p><span style=\"color: #000000;\"><strong>UYGULAMA BILGISI<\/strong><\/span><br \/>\n<span style=\"color: #000000;\"><strong>Y\u00dcZEY HAZIRLIGI<\/strong><\/span><br \/>\n<span style=\"color: #000000;\">Beton y\u00fczey tamamen temizlenmeli, \u00e7imento serbeti ve kirletici maddelerden ar\u0131nd\u0131r\u0131lmal\u0131d\u0131r.Uygulanan nem bariyeri sistemi, sonraki kaplama sistemine ge\u00e7meden \u00f6nce bir gece k\u00fcrlenmeye b\u0131rak\u0131lmal\u0131d\u0131r.Y\u00fczey, kapal\u0131 devre bilyal\u0131 kumlama, kaz\u0131ma (scarifying) veya mekanik taslama y\u00f6ntemleri ile haz\u0131rlanmal\u0131d\u0131r.Hasarl\u0131 b\u00f6lgeler, \u00e7atlaklar ve bosluklar, se\u00e7ilen kaplama sistemi ile uyumlu tamir malzemeleri ile onar\u0131lmal\u0131d\u0131r.<\/span><\/p>\n<p><span style=\"color: #000000;\"><strong>UYGULAMA<\/strong><\/span><br \/>\n<span style=\"color: #000000;\"><strong>Uygulama Sekli:<\/strong> F\u0131r\u00e7a, rulo (\u00f6nerilir)<\/span><\/p>\n<p><span style=\"color: #000000;\"><strong>Uygulama:<\/strong><\/span><br \/>\n<span style=\"color: #000000;\">A ve B bilesenlerini ayr\u0131 ayr\u0131, yaklas\u0131k 300\u2013500 dev\/dk\u00a0 d\u00fcs\u00fck h\u0131zda mekanik kar\u0131st\u0131r\u0131c\u0131 ile 30 saniye kar\u0131st\u0131r\u0131n. B Bileseninin (Sertlestirici) tamam\u0131n\u0131 A Bileseni (Baz) ile 1 dakika boyunca iyice kar\u0131st\u0131r\u0131n.Kar\u0131s\u0131m\u0131 temiz bir kaba aktar\u0131n ve 1 dakika daha kar\u0131st\u0131rmaya devam edin. Kar\u0131st\u0131rma s\u0131ras\u0131nda hava kabarc\u0131g\u0131 olusmamas\u0131na dikkat edin.Kar\u0131s\u0131m\u0131 astarlanm\u0131s y\u00fczeye b\u00f6l\u00fcmler halinde d\u00f6k\u00fcn ve mala ile esit sekilde yay\u0131n. Ard\u0131ndan rulo ile \u00fczerinden ge\u00e7erek d\u00fczg\u00fcn bir y\u00fczey elde edin. <\/span><\/p>\n<p><span style=\"color: #000000;\"><strong>UYARILAR<\/strong><\/span><br \/>\n<span style=\"color: #000000;\">Bu \u00fcr\u00fcn sadece kuru ve iyi havaland\u0131r\u0131lm\u0131s alanlarda kullan\u0131lmal\u0131d\u0131r. Cilt ve g\u00f6z ile temas\u0131ndan ka\u00e7\u0131n\u0131lmal\u0131, temas halinde bol su ile y\u0131kanmal\u0131d\u0131r. Uygulama s\u0131ras\u0131nda eldiven, g\u00f6zl\u00fck ve maske kullan\u0131lmal\u0131, \u00e7ocuklar\u0131n ve evcil hayvanlar\u0131n ulasamayacag\u0131 yerlerde saklanmal\u0131d\u0131r. Katlar aras\u0131nda \u00f6nerilen bekleme s\u00fcresine uyulmal\u0131 ve \u0131slak veya kirli y\u00fczeylerde kayma riskine kars\u0131 dokulu veya kaymaz zemin sistemleri tercih edilmelidir.<\/span><\/p>\n<p><span style=\"color: #000000;\"><strong>AMBALAJ<\/strong><\/span><br \/>\n<span style=\"color: #000000;\">17+3 kg olmak \u00fczere top. : 20 kg \u00e7ift kompenantl\u0131 teneke<\/span><\/p>\n<p><span style=\"color: #000000;\"><strong>SARFIYAT<\/strong> : 200 &#8211; 300 gr. aras\u0131 \/m2 \/kat<\/span><\/p>\n<p><span style=\"color: #000000;\"><strong>RAF \u00d6MR\u00dc<\/strong><\/span><br \/>\n<span style=\"color: #000000;\">6-12 ay (kuru, serin ve uygun kosullarda sakland\u0131g\u0131nda)<\/span><\/p>\n<p><span style=\"color: #000000;\"><strong>DEPOLAMA SARTLARI<\/strong><\/span><br \/>\n<span style=\"color: #000000;\">12 ay (Agz\u0131 s\u0131k\u0131ca kapal\u0131 ve uygun depolama kosullar\u0131nda)<\/span><\/p>\n","protected":false},"excerpt":{"rendered":"<p><span style=\"color: #000000;\"><a style=\"color: #000000;\" href=\"https:\/\/dolphinfix.com.tr\/eticaret\/wp-content\/uploads\/2026\/03\/762-SOLVENTLI-EPOKSI-ASTAR-TDS.pdf\" target=\"_blank\" rel=\"noopener\">TDS Belgesini \u0130ndirmek \u0130\u00e7in T\u0131klay\u0131n\u0131z<br \/>\n<\/a><\/span><span style=\"color: #000000;\"><a style=\"color: #000000;\" href=\"#\" target=\"_blank\" rel=\"noopener\">CE Belgesini \u0130ndirmek \u0130\u00e7in T\u0131klay\u0131n\u0131z<\/a><\/span><\/p>\n","protected":false},"featured_media":20121,"comment_status":"open","ping_status":"closed","template":"","meta":{"_joinchat":[]},"product_cat":[1269,83],"product_tag":[1570,1559,1569,772,1566,1241,1235,1565,1239,1568,1252,1563,1571,1567,1561,1560,1564,1553,1562,771],"class_list":{"0":"post-20117","1":"product","2":"type-product","3":"status-publish","4":"has-post-thumbnail","6":"product_cat-epoksi-esasli-su-yalitim-cozumleri","7":"product_cat-su-yalitim-cozumleri","8":"product_tag-20-kg-epoksi-astar","9":"product_tag-762-epk-astar","10":"product_tag-agir-trafik-zemin-astari","11":"product_tag-beton-astari","12":"product_tag-beton-zemin-kaplama-astari","13":"product_tag-endustriyel-zemin-astari","14":"product_tag-epoksi-astar","15":"product_tag-epoksi-primer","16":"product_tag-epoksi-zemin-astari","17":"product_tag-epoksi-zemin-sistemleri","18":"product_tag-iki-bilesenli-epoksi","19":"product_tag-otopark-zemin-astari","20":"product_tag-profesyonel-epoksi-astar","21":"product_tag-rulo-uygulamali-astar","22":"product_tag-seffaf-epoksi-astar","23":"product_tag-solvent-bazli-epoksi","24":"product_tag-trafik-deck-astari","25":"product_tag-yapi-kimyasallari","26":"product_tag-yuksek-aderans-astar","27":"product_tag-zemin-astari","29":"first","30":"instock","31":"taxable","32":"shipping-taxable","33":"purchasable","34":"product-type-variable"},"yoast_head":"<!-- This site is optimized with the Yoast SEO Premium plugin v20.2.1 (Yoast SEO v20.2.1) - https:\/\/yoast.com\/wordpress\/plugins\/seo\/ -->\n<title>762-EPK Epoksi Astar | Solvent Bazl\u0131 Beton Astar<\/title>\n<meta name=\"description\" content=\"762-EPK epoksi astar, solvent bazl\u0131, iki bile\u015fenli ve y\u00fcksek aderansl\u0131 beton zemin astar\u0131d\u0131r. Derin n\u00fcfuz eder, end\u00fcstriyel zeminler i\u00e7in idealdir.\" \/>\n<meta name=\"robots\" content=\"index, follow, max-snippet:-1, max-image-preview:large, max-video-preview:-1\" \/>\n<link rel=\"canonical\" href=\"https:\/\/dolphinfix.com.tr\/eticaret\/urun\/762-epk-epoksi-astar\/\" \/>\n<meta property=\"og:locale\" content=\"tr_TR\" \/>\n<meta property=\"og:type\" content=\"article\" \/>\n<meta property=\"og:title\" content=\"762- EPK ASTAR - DOLPHIN EPOKSI SOLVENTLI ASTAR TAKIM\" \/>\n<meta property=\"og:description\" content=\"762-EPK epoksi astar, solvent bazl\u0131, iki bile\u015fenli ve y\u00fcksek aderansl\u0131 beton zemin astar\u0131d\u0131r. Derin n\u00fcfuz eder, end\u00fcstriyel zeminler i\u00e7in idealdir.\" \/>\n<meta property=\"og:url\" content=\"https:\/\/dolphinfix.com.tr\/eticaret\/urun\/762-epk-epoksi-astar\/\" \/>\n<meta property=\"og:site_name\" content=\"Dolphinfix\" \/>\n<meta property=\"article:modified_time\" content=\"2026-03-05T18:39:22+00:00\" \/>\n<meta property=\"og:image\" content=\"https:\/\/dolphinfix.com.tr\/eticaret\/wp-content\/uploads\/2026\/03\/762-SOLVENTLI-EPOKSI-ASTAR-A-KOMP.-PNG-1000X1000.png\" \/>\n\t<meta property=\"og:image:width\" content=\"1000\" \/>\n\t<meta property=\"og:image:height\" content=\"1000\" \/>\n\t<meta property=\"og:image:type\" content=\"image\/png\" \/>\n<meta name=\"twitter:card\" content=\"summary_large_image\" \/>\n<meta name=\"twitter:label1\" content=\"Tahmini okuma s\u00fcresi\" \/>\n\t<meta name=\"twitter:data1\" content=\"3 dakika\" \/>\n<script type=\"application\/ld+json\" class=\"yoast-schema-graph\">{\"@context\":\"https:\/\/schema.org\",\"@graph\":[{\"@type\":\"WebPage\",\"@id\":\"https:\/\/dolphinfix.com.tr\/eticaret\/urun\/762-epk-epoksi-astar\/\",\"url\":\"https:\/\/dolphinfix.com.tr\/eticaret\/urun\/762-epk-epoksi-astar\/\",\"name\":\"762-EPK Epoksi Astar | Solvent Bazl\u0131 Beton Astar\",\"isPartOf\":{\"@id\":\"https:\/\/dolphinfix.com.tr\/eticaret\/#website\"},\"datePublished\":\"2026-03-05T18:39:21+00:00\",\"dateModified\":\"2026-03-05T18:39:22+00:00\",\"description\":\"762-EPK epoksi astar, solvent bazl\u0131, iki bile\u015fenli ve y\u00fcksek aderansl\u0131 beton zemin astar\u0131d\u0131r. Derin n\u00fcfuz eder, end\u00fcstriyel zeminler i\u00e7in idealdir.\",\"breadcrumb\":{\"@id\":\"https:\/\/dolphinfix.com.tr\/eticaret\/urun\/762-epk-epoksi-astar\/#breadcrumb\"},\"inLanguage\":\"tr\",\"potentialAction\":[{\"@type\":\"ReadAction\",\"target\":[\"https:\/\/dolphinfix.com.tr\/eticaret\/urun\/762-epk-epoksi-astar\/\"]}]},{\"@type\":\"BreadcrumbList\",\"@id\":\"https:\/\/dolphinfix.com.tr\/eticaret\/urun\/762-epk-epoksi-astar\/#breadcrumb\",\"itemListElement\":[{\"@type\":\"ListItem\",\"position\":1,\"name\":\"Home\",\"item\":\"https:\/\/dolphinfix.com.tr\/eticaret\/\"},{\"@type\":\"ListItem\",\"position\":2,\"name\":\"Market\",\"item\":\"https:\/\/dolphinfix.com.tr\/eticaret\/market\/\"},{\"@type\":\"ListItem\",\"position\":3,\"name\":\"762- EPK ASTAR &#8211; DOLPHIN EPOKSI SOLVENTLI ASTAR TAKIM\"}]},{\"@type\":\"WebSite\",\"@id\":\"https:\/\/dolphinfix.com.tr\/eticaret\/#website\",\"url\":\"https:\/\/dolphinfix.com.tr\/eticaret\/\",\"name\":\"Dolphinfix\",\"description\":\"\",\"potentialAction\":[{\"@type\":\"SearchAction\",\"target\":{\"@type\":\"EntryPoint\",\"urlTemplate\":\"https:\/\/dolphinfix.com.tr\/eticaret\/?s={search_term_string}\"},\"query-input\":\"required name=search_term_string\"}],\"inLanguage\":\"tr\"}]}<\/script>\n<!-- \/ Yoast SEO Premium plugin. -->","yoast_head_json":{"title":"762-EPK Epoksi Astar | Solvent Bazl\u0131 Beton Astar","description":"762-EPK epoksi astar, solvent bazl\u0131, iki bile\u015fenli ve y\u00fcksek aderansl\u0131 beton zemin astar\u0131d\u0131r. Derin n\u00fcfuz eder, end\u00fcstriyel zeminler i\u00e7in idealdir.","robots":{"index":"index","follow":"follow","max-snippet":"max-snippet:-1","max-image-preview":"max-image-preview:large","max-video-preview":"max-video-preview:-1"},"canonical":"https:\/\/dolphinfix.com.tr\/eticaret\/urun\/762-epk-epoksi-astar\/","og_locale":"tr_TR","og_type":"article","og_title":"762- EPK ASTAR - DOLPHIN EPOKSI SOLVENTLI ASTAR TAKIM","og_description":"762-EPK epoksi astar, solvent bazl\u0131, iki bile\u015fenli ve y\u00fcksek aderansl\u0131 beton zemin astar\u0131d\u0131r. Derin n\u00fcfuz eder, end\u00fcstriyel zeminler i\u00e7in idealdir.","og_url":"https:\/\/dolphinfix.com.tr\/eticaret\/urun\/762-epk-epoksi-astar\/","og_site_name":"Dolphinfix","article_modified_time":"2026-03-05T18:39:22+00:00","og_image":[{"width":1000,"height":1000,"url":"https:\/\/dolphinfix.com.tr\/eticaret\/wp-content\/uploads\/2026\/03\/762-SOLVENTLI-EPOKSI-ASTAR-A-KOMP.-PNG-1000X1000.png","type":"image\/png"}],"twitter_card":"summary_large_image","twitter_misc":{"Tahmini okuma s\u00fcresi":"3 dakika"},"schema":{"@context":"https:\/\/schema.org","@graph":[{"@type":"WebPage","@id":"https:\/\/dolphinfix.com.tr\/eticaret\/urun\/762-epk-epoksi-astar\/","url":"https:\/\/dolphinfix.com.tr\/eticaret\/urun\/762-epk-epoksi-astar\/","name":"762-EPK Epoksi Astar | Solvent Bazl\u0131 Beton Astar","isPartOf":{"@id":"https:\/\/dolphinfix.com.tr\/eticaret\/#website"},"datePublished":"2026-03-05T18:39:21+00:00","dateModified":"2026-03-05T18:39:22+00:00","description":"762-EPK epoksi astar, solvent bazl\u0131, iki bile\u015fenli ve y\u00fcksek aderansl\u0131 beton zemin astar\u0131d\u0131r. Derin n\u00fcfuz eder, end\u00fcstriyel zeminler i\u00e7in idealdir.","breadcrumb":{"@id":"https:\/\/dolphinfix.com.tr\/eticaret\/urun\/762-epk-epoksi-astar\/#breadcrumb"},"inLanguage":"tr","potentialAction":[{"@type":"ReadAction","target":["https:\/\/dolphinfix.com.tr\/eticaret\/urun\/762-epk-epoksi-astar\/"]}]},{"@type":"BreadcrumbList","@id":"https:\/\/dolphinfix.com.tr\/eticaret\/urun\/762-epk-epoksi-astar\/#breadcrumb","itemListElement":[{"@type":"ListItem","position":1,"name":"Home","item":"https:\/\/dolphinfix.com.tr\/eticaret\/"},{"@type":"ListItem","position":2,"name":"Market","item":"https:\/\/dolphinfix.com.tr\/eticaret\/market\/"},{"@type":"ListItem","position":3,"name":"762- EPK ASTAR &#8211; DOLPHIN EPOKSI SOLVENTLI ASTAR TAKIM"}]},{"@type":"WebSite","@id":"https:\/\/dolphinfix.com.tr\/eticaret\/#website","url":"https:\/\/dolphinfix.com.tr\/eticaret\/","name":"Dolphinfix","description":"","potentialAction":[{"@type":"SearchAction","target":{"@type":"EntryPoint","urlTemplate":"https:\/\/dolphinfix.com.tr\/eticaret\/?s={search_term_string}"},"query-input":"required name=search_term_string"}],"inLanguage":"tr"}]}},"_links":{"self":[{"href":"https:\/\/dolphinfix.com.tr\/eticaret\/wp-json\/wp\/v2\/product\/20117","targetHints":{"allow":["GET"]}}],"collection":[{"href":"https:\/\/dolphinfix.com.tr\/eticaret\/wp-json\/wp\/v2\/product"}],"about":[{"href":"https:\/\/dolphinfix.com.tr\/eticaret\/wp-json\/wp\/v2\/types\/product"}],"replies":[{"embeddable":true,"href":"https:\/\/dolphinfix.com.tr\/eticaret\/wp-json\/wp\/v2\/comments?post=20117"}],"version-history":[{"count":1,"href":"https:\/\/dolphinfix.com.tr\/eticaret\/wp-json\/wp\/v2\/product\/20117\/revisions"}],"predecessor-version":[{"id":20126,"href":"https:\/\/dolphinfix.com.tr\/eticaret\/wp-json\/wp\/v2\/product\/20117\/revisions\/20126"}],"wp:featuredmedia":[{"embeddable":true,"href":"https:\/\/dolphinfix.com.tr\/eticaret\/wp-json\/wp\/v2\/media\/20121"}],"wp:attachment":[{"href":"https:\/\/dolphinfix.com.tr\/eticaret\/wp-json\/wp\/v2\/media?parent=20117"}],"wp:term":[{"taxonomy":"product_cat","embeddable":true,"href":"https:\/\/dolphinfix.com.tr\/eticaret\/wp-json\/wp\/v2\/product_cat?post=20117"},{"taxonomy":"product_tag","embeddable":true,"href":"https:\/\/dolphinfix.com.tr\/eticaret\/wp-json\/wp\/v2\/product_tag?post=20117"}],"curies":[{"name":"wp","href":"https:\/\/api.w.org\/{rel}","templated":true}]}}