{"id":20127,"date":"2026-03-05T21:57:12","date_gmt":"2026-03-05T18:57:12","guid":{"rendered":"https:\/\/dolphinfix.com.tr\/eticaret\/?post_type=product&#038;p=20127"},"modified":"2026-03-06T00:52:50","modified_gmt":"2026-03-05T21:52:50","slug":"763-epk-boya-dolphin-epoksi-solventli-boya-takim","status":"publish","type":"product","link":"https:\/\/dolphinfix.com.tr\/eticaret\/urun\/763-epk-boya-dolphin-epoksi-solventli-boya-takim\/","title":{"rendered":"763 &#8211; EPK BOYA &#8211; DOLPHIN EPOKSI SOLVENTLI BOYA TAKIM"},"content":{"rendered":"<p><span style=\"color: #ff0000;\"><strong>** PALET F\u0130YATLARI \u0130\u00c7\u0130N \u0130LET\u0130\u015e\u0130ME GE\u00c7\u0130N\u0130Z.**<\/strong><\/span><\/p>\n<h3><span style=\"color: #c61016;\">\u00dcR\u00dcN B\u0130LG\u0130LER\u0130 ;<\/span><\/h3>\n<p><strong><span style=\"color: #000000;\">TANIMI : <\/span><\/strong><span style=\"color: #000000;\">763- EPK BOYA, iki bilesenli, solvent bazl\u0131 son kat <\/span><span style=\"color: #000000;\">epoksi boyad\u0131r. I\u00e7 mek\u00e2nlarda, uygun sekilde astarlanm\u0131s <\/span><span style=\"color: #000000;\">\u00e7elik, beton ve seramik y\u00fczeyler \u00fczerinde kullan\u0131l\u0131r. Y\u00fcksek <\/span><span style=\"color: #000000;\">parlakl\u0131k saglar, as\u0131nma ve mekanik etkilere kars\u0131 dayan\u0131kl\u0131d\u0131r.<\/span><\/p>\n<p><strong><span style=\"color: #000000;\">KULLANIM ALANLARI;<\/span><\/strong><br \/>\n<span style=\"color: #000000;\">\u2022Ag\u0131r trafik alanlar\u0131 rampalar, otoparklar, park yerleri, yaya <\/span><span style=\"color: #000000;\">yollar\u0131, \u00e7at\u0131 g\u00fcverteleri, end\u00fcstriyel zeminler<\/span><br \/>\n<span style=\"color: #000000;\">\u2022End\u00fcstriyel y\u00fczeyler ; fabrika zeminleri, \u00fcretim alanlar\u0131.<\/span><br \/>\n<span style=\"color: #000000;\">\u2022Yaya alanlar\u0131 \u2013 i\u00e7 ve d\u0131s mek\u00e2n y\u00fcr\u00fcme yollar\u0131.<\/span><br \/>\n<span style=\"color: #000000;\">\u2022Y\u00fcksek teknoloji \u00fcretim tesisleri.<\/span><\/p>\n<p><strong><span style=\"color: #000000;\">\u00dcR\u00dcN \u00d6ZELL\u0130KLER\u0130<\/span><\/strong><br \/>\n<span style=\"color: #000000;\">\u2022Iki bilesenli solventli epoksi kaplama.<\/span><br \/>\n<span style=\"color: #000000;\">\u2022I\u00e7 mek\u00e2n kullan\u0131m\u0131.<\/span><br \/>\n<span style=\"color: #000000;\">\u2022Y\u00fcksek parlakl\u0131k.<\/span><br \/>\n<span style=\"color: #000000;\">\u2022As\u0131nma ve mekanik hasara kars\u0131 iyi diren\u00e7.<\/span><br \/>\n<span style=\"color: #000000;\">\u2022Dogru haz\u0131rlanm\u0131s ve astarlanm\u0131s y\u00fczeylerde <\/span><span style=\"color: #000000;\">m\u00fckemmel performans.<\/span><\/p>\n<p><strong><span style=\"color: #000000;\">TEKN\u0130K \u00d6ZELL\u0130KLER<\/span><\/strong><br \/>\n<span style=\"color: #000000;\">\u2022Katlar aras\u0131 bekleme: 6 \u2013 24 saat 28\u00b0C<\/span><br \/>\n<span style=\"color: #000000;\">\u2022Kar\u0131s\u0131m \u00f6mr\u00fc: 6\u20138 Saat 28\u00b0C<\/span><br \/>\n<span style=\"color: #000000;\">\u2022Yogunluk: 1 \u00b1 0,05 g\/cm\u00b3 28\u00b0C<\/span><br \/>\n<span style=\"color: #000000;\">\u2022Viskozite: Yaklas\u0131k 40\u201380 mPa.s 28\u00b0C<\/span><br \/>\n<span style=\"color: #000000;\">\u2022K\u00fcrlenme S\u00fcresi (28\u00b0C): Dokunma Kurulugu : 2\u20133 saat<\/span><br \/>\n<span style=\"color: #000000;\">\u2022Sert Kuruma : 16 saat<\/span><\/p>\n<p><strong><span style=\"color: #000000;\">UYGULAMA BILGISI<\/span><\/strong><br \/>\n<strong><span style=\"color: #000000;\">Y\u00dcZEY HAZIRLIGI<\/span><\/strong><br \/>\n<span style=\"color: #000000;\">Beton y\u00fczey tamamen temizlenmeli, \u00e7imento serbeti ve <\/span><span style=\"color: #000000;\">kirleticilerden ar\u0131nd\u0131r\u0131lmal\u0131d\u0131r.Nem bariyeri sistemi <\/span><span style=\"color: #000000;\">uygulanm\u0131ssa, sonraki kaplamaya ge\u00e7meden \u00f6nce bir <\/span><span style=\"color: #000000;\">gece k\u00fcrlenmeye b\u0131rak\u0131lmal\u0131d\u0131r.Y\u00fczey, bilyal\u0131 kumlama, <\/span><span style=\"color: #000000;\">kaz\u0131ma veya mekanik taslama y\u00f6ntemleri ile <\/span><span style=\"color: #000000;\">haz\u0131rlanmal\u0131d\u0131r.Hasarl\u0131 b\u00f6lgeler, \u00e7atlaklar ve bosluklar <\/span><span style=\"color: #000000;\">uygun tamir malzemeleri ile onar\u0131lmal\u0131d\u0131r.<\/span><\/p>\n<p><strong><span style=\"color: #000000;\">UYGULAMA<\/span><\/strong><br \/>\n<span style=\"color: #000000;\"><strong>Uygulama Sekli<\/strong>: F\u0131r\u00e7a, rulo, bas\u0131n\u00e7l\u0131 hava spreyi, airless <\/span><span style=\"color: #000000;\">sprey<\/span><br \/>\n<span style=\"color: #000000;\"><strong>Uygulama<\/strong>:<\/span><br \/>\n<span style=\"color: #000000;\">A ve B bilesenlerini ayr\u0131 ayr\u0131 30 saniye boyunca d\u00fcs\u00fck <\/span><span style=\"color: #000000;\">devirli (300\u2013500 rpm) mekanik kar\u0131st\u0131r\u0131c\u0131 ile kar\u0131st\u0131r\u0131n. <\/span><span style=\"color: #000000;\">B Bileseninin tamam\u0131n\u0131 A Bileseni ile 1 dakika boyunca <\/span><span style=\"color: #000000;\">iyice kar\u0131st\u0131r\u0131n. Kar\u0131s\u0131m\u0131 temiz bir kaba aktararak 1 dakika <\/span><span style=\"color: #000000;\">daha kar\u0131st\u0131r\u0131n. Hava kabarc\u0131g\u0131 olusmamas\u0131na dikkat edin. <\/span><span style=\"color: #000000;\">Kar\u0131s\u0131m\u0131 astarlanm\u0131s y\u00fczeye d\u00f6k\u00fcn, mala ile yay\u0131n ve rulo <\/span><span style=\"color: #000000;\">ile \u00fczerinden ge\u00e7erek d\u00fczg\u00fcn bir y\u00fczey elde edin.<\/span><\/p>\n<p><strong><span style=\"color: #000000;\">DEPOLAMA SARTLARI<\/span><\/strong><br \/>\n<span style=\"color: #000000;\">12 ay (Agz\u0131 s\u0131k\u0131ca kapal\u0131 ve uygun depolama kosullar\u0131nda).<\/span><\/p>\n<p><strong><span style=\"color: #000000;\">UYARILAR<\/span><\/strong><br \/>\n<span style=\"color: #000000;\">Kullanmadan \u00f6nce ambalaj \u00fczerindeki g\u00fcvenlik bilgileri <\/span><span style=\"color: #000000;\">incelenmelidir.Uygulama, belirtilen s\u0131cakl\u0131k ve nem <\/span><span style=\"color: #000000;\">aral\u0131klar\u0131nda yap\u0131lmal\u0131d\u0131r.Alt y\u00fczey temiz, kuru ve uygun <\/span><span style=\"color: #000000;\">sekilde haz\u0131rlanm\u0131s olmal\u0131d\u0131r.Uygulama \u00f6ncesinde g\u00fcncel <\/span><span style=\"color: #000000;\">teknik veri sayfas\u0131 kontrol edilmelidir. <\/span><\/p>\n<p><strong><span style=\"color: #000000;\">AMBALAJ<\/span><\/strong><br \/>\n<span style=\"color: #000000;\">15+5 kg olmak \u00fczere top. : 20 kg \u00e7ift kompenantl\u0131 teneke<\/span><\/p>\n<p><span style=\"color: #000000;\"><strong>SARFIYAT<\/strong> : 200 &#8211; 300 gr.\/m2 \/kat<\/span><\/p>\n<p><strong><span style=\"color: #000000;\">RAF \u00d6MR\u00dc<\/span><\/strong><br \/>\n<span style=\"color: #000000;\">6-12 ay (kuru, serin ve uygun kosullarda sakland\u0131g\u0131nda)<\/span><\/p>\n","protected":false},"excerpt":{"rendered":"<p><span style=\"color: #000000;\"><a style=\"color: #000000;\" href=\"https:\/\/dolphinfix.com.tr\/eticaret\/wp-content\/uploads\/2026\/03\/763-EPK-SOLVENTLI-EPOKSI-BOYA-TDS.pdf\" target=\"_blank\" rel=\"noopener\">TDS Belgesini \u0130ndirmek \u0130\u00e7in T\u0131klay\u0131n\u0131z<br \/>\n<\/a><\/span><span style=\"color: #000000;\"><a style=\"color: #000000;\" href=\"#\" target=\"_blank\" rel=\"noopener\">CE Belgesini \u0130ndirmek \u0130\u00e7in T\u0131klay\u0131n\u0131z<\/a><\/span><\/p>\n","protected":false},"featured_media":20132,"comment_status":"open","ping_status":"closed","template":"","meta":{"_joinchat":[]},"product_cat":[1269,83],"product_tag":[1589,1573,1580,1585,1577,1578,1587,1590,1581,1576,1574,1583,1575,1579,1588,1586,1560,1584,1553,1582],"class_list":{"0":"post-20127","1":"product","2":"type-product","3":"status-publish","4":"has-post-thumbnail","6":"product_cat-epoksi-esasli-su-yalitim-cozumleri","7":"product_cat-su-yalitim-cozumleri","8":"product_tag-20-kg-epoksi-boya","9":"product_tag-763-epk-boya","10":"product_tag-agir-trafik-zemin-kaplama","11":"product_tag-airless-epoksi-boya","12":"product_tag-beton-zemin-boyasi","13":"product_tag-endustriyel-zemin-boyasi","14":"product_tag-epoksi-ic-mekan-boya","15":"product_tag-epoksi-kaplama","16":"product_tag-epoksi-kaplama-sistemi","17":"product_tag-epoksi-son-kat-boya","18":"product_tag-epoksi-zemin-boyasi","19":"product_tag-fabrika-zemin-boyasi","20":"product_tag-iki-bilesenli-epoksi-boya","21":"product_tag-otopark-zemin-boyasi","22":"product_tag-profesyonel-zemin-kaplama","23":"product_tag-rulo-uygulamali-epoksi","24":"product_tag-solvent-bazli-epoksi","25":"product_tag-uretim-alani-zemin-boyasi","26":"product_tag-yapi-kimyasallari","27":"product_tag-yuksek-parlak-epoksi","29":"first","30":"instock","31":"taxable","32":"shipping-taxable","33":"purchasable","34":"product-type-variable"},"yoast_head":"<!-- This site is optimized with the Yoast SEO Premium plugin v20.2.1 (Yoast SEO v20.2.1) - https:\/\/yoast.com\/wordpress\/plugins\/seo\/ -->\n<title>763 EPK Epoksi Boya<\/title>\n<meta name=\"description\" content=\"763 EPK epoksi zemin boyas\u0131, iki bile\u015fenli solvent bazl\u0131 son kat kaplamad\u0131r. Y\u00fcksek parlakl\u0131k, a\u015f\u0131nma ve a\u011f\u0131r trafi\u011fe dayan\u0131m sa\u011flar.\" \/>\n<meta name=\"robots\" content=\"index, follow, max-snippet:-1, max-image-preview:large, max-video-preview:-1\" \/>\n<link rel=\"canonical\" href=\"https:\/\/dolphinfix.com.tr\/eticaret\/urun\/763-epk-boya-dolphin-epoksi-solventli-boya-takim\/\" \/>\n<meta property=\"og:locale\" content=\"tr_TR\" \/>\n<meta property=\"og:type\" content=\"article\" \/>\n<meta property=\"og:title\" content=\"763 - EPK BOYA - DOLPHIN EPOKSI SOLVENTLI BOYA TAKIM\" \/>\n<meta property=\"og:description\" content=\"763 EPK epoksi zemin boyas\u0131, iki bile\u015fenli solvent bazl\u0131 son kat kaplamad\u0131r. Y\u00fcksek parlakl\u0131k, a\u015f\u0131nma ve a\u011f\u0131r trafi\u011fe dayan\u0131m sa\u011flar.\" \/>\n<meta property=\"og:url\" content=\"https:\/\/dolphinfix.com.tr\/eticaret\/urun\/763-epk-boya-dolphin-epoksi-solventli-boya-takim\/\" \/>\n<meta property=\"og:site_name\" content=\"Dolphinfix\" \/>\n<meta property=\"article:modified_time\" content=\"2026-03-05T21:52:50+00:00\" \/>\n<meta property=\"og:image\" content=\"https:\/\/dolphinfix.com.tr\/eticaret\/wp-content\/uploads\/2026\/03\/763-SOLVENTLI-EPOKSI-BOYA-A-KOMP.-PNG-1000X1000.png\" \/>\n\t<meta property=\"og:image:width\" content=\"1000\" \/>\n\t<meta property=\"og:image:height\" content=\"1000\" \/>\n\t<meta property=\"og:image:type\" content=\"image\/png\" \/>\n<meta name=\"twitter:card\" content=\"summary_large_image\" \/>\n<meta name=\"twitter:label1\" content=\"Tahmini okuma s\u00fcresi\" \/>\n\t<meta name=\"twitter:data1\" content=\"2 dakika\" \/>\n<script type=\"application\/ld+json\" class=\"yoast-schema-graph\">{\"@context\":\"https:\/\/schema.org\",\"@graph\":[{\"@type\":\"WebPage\",\"@id\":\"https:\/\/dolphinfix.com.tr\/eticaret\/urun\/763-epk-boya-dolphin-epoksi-solventli-boya-takim\/\",\"url\":\"https:\/\/dolphinfix.com.tr\/eticaret\/urun\/763-epk-boya-dolphin-epoksi-solventli-boya-takim\/\",\"name\":\"763 EPK Epoksi Boya\",\"isPartOf\":{\"@id\":\"https:\/\/dolphinfix.com.tr\/eticaret\/#website\"},\"datePublished\":\"2026-03-05T18:57:12+00:00\",\"dateModified\":\"2026-03-05T21:52:50+00:00\",\"description\":\"763 EPK epoksi zemin boyas\u0131, iki bile\u015fenli solvent bazl\u0131 son kat kaplamad\u0131r. Y\u00fcksek parlakl\u0131k, a\u015f\u0131nma ve a\u011f\u0131r trafi\u011fe dayan\u0131m sa\u011flar.\",\"breadcrumb\":{\"@id\":\"https:\/\/dolphinfix.com.tr\/eticaret\/urun\/763-epk-boya-dolphin-epoksi-solventli-boya-takim\/#breadcrumb\"},\"inLanguage\":\"tr\",\"potentialAction\":[{\"@type\":\"ReadAction\",\"target\":[\"https:\/\/dolphinfix.com.tr\/eticaret\/urun\/763-epk-boya-dolphin-epoksi-solventli-boya-takim\/\"]}]},{\"@type\":\"BreadcrumbList\",\"@id\":\"https:\/\/dolphinfix.com.tr\/eticaret\/urun\/763-epk-boya-dolphin-epoksi-solventli-boya-takim\/#breadcrumb\",\"itemListElement\":[{\"@type\":\"ListItem\",\"position\":1,\"name\":\"Home\",\"item\":\"https:\/\/dolphinfix.com.tr\/eticaret\/\"},{\"@type\":\"ListItem\",\"position\":2,\"name\":\"Market\",\"item\":\"https:\/\/dolphinfix.com.tr\/eticaret\/market\/\"},{\"@type\":\"ListItem\",\"position\":3,\"name\":\"763 &#8211; EPK BOYA &#8211; DOLPHIN EPOKSI SOLVENTLI BOYA TAKIM\"}]},{\"@type\":\"WebSite\",\"@id\":\"https:\/\/dolphinfix.com.tr\/eticaret\/#website\",\"url\":\"https:\/\/dolphinfix.com.tr\/eticaret\/\",\"name\":\"Dolphinfix\",\"description\":\"\",\"potentialAction\":[{\"@type\":\"SearchAction\",\"target\":{\"@type\":\"EntryPoint\",\"urlTemplate\":\"https:\/\/dolphinfix.com.tr\/eticaret\/?s={search_term_string}\"},\"query-input\":\"required name=search_term_string\"}],\"inLanguage\":\"tr\"}]}<\/script>\n<!-- \/ Yoast SEO Premium plugin. -->","yoast_head_json":{"title":"763 EPK Epoksi Boya","description":"763 EPK epoksi zemin boyas\u0131, iki bile\u015fenli solvent bazl\u0131 son kat kaplamad\u0131r. Y\u00fcksek parlakl\u0131k, a\u015f\u0131nma ve a\u011f\u0131r trafi\u011fe dayan\u0131m sa\u011flar.","robots":{"index":"index","follow":"follow","max-snippet":"max-snippet:-1","max-image-preview":"max-image-preview:large","max-video-preview":"max-video-preview:-1"},"canonical":"https:\/\/dolphinfix.com.tr\/eticaret\/urun\/763-epk-boya-dolphin-epoksi-solventli-boya-takim\/","og_locale":"tr_TR","og_type":"article","og_title":"763 - EPK BOYA - DOLPHIN EPOKSI SOLVENTLI BOYA TAKIM","og_description":"763 EPK epoksi zemin boyas\u0131, iki bile\u015fenli solvent bazl\u0131 son kat kaplamad\u0131r. Y\u00fcksek parlakl\u0131k, a\u015f\u0131nma ve a\u011f\u0131r trafi\u011fe dayan\u0131m sa\u011flar.","og_url":"https:\/\/dolphinfix.com.tr\/eticaret\/urun\/763-epk-boya-dolphin-epoksi-solventli-boya-takim\/","og_site_name":"Dolphinfix","article_modified_time":"2026-03-05T21:52:50+00:00","og_image":[{"width":1000,"height":1000,"url":"https:\/\/dolphinfix.com.tr\/eticaret\/wp-content\/uploads\/2026\/03\/763-SOLVENTLI-EPOKSI-BOYA-A-KOMP.-PNG-1000X1000.png","type":"image\/png"}],"twitter_card":"summary_large_image","twitter_misc":{"Tahmini okuma s\u00fcresi":"2 dakika"},"schema":{"@context":"https:\/\/schema.org","@graph":[{"@type":"WebPage","@id":"https:\/\/dolphinfix.com.tr\/eticaret\/urun\/763-epk-boya-dolphin-epoksi-solventli-boya-takim\/","url":"https:\/\/dolphinfix.com.tr\/eticaret\/urun\/763-epk-boya-dolphin-epoksi-solventli-boya-takim\/","name":"763 EPK Epoksi Boya","isPartOf":{"@id":"https:\/\/dolphinfix.com.tr\/eticaret\/#website"},"datePublished":"2026-03-05T18:57:12+00:00","dateModified":"2026-03-05T21:52:50+00:00","description":"763 EPK epoksi zemin boyas\u0131, iki bile\u015fenli solvent bazl\u0131 son kat kaplamad\u0131r. Y\u00fcksek parlakl\u0131k, a\u015f\u0131nma ve a\u011f\u0131r trafi\u011fe dayan\u0131m sa\u011flar.","breadcrumb":{"@id":"https:\/\/dolphinfix.com.tr\/eticaret\/urun\/763-epk-boya-dolphin-epoksi-solventli-boya-takim\/#breadcrumb"},"inLanguage":"tr","potentialAction":[{"@type":"ReadAction","target":["https:\/\/dolphinfix.com.tr\/eticaret\/urun\/763-epk-boya-dolphin-epoksi-solventli-boya-takim\/"]}]},{"@type":"BreadcrumbList","@id":"https:\/\/dolphinfix.com.tr\/eticaret\/urun\/763-epk-boya-dolphin-epoksi-solventli-boya-takim\/#breadcrumb","itemListElement":[{"@type":"ListItem","position":1,"name":"Home","item":"https:\/\/dolphinfix.com.tr\/eticaret\/"},{"@type":"ListItem","position":2,"name":"Market","item":"https:\/\/dolphinfix.com.tr\/eticaret\/market\/"},{"@type":"ListItem","position":3,"name":"763 &#8211; EPK BOYA &#8211; DOLPHIN EPOKSI SOLVENTLI BOYA TAKIM"}]},{"@type":"WebSite","@id":"https:\/\/dolphinfix.com.tr\/eticaret\/#website","url":"https:\/\/dolphinfix.com.tr\/eticaret\/","name":"Dolphinfix","description":"","potentialAction":[{"@type":"SearchAction","target":{"@type":"EntryPoint","urlTemplate":"https:\/\/dolphinfix.com.tr\/eticaret\/?s={search_term_string}"},"query-input":"required name=search_term_string"}],"inLanguage":"tr"}]}},"_links":{"self":[{"href":"https:\/\/dolphinfix.com.tr\/eticaret\/wp-json\/wp\/v2\/product\/20127","targetHints":{"allow":["GET"]}}],"collection":[{"href":"https:\/\/dolphinfix.com.tr\/eticaret\/wp-json\/wp\/v2\/product"}],"about":[{"href":"https:\/\/dolphinfix.com.tr\/eticaret\/wp-json\/wp\/v2\/types\/product"}],"replies":[{"embeddable":true,"href":"https:\/\/dolphinfix.com.tr\/eticaret\/wp-json\/wp\/v2\/comments?post=20127"}],"version-history":[{"count":1,"href":"https:\/\/dolphinfix.com.tr\/eticaret\/wp-json\/wp\/v2\/product\/20127\/revisions"}],"predecessor-version":[{"id":20137,"href":"https:\/\/dolphinfix.com.tr\/eticaret\/wp-json\/wp\/v2\/product\/20127\/revisions\/20137"}],"wp:featuredmedia":[{"embeddable":true,"href":"https:\/\/dolphinfix.com.tr\/eticaret\/wp-json\/wp\/v2\/media\/20132"}],"wp:attachment":[{"href":"https:\/\/dolphinfix.com.tr\/eticaret\/wp-json\/wp\/v2\/media?parent=20127"}],"wp:term":[{"taxonomy":"product_cat","embeddable":true,"href":"https:\/\/dolphinfix.com.tr\/eticaret\/wp-json\/wp\/v2\/product_cat?post=20127"},{"taxonomy":"product_tag","embeddable":true,"href":"https:\/\/dolphinfix.com.tr\/eticaret\/wp-json\/wp\/v2\/product_tag?post=20127"}],"curies":[{"name":"wp","href":"https:\/\/api.w.org\/{rel}","templated":true}]}}