{"id":20139,"date":"2026-03-06T01:14:36","date_gmt":"2026-03-05T22:14:36","guid":{"rendered":"https:\/\/dolphinfix.com.tr\/eticaret\/?post_type=product&#038;p=20139"},"modified":"2026-03-06T01:16:40","modified_gmt":"2026-03-05T22:16:40","slug":"764-epk-epoksi-kaplama","status":"publish","type":"product","link":"https:\/\/dolphinfix.com.tr\/eticaret\/urun\/764-epk-epoksi-kaplama\/","title":{"rendered":"764 &#8211; EPK BOYA &#8211; DOLPH\u0130N EPOKS\u0130 SOLVENTS\u0130Z (ASTAR GEREKT\u0130RMEYEN) KAPLAMA TAKIM"},"content":{"rendered":"<p><span style=\"color: #ff0000;\"><strong>** PALET F\u0130YATLARI \u0130\u00c7\u0130N \u0130LET\u0130\u015e\u0130ME GE\u00c7\u0130N\u0130Z.**<\/strong><\/span><\/p>\n<h3><span style=\"color: #c61016;\">\u00dcR\u00dcN B\u0130LG\u0130LER\u0130 ;<\/span><\/h3>\n<p><span style=\"color: #000000;\"><strong>TANIMI : <\/strong>764 &#8211; EPK BOYA , Bu \u00fcr\u00fcn,i\u00e7me suyu depolar\u0131, i\u00e7me suyu boru hatlar\u0131 ve hatlar\u0131nda ve otopark zeminlerinde kullan\u0131lmak \u00fczere \u00f6zel olarak gelistirilmis,iki bilesenli, solvent i\u00e7ermeyen, bir epoksi kaplamad\u0131r. Atmosferik ve su alt\u0131 ortamlarda hem astar hem de son kat olarak uygulanabilen kaplama, uygun sekilde haz\u0131rlanm\u0131s karbon \u00e7eligi, paslanmaz \u00e7elik,<\/span><br \/>\n<span style=\"color: #000000;\">al\u00fcminyum, kompozit ve beton y\u00fczeylere y\u00fcksek yap\u0131sma saglar.<\/span><\/p>\n<p><span style=\"color: #000000;\"><strong>KULLANIM ALANLARI;<\/strong><\/span><br \/>\n<span style=\"color: #000000;\">\u2022I\u00e7me suyu depolar\u0131 ve borular\u0131 ; i\u00e7me suyu depolamas\u0131 i\u00e7in test edilmis ve onayl\u0131 kaplama.<\/span><br \/>\n<span style=\"color: #000000;\">\u2022Y\u00fcksek trafik ve ag\u0131r y\u00fck alanlar\u0131 ;yaga ve as\u0131nmaya kars\u0131 y\u00fcksek diren\u00e7 gerektiren y\u00fczeyler.<\/span><br \/>\n<span style=\"color: #000000;\">\u2022End\u00fcstriyel y\u00fczeyler ; fabrika zeminleri, \u00fcretim alanlar\u0131.<\/span><br \/>\n<span style=\"color: #000000;\">\u2022Depolama odalar\u0131 ; kuru g\u0131da,malzeme veya ekipma depolar\u0131.<\/span><br \/>\n<span style=\"color: #000000;\">\u2022Garaj zeminleri \u2013 ara\u00e7 trafigine dayan\u0131kl\u0131 kaplamalar.<\/span><br \/>\n<span style=\"color: #000000;\">\u2022Yaya alanlar\u0131 \u2013 i\u00e7 ve d\u0131s mek\u00e2n y\u00fcr\u00fcme yollar\u0131.<\/span><br \/>\n<span style=\"color: #000000;\">\u2022Teknik merkezler \u2013 kontrol odalar\u0131, ekipman odalar\u0131.<\/span><\/p>\n<p><span style=\"color: #000000;\"><strong>\u00dcR\u00dcN \u00d6ZELL\u0130KLER\u0130<\/strong><\/span><br \/>\n<span style=\"color: #000000;\">\u2022Solvent i\u00e7ermez ve az kokuludur.<\/span><br \/>\n<span style=\"color: #000000;\">\u2022Otopark zeminlerinde kullan\u0131ma uygundur.<\/span><br \/>\n<span style=\"color: #000000;\">\u2022I\u00e7me suyu depolar\u0131 ve i\u00e7me suyu borular\u0131nda kullan\u0131ma uygundur.<\/span><br \/>\n<span style=\"color: #000000;\">\u2022Y\u00fcksek bas\u0131n\u00e7 dayan\u0131m\u0131na sahiptir.<\/span><br \/>\n<span style=\"color: #000000;\">\u2022M\u00fckemmel as\u0131nma, darbelere ve y\u0131pranmaya kars\u0131 diren\u00e7lidir.<\/span><br \/>\n<span style=\"color: #000000;\">\u2022M\u00fckemmel asit ve alkali direncine sahiptir.<\/span><br \/>\n<span style=\"color: #000000;\">\u2022M\u00fckemmel su direnci sunar.<\/span><br \/>\n<span style=\"color: #000000;\">\u2022Tozsuz, temizligi ve bak\u0131m\u0131 kolayd\u0131r.<\/span><br \/>\n<span style=\"color: #000000;\">\u2022Kaymaz sistem olarak tasarlanabilir.<\/span><\/p>\n<p><span style=\"color: #000000;\"><strong>TEKN\u0130K \u00d6ZELL\u0130KLER;<\/strong><\/span><br \/>\n<span style=\"color: #000000;\">\u2022Renk: Mavi<\/span><br \/>\n<span style=\"color: #000000;\">\u2022Uygulama S\u0131cakl\u0131g\u0131: Ortam, y\u00fczey ve malzeme s\u0131cakl\u0131g\u0131 +10\u00b0C ile +35\u00b0C aras\u0131nda olmal\u0131d\u0131r.<\/span><br \/>\n<span style=\"color: #000000;\">\u2022Yogunluk: 1,43 \u00b1 0,05 g\/cm\u00b3 @ 28\u00b0C<\/span><br \/>\n<span style=\"color: #000000;\">\u2022Viskozite: ~1000\u20132000 mPa\u00b7s @ 28\u00b0C<\/span><br \/>\n<span style=\"color: #000000;\">\u2022Sertlik: Shore D &gt; 78 (ASTM D2240)<\/span><br \/>\n<span style=\"color: #000000;\">\u2022Yap\u0131sma mukavemeti : 1,4 N\/mm\u00b2 (ASTM D4541)<\/span><br \/>\n<span style=\"color: #000000;\">\u2022Tehlikeli Maddeler: G\u00fcvenlik bilgi f\u00f6y\u00fcne bak\u0131n\u0131z.<\/span><\/p>\n<p><span style=\"color: #000000;\"><strong>UYGULAMA B\u0130LG\u0130S\u0130<\/strong><\/span><br \/>\n<span style=\"color: #000000;\"><strong>Y\u00dcZEY HAZIRLI\u011eI<\/strong><\/span><br \/>\n<span style=\"color: #000000;\">Kaplaman\u0131n uygulama \u00f6ncesinde y\u00fczeyin uygun sekilde haz\u0131rlanmas\u0131 gerekir. Y\u00fczey, yag, kir, toz, tuz, eski boya veya gevsek par\u00e7alar gibi yabanc\u0131 maddelerden ar\u0131nd\u0131r\u0131lmal\u0131; beton y\u00fczeyler taslanarak veya frezelenerek p\u00fcr\u00fczlendirilmelidir.\u00c7elik y\u00fczeylerde pas ve eski kaplamalar kumlama ile temizlenmeli, y\u00fczey p\u00fcr\u00fczl\u00fcl\u00fcg\u00fc art\u0131r\u0131lmal\u0131d\u0131r. \u00c7atlaklar ve bosluklar uygun epoksi tamir harc\u0131 ile doldurulmal\u0131, y\u00fczey tozdan ar\u0131nd\u0131r\u0131lm\u0131s ve tamamen kuru olmal\u0131d\u0131r.<\/span><\/p>\n<p><span style=\"color: #000000;\"><strong>UYGULAMA<\/strong><\/span><br \/>\n<span style=\"color: #000000;\">Bir \u00f6nceki kat\u0131n \u00fczerine yeni kaplama uygulamas\u0131, ideal olarak 1 g\u00fcn i\u00e7inde yap\u0131lmal\u0131d\u0131r. Ancak, kaplaman\u0131n y\u00fczeyinin \u00fczerine kat uygulanabilmesi i\u00e7in en az 6 saat kuruma s\u00fcresi ge\u00e7mesi gerekmektedir. Bu s\u00fcre, y\u00fczeyin yeterli sekilde sertlesmesini ve bir sonraki kat\u0131n aderans\u0131n\u0131 g\u00fcvence alt\u0131na al\u0131r. Yeni kat uygulamas\u0131, bu minimum bekleme s\u00fcresinin tamamlanmas\u0131n\u0131n ard\u0131ndan m\u00fcmk\u00fcn olan en k\u0131sa zamanda ger\u00e7eklestirilmelidir. Bu yaklas\u0131m, hem katlar aras\u0131 m\u00fckemmel yap\u0131smay\u0131 saglar hem de kaplaman\u0131n performans\u0131n\u0131 ve dayan\u0131kl\u0131l\u0131g\u0131n\u0131 art\u0131r\u0131r. \u00c7ift<\/span><br \/>\n<span style=\"color: #000000;\">kat uygulanmal\u0131d\u0131r.<\/span><\/p>\n<p><span style=\"color: #000000;\"><strong>\u0130\u00c7ME SUYU DEPOLARI \u0130\u00c7\u0130N YIKAMA PROSED\u00dcRLER\u0130<\/strong><\/span><br \/>\n<span style=\"color: #000000;\">\u2022Kaplama tamamen k\u00fcrlendikten sonra tank, i\u00e7me suyu i\u00e7in kullan\u0131lmadan \u00f6nce iyi temizlenmelidir.<\/span><br \/>\n<span style=\"color: #000000;\">\u2022Asag\u0131daki y\u00f6ntemlerden biri uygulanabilir:<\/span><br \/>\n<span style=\"color: #000000;\">*Y\u00fcksek bas\u0131n\u00e7l\u0131 tatl\u0131 su ile y\u0131kama (minimum 30\u00b0C)<\/span><br \/>\n<span style=\"color: #000000;\">*Buharl\u0131 temizlik<\/span><br \/>\n<span style=\"color: #000000;\">*Manuel y\u0131kama, \u0131l\u0131k su ve alkali deterjan ile; ard\u0131ndan tank y\u00fczeyleri temiz tatl\u0131 su ile durulanmal\u0131d\u0131r.<\/span><br \/>\n<span style=\"color: #000000;\">\u2022Il\u0131k su ile y\u0131kama yap\u0131lacaksa:<\/span><br \/>\n<span style=\"color: #000000;\">*Tank 7 g\u00fcn boyunca 23\u00b0C\u2019de tutulmal\u0131d\u0131r<\/span><br \/>\n<span style=\"color: #000000;\">*\u00c7elik y\u00fczey, 4 saat boyunca 50\u00b0C \u00b1 2\u00b0C\u2019ye kadar \u0131s\u0131t\u0131lmal\u0131d\u0131r<\/span><br \/>\n<span style=\"color: #000000;\">\u2022Y\u0131kama tamamland\u0131ktan sonra, tank pompa ile bosalt\u0131lmal\u0131, kalan su ise havlu veya pa\u00e7avra ile temizlenmelidir.<\/span><br \/>\n<span style=\"color: #000000;\">\u2022Buharlasma yaln\u0131zca kalan kirleticileri yogunlast\u0131r\u0131r; bu nedenle y\u00fczeyin tamamen temizlendiginden emin olunmal\u0131d\u0131r.<\/span><\/p>\n<p><span style=\"color: #000000;\"><strong>UYARILAR<\/strong><\/span><br \/>\n<span style=\"color: #000000;\">Uygulama yaparken Nem i\u00e7erigi %4&#8217;\u00fc ge\u00e7memelidir. Ge\u00e7iyorsa ona g\u00f6re uygun ortam saglanmas\u0131 i\u00e7in uygun \u00fcr\u00fcn ile m\u00fcdahale edilmelidir.<\/span><\/p>\n<p><span style=\"color: #000000;\"><strong>AMBALAJ<\/strong><\/span><br \/>\n<span style=\"color: #000000;\">15+5 kg olmak \u00fczere \u00e7ift kompenantl\u0131. kova<\/span><\/p>\n<p><span style=\"color: #000000;\"><strong>SARFIYAT<\/strong> : 500 gr.\/m2 \/kat<\/span><\/p>\n<p><span style=\"color: #000000;\"><strong>RAF \u00d6MR\u00dc<\/strong><\/span><br \/>\n<span style=\"color: #000000;\">6-12 ay (kuru, serin ve uygun kosullarda sakland\u0131g\u0131nda<\/span><\/p>\n<p><span style=\"color: #000000;\"><strong>DEPOLAMA \u015eARTLARI<\/strong><\/span><br \/>\n<span style=\"color: #000000;\">\u00dcr\u00fcn, kuru, serin ve iyi havaland\u0131r\u0131lan 5\u201335\u00b0C aras\u0131nda bir yerde saklanmal\u0131d\u0131r.Donma ve as\u0131r\u0131 s\u0131cakl\u0131klardan korunmal\u0131d\u0131r.<\/span><\/p>\n","protected":false},"excerpt":{"rendered":"<p><span style=\"color: #000000;\"><a style=\"color: #000000;\" href=\"https:\/\/dolphinfix.com.tr\/eticaret\/wp-content\/uploads\/2026\/03\/764-SOLVENTSIZ-ASTARSIZ-EPOKSI-BOYA-TDS.pdf\" target=\"_blank\" rel=\"noopener\">TDS Belgesini \u0130ndirmek \u0130\u00e7in T\u0131klay\u0131n\u0131z<br \/>\n<\/a><\/span><span style=\"color: #000000;\"><a style=\"color: #000000;\" href=\"#\" target=\"_blank\" rel=\"noopener\">CE Belgesini \u0130ndirmek \u0130\u00e7in T\u0131klay\u0131n\u0131z<\/a><\/span><\/p>\n","protected":false},"featured_media":20144,"comment_status":"open","ping_status":"closed","template":"","meta":{"_joinchat":[]},"product_cat":[1269,83],"product_tag":[1603,1591,1580,1597,794,1590,1599,1600,1261,1598,1596,1593,1592,1256,1595,1602,1238,1594,1553,1601],"class_list":{"0":"post-20139","1":"product","2":"type-product","3":"status-publish","4":"has-post-thumbnail","6":"product_cat-epoksi-esasli-su-yalitim-cozumleri","7":"product_cat-su-yalitim-cozumleri","8":"product_tag-20-kg-epoksi-kaplama","9":"product_tag-764-epk-boya","10":"product_tag-agir-trafik-zemin-kaplama","11":"product_tag-beton-zemin-epoksi","12":"product_tag-endustriyel-zemin-kaplama","13":"product_tag-epoksi-kaplama","14":"product_tag-epoksi-su-yalitim-kaplama","15":"product_tag-epoksi-tank-kaplama","16":"product_tag-epoksi-zemin-kaplama","17":"product_tag-fabrika-zemin-kaplama","18":"product_tag-garaj-zemin-epoksi","19":"product_tag-icme-suyu-deposu-epoksi","20":"product_tag-iki-bilesenli-epoksi-kaplama","21":"product_tag-mavi-epoksi-boya","22":"product_tag-otopark-zemin-kaplama","23":"product_tag-profesyonel-epoksi-kaplama","24":"product_tag-solventsiz-epoksi","25":"product_tag-su-deposu-kaplama","26":"product_tag-yapi-kimyasallari","27":"product_tag-yuksek-dayanimli-epoksi","29":"first","30":"instock","31":"taxable","32":"shipping-taxable","33":"purchasable","34":"product-type-variable"},"yoast_head":"<!-- This site is optimized with the Yoast SEO Premium plugin v20.2.1 (Yoast SEO v20.2.1) - https:\/\/yoast.com\/wordpress\/plugins\/seo\/ -->\n<title>764 EPK Epoksi Kaplama | \u0130\u00e7me Suyu Deposu Otopark Epoksi<\/title>\n<meta name=\"description\" content=\"764 EPK epoksi kaplama, solvent i\u00e7ermeyen iki bile\u015fenli zemin kaplamas\u0131d\u0131r. \u0130\u00e7me suyu depolar\u0131, otoparklar ve end\u00fcstriyel zeminlerde y\u00fcksek dayan\u0131m sa\u011flar.\" \/>\n<meta name=\"robots\" content=\"index, follow, max-snippet:-1, max-image-preview:large, max-video-preview:-1\" \/>\n<link rel=\"canonical\" href=\"https:\/\/dolphinfix.com.tr\/eticaret\/urun\/764-epk-epoksi-kaplama\/\" \/>\n<meta property=\"og:locale\" content=\"tr_TR\" \/>\n<meta property=\"og:type\" content=\"article\" \/>\n<meta property=\"og:title\" content=\"764 - EPK BOYA - DOLPH\u0130N EPOKS\u0130 SOLVENTS\u0130Z (ASTAR GEREKT\u0130RMEYEN) KAPLAMA TAKIM\" \/>\n<meta property=\"og:description\" content=\"764 EPK epoksi kaplama, solvent i\u00e7ermeyen iki bile\u015fenli zemin kaplamas\u0131d\u0131r. \u0130\u00e7me suyu depolar\u0131, otoparklar ve end\u00fcstriyel zeminlerde y\u00fcksek dayan\u0131m sa\u011flar.\" \/>\n<meta property=\"og:url\" content=\"https:\/\/dolphinfix.com.tr\/eticaret\/urun\/764-epk-epoksi-kaplama\/\" \/>\n<meta property=\"og:site_name\" content=\"Dolphinfix\" \/>\n<meta property=\"article:modified_time\" content=\"2026-03-05T22:16:40+00:00\" \/>\n<meta property=\"og:image\" content=\"https:\/\/dolphinfix.com.tr\/eticaret\/wp-content\/uploads\/2026\/03\/764-BOYA-A-KOMP.-TENEKE-SEFFFAF-PNG-1000X1000.png\" \/>\n\t<meta property=\"og:image:width\" content=\"1000\" \/>\n\t<meta property=\"og:image:height\" content=\"1000\" \/>\n\t<meta property=\"og:image:type\" content=\"image\/png\" \/>\n<meta name=\"twitter:card\" content=\"summary_large_image\" \/>\n<meta name=\"twitter:label1\" content=\"Tahmini okuma s\u00fcresi\" \/>\n\t<meta name=\"twitter:data1\" content=\"4 dakika\" \/>\n<script type=\"application\/ld+json\" class=\"yoast-schema-graph\">{\"@context\":\"https:\/\/schema.org\",\"@graph\":[{\"@type\":\"WebPage\",\"@id\":\"https:\/\/dolphinfix.com.tr\/eticaret\/urun\/764-epk-epoksi-kaplama\/\",\"url\":\"https:\/\/dolphinfix.com.tr\/eticaret\/urun\/764-epk-epoksi-kaplama\/\",\"name\":\"764 EPK Epoksi Kaplama | \u0130\u00e7me Suyu Deposu Otopark Epoksi\",\"isPartOf\":{\"@id\":\"https:\/\/dolphinfix.com.tr\/eticaret\/#website\"},\"datePublished\":\"2026-03-05T22:14:36+00:00\",\"dateModified\":\"2026-03-05T22:16:40+00:00\",\"description\":\"764 EPK epoksi kaplama, solvent i\u00e7ermeyen iki bile\u015fenli zemin kaplamas\u0131d\u0131r. \u0130\u00e7me suyu depolar\u0131, otoparklar ve end\u00fcstriyel zeminlerde y\u00fcksek dayan\u0131m sa\u011flar.\",\"breadcrumb\":{\"@id\":\"https:\/\/dolphinfix.com.tr\/eticaret\/urun\/764-epk-epoksi-kaplama\/#breadcrumb\"},\"inLanguage\":\"tr\",\"potentialAction\":[{\"@type\":\"ReadAction\",\"target\":[\"https:\/\/dolphinfix.com.tr\/eticaret\/urun\/764-epk-epoksi-kaplama\/\"]}]},{\"@type\":\"BreadcrumbList\",\"@id\":\"https:\/\/dolphinfix.com.tr\/eticaret\/urun\/764-epk-epoksi-kaplama\/#breadcrumb\",\"itemListElement\":[{\"@type\":\"ListItem\",\"position\":1,\"name\":\"Home\",\"item\":\"https:\/\/dolphinfix.com.tr\/eticaret\/\"},{\"@type\":\"ListItem\",\"position\":2,\"name\":\"Market\",\"item\":\"https:\/\/dolphinfix.com.tr\/eticaret\/market\/\"},{\"@type\":\"ListItem\",\"position\":3,\"name\":\"764 &#8211; EPK BOYA &#8211; DOLPH\u0130N EPOKS\u0130 SOLVENTS\u0130Z (ASTAR GEREKT\u0130RMEYEN) KAPLAMA TAKIM\"}]},{\"@type\":\"WebSite\",\"@id\":\"https:\/\/dolphinfix.com.tr\/eticaret\/#website\",\"url\":\"https:\/\/dolphinfix.com.tr\/eticaret\/\",\"name\":\"Dolphinfix\",\"description\":\"\",\"potentialAction\":[{\"@type\":\"SearchAction\",\"target\":{\"@type\":\"EntryPoint\",\"urlTemplate\":\"https:\/\/dolphinfix.com.tr\/eticaret\/?s={search_term_string}\"},\"query-input\":\"required name=search_term_string\"}],\"inLanguage\":\"tr\"}]}<\/script>\n<!-- \/ Yoast SEO Premium plugin. -->","yoast_head_json":{"title":"764 EPK Epoksi Kaplama | \u0130\u00e7me Suyu Deposu Otopark Epoksi","description":"764 EPK epoksi kaplama, solvent i\u00e7ermeyen iki bile\u015fenli zemin kaplamas\u0131d\u0131r. \u0130\u00e7me suyu depolar\u0131, otoparklar ve end\u00fcstriyel zeminlerde y\u00fcksek dayan\u0131m sa\u011flar.","robots":{"index":"index","follow":"follow","max-snippet":"max-snippet:-1","max-image-preview":"max-image-preview:large","max-video-preview":"max-video-preview:-1"},"canonical":"https:\/\/dolphinfix.com.tr\/eticaret\/urun\/764-epk-epoksi-kaplama\/","og_locale":"tr_TR","og_type":"article","og_title":"764 - EPK BOYA - DOLPH\u0130N EPOKS\u0130 SOLVENTS\u0130Z (ASTAR GEREKT\u0130RMEYEN) KAPLAMA TAKIM","og_description":"764 EPK epoksi kaplama, solvent i\u00e7ermeyen iki bile\u015fenli zemin kaplamas\u0131d\u0131r. \u0130\u00e7me suyu depolar\u0131, otoparklar ve end\u00fcstriyel zeminlerde y\u00fcksek dayan\u0131m sa\u011flar.","og_url":"https:\/\/dolphinfix.com.tr\/eticaret\/urun\/764-epk-epoksi-kaplama\/","og_site_name":"Dolphinfix","article_modified_time":"2026-03-05T22:16:40+00:00","og_image":[{"width":1000,"height":1000,"url":"https:\/\/dolphinfix.com.tr\/eticaret\/wp-content\/uploads\/2026\/03\/764-BOYA-A-KOMP.-TENEKE-SEFFFAF-PNG-1000X1000.png","type":"image\/png"}],"twitter_card":"summary_large_image","twitter_misc":{"Tahmini okuma s\u00fcresi":"4 dakika"},"schema":{"@context":"https:\/\/schema.org","@graph":[{"@type":"WebPage","@id":"https:\/\/dolphinfix.com.tr\/eticaret\/urun\/764-epk-epoksi-kaplama\/","url":"https:\/\/dolphinfix.com.tr\/eticaret\/urun\/764-epk-epoksi-kaplama\/","name":"764 EPK Epoksi Kaplama | \u0130\u00e7me Suyu Deposu Otopark Epoksi","isPartOf":{"@id":"https:\/\/dolphinfix.com.tr\/eticaret\/#website"},"datePublished":"2026-03-05T22:14:36+00:00","dateModified":"2026-03-05T22:16:40+00:00","description":"764 EPK epoksi kaplama, solvent i\u00e7ermeyen iki bile\u015fenli zemin kaplamas\u0131d\u0131r. \u0130\u00e7me suyu depolar\u0131, otoparklar ve end\u00fcstriyel zeminlerde y\u00fcksek dayan\u0131m sa\u011flar.","breadcrumb":{"@id":"https:\/\/dolphinfix.com.tr\/eticaret\/urun\/764-epk-epoksi-kaplama\/#breadcrumb"},"inLanguage":"tr","potentialAction":[{"@type":"ReadAction","target":["https:\/\/dolphinfix.com.tr\/eticaret\/urun\/764-epk-epoksi-kaplama\/"]}]},{"@type":"BreadcrumbList","@id":"https:\/\/dolphinfix.com.tr\/eticaret\/urun\/764-epk-epoksi-kaplama\/#breadcrumb","itemListElement":[{"@type":"ListItem","position":1,"name":"Home","item":"https:\/\/dolphinfix.com.tr\/eticaret\/"},{"@type":"ListItem","position":2,"name":"Market","item":"https:\/\/dolphinfix.com.tr\/eticaret\/market\/"},{"@type":"ListItem","position":3,"name":"764 &#8211; EPK BOYA &#8211; DOLPH\u0130N EPOKS\u0130 SOLVENTS\u0130Z (ASTAR GEREKT\u0130RMEYEN) KAPLAMA TAKIM"}]},{"@type":"WebSite","@id":"https:\/\/dolphinfix.com.tr\/eticaret\/#website","url":"https:\/\/dolphinfix.com.tr\/eticaret\/","name":"Dolphinfix","description":"","potentialAction":[{"@type":"SearchAction","target":{"@type":"EntryPoint","urlTemplate":"https:\/\/dolphinfix.com.tr\/eticaret\/?s={search_term_string}"},"query-input":"required name=search_term_string"}],"inLanguage":"tr"}]}},"_links":{"self":[{"href":"https:\/\/dolphinfix.com.tr\/eticaret\/wp-json\/wp\/v2\/product\/20139","targetHints":{"allow":["GET"]}}],"collection":[{"href":"https:\/\/dolphinfix.com.tr\/eticaret\/wp-json\/wp\/v2\/product"}],"about":[{"href":"https:\/\/dolphinfix.com.tr\/eticaret\/wp-json\/wp\/v2\/types\/product"}],"replies":[{"embeddable":true,"href":"https:\/\/dolphinfix.com.tr\/eticaret\/wp-json\/wp\/v2\/comments?post=20139"}],"version-history":[{"count":2,"href":"https:\/\/dolphinfix.com.tr\/eticaret\/wp-json\/wp\/v2\/product\/20139\/revisions"}],"predecessor-version":[{"id":20149,"href":"https:\/\/dolphinfix.com.tr\/eticaret\/wp-json\/wp\/v2\/product\/20139\/revisions\/20149"}],"wp:featuredmedia":[{"embeddable":true,"href":"https:\/\/dolphinfix.com.tr\/eticaret\/wp-json\/wp\/v2\/media\/20144"}],"wp:attachment":[{"href":"https:\/\/dolphinfix.com.tr\/eticaret\/wp-json\/wp\/v2\/media?parent=20139"}],"wp:term":[{"taxonomy":"product_cat","embeddable":true,"href":"https:\/\/dolphinfix.com.tr\/eticaret\/wp-json\/wp\/v2\/product_cat?post=20139"},{"taxonomy":"product_tag","embeddable":true,"href":"https:\/\/dolphinfix.com.tr\/eticaret\/wp-json\/wp\/v2\/product_tag?post=20139"}],"curies":[{"name":"wp","href":"https:\/\/api.w.org\/{rel}","templated":true}]}}