{"id":20160,"date":"2026-03-06T01:56:17","date_gmt":"2026-03-05T22:56:17","guid":{"rendered":"https:\/\/dolphinfix.com.tr\/eticaret\/?post_type=product&#038;p=20160"},"modified":"2026-03-06T16:40:27","modified_gmt":"2026-03-06T13:40:27","slug":"502-bentonit-su-tutucu-bant","status":"publish","type":"product","link":"https:\/\/dolphinfix.com.tr\/eticaret\/urun\/502-bentonit-su-tutucu-bant\/","title":{"rendered":"502-BENTONIT BANT &#8211; BENTONIT ESASLI SU ILE SISEN BANT (5*20)"},"content":{"rendered":"<p><span style=\"color: #ff0000;\"><strong>** PALET F\u0130YATLARI \u0130\u00c7\u0130N \u0130LET\u0130\u015e\u0130ME GE\u00c7\u0130N\u0130Z.**<\/strong><\/span><\/p>\n<h3><span style=\"color: #c61016;\">\u00dcR\u00dcN B\u0130LG\u0130LER\u0130 ;<\/span><\/h3>\n<p><span style=\"color: #000000;\"><strong>TANIMI : <\/strong>502-BENTONIT BANT , sodyum bentonit ve butil kau\u00e7uk esasl\u0131 su ile temas ettiginde genlesen su tutucu derz band\u0131d\u0131r. Su ile temas\u0131nda hacim olarak %300\u2019e kadar genlesir, kuru ortamda tekrar eski h\u00e2line d\u00f6ner.<\/span><\/p>\n<p><span style=\"color: #000000;\"><strong>KULLANIM ALANLARI<\/strong><\/span><br \/>\n<span style=\"color: #000000;\">\u2022I\u00e7 ve d\u0131s mekanlarda,<\/span><br \/>\n<span style=\"color: #000000;\">\u2022Havuzlarda, su depolar\u0131nda, ar\u0131tma tesislerinde,<\/span><br \/>\n<span style=\"color: #000000;\">\u2022Temel-perde birlesimlerinde,<\/span><br \/>\n<span style=\"color: #000000;\">\u2022R\u00f6garlarda,<\/span><br \/>\n<span style=\"color: #000000;\">\u2022Boru giris-\u00e7\u0131k\u0131slar\u0131nda,<\/span><br \/>\n<span style=\"color: #000000;\">\u2022Kablo kanallar\u0131ndaki insaat derzlerinde,<\/span><br \/>\n<span style=\"color: #000000;\">\u2022T\u00fcnel segmentlerinde,<\/span><br \/>\n<span style=\"color: #000000;\">\u2022Eski ve yeni betonlar\u0131n birlesim yerlerinde,<\/span><br \/>\n<span style=\"color: #000000;\">\u2022Insaat derzlerinde kullan\u0131l\u0131r.<\/span><\/p>\n<p><span style=\"color: #000000;\"><strong>\u00dcR\u00dcN \u00d6ZELL\u0130KLER\u0130<\/strong><\/span><br \/>\n<span style=\"color: #000000;\">\u2022Ek yerlerinde kaynak gerektirmez.<\/span><br \/>\n<span style=\"color: #000000;\">\u2022Makas ve maket b\u0131\u00e7ag\u0131yla kolayl\u0131kla kesilebilir.<\/span><br \/>\n<span style=\"color: #000000;\">\u2022Donma ve \u00e7\u00f6z\u00fclmeden etkilenmez.<\/span><br \/>\n<span style=\"color: #000000;\">\u2022Oksitlenme ve korozyona kars\u0131 dayan\u0131kl\u0131d\u0131r.<\/span><\/p>\n<p><span style=\"color: #000000;\"><strong>TEKNIK \u00d6ZELL\u0130KLER<\/strong><\/span><br \/>\n<span style=\"color: #000000;\">7 g\u00fcn sonunda<\/span><br \/>\n<span style=\"color: #000000;\">TEST\u00a0 \u00a0 \u00a0 \u00a0 \u00a0 \u00a0 \u00a0 \u00a0 \u00a0 \u00a0 \u00a0 \u00a0 \u00a0 \u00a0 \u00a0 \u00a0 \u00a0 \u00a0STANDART\u00a0 \u00a0 \u00a0 \u00a0DEGER<\/span><br \/>\n<span style=\"color: #000000;\">genlesme oran\u0131\u00a0 \u00a0 \u00a0 \u00a0 \u00a0 \u00a0 \u00a0 \u00a0 \u00a0DIN 73521\u00a0 \u00a0 \u00a0 \u00a0 \u00a0200%<\/span><br \/>\n<span style=\"color: #000000;\">Su bas\u0131n\u00e7 dayan\u0131m\u0131\u00a0 \u00a0 \u00a0 \u00a0 \u00a0 \u00a0 \u00a0 \u00a0&#8211;\u00a0 \u00a0 \u00a0 \u00a0 \u00a0 \u00a0 \u00a0 \u00a0 \u00a0 5 bar \/ 50m<\/span><br \/>\n<span style=\"color: #000000;\">Uygulama s\u0131cakl\u0131g\u0131\u00a0 \u00a0 \u00a0 \u00a0 \u00a0 \u00a0 \u00a0 \u00a0 &#8211;\u00a0 \u00a0 \u00a0 \u00a0 \u00a0 \u00a0 \u00a0 \u00a0 \u00a0-20\u00b0C \/ 50\u00b0C<\/span><br \/>\n<span style=\"color: #000000;\">Test suyu sertligi (CaCO3)\u00a0 \u00a0&#8211;\u00a0 \u00a0 \u00a0 \u00a0 \u00a0 \u00a0 \u00a0 \u00a0 \u00a0 \u00a0 200 ppm<\/span><br \/>\n<span style=\"color: #000000;\">*Suyun sertligi ve tuz oran\u0131 sismeyi etkiler.<\/span><\/p>\n<p><span style=\"color: #000000;\"><strong>STANDART \u00d6L\u00c7\u00dcLER: AMBALAJ<\/strong><\/span><br \/>\n<span style=\"color: #000000;\">1. 20 MM X 5 MM \/ 10 M\/Rulo (70M K.Koli)<\/span><br \/>\n<span style=\"color: #000000;\">2. 20 MM X 10 MM \/ 10 M\/Rulo (50 M K.Koli)<\/span><br \/>\n<span style=\"color: #000000;\">3. 25 MM x 10 MM \/ 10 M\/Rulo (35 M K.Koli)<\/span><br \/>\n<span style=\"color: #000000;\">4. 25 MM x 20 MM \/ 5 M\/Rulo (35 M K.Koli)<\/span><\/p>\n<p><span style=\"color: #000000;\"><strong>RAF \u00d6MR\u00dc<\/strong><\/span><br \/>\n<span style=\"color: #000000;\">Uygun depolama kosullar\u0131nda (Kuru ve serin ortamda, orijinal ambalaj\u0131nda) a\u00e7\u0131lmam\u0131s olarak 24 ayd\u0131r.<\/span><\/p>\n<p><span style=\"color: #000000;\"><strong>UYARILAR<\/strong><\/span><br \/>\n<span style=\"color: #000000;\">Bu \u00fcr\u00fcn sadece kuru ve iyi havaland\u0131r\u0131lm\u0131s alanlarda kullan\u0131lmal\u0131d\u0131r. Cilt ve g\u00f6z ile temas\u0131ndan ka\u00e7\u0131n\u0131lmal\u0131, temas halinde bol su ile y\u0131kanmal\u0131d\u0131r. Uygulama s\u0131ras\u0131nda eldiven, g\u00f6zl\u00fck ve maske kullan\u0131lmal\u0131, \u00e7ocuklar\u0131n ve evcil hayvanlar\u0131n ulasamayacag\u0131 yerlerde saklanmal\u0131d\u0131r. Katlar aras\u0131nda \u00f6nerilen bekleme s\u00fcresine uyulmal\u0131 ve \u0131slak veya kirli y\u00fczeylerde kayma riskine kars\u0131 dokulu veya kaymaz zemin sistemleri tercih edilmelidir.<\/span><\/p>\n","protected":false},"excerpt":{"rendered":"<p><span style=\"color: #000000;\"><a style=\"color: #000000;\" href=\"https:\/\/dolphinfix.com.tr\/eticaret\/wp-content\/uploads\/2026\/03\/502-BENTONIT-ESASLI-SU-ILE-SISEN-BANT-TDS-PDF.pdf\" target=\"_blank\" rel=\"noopener\">TDS Belgesini \u0130ndirmek \u0130\u00e7in T\u0131klay\u0131n\u0131z<br \/>\n<\/a><\/span><span style=\"color: #000000;\"><a style=\"color: #000000;\" href=\"#\" target=\"_blank\" rel=\"noopener\">CE Belgesini \u0130ndirmek \u0130\u00e7in T\u0131klay\u0131n\u0131z<\/a><\/span><\/p>\n","protected":false},"featured_media":20165,"comment_status":"open","ping_status":"closed","template":"","meta":{"_joinchat":[]},"product_cat":[83,94],"product_tag":[1621,1625,1622,1626,1613,1616,1627,1620,1623,1618,1624,1617],"class_list":{"0":"post-20160","1":"product","2":"type-product","3":"status-publish","4":"has-post-thumbnail","6":"product_cat-su-yalitim-cozumleri","7":"product_cat-yardimci-urunler","8":"product_tag-bentonit-bant","9":"product_tag-bentonit-derz-bandi","10":"product_tag-bentonit-su-tutucu-bant","11":"product_tag-bentonit-su-yalitim-bandi","12":"product_tag-beton-derz-bandi","13":"product_tag-beton-su-yalitim-bandi","14":"product_tag-havuz-derz-bandi","15":"product_tag-insaat-derz-bandi","16":"product_tag-sisen-bentonit-bant","17":"product_tag-su-deposu-derz-bandi","18":"product_tag-su-tutucu-derz-bandi","19":"product_tag-tunel-derz-bandi","21":"first","22":"instock","23":"taxable","24":"shipping-taxable","25":"purchasable","26":"product-type-variable"},"yoast_head":"<!-- This site is optimized with the Yoast SEO Premium plugin v20.2.1 (Yoast SEO v20.2.1) - https:\/\/yoast.com\/wordpress\/plugins\/seo\/ -->\n<title>502 Bentonit Bant Su Tutucu Derz Band\u0131 | \u015ei\u015fen Derz Band\u0131<\/title>\n<meta name=\"description\" content=\"502 bentonit bant, sodyum bentonit ve butil kau\u00e7uk esasl\u0131 \u015fi\u015fen su tutucu derz band\u0131d\u0131r. Beton derzlerinde g\u00fc\u00e7l\u00fc su yal\u0131t\u0131m\u0131 sa\u011flayarak 0\u2019e kadar genle\u015fir.\" \/>\n<meta name=\"robots\" content=\"index, follow, max-snippet:-1, max-image-preview:large, max-video-preview:-1\" \/>\n<link rel=\"canonical\" href=\"https:\/\/dolphinfix.com.tr\/eticaret\/urun\/502-bentonit-su-tutucu-bant\/\" \/>\n<meta property=\"og:locale\" content=\"tr_TR\" \/>\n<meta property=\"og:type\" content=\"article\" \/>\n<meta property=\"og:title\" content=\"502-BENTONIT BANT - BENTONIT ESASLI SU ILE SISEN BANT (5*20)\" \/>\n<meta property=\"og:description\" content=\"502 bentonit bant, sodyum bentonit ve butil kau\u00e7uk esasl\u0131 \u015fi\u015fen su tutucu derz band\u0131d\u0131r. Beton derzlerinde g\u00fc\u00e7l\u00fc su yal\u0131t\u0131m\u0131 sa\u011flayarak 0\u2019e kadar genle\u015fir.\" \/>\n<meta property=\"og:url\" content=\"https:\/\/dolphinfix.com.tr\/eticaret\/urun\/502-bentonit-su-tutucu-bant\/\" \/>\n<meta property=\"og:site_name\" content=\"Dolphinfix\" \/>\n<meta property=\"article:modified_time\" content=\"2026-03-06T13:40:27+00:00\" \/>\n<meta property=\"og:image\" content=\"https:\/\/dolphinfix.com.tr\/eticaret\/wp-content\/uploads\/2026\/03\/502-BENTONIT-PNG.png\" \/>\n\t<meta property=\"og:image:width\" content=\"1000\" \/>\n\t<meta property=\"og:image:height\" content=\"1000\" \/>\n\t<meta property=\"og:image:type\" content=\"image\/png\" \/>\n<meta name=\"twitter:card\" content=\"summary_large_image\" \/>\n<meta name=\"twitter:label1\" content=\"Tahmini okuma s\u00fcresi\" \/>\n\t<meta name=\"twitter:data1\" content=\"2 dakika\" \/>\n<script type=\"application\/ld+json\" class=\"yoast-schema-graph\">{\"@context\":\"https:\/\/schema.org\",\"@graph\":[{\"@type\":\"WebPage\",\"@id\":\"https:\/\/dolphinfix.com.tr\/eticaret\/urun\/502-bentonit-su-tutucu-bant\/\",\"url\":\"https:\/\/dolphinfix.com.tr\/eticaret\/urun\/502-bentonit-su-tutucu-bant\/\",\"name\":\"502 Bentonit Bant Su Tutucu Derz Band\u0131 | \u015ei\u015fen Derz Band\u0131\",\"isPartOf\":{\"@id\":\"https:\/\/dolphinfix.com.tr\/eticaret\/#website\"},\"datePublished\":\"2026-03-05T22:56:17+00:00\",\"dateModified\":\"2026-03-06T13:40:27+00:00\",\"description\":\"502 bentonit bant, sodyum bentonit ve butil kau\u00e7uk esasl\u0131 \u015fi\u015fen su tutucu derz band\u0131d\u0131r. Beton derzlerinde g\u00fc\u00e7l\u00fc su yal\u0131t\u0131m\u0131 sa\u011flayarak 0\u2019e kadar genle\u015fir.\",\"breadcrumb\":{\"@id\":\"https:\/\/dolphinfix.com.tr\/eticaret\/urun\/502-bentonit-su-tutucu-bant\/#breadcrumb\"},\"inLanguage\":\"tr\",\"potentialAction\":[{\"@type\":\"ReadAction\",\"target\":[\"https:\/\/dolphinfix.com.tr\/eticaret\/urun\/502-bentonit-su-tutucu-bant\/\"]}]},{\"@type\":\"BreadcrumbList\",\"@id\":\"https:\/\/dolphinfix.com.tr\/eticaret\/urun\/502-bentonit-su-tutucu-bant\/#breadcrumb\",\"itemListElement\":[{\"@type\":\"ListItem\",\"position\":1,\"name\":\"Home\",\"item\":\"https:\/\/dolphinfix.com.tr\/eticaret\/\"},{\"@type\":\"ListItem\",\"position\":2,\"name\":\"Market\",\"item\":\"https:\/\/dolphinfix.com.tr\/eticaret\/market\/\"},{\"@type\":\"ListItem\",\"position\":3,\"name\":\"502-BENTONIT BANT &#8211; BENTONIT ESASLI SU ILE SISEN BANT (5*20)\"}]},{\"@type\":\"WebSite\",\"@id\":\"https:\/\/dolphinfix.com.tr\/eticaret\/#website\",\"url\":\"https:\/\/dolphinfix.com.tr\/eticaret\/\",\"name\":\"Dolphinfix\",\"description\":\"\",\"potentialAction\":[{\"@type\":\"SearchAction\",\"target\":{\"@type\":\"EntryPoint\",\"urlTemplate\":\"https:\/\/dolphinfix.com.tr\/eticaret\/?s={search_term_string}\"},\"query-input\":\"required name=search_term_string\"}],\"inLanguage\":\"tr\"}]}<\/script>\n<!-- \/ Yoast SEO Premium plugin. -->","yoast_head_json":{"title":"502 Bentonit Bant Su Tutucu Derz Band\u0131 | \u015ei\u015fen Derz Band\u0131","description":"502 bentonit bant, sodyum bentonit ve butil kau\u00e7uk esasl\u0131 \u015fi\u015fen su tutucu derz band\u0131d\u0131r. Beton derzlerinde g\u00fc\u00e7l\u00fc su yal\u0131t\u0131m\u0131 sa\u011flayarak 0\u2019e kadar genle\u015fir.","robots":{"index":"index","follow":"follow","max-snippet":"max-snippet:-1","max-image-preview":"max-image-preview:large","max-video-preview":"max-video-preview:-1"},"canonical":"https:\/\/dolphinfix.com.tr\/eticaret\/urun\/502-bentonit-su-tutucu-bant\/","og_locale":"tr_TR","og_type":"article","og_title":"502-BENTONIT BANT - BENTONIT ESASLI SU ILE SISEN BANT (5*20)","og_description":"502 bentonit bant, sodyum bentonit ve butil kau\u00e7uk esasl\u0131 \u015fi\u015fen su tutucu derz band\u0131d\u0131r. Beton derzlerinde g\u00fc\u00e7l\u00fc su yal\u0131t\u0131m\u0131 sa\u011flayarak 0\u2019e kadar genle\u015fir.","og_url":"https:\/\/dolphinfix.com.tr\/eticaret\/urun\/502-bentonit-su-tutucu-bant\/","og_site_name":"Dolphinfix","article_modified_time":"2026-03-06T13:40:27+00:00","og_image":[{"width":1000,"height":1000,"url":"https:\/\/dolphinfix.com.tr\/eticaret\/wp-content\/uploads\/2026\/03\/502-BENTONIT-PNG.png","type":"image\/png"}],"twitter_card":"summary_large_image","twitter_misc":{"Tahmini okuma s\u00fcresi":"2 dakika"},"schema":{"@context":"https:\/\/schema.org","@graph":[{"@type":"WebPage","@id":"https:\/\/dolphinfix.com.tr\/eticaret\/urun\/502-bentonit-su-tutucu-bant\/","url":"https:\/\/dolphinfix.com.tr\/eticaret\/urun\/502-bentonit-su-tutucu-bant\/","name":"502 Bentonit Bant Su Tutucu Derz Band\u0131 | \u015ei\u015fen Derz Band\u0131","isPartOf":{"@id":"https:\/\/dolphinfix.com.tr\/eticaret\/#website"},"datePublished":"2026-03-05T22:56:17+00:00","dateModified":"2026-03-06T13:40:27+00:00","description":"502 bentonit bant, sodyum bentonit ve butil kau\u00e7uk esasl\u0131 \u015fi\u015fen su tutucu derz band\u0131d\u0131r. Beton derzlerinde g\u00fc\u00e7l\u00fc su yal\u0131t\u0131m\u0131 sa\u011flayarak 0\u2019e kadar genle\u015fir.","breadcrumb":{"@id":"https:\/\/dolphinfix.com.tr\/eticaret\/urun\/502-bentonit-su-tutucu-bant\/#breadcrumb"},"inLanguage":"tr","potentialAction":[{"@type":"ReadAction","target":["https:\/\/dolphinfix.com.tr\/eticaret\/urun\/502-bentonit-su-tutucu-bant\/"]}]},{"@type":"BreadcrumbList","@id":"https:\/\/dolphinfix.com.tr\/eticaret\/urun\/502-bentonit-su-tutucu-bant\/#breadcrumb","itemListElement":[{"@type":"ListItem","position":1,"name":"Home","item":"https:\/\/dolphinfix.com.tr\/eticaret\/"},{"@type":"ListItem","position":2,"name":"Market","item":"https:\/\/dolphinfix.com.tr\/eticaret\/market\/"},{"@type":"ListItem","position":3,"name":"502-BENTONIT BANT &#8211; BENTONIT ESASLI SU ILE SISEN BANT (5*20)"}]},{"@type":"WebSite","@id":"https:\/\/dolphinfix.com.tr\/eticaret\/#website","url":"https:\/\/dolphinfix.com.tr\/eticaret\/","name":"Dolphinfix","description":"","potentialAction":[{"@type":"SearchAction","target":{"@type":"EntryPoint","urlTemplate":"https:\/\/dolphinfix.com.tr\/eticaret\/?s={search_term_string}"},"query-input":"required name=search_term_string"}],"inLanguage":"tr"}]}},"_links":{"self":[{"href":"https:\/\/dolphinfix.com.tr\/eticaret\/wp-json\/wp\/v2\/product\/20160","targetHints":{"allow":["GET"]}}],"collection":[{"href":"https:\/\/dolphinfix.com.tr\/eticaret\/wp-json\/wp\/v2\/product"}],"about":[{"href":"https:\/\/dolphinfix.com.tr\/eticaret\/wp-json\/wp\/v2\/types\/product"}],"replies":[{"embeddable":true,"href":"https:\/\/dolphinfix.com.tr\/eticaret\/wp-json\/wp\/v2\/comments?post=20160"}],"version-history":[{"count":5,"href":"https:\/\/dolphinfix.com.tr\/eticaret\/wp-json\/wp\/v2\/product\/20160\/revisions"}],"predecessor-version":[{"id":20187,"href":"https:\/\/dolphinfix.com.tr\/eticaret\/wp-json\/wp\/v2\/product\/20160\/revisions\/20187"}],"wp:featuredmedia":[{"embeddable":true,"href":"https:\/\/dolphinfix.com.tr\/eticaret\/wp-json\/wp\/v2\/media\/20165"}],"wp:attachment":[{"href":"https:\/\/dolphinfix.com.tr\/eticaret\/wp-json\/wp\/v2\/media?parent=20160"}],"wp:term":[{"taxonomy":"product_cat","embeddable":true,"href":"https:\/\/dolphinfix.com.tr\/eticaret\/wp-json\/wp\/v2\/product_cat?post=20160"},{"taxonomy":"product_tag","embeddable":true,"href":"https:\/\/dolphinfix.com.tr\/eticaret\/wp-json\/wp\/v2\/product_tag?post=20160"}],"curies":[{"name":"wp","href":"https:\/\/api.w.org\/{rel}","templated":true}]}}