{"id":20443,"date":"2026-05-08T16:03:39","date_gmt":"2026-05-08T13:03:39","guid":{"rendered":"https:\/\/dolphinfix.com.tr\/eticaret\/?post_type=product&#038;p=20443"},"modified":"2026-05-08T16:04:38","modified_gmt":"2026-05-08T13:04:38","slug":"759-cla-mikro-cila-poliuretan-2k-seffaf-cila","status":"publish","type":"product","link":"https:\/\/dolphinfix.com.tr\/eticaret\/urun\/759-cla-mikro-cila-poliuretan-2k-seffaf-cila\/","title":{"rendered":"759 CLA \u2013 M\u0130KRO C\u0130LA POL\u0130\u00dcRETAN 2K \u015eEFFAF C\u0130LA"},"content":{"rendered":"<p><span style=\"color: #ff0000;\"><strong>** PALET F\u0130YATLARI \u0130\u00c7\u0130N \u0130LET\u0130\u015e\u0130ME GE\u00c7\u0130N\u0130Z.**<\/strong><\/span><\/p>\n<h3><span style=\"color: #c61016;\">\u00dcR\u00dcN B\u0130LG\u0130LER\u0130 ;<\/span><\/h3>\n<p><span style=\"color: #000000;\"><strong>TANIMI<\/strong><\/span><br \/>\n<span style=\"color: #000000;\">759 CLA \u2013 Mikro Cila Poli\u00fcretan esasl\u0131, iki bilesenli, izosiyanat ile k\u00fcrlenen seffaf son kat kaplamad\u0131r.<\/span><\/p>\n<p><span style=\"color: #000000;\"><strong>KULLANIM ALANLARI<\/strong><\/span><br \/>\n<span style=\"color: #000000;\">\u2022 Ahsap y\u00fczeylerde<\/span><br \/>\n<span style=\"color: #000000;\">\u2022 Cam, cam tugla, mozaik, mozaik karo<\/span><br \/>\n<span style=\"color: #000000;\">\u2022 Fayans, seramik, mermer, granit, dogal tas, porselen vb.y\u00fczeylerde<\/span><br \/>\n<span style=\"color: #000000;\">\u2022 Pres tuglalarda<\/span><br \/>\n<span style=\"color: #000000;\">\u2022 Balkon, teras, banyo, mutfak, tas kapl\u0131 d\u0131s cephelerde<\/span><br \/>\n<span style=\"color: #000000;\">\u2022 Seramik, cam mozaik kapl\u0131 s\u00fcs havuzlar\u0131nda<\/span><br \/>\n<span style=\"color: #000000;\">\u2022 Emici y\u00fczeylerde tozumay\u0131 \u00f6nlemeye yard\u0131mc\u0131 olur.<\/span><\/p>\n<p><span style=\"color: #000000;\"><strong>\u00dcR\u00dcN \u00d6ZELL\u0130KLER\u0130<\/strong><\/span><br \/>\n<span style=\"color: #000000;\">\u2022 UV ve d\u0131s hava kosullar\u0131ndan etkilenmez.<\/span><br \/>\n<span style=\"color: #000000;\">\u2022 Seffaf olarak \u00fcretilen \u00fcr\u00fcn, m\u00fckemmel su direncinin yan\u0131 s\u0131ra y\u00fcksek kimyasal ve fiziksel dirence sahiptir.<\/span><br \/>\n<span style=\"color: #000000;\">\u2022 Zamanla sararma, solma veya soyulma yapmaz.<\/span><br \/>\n<span style=\"color: #000000;\">\u2022 \u00d6zellikle balkon, teras, banyo gibi zeminlerde olusan yal\u0131t\u0131m sorunlar\u0131na, mevcut kaplamaya zarar vermeden kolayca \u00e7\u00f6z\u00fcm olarak uygulan\u0131r.<\/span><\/p>\n<p><span style=\"color: #000000;\"><strong>TEKN\u0130K \u00d6ZELL\u0130KLER<\/strong><\/span><br \/>\n<span style=\"color: #000000;\">Yogunluk : A bileseni (25\u00b0C, g\/mL) : 0,10 \u00b1 0,10 Viskozite<\/span><br \/>\n<span style=\"color: #000000;\">B bileseni (25\u00b0C, mPa.s) : 0 &#8211; 600 Su ge\u00e7irgenlik oran\u0131<\/span><br \/>\n<span style=\"color: #000000;\">Renk: Seffaf<\/span><br \/>\n<span style=\"color: #000000;\">\u00d6zellik: T+23\u00b0C ve %50 bag\u0131l nem kosullar\u0131nda<\/span><\/p>\n<p><span style=\"color: #000000;\"><strong>\u00dcR\u00dcN VE Y\u00dcZEY HAZIRLI\u011eI<\/strong><\/span><br \/>\n<span style=\"color: #000000;\">Y\u00fczey temiz, kuru ve kir, yag, gres, kaplamalar ve y\u00fczey islemleri gibi t\u00fcm kirleticilerden ar\u0131nd\u0131r\u0131lm\u0131s olmal\u0131d\u0131r, Kar\u0131st\u0131rma islemine baslamadan \u00f6nce \u00fcr\u00fcn s\u0131cakl\u0131klar\u0131n\u0131n +10\u00b0C ile +35\u00b0C aras\u0131nda oldugundan emin olun. Kar\u0131st\u0131r\u0131n, A ve B bilesenlerini ayr\u0131 ayr\u0131, \u00e7ok d\u00fcs\u00fck devirde mekanik bir matkap ve \u00e7\u0131rp\u0131c\u0131 ile kar\u0131st\u0131r\u0131n. B bilesenini azar azar ekleyin. A bilesenine ekleyin ve homojen bir k\u0131vam elde edene kadar kar\u0131st\u0131r\u0131n (yaklas\u0131k 1-2 dakika). I\u00e7erigi temiz bir kaba bosalt\u0131n ve birka\u00e7 dakika daha kar\u0131st\u0131r\u0131n. L\u00fctfen y\u00fcksek h\u0131zda kar\u0131st\u0131rmaktan ka\u00e7\u0131n\u0131n. Uygulama esnas\u0131nda kar\u0131s\u0131ma herhangi bir solvent vb. eklemeyiniz. <\/span><\/p>\n<p><span style=\"color: #000000;\"><strong>UYGULAMA B\u0130LG\u0130S\u0130 VE D\u0130KKAT ED\u0130LMES\u0130 GEREKEN HUSUSLAR<\/strong><\/span><br \/>\n<span style=\"color: #000000;\">\u2022Zeminin tamamen temizlendiginden emin olun. Kirli y\u00fczeylere uygulama yapmay\u0131n.<\/span><br \/>\n<span style=\"color: #000000;\">\u2022As\u0131r\u0131 s\u0131cak, r\u00fczgarl\u0131, yagmurlu ortam veya y\u00fczey s\u0131cakl\u0131g\u0131n\u0131n alt\u0131nda uygulama yapmaktan ka\u00e7\u0131n\u0131n\u0131z.<\/span><br \/>\n<span style=\"color: #000000;\">\u2022+10\u00b0C veya +35\u00b0C \u00fczeri. As\u0131r\u0131 soguk kosullarda, ortam s\u0131cakl\u0131g\u0131n\u0131 ve s\u0131cakl\u0131g\u0131 art\u0131rmak i\u00e7in \u0131s\u0131t\u0131c\u0131lar kullan\u0131lmal\u0131d\u0131r.<\/span><br \/>\n<span style=\"color: #000000;\">\u2022Beton, ham ahsap vb. y\u00fczeyler i\u00e7in: 2 kat Mermer, granit,\u00a0 fayans, seramik, metal\/\u00e7elik y\u00fczeyler i\u00e7in; 1 kat<\/span><br \/>\n<span style=\"color: #000000;\">\u2022Daha fazla bilgi ve yard\u0131m i\u00e7in l\u00fctfen Dolphinfix Teknik Servis ile iletisime ge\u00e7iniz. <\/span><\/p>\n<p><span style=\"color: #000000;\"><strong>SARFIYAT<\/strong><\/span><br \/>\n<span style=\"color: #000000;\">Yaklas\u0131k 150 &#8211; 200 g\/m\u00b2 <\/span><\/p>\n<p><span style=\"color: #000000;\"><strong>AMBALAJ<\/strong><\/span><br \/>\n<span style=\"color: #000000;\">Bilesen A: 14 kg\u2013 Bilesen B: 6 kg Toplam : 20 kg<\/span><br \/>\n<span style=\"color: #000000;\">Bilesen A: 7 kg.\u2013 Bilesen B: 3 kg Toplam : 10 kg<\/span><br \/>\n<span style=\"color: #000000;\">Bilesen A: 2,8 kg \u2013 Bilesen B: 1,2 kg Toplam : 4 kg<\/span><\/p>\n<p><span style=\"color: #000000;\"><strong>RAF \u00d6MR\u00dc<\/strong><\/span><br \/>\n<span style=\"color: #000000;\">Uygun depolama kosullar\u0131nda, A bileseni i\u00e7in raf \u00f6mr\u00fc \u00fcretim tarihinden itibaren 12 ay, B bileseni i\u00e7in ise 9 ayd\u0131r. A\u00e7\u0131lm\u0131s ambalajlardaki \u00fcr\u00fcnler uygun depolama kosullar\u0131nda saklanmal\u0131 enge\u00e7 1 hafta i\u00e7inde t\u00fcketilmeli <\/span><\/p>\n<p><span style=\"color: #000000;\"><strong>DEPOLAMA \u015eARTLARI<\/strong><\/span><br \/>\n<span style=\"color: #000000;\">A\u00e7\u0131lmam\u0131s orijinal ambalaj\u0131nda, kuru ortamda, dondan korunarak +10\u00b0C ile +30\u00b0C aras\u0131nda saklanmal\u0131d\u0131r. \u00dcr\u00fcnler ambalajlar\u0131na zarar verecek sekilde as\u0131r\u0131 y\u00fcklenmemelidir. <\/span><\/p>\n","protected":false},"excerpt":{"rendered":"<p><span style=\"color: #000000;\"><a style=\"color: #000000;\" href=\"https:\/\/dolphinfix.com.tr\/eticaret\/wp-content\/uploads\/2026\/05\/759-CLA-MIKRO-CILA-YENI.pdf\" target=\"_blank\" rel=\"noopener\">TDS Belgesini \u0130ndirmek \u0130\u00e7in T\u0131klay\u0131n\u0131z<br \/>\n<\/a><\/span><span style=\"color: #000000;\"><a style=\"color: #000000;\" href=\"#\" target=\"_blank\" rel=\"noopener\">CE Belgesini \u0130ndirmek \u0130\u00e7in T\u0131klay\u0131n\u0131z<\/a><\/span><\/p>\n<h4 data-pm-slice=\"0 0 []\"><span style=\"color: #666699;\">G\u00dcNCEL F\u0130YAT B\u0130LG\u0130S\u0130 \u0130\u00c7\u0130N L\u00dcTFEN \u0130LET\u0130\u015e\u0130ME GE\u00c7\u0130N\u0130Z.<\/span><\/h4>\n","protected":false},"featured_media":20449,"comment_status":"open","ping_status":"closed","template":"","meta":{"_joinchat":[]},"product_cat":[143,90],"product_tag":[1848,1851,1861,1860,1863,1857,1867,1854,1856,1855,1849,1862,1859,1850,1858,1864,1853,1866,1852,1865],"class_list":{"0":"post-20443","1":"product","2":"type-product","3":"status-publish","4":"has-post-thumbnail","6":"product_cat-yuzey-koruyucu-ve-parlatici","7":"product_cat-zemin-cozumleri","8":"product_tag-759-cla","9":"product_tag-balkon-su-yalitimi","10":"product_tag-banyo-yalitimi","11":"product_tag-cam-mozaik-kaplama","12":"product_tag-dis-cephe-tas-koruma","13":"product_tag-dogal-tas-koruma","14":"product_tag-dolphinfix-759-cla","15":"product_tag-fayans-su-izolasyonu","16":"product_tag-granit-kaplama","17":"product_tag-mermer-koruyucu-kaplama","18":"product_tag-mikro-cila","19":"product_tag-mutfak-su-izolasyonu","20":"product_tag-poliuretan-esasli-kaplama","21":"product_tag-seffaf-poliuretan-kaplama","22":"product_tag-seffaf-su-yalitimi","23":"product_tag-seramik-koruma-urunu","24":"product_tag-seramik-ustu-yalitim","25":"product_tag-su-gecirimsiz-kaplama","26":"product_tag-teras-yalitimi","27":"product_tag-uv-dayanimli-kaplama","29":"first","30":"instock","31":"taxable","32":"shipping-taxable","33":"product-type-variable"},"yoast_head":"<!-- This site is optimized with the Yoast SEO Premium plugin v20.2.1 (Yoast SEO v20.2.1) - https:\/\/yoast.com\/wordpress\/plugins\/seo\/ -->\n<title>759 CLA Mikro Cila \u015eeffaf Poli\u00fcretan Kaplama | Seramik, Mermer ve Balkon Yal\u0131t\u0131m \u00c7\u00f6z\u00fcm\u00fc<\/title>\n<meta name=\"description\" content=\"759 CLA Mikro Cila, \u015feffaf poli\u00fcretan esasl\u0131 iki bile\u015fenli son kat kaplamad\u0131r. Balkon, teras, seramik, mermer, granit ve do\u011fal ta\u015f y\u00fczeylerde y\u00fcksek su direnci ve UV dayan\u0131m\u0131 sa\u011flar.\" \/>\n<meta name=\"robots\" content=\"index, follow, max-snippet:-1, max-image-preview:large, max-video-preview:-1\" \/>\n<link rel=\"canonical\" href=\"https:\/\/dolphinfix.com.tr\/eticaret\/urun\/759-cla-mikro-cila-poliuretan-2k-seffaf-cila\/\" \/>\n<meta property=\"og:locale\" content=\"tr_TR\" \/>\n<meta property=\"og:type\" content=\"article\" \/>\n<meta property=\"og:title\" content=\"759 CLA \u2013 M\u0130KRO C\u0130LA POL\u0130\u00dcRETAN 2K \u015eEFFAF C\u0130LA\" \/>\n<meta property=\"og:description\" content=\"759 CLA Mikro Cila, \u015feffaf poli\u00fcretan esasl\u0131 iki bile\u015fenli son kat kaplamad\u0131r. Balkon, teras, seramik, mermer, granit ve do\u011fal ta\u015f y\u00fczeylerde y\u00fcksek su direnci ve UV dayan\u0131m\u0131 sa\u011flar.\" \/>\n<meta property=\"og:url\" content=\"https:\/\/dolphinfix.com.tr\/eticaret\/urun\/759-cla-mikro-cila-poliuretan-2k-seffaf-cila\/\" \/>\n<meta property=\"og:site_name\" content=\"Dolphinfix\" \/>\n<meta property=\"article:modified_time\" content=\"2026-05-08T13:04:38+00:00\" \/>\n<meta property=\"og:image\" content=\"https:\/\/dolphinfix.com.tr\/eticaret\/wp-content\/uploads\/2026\/05\/759-CLA-KOVA-PNG-1000x1000-1.png\" \/>\n\t<meta property=\"og:image:width\" content=\"1000\" \/>\n\t<meta property=\"og:image:height\" content=\"1000\" \/>\n\t<meta property=\"og:image:type\" content=\"image\/png\" \/>\n<meta name=\"twitter:card\" content=\"summary_large_image\" \/>\n<meta name=\"twitter:label1\" content=\"Tahmini okuma s\u00fcresi\" \/>\n\t<meta name=\"twitter:data1\" content=\"3 dakika\" \/>\n<script type=\"application\/ld+json\" class=\"yoast-schema-graph\">{\"@context\":\"https:\/\/schema.org\",\"@graph\":[{\"@type\":\"WebPage\",\"@id\":\"https:\/\/dolphinfix.com.tr\/eticaret\/urun\/759-cla-mikro-cila-poliuretan-2k-seffaf-cila\/\",\"url\":\"https:\/\/dolphinfix.com.tr\/eticaret\/urun\/759-cla-mikro-cila-poliuretan-2k-seffaf-cila\/\",\"name\":\"759 CLA Mikro Cila \u015eeffaf Poli\u00fcretan Kaplama | Seramik, Mermer ve Balkon Yal\u0131t\u0131m \u00c7\u00f6z\u00fcm\u00fc\",\"isPartOf\":{\"@id\":\"https:\/\/dolphinfix.com.tr\/eticaret\/#website\"},\"datePublished\":\"2026-05-08T13:03:39+00:00\",\"dateModified\":\"2026-05-08T13:04:38+00:00\",\"description\":\"759 CLA Mikro Cila, \u015feffaf poli\u00fcretan esasl\u0131 iki bile\u015fenli son kat kaplamad\u0131r. Balkon, teras, seramik, mermer, granit ve do\u011fal ta\u015f y\u00fczeylerde y\u00fcksek su direnci ve UV dayan\u0131m\u0131 sa\u011flar.\",\"breadcrumb\":{\"@id\":\"https:\/\/dolphinfix.com.tr\/eticaret\/urun\/759-cla-mikro-cila-poliuretan-2k-seffaf-cila\/#breadcrumb\"},\"inLanguage\":\"tr\",\"potentialAction\":[{\"@type\":\"ReadAction\",\"target\":[\"https:\/\/dolphinfix.com.tr\/eticaret\/urun\/759-cla-mikro-cila-poliuretan-2k-seffaf-cila\/\"]}]},{\"@type\":\"BreadcrumbList\",\"@id\":\"https:\/\/dolphinfix.com.tr\/eticaret\/urun\/759-cla-mikro-cila-poliuretan-2k-seffaf-cila\/#breadcrumb\",\"itemListElement\":[{\"@type\":\"ListItem\",\"position\":1,\"name\":\"Home\",\"item\":\"https:\/\/dolphinfix.com.tr\/eticaret\/\"},{\"@type\":\"ListItem\",\"position\":2,\"name\":\"Market\",\"item\":\"https:\/\/dolphinfix.com.tr\/eticaret\/market\/\"},{\"@type\":\"ListItem\",\"position\":3,\"name\":\"759 CLA \u2013 M\u0130KRO C\u0130LA POL\u0130\u00dcRETAN 2K \u015eEFFAF C\u0130LA\"}]},{\"@type\":\"WebSite\",\"@id\":\"https:\/\/dolphinfix.com.tr\/eticaret\/#website\",\"url\":\"https:\/\/dolphinfix.com.tr\/eticaret\/\",\"name\":\"Dolphinfix\",\"description\":\"\",\"potentialAction\":[{\"@type\":\"SearchAction\",\"target\":{\"@type\":\"EntryPoint\",\"urlTemplate\":\"https:\/\/dolphinfix.com.tr\/eticaret\/?s={search_term_string}\"},\"query-input\":\"required name=search_term_string\"}],\"inLanguage\":\"tr\"}]}<\/script>\n<!-- \/ Yoast SEO Premium plugin. -->","yoast_head_json":{"title":"759 CLA Mikro Cila \u015eeffaf Poli\u00fcretan Kaplama | Seramik, Mermer ve Balkon Yal\u0131t\u0131m \u00c7\u00f6z\u00fcm\u00fc","description":"759 CLA Mikro Cila, \u015feffaf poli\u00fcretan esasl\u0131 iki bile\u015fenli son kat kaplamad\u0131r. Balkon, teras, seramik, mermer, granit ve do\u011fal ta\u015f y\u00fczeylerde y\u00fcksek su direnci ve UV dayan\u0131m\u0131 sa\u011flar.","robots":{"index":"index","follow":"follow","max-snippet":"max-snippet:-1","max-image-preview":"max-image-preview:large","max-video-preview":"max-video-preview:-1"},"canonical":"https:\/\/dolphinfix.com.tr\/eticaret\/urun\/759-cla-mikro-cila-poliuretan-2k-seffaf-cila\/","og_locale":"tr_TR","og_type":"article","og_title":"759 CLA \u2013 M\u0130KRO C\u0130LA POL\u0130\u00dcRETAN 2K \u015eEFFAF C\u0130LA","og_description":"759 CLA Mikro Cila, \u015feffaf poli\u00fcretan esasl\u0131 iki bile\u015fenli son kat kaplamad\u0131r. Balkon, teras, seramik, mermer, granit ve do\u011fal ta\u015f y\u00fczeylerde y\u00fcksek su direnci ve UV dayan\u0131m\u0131 sa\u011flar.","og_url":"https:\/\/dolphinfix.com.tr\/eticaret\/urun\/759-cla-mikro-cila-poliuretan-2k-seffaf-cila\/","og_site_name":"Dolphinfix","article_modified_time":"2026-05-08T13:04:38+00:00","og_image":[{"width":1000,"height":1000,"url":"https:\/\/dolphinfix.com.tr\/eticaret\/wp-content\/uploads\/2026\/05\/759-CLA-KOVA-PNG-1000x1000-1.png","type":"image\/png"}],"twitter_card":"summary_large_image","twitter_misc":{"Tahmini okuma s\u00fcresi":"3 dakika"},"schema":{"@context":"https:\/\/schema.org","@graph":[{"@type":"WebPage","@id":"https:\/\/dolphinfix.com.tr\/eticaret\/urun\/759-cla-mikro-cila-poliuretan-2k-seffaf-cila\/","url":"https:\/\/dolphinfix.com.tr\/eticaret\/urun\/759-cla-mikro-cila-poliuretan-2k-seffaf-cila\/","name":"759 CLA Mikro Cila \u015eeffaf Poli\u00fcretan Kaplama | Seramik, Mermer ve Balkon Yal\u0131t\u0131m \u00c7\u00f6z\u00fcm\u00fc","isPartOf":{"@id":"https:\/\/dolphinfix.com.tr\/eticaret\/#website"},"datePublished":"2026-05-08T13:03:39+00:00","dateModified":"2026-05-08T13:04:38+00:00","description":"759 CLA Mikro Cila, \u015feffaf poli\u00fcretan esasl\u0131 iki bile\u015fenli son kat kaplamad\u0131r. Balkon, teras, seramik, mermer, granit ve do\u011fal ta\u015f y\u00fczeylerde y\u00fcksek su direnci ve UV dayan\u0131m\u0131 sa\u011flar.","breadcrumb":{"@id":"https:\/\/dolphinfix.com.tr\/eticaret\/urun\/759-cla-mikro-cila-poliuretan-2k-seffaf-cila\/#breadcrumb"},"inLanguage":"tr","potentialAction":[{"@type":"ReadAction","target":["https:\/\/dolphinfix.com.tr\/eticaret\/urun\/759-cla-mikro-cila-poliuretan-2k-seffaf-cila\/"]}]},{"@type":"BreadcrumbList","@id":"https:\/\/dolphinfix.com.tr\/eticaret\/urun\/759-cla-mikro-cila-poliuretan-2k-seffaf-cila\/#breadcrumb","itemListElement":[{"@type":"ListItem","position":1,"name":"Home","item":"https:\/\/dolphinfix.com.tr\/eticaret\/"},{"@type":"ListItem","position":2,"name":"Market","item":"https:\/\/dolphinfix.com.tr\/eticaret\/market\/"},{"@type":"ListItem","position":3,"name":"759 CLA \u2013 M\u0130KRO C\u0130LA POL\u0130\u00dcRETAN 2K \u015eEFFAF C\u0130LA"}]},{"@type":"WebSite","@id":"https:\/\/dolphinfix.com.tr\/eticaret\/#website","url":"https:\/\/dolphinfix.com.tr\/eticaret\/","name":"Dolphinfix","description":"","potentialAction":[{"@type":"SearchAction","target":{"@type":"EntryPoint","urlTemplate":"https:\/\/dolphinfix.com.tr\/eticaret\/?s={search_term_string}"},"query-input":"required name=search_term_string"}],"inLanguage":"tr"}]}},"_links":{"self":[{"href":"https:\/\/dolphinfix.com.tr\/eticaret\/wp-json\/wp\/v2\/product\/20443","targetHints":{"allow":["GET"]}}],"collection":[{"href":"https:\/\/dolphinfix.com.tr\/eticaret\/wp-json\/wp\/v2\/product"}],"about":[{"href":"https:\/\/dolphinfix.com.tr\/eticaret\/wp-json\/wp\/v2\/types\/product"}],"replies":[{"embeddable":true,"href":"https:\/\/dolphinfix.com.tr\/eticaret\/wp-json\/wp\/v2\/comments?post=20443"}],"version-history":[{"count":2,"href":"https:\/\/dolphinfix.com.tr\/eticaret\/wp-json\/wp\/v2\/product\/20443\/revisions"}],"predecessor-version":[{"id":20456,"href":"https:\/\/dolphinfix.com.tr\/eticaret\/wp-json\/wp\/v2\/product\/20443\/revisions\/20456"}],"wp:featuredmedia":[{"embeddable":true,"href":"https:\/\/dolphinfix.com.tr\/eticaret\/wp-json\/wp\/v2\/media\/20449"}],"wp:attachment":[{"href":"https:\/\/dolphinfix.com.tr\/eticaret\/wp-json\/wp\/v2\/media?parent=20443"}],"wp:term":[{"taxonomy":"product_cat","embeddable":true,"href":"https:\/\/dolphinfix.com.tr\/eticaret\/wp-json\/wp\/v2\/product_cat?post=20443"},{"taxonomy":"product_tag","embeddable":true,"href":"https:\/\/dolphinfix.com.tr\/eticaret\/wp-json\/wp\/v2\/product_tag?post=20443"}],"curies":[{"name":"wp","href":"https:\/\/api.w.org\/{rel}","templated":true}]}}