{"id":16032,"date":"2024-10-19T18:41:30","date_gmt":"2024-10-19T15:41:30","guid":{"rendered":"https:\/\/dolphinfix.com.tr\/?post_type=product&#038;p=16032"},"modified":"2026-02-13T02:39:48","modified_gmt":"2026-02-12T23:39:48","slug":"mrm-1000-akici-beton-tamir-harci","status":"publish","type":"product","link":"https:\/\/dolphinfix.com.tr\/urun\/mrm-1000-akici-beton-tamir-harci\/","title":{"rendered":"MICROFLOOR RM 1000 MRM &#8211; ZEM\u0130N TAM\u0130R HARCI 2-100 MM"},"content":{"rendered":"<h3><span style=\"color: #c61016;\">\u00dcR\u00dcN B\u0130LG\u0130LER\u0130 ;<\/span><\/h3>\n<p data-pm-slice=\"0 0 []\"><span style=\"color: #000000;\"><strong>TANIMI:<\/strong> MRM 1000, \u00f6zel \u00e7imentolar, dolgu malzemeleri, ba\u011flay\u0131c\u0131lar ve kimyasal katk\u0131 malzemeleri kullan\u0131larak geli\u015ftirilmi\u015f ak\u0131c\u0131 bir tamir harc\u0131d\u0131r.<\/span><\/p>\n<p><span style=\"color: #000000;\"><strong>KULLANIM ALANLARI<\/strong><\/span><br \/>\n<span style=\"color: #000000;\">\u2022Bozuk y\u00fczeyler \u00fczerinde, zemini di\u011fer tesviye \u015faplar\u0131n\u0131n uygulanmas\u0131na uygun hale getirmek,<\/span><br \/>\n<span style=\"color: #000000;\">\u2022Zemini di\u011fer tesviye \u015faplar\u0131n\u0131n uygulanmas\u0131na uygun hale getirmek Sabitleme doldurulmas\u0131nda,<\/span><br \/>\n<span style=\"color: #000000;\">\u2022Beton tamirinde, bo\u015fluk doldurulmas\u0131nda,<\/span><br \/>\n<span style=\"color: #000000;\">\u2022E\u011fim sa\u011flamak i\u00e7in vb yerlerde kullan\u0131l\u0131r.<\/span><\/p>\n<p><span style=\"color: #000000;\"><strong>\u00dcR\u00dcN \u00d6ZELL\u0130KLER\u0130<\/strong><\/span><br \/>\n<span style=\"color: #000000;\">\u2022\u0130lk ve son bas\u0131n\u00e7 dayan\u0131mlar\u0131 \u00e7ok y\u00fcksektir,<\/span><br \/>\n<span style=\"color: #000000;\">\u2022Y\u00fcksek ak\u0131\u015fkanl\u0131k \u00f6zelli\u011fi il her kal\u0131ba girebilir<\/span><br \/>\n<span style=\"color: #000000;\">\u2022Tek katta 100 mm\u2019ye kadar uygulanabilir,<\/span><br \/>\n<span style=\"color: #000000;\">\u2022H\u0131zl\u0131 k\u00fcrlenir, r\u00f6tre yapmaz.<\/span><br \/>\n<span style=\"color: #000000;\">\u2022Y\u00fcksek nitelikli kimyasal katk\u0131lar i\u00e7erir,<\/span><br \/>\n<span style=\"color: #000000;\">\u2022Uygulamadan 2-3 saat sonra \u00fczerinde y\u00fcr\u00fcnebilir,<\/span><br \/>\n<span style=\"color: #000000;\">\u2022B\u00fcnyesinde kazein veya ba\u015fka protein i\u00e7eren katk\u0131 maddeleri bulunmad\u0131\u011f\u0131ndan, malzeme \u00f6zellikle hastanelerde ve g\u0131da \u00fcretim veya depolama mahallerinde<\/span><br \/>\n<span style=\"color: #000000;\">kullan\u0131ma uygundur.<\/span><br \/>\n<span style=\"color: #000000;\">\u2022Ayr\u0131\u015fma ve kusma yapmaz<\/span><\/p>\n<p><span style=\"color: #000000;\"><strong>TEKN\u0130K \u00d6ZELL\u0130KLER<\/strong><\/span><br \/>\n<span style=\"color: #000000;\">E\u011filme mukavemeti : &gt; 6 N\/mm\u00b2<\/span><br \/>\n<span style=\"color: #000000;\">Bas\u0131n\u00e7 mukavemeti : &gt; 25 N\/mm\u00b2<\/span><br \/>\n<span style=\"color: #000000;\">Betona aderans (SS 92 35 07) : &gt; 1,5 N\/mm\u00b2<\/span><br \/>\n<span style=\"color: #000000;\">Serbest r\u00f6tre : % 0,03 \u2013 0,05<\/span><br \/>\n<span style=\"color: #000000;\">%19 oran\u0131nda su ile kar\u0131\u015ft\u0131r\u0131lan, 28 g\u00fcn s\u00fcreyle +23 0C s\u0131cakl\u0131k ve %50 ba\u011f\u0131l nem ortam\u0131nda bekletilen malzemenin sa\u011flad\u0131\u011f\u0131 teknik de\u011ferler a\u015fa\u011f\u0131dad\u0131r.<\/span><\/p>\n<p><span style=\"color: #000000;\"><strong>UYGULAMA \u00d6ZELL\u0130KLER\u0130<\/strong><\/span><br \/>\n<span style=\"color: #000000;\">S\u0131v\u0131 kar\u0131\u015f\u0131m s\u00fcresi : 15 \u2013 20 dak.<\/span><br \/>\n<span style=\"color: #000000;\">pH de\u011feri : Yakla\u015f\u0131k 11<\/span><br \/>\n<span style=\"color: #000000;\">Sertle\u015fme s\u00fcresi (yaya trafi\u011fi) : 1 &#8211; 3 saat<\/span><br \/>\n<span style=\"color: #000000;\">Sertle\u015fme s\u00fcresi (son kaplama) : 1 &#8211; 3 g\u00fcn<\/span><br \/>\n<span style=\"color: #000000;\">Yukar\u0131da verilen sertle\u015fme s\u00fcreleri s\u0131cakl\u0131k, ba\u011f\u0131l nem ve y\u00fczeyin i\u00e7erdi\u011fi nem miktar\u0131na g\u00f6re farkl\u0131l\u0131k g\u00f6sterir.<\/span><\/p>\n<p><span style=\"color: #000000;\"><strong>UYGULAMA Y\u00d6NTEM\u0130<\/strong><\/span><br \/>\n<span style=\"color: #000000;\">Y\u00fczey Haz\u0131rl\u0131\u011f\u0131: Uygulama yap\u0131lacak y\u00fczeylerinin sa\u011flam, ta\u015f\u0131y\u0131c\u0131, tozsuz ve temiz olmas\u0131na dikkat edilmelidir. Birikmi\u015f su, pas, kesme tala\u015f\u0131, gres ya\u011f\u0131 ve buz gibi yap\u0131\u015fmay\u0131 zay\u0131flatacak kal\u0131nt\u0131lar\u0131ndan iyice temizlenmelidir. Kal\u0131p uygulamalar\u0131nda b\u00fct\u00fcn kal\u0131plar\u0131n yeterli dayan\u0131ma sahip olmal\u0131, mutlaka<\/span><br \/>\n<span style=\"color: #000000;\">kal\u0131p ya\u011f\u0131 uygulanmal\u0131 ve ka\u00e7aklar\u0131 \u00f6nlenmelidir. Uygulama y\u00fczeyi suya doyurulmal\u0131 fakat y\u00fczeyde serbest su kalmamal\u0131d\u0131r.<\/span><\/p>\n<p><span style=\"color: #000000;\"><strong>UYGULAMA<\/strong><\/span><br \/>\n<span style=\"color: #000000;\">Haz\u0131rlanan har\u00e7\u0131 uygulama yerine d\u00f6k\u00fcn. Harc\u0131n i\u00e7indeki hava kabarc\u0131klar\u0131n\u0131n \u00e7\u0131kt\u0131\u011f\u0131ndan emin olunmal\u0131d\u0131r. Erken kurumay\u0131 engellemek i\u00e7in k\u00fcr malzemesi<\/span><br \/>\n<span style=\"color: #000000;\">kullan\u0131labilir veya uygun y\u00f6ntemlerle (\u0131slak tutmak, \u0131slak bezle \u00f6rtmek gibi) engellenmelidir. So\u011fuk havalarda koruyucu \u00f6rt\u00fcler kullan\u0131n\u0131z veya gerekli di\u011fer \u00f6nlemleri al\u0131n\u0131z.<\/span><\/p>\n<p><span style=\"color: #000000;\"><strong>KARI\u015eTIRMA<\/strong><\/span><br \/>\n<span style=\"color: #000000;\">Uygun su miktar\u0131 bir \u00f6l\u00e7ek yard\u0131m\u0131yla temiz kar\u0131\u015ft\u0131rma kovas\u0131na bo\u015falt\u0131l\u0131r. 25 Kg MRM 1000 kovadaki suyun \u00fczerine ilave edilerek d\u00fc\u015f\u00fck devirli bir kar\u0131\u015ft\u0131r\u0131c\u0131 ile homojen ve topaks\u0131z bir kar\u0131\u015f\u0131m elde edilinceye kadar 4 dakika kar\u0131\u015ft\u0131r\u0131l\u0131r.<\/span><\/p>\n<p><span style=\"color: #000000;\"><strong>KARI\u015eTIRMA ORANLARI<\/strong><\/span><br \/>\n<span style=\"color: #000000;\">MRM 1000\u00a0 \u00a0 \u00a0 \u00a0 \u00a0 \u00a0 \u00a0 \u00a0 \u00a0 \u00a0 \u00a0 \u00a0 \u00a0 \u00a0 \u00a0 \u00a0 \u00a0 \u00a0 \u00a01 KG TOZ \u0130\u00c7\u0130N\u00a0 \u00a0 \u00a0 \u00a0 \u00a0 \u00a025 KG TORBA \u0130\u00c7\u0130N<\/span><br \/>\n<span style=\"color: #000000;\">KARI\u015eIM SUYU M\u0130KTARI\u00a0 \u00a0 \u00a0 \u00a0 \u00a00,175 lt\u00a0 \u00a0 \u00a0 \u00a0 \u00a0 \u00a0 \u00a0 \u00a0 \u00a0 \u00a0 \u00a0 \u00a0 \u00a04,37 lt<\/span><br \/>\n<span style=\"color: #000000;\">KARI\u015eIM YO\u011eUNLU\u011eU\u00a0 \u00a0 \u00a0 \u00a0 \u00a0 \u00a0 \u00a01,75kg\/lt<\/span><\/p>\n<p><span style=\"color: #000000;\"><strong>ALETLER\u0130N TEM\u0130ZLENMES\u0130<\/strong><\/span><br \/>\n<span style=\"color: #000000;\">Uygulamadan sonra kullan\u0131lan alet ve ekipmanlar su ile temizlenmelidir. MRM 1000, sertle\u015ftikten sonra ancak mekanik olarak y\u00fczeyden temizlenebilir.<\/span><\/p>\n<p><span style=\"color: #000000;\"><strong>SARF\u0130YAT<\/strong><\/span><br \/>\n<span style=\"color: #000000;\">1 litre har\u00e7 i\u00e7in 2 kg toz \u00fcr\u00fcn<\/span><\/p>\n<p><span style=\"color: #000000;\"><strong>AMBALAJ<\/strong><\/span><br \/>\n<span style=\"color: #000000;\">25 kg.\u2019l\u0131k kraft torba.<\/span><\/p>\n","protected":false},"excerpt":{"rendered":"<p><span style=\"color: #000000;\"><a style=\"color: #000000;\" href=\"https:\/\/dolphinfix.com.tr\/eticaret\/wp-content\/uploads\/2025\/04\/MICROFLOOR-RM-1000-MRM-TDS.pdf\" target=\"_blank\" rel=\"noopener\">TDS Belgesini \u0130ndirmek \u0130\u00e7in T\u0131klay\u0131n\u0131z<br \/>\n<\/a><\/span><span style=\"color: #000000;\"><a style=\"color: #000000;\" href=\"https:\/\/dolphinfix.com.tr\/eticaret\/wp-content\/uploads\/2025\/03\/AKER-KIMYA-1504-3-FUK-UYGUNLUK-BELGESI-REV06-TR.pdf\" target=\"_blank\" rel=\"noopener\">CE Belgesini \u0130ndirmek \u0130\u00e7in T\u0131klay\u0131n\u0131z<\/a><\/span><\/p>\n","protected":false},"featured_media":16166,"comment_status":"open","ping_status":"closed","template":"","meta":{"_joinchat":[]},"product_cat":[139,90],"product_tag":[798,643,801,799,806,802,646,768,805,797,803,804,755,800,796],"class_list":{"0":"post-16032","1":"product","2":"type-product","3":"status-publish","4":"has-post-thumbnail","6":"product_cat-mikrobeton","7":"product_cat-zemin-cozumleri","8":"product_tag-2-100-mm-tamir-harci","9":"product_tag-beton-tamir-harci","10":"product_tag-beton-tamir-malzemesi","11":"product_tag-dayanikli-zemin-harci","12":"product_tag-dekoratif-zemin-tamiri","13":"product_tag-endustriyel-zemin-tamiri","14":"product_tag-hizli-kuruyan-tamir-harci","15":"product_tag-insaat-malzemesi","16":"product_tag-kolay-uygulanabilir-harc","17":"product_tag-mikro-zemin-harci","18":"product_tag-profesyonel-uygulama-harci","19":"product_tag-uzun-omurlu-zemin-harci","20":"product_tag-yapi-malzemeleri","21":"product_tag-yuksek-performansli-zemin-harci","22":"product_tag-zemin-tamir-harci","24":"first","25":"instock","26":"shipping-taxable","27":"product-type-variable"},"yoast_head":"<!-- This site is optimized with the Yoast SEO Premium plugin v20.2.1 (Yoast SEO v20.2.1) - https:\/\/yoast.com\/wordpress\/plugins\/seo\/ -->\n<title>MRM 1000 Ak\u0131c\u0131 Beton Tamir Harc\u0131 | Y\u00fcksek Dayan\u0131m<\/title>\n<meta name=\"description\" content=\"MRM 1000 ak\u0131c\u0131 tamir harc\u0131, beton y\u00fczey onar\u0131m\u0131 ve bo\u015fluk doldurma uygulamalar\u0131nda y\u00fcksek dayan\u0131m sa\u011flar. H\u0131zl\u0131 k\u00fcrlenir, r\u00f6tre yapmaz ve kolay uygulan\u0131r.\" \/>\n<meta name=\"robots\" content=\"index, follow, max-snippet:-1, max-image-preview:large, max-video-preview:-1\" \/>\n<link rel=\"canonical\" href=\"https:\/\/dolphinfix.com.tr\/urun\/mrm-1000-akici-beton-tamir-harci\/\" \/>\n<meta property=\"og:locale\" content=\"tr_TR\" \/>\n<meta property=\"og:type\" content=\"article\" \/>\n<meta property=\"og:title\" content=\"MICROFLOOR RM 1000 MRM - ZEM\u0130N TAM\u0130R HARCI 2-100 MM\" \/>\n<meta property=\"og:description\" content=\"MRM 1000 ak\u0131c\u0131 tamir harc\u0131, beton y\u00fczey onar\u0131m\u0131 ve bo\u015fluk doldurma uygulamalar\u0131nda y\u00fcksek dayan\u0131m sa\u011flar. H\u0131zl\u0131 k\u00fcrlenir, r\u00f6tre yapmaz ve kolay uygulan\u0131r.\" \/>\n<meta property=\"og:url\" content=\"https:\/\/dolphinfix.com.tr\/urun\/mrm-1000-akici-beton-tamir-harci\/\" \/>\n<meta property=\"og:site_name\" content=\"Dolphinfix\" \/>\n<meta property=\"article:modified_time\" content=\"2026-02-12T23:39:48+00:00\" \/>\n<meta property=\"og:image\" content=\"https:\/\/dolphinfix.com.tr\/wp-content\/uploads\/2024\/10\/1000.png\" \/>\n\t<meta property=\"og:image:width\" content=\"1000\" \/>\n\t<meta property=\"og:image:height\" content=\"1000\" \/>\n\t<meta property=\"og:image:type\" content=\"image\/png\" \/>\n<meta name=\"twitter:card\" content=\"summary_large_image\" \/>\n<meta name=\"twitter:label1\" content=\"Tahmini okuma s\u00fcresi\" \/>\n\t<meta name=\"twitter:data1\" content=\"3 dakika\" \/>\n<script type=\"application\/ld+json\" class=\"yoast-schema-graph\">{\"@context\":\"https:\/\/schema.org\",\"@graph\":[{\"@type\":\"WebPage\",\"@id\":\"https:\/\/dolphinfix.com.tr\/urun\/mrm-1000-akici-beton-tamir-harci\/\",\"url\":\"https:\/\/dolphinfix.com.tr\/urun\/mrm-1000-akici-beton-tamir-harci\/\",\"name\":\"MRM 1000 Ak\u0131c\u0131 Beton Tamir Harc\u0131 | Y\u00fcksek Dayan\u0131m\",\"isPartOf\":{\"@id\":\"https:\/\/dolphinfix.com.tr\/#website\"},\"datePublished\":\"2024-10-19T15:41:30+00:00\",\"dateModified\":\"2026-02-12T23:39:48+00:00\",\"description\":\"MRM 1000 ak\u0131c\u0131 tamir harc\u0131, beton y\u00fczey onar\u0131m\u0131 ve bo\u015fluk doldurma uygulamalar\u0131nda y\u00fcksek dayan\u0131m sa\u011flar. H\u0131zl\u0131 k\u00fcrlenir, r\u00f6tre yapmaz ve kolay uygulan\u0131r.\",\"breadcrumb\":{\"@id\":\"https:\/\/dolphinfix.com.tr\/urun\/mrm-1000-akici-beton-tamir-harci\/#breadcrumb\"},\"inLanguage\":\"tr\",\"potentialAction\":[{\"@type\":\"ReadAction\",\"target\":[\"https:\/\/dolphinfix.com.tr\/urun\/mrm-1000-akici-beton-tamir-harci\/\"]}]},{\"@type\":\"BreadcrumbList\",\"@id\":\"https:\/\/dolphinfix.com.tr\/urun\/mrm-1000-akici-beton-tamir-harci\/#breadcrumb\",\"itemListElement\":[{\"@type\":\"ListItem\",\"position\":1,\"name\":\"Home\",\"item\":\"https:\/\/dolphinfix.com.tr\/\"},{\"@type\":\"ListItem\",\"position\":2,\"name\":\"Market\",\"item\":\"https:\/\/dolphinfix.com.tr\/market\/\"},{\"@type\":\"ListItem\",\"position\":3,\"name\":\"MICROFLOOR RM 1000 MRM &#8211; ZEM\u0130N TAM\u0130R HARCI 2-100 MM\"}]},{\"@type\":\"WebSite\",\"@id\":\"https:\/\/dolphinfix.com.tr\/#website\",\"url\":\"https:\/\/dolphinfix.com.tr\/\",\"name\":\"Dolphinfix\",\"description\":\"\",\"potentialAction\":[{\"@type\":\"SearchAction\",\"target\":{\"@type\":\"EntryPoint\",\"urlTemplate\":\"https:\/\/dolphinfix.com.tr\/?s={search_term_string}\"},\"query-input\":\"required name=search_term_string\"}],\"inLanguage\":\"tr\"}]}<\/script>\n<!-- \/ Yoast SEO Premium plugin. -->","yoast_head_json":{"title":"MRM 1000 Ak\u0131c\u0131 Beton Tamir Harc\u0131 | Y\u00fcksek Dayan\u0131m","description":"MRM 1000 ak\u0131c\u0131 tamir harc\u0131, beton y\u00fczey onar\u0131m\u0131 ve bo\u015fluk doldurma uygulamalar\u0131nda y\u00fcksek dayan\u0131m sa\u011flar. H\u0131zl\u0131 k\u00fcrlenir, r\u00f6tre yapmaz ve kolay uygulan\u0131r.","robots":{"index":"index","follow":"follow","max-snippet":"max-snippet:-1","max-image-preview":"max-image-preview:large","max-video-preview":"max-video-preview:-1"},"canonical":"https:\/\/dolphinfix.com.tr\/urun\/mrm-1000-akici-beton-tamir-harci\/","og_locale":"tr_TR","og_type":"article","og_title":"MICROFLOOR RM 1000 MRM - ZEM\u0130N TAM\u0130R HARCI 2-100 MM","og_description":"MRM 1000 ak\u0131c\u0131 tamir harc\u0131, beton y\u00fczey onar\u0131m\u0131 ve bo\u015fluk doldurma uygulamalar\u0131nda y\u00fcksek dayan\u0131m sa\u011flar. H\u0131zl\u0131 k\u00fcrlenir, r\u00f6tre yapmaz ve kolay uygulan\u0131r.","og_url":"https:\/\/dolphinfix.com.tr\/urun\/mrm-1000-akici-beton-tamir-harci\/","og_site_name":"Dolphinfix","article_modified_time":"2026-02-12T23:39:48+00:00","og_image":[{"width":1000,"height":1000,"url":"https:\/\/dolphinfix.com.tr\/wp-content\/uploads\/2024\/10\/1000.png","type":"image\/png"}],"twitter_card":"summary_large_image","twitter_misc":{"Tahmini okuma s\u00fcresi":"3 dakika"},"schema":{"@context":"https:\/\/schema.org","@graph":[{"@type":"WebPage","@id":"https:\/\/dolphinfix.com.tr\/urun\/mrm-1000-akici-beton-tamir-harci\/","url":"https:\/\/dolphinfix.com.tr\/urun\/mrm-1000-akici-beton-tamir-harci\/","name":"MRM 1000 Ak\u0131c\u0131 Beton Tamir Harc\u0131 | Y\u00fcksek Dayan\u0131m","isPartOf":{"@id":"https:\/\/dolphinfix.com.tr\/#website"},"datePublished":"2024-10-19T15:41:30+00:00","dateModified":"2026-02-12T23:39:48+00:00","description":"MRM 1000 ak\u0131c\u0131 tamir harc\u0131, beton y\u00fczey onar\u0131m\u0131 ve bo\u015fluk doldurma uygulamalar\u0131nda y\u00fcksek dayan\u0131m sa\u011flar. H\u0131zl\u0131 k\u00fcrlenir, r\u00f6tre yapmaz ve kolay uygulan\u0131r.","breadcrumb":{"@id":"https:\/\/dolphinfix.com.tr\/urun\/mrm-1000-akici-beton-tamir-harci\/#breadcrumb"},"inLanguage":"tr","potentialAction":[{"@type":"ReadAction","target":["https:\/\/dolphinfix.com.tr\/urun\/mrm-1000-akici-beton-tamir-harci\/"]}]},{"@type":"BreadcrumbList","@id":"https:\/\/dolphinfix.com.tr\/urun\/mrm-1000-akici-beton-tamir-harci\/#breadcrumb","itemListElement":[{"@type":"ListItem","position":1,"name":"Home","item":"https:\/\/dolphinfix.com.tr\/"},{"@type":"ListItem","position":2,"name":"Market","item":"https:\/\/dolphinfix.com.tr\/market\/"},{"@type":"ListItem","position":3,"name":"MICROFLOOR RM 1000 MRM &#8211; ZEM\u0130N TAM\u0130R HARCI 2-100 MM"}]},{"@type":"WebSite","@id":"https:\/\/dolphinfix.com.tr\/#website","url":"https:\/\/dolphinfix.com.tr\/","name":"Dolphinfix","description":"","potentialAction":[{"@type":"SearchAction","target":{"@type":"EntryPoint","urlTemplate":"https:\/\/dolphinfix.com.tr\/?s={search_term_string}"},"query-input":"required name=search_term_string"}],"inLanguage":"tr"}]}},"_links":{"self":[{"href":"https:\/\/dolphinfix.com.tr\/wp-json\/wp\/v2\/product\/16032","targetHints":{"allow":["GET"]}}],"collection":[{"href":"https:\/\/dolphinfix.com.tr\/wp-json\/wp\/v2\/product"}],"about":[{"href":"https:\/\/dolphinfix.com.tr\/wp-json\/wp\/v2\/types\/product"}],"replies":[{"embeddable":true,"href":"https:\/\/dolphinfix.com.tr\/wp-json\/wp\/v2\/comments?post=16032"}],"version-history":[{"count":6,"href":"https:\/\/dolphinfix.com.tr\/wp-json\/wp\/v2\/product\/16032\/revisions"}],"predecessor-version":[{"id":18535,"href":"https:\/\/dolphinfix.com.tr\/wp-json\/wp\/v2\/product\/16032\/revisions\/18535"}],"wp:featuredmedia":[{"embeddable":true,"href":"https:\/\/dolphinfix.com.tr\/wp-json\/wp\/v2\/media\/16166"}],"wp:attachment":[{"href":"https:\/\/dolphinfix.com.tr\/wp-json\/wp\/v2\/media?parent=16032"}],"wp:term":[{"taxonomy":"product_cat","embeddable":true,"href":"https:\/\/dolphinfix.com.tr\/wp-json\/wp\/v2\/product_cat?post=16032"},{"taxonomy":"product_tag","embeddable":true,"href":"https:\/\/dolphinfix.com.tr\/wp-json\/wp\/v2\/product_tag?post=16032"}],"curies":[{"name":"wp","href":"https:\/\/api.w.org\/{rel}","templated":true}]}}