{"id":16183,"date":"2024-10-23T16:08:51","date_gmt":"2024-10-23T13:08:51","guid":{"rendered":"https:\/\/dolphinfix.com.tr\/?post_type=product&#038;p=16183"},"modified":"2026-02-14T01:29:31","modified_gmt":"2026-02-13T22:29:31","slug":"ykp-904-beton-yuzey-koruyucu-ve-parlatici-kaplama","status":"publish","type":"product","link":"https:\/\/dolphinfix.com.tr\/urun\/ykp-904-beton-yuzey-koruyucu-ve-parlatici-kaplama\/","title":{"rendered":"904 YKP &#8211; Y\u00dcZEY KORUYUCU VE PARLATICI"},"content":{"rendered":"<h3><span style=\"color: #c61016;\">\u00dcR\u00dcN B\u0130LG\u0130LER\u0130 ;<\/span><\/h3>\n<p><span style=\"color: #000000;\"><strong>TANIMI:<\/strong> YKP 904, uyguland\u0131g\u0131 y\u00fczeyin \u00fcst tabakas\u0131na n\u00fcfuz ederek ince bir seffaf tabaka olusturan ve b\u00f6ylece d\u0131\u015f etkenlere kars\u0131 koruma saglayarak zemine parlakl\u0131k veren solventli y\u00fczey koruyucu ve parlat\u0131c\u0131 kaplama malzemesidir.<\/span><\/p>\n<p><span style=\"color: #000000;\"><strong>KULLANIM ALANLARI<\/strong><\/span><br \/>\n<span style=\"color: #000000;\">\u2022T\u00fcm beton y\u00fczeylerde,<\/span><br \/>\n<span style=\"color: #000000;\">\u2022Otopark ve depo zeminlerinde,<\/span><br \/>\n<span style=\"color: #000000;\">\u2022End\u00fcstriyel y\u00fckleme ve bosaltma yap\u0131lan zeminler,<\/span><br \/>\n<span style=\"color: #000000;\">\u2022Magaza zeminlerinde,<\/span><br \/>\n<span style=\"color: #000000;\">\u2022Precast cephe kaplama y\u00fczeyleri,<\/span><\/p>\n<p><span style=\"color: #000000;\"><strong>\u00dcR\u00dcN \u00d6ZELL\u0130KLER\u0130<\/strong><\/span><br \/>\n<span style=\"color: #000000;\">Beton, S\u0131va, derz, tas vb. uyguland\u0131g\u0131 y\u00fczeylerin dokusuna n\u00fcfuz ederek kimyasal bir reaksiyon ba\u015flatarak tepkimeye girer ve kristalle\u015fir. Bunun neticesinde y\u00fczeyde ki g\u00f6zenekleri doldurur.<\/span><\/p>\n<p><span style=\"color: #000000;\">B\u00f6ylece;<\/span><br \/>\n<span style=\"color: #000000;\">\u2022Parlak, canl\u0131 ve iyi bir g\u00f6r\u00fcnt\u00fc sa\u011flar,<\/span><br \/>\n<span style=\"color: #000000;\">\u2022Parlak bir y\u00fczey olu\u015fturur,<\/span><br \/>\n<span style=\"color: #000000;\">\u2022Tozumay\u0131 \u00f6nler,<\/span><br \/>\n<span style=\"color: #000000;\">\u2022S\u00fcrt\u00fcnme dayan\u0131m\u0131n\u0131 art\u0131r\u0131r,<\/span><br \/>\n<span style=\"color: #000000;\">\u2022Uyguland\u0131\u011f\u0131 zeminin a\u015f\u0131nmas\u0131n\u0131 \u00f6nler,<\/span><br \/>\n<span style=\"color: #000000;\">\u2022Su emme kabiliyetini azalt\u0131r,<\/span><br \/>\n<span style=\"color: #000000;\">\u2022Temizli\u011fi kolayla\u015ft\u0131r\u0131r,<\/span><br \/>\n<span style=\"color: #000000;\">\u2022Su buhar\u0131n\u0131 ge\u00e7irir,<\/span><br \/>\n<span style=\"color: #000000;\">\u2022 Solvent i\u00e7erir.<\/span><\/p>\n<p><span style=\"color: #000000;\"><strong>UYGULAMA B\u0130LG\u0130S\u0130<\/strong><\/span><br \/>\n<span style=\"color: #000000;\">YKP 904, Perdahl\u0131 beton y\u00fczeyler i\u00e7in m\u00b2 ye yakla\u015f\u0131k 0,05-0,10 lt\/m\u00b2 \u2018dir. Uygulama esnas\u0131nda d\u0131s ortam s\u0131cakl\u0131\u011f\u0131 2 \u00b0C den b\u00fcy\u00fck olmal\u0131d\u0131r.Uygulama yap\u0131lan y\u00fczeyin s\u0131cakl\u0131g\u0131 5 \u00b0C den b\u00fcy\u00fck olmal\u0131d\u0131r. Emici y\u00fczeylerde istenilen yogunlasma tek katta genellikle saglanamaz bu durumda 2. Kat uygulama gerekir. B\u00f6yle durumlarda katlar aras\u0131nda mutlaka kuruman\u0131n beklenmesi gerekir;<\/span><br \/>\n<span style=\"color: #000000;\">+ 5 \u00b0C de minimum 3,5-4 saat<\/span><br \/>\n<span style=\"color: #000000;\">+ 25 \u00b0C de minimum 1,5-2 saat<\/span><\/p>\n<p><span style=\"color: #000000;\"><strong>D\u0130KKAT ED\u0130LMESI GEREKEN HUSUSLAR<\/strong><\/span><br \/>\n<span style=\"color: #000000;\">\u2022YKP 904 uygulamas\u0131 nemli zemin \u00fczerine yap\u0131lmal\u0131d\u0131r. S\u0131cakl\u0131g\u0131n y\u00fcksek oldugu zamanlarda uygulama yap\u0131lmadan \u00f6nce zemin tamamen suya doyurulmal\u0131d\u0131r. Zeminde su birikintisi olmamal\u0131d\u0131r.<\/span><br \/>\n<span style=\"color: #000000;\">\u2022Zeminin tamamen temizlendiginden emin olun. Donmus ve kirli y\u00fczeylere uygulama yapmay\u0131n.<\/span><br \/>\n<span style=\"color: #000000;\">\u2022Zeminde farkl\u0131 emicilik olmas\u0131 durumunda \u00e7ok hafif renk fark\u0131 olabilir.<\/span><br \/>\n<span style=\"color: #000000;\">\u2022Uygulama yap\u0131lacak zeminde ileri derecede as\u0131nma varsa ve agregalar\u0131n a\u00e7\u0131ga \u00e7\u0131km\u0131s oldugu zeminlere uygun degildir.<\/span><br \/>\n<span style=\"color: #000000;\">\u2022Daha fazla bilgi ve yard\u0131m i\u00e7in l\u00fctfen Dolphinfix Teknik Servis ile iletisime ge\u00e7iniz.<\/span><\/p>\n<p><span style=\"color: #000000;\"><strong>AMBALAJ:<\/strong> 30 Kg Plastik bidon<\/span><\/p>\n<p><span style=\"color: #000000;\"><strong>RAF \u00d6MR\u00dc:<\/strong> Orijinal, hasar g\u00f6rmemis ve a\u00e7\u0131lmam\u0131s ambalaj\u0131nda \u00fcretim tarihi itibariyle 24 ay kullan\u0131labilir.<\/span><\/p>\n<p><span style=\"color: #000000;\"><strong>SARFIYAT: <\/strong>1 litre ile emicili\u011fe ba\u011fl\u0131 olarak 5-20 m\u00b2 aras\u0131<\/span><\/p>\n<p><span style=\"color: #000000;\"><strong>DEPOLAMA SARTLARI:<\/strong> +5 \u00b0C ve 30\u00b0C aral\u0131\u011f\u0131nda muhafaza edilmelidir. Dondan ve direkt g\u00fcne\u015f \u0131s\u0131ndan korunmal\u0131d\u0131r.<\/span><\/p>\n<p><span style=\"color: #000000;\"><em>\u00dcr\u00fcn Teknik \u00f6zellikleri ve di\u011fer bilgiler i\u00e7in tds belgesini indirmenizi rica ederiz.<\/em><\/span><\/p>\n","protected":false},"excerpt":{"rendered":"<p><span style=\"color: #000000;\"><a style=\"color: #000000;\" href=\"https:\/\/dolphinfix.com.tr\/eticaret\/wp-content\/uploads\/2025\/04\/YUZEY-KORUYUCU-VE-PARLATICI-YKP-904-TDS.pdf\" target=\"_blank\" rel=\"noopener\">TDS Belgesini \u0130ndirmek \u0130\u00e7in T\u0131klay\u0131n\u0131z<br \/>\n<\/a><\/span><span style=\"color: #000000;\"><a style=\"color: #000000;\" href=\"#\" target=\"_blank\" rel=\"noopener\">CE Belgesini \u0130ndirmek \u0130\u00e7in T\u0131klay\u0131n\u0131z<br \/>\n<\/a><\/span><\/p>\n","protected":false},"featured_media":16185,"comment_status":"open","ping_status":"closed","template":"","meta":{"_joinchat":[]},"product_cat":[143,90],"product_tag":[865,873,766,869,874,768,871,870,864,868,867,755,872,863,866],"class_list":{"0":"post-16183","1":"product","2":"type-product","3":"status-publish","4":"has-post-thumbnail","6":"product_cat-yuzey-koruyucu-ve-parlatici","7":"product_cat-zemin-cozumleri","8":"product_tag-beton-yuzey-koruyucu","9":"product_tag-beton-yuzey-parlatici","10":"product_tag-dayanikli-yuzey-kaplama","11":"product_tag-dekoratif-yuzey-koruma","12":"product_tag-endustriyel-zemin-kaplama","13":"product_tag-insaat-malzemesi","14":"product_tag-kolay-uygulanabilir-yuzey-kaplayici","15":"product_tag-parlak-yuzey-kaplama","16":"product_tag-parlatici","17":"product_tag-profesyonel-uygulama","18":"product_tag-uzun-omurlu-yuzey-koruma","19":"product_tag-yapi-malzemeleri","20":"product_tag-yuksek-performansli-yuzey-koruyucu","21":"product_tag-yuzey-koruyucu","22":"product_tag-zemin-koruyucu-ve-parlatici","24":"first","25":"instock","26":"shipping-taxable","27":"product-type-variable"},"yoast_head":"<!-- This site is optimized with the Yoast SEO Premium plugin v20.2.1 (Yoast SEO v20.2.1) - https:\/\/yoast.com\/wordpress\/plugins\/seo\/ -->\n<title>YKP 904 Beton Y\u00fczey Koruyucu | Parlat\u0131c\u0131 ve Tozuma \u00d6nleyici Kaplama<\/title>\n<meta name=\"description\" content=\"YKP 904 solventli y\u00fczey koruyucu kaplama; beton zeminlerde parlakl\u0131k sa\u011flar, tozumay\u0131 \u00f6nler, a\u015f\u0131nma ve su emilimini azaltarak uzun \u00f6m\u00fcrl\u00fc koruma sunar. Otopark, depo ve end\u00fcstriyel alanlar i\u00e7in idealdir.\" \/>\n<meta name=\"robots\" content=\"index, follow, max-snippet:-1, max-image-preview:large, max-video-preview:-1\" \/>\n<link rel=\"canonical\" href=\"https:\/\/dolphinfix.com.tr\/urun\/ykp-904-beton-yuzey-koruyucu-ve-parlatici-kaplama\/\" \/>\n<meta property=\"og:locale\" content=\"tr_TR\" \/>\n<meta property=\"og:type\" content=\"article\" \/>\n<meta property=\"og:title\" content=\"904 YKP - Y\u00dcZEY KORUYUCU VE PARLATICI\" \/>\n<meta property=\"og:description\" content=\"YKP 904 solventli y\u00fczey koruyucu kaplama; beton zeminlerde parlakl\u0131k sa\u011flar, tozumay\u0131 \u00f6nler, a\u015f\u0131nma ve su emilimini azaltarak uzun \u00f6m\u00fcrl\u00fc koruma sunar. Otopark, depo ve end\u00fcstriyel alanlar i\u00e7in idealdir.\" \/>\n<meta property=\"og:url\" content=\"https:\/\/dolphinfix.com.tr\/urun\/ykp-904-beton-yuzey-koruyucu-ve-parlatici-kaplama\/\" \/>\n<meta property=\"og:site_name\" content=\"Dolphinfix\" \/>\n<meta property=\"article:modified_time\" content=\"2026-02-13T22:29:31+00:00\" \/>\n<meta property=\"og:image\" content=\"https:\/\/dolphinfix.com.tr\/wp-content\/uploads\/2024\/10\/904.png\" \/>\n\t<meta property=\"og:image:width\" content=\"1000\" \/>\n\t<meta property=\"og:image:height\" content=\"1000\" \/>\n\t<meta property=\"og:image:type\" content=\"image\/png\" \/>\n<meta name=\"twitter:card\" content=\"summary_large_image\" \/>\n<meta name=\"twitter:label1\" content=\"Tahmini okuma s\u00fcresi\" \/>\n\t<meta name=\"twitter:data1\" content=\"2 dakika\" \/>\n<script type=\"application\/ld+json\" class=\"yoast-schema-graph\">{\"@context\":\"https:\/\/schema.org\",\"@graph\":[{\"@type\":\"WebPage\",\"@id\":\"https:\/\/dolphinfix.com.tr\/urun\/ykp-904-beton-yuzey-koruyucu-ve-parlatici-kaplama\/\",\"url\":\"https:\/\/dolphinfix.com.tr\/urun\/ykp-904-beton-yuzey-koruyucu-ve-parlatici-kaplama\/\",\"name\":\"YKP 904 Beton Y\u00fczey Koruyucu | Parlat\u0131c\u0131 ve Tozuma \u00d6nleyici Kaplama\",\"isPartOf\":{\"@id\":\"https:\/\/dolphinfix.com.tr\/#website\"},\"datePublished\":\"2024-10-23T13:08:51+00:00\",\"dateModified\":\"2026-02-13T22:29:31+00:00\",\"description\":\"YKP 904 solventli y\u00fczey koruyucu kaplama; beton zeminlerde parlakl\u0131k sa\u011flar, tozumay\u0131 \u00f6nler, a\u015f\u0131nma ve su emilimini azaltarak uzun \u00f6m\u00fcrl\u00fc koruma sunar. Otopark, depo ve end\u00fcstriyel alanlar i\u00e7in idealdir.\",\"breadcrumb\":{\"@id\":\"https:\/\/dolphinfix.com.tr\/urun\/ykp-904-beton-yuzey-koruyucu-ve-parlatici-kaplama\/#breadcrumb\"},\"inLanguage\":\"tr\",\"potentialAction\":[{\"@type\":\"ReadAction\",\"target\":[\"https:\/\/dolphinfix.com.tr\/urun\/ykp-904-beton-yuzey-koruyucu-ve-parlatici-kaplama\/\"]}]},{\"@type\":\"BreadcrumbList\",\"@id\":\"https:\/\/dolphinfix.com.tr\/urun\/ykp-904-beton-yuzey-koruyucu-ve-parlatici-kaplama\/#breadcrumb\",\"itemListElement\":[{\"@type\":\"ListItem\",\"position\":1,\"name\":\"Home\",\"item\":\"https:\/\/dolphinfix.com.tr\/\"},{\"@type\":\"ListItem\",\"position\":2,\"name\":\"Market\",\"item\":\"https:\/\/dolphinfix.com.tr\/market\/\"},{\"@type\":\"ListItem\",\"position\":3,\"name\":\"904 YKP &#8211; Y\u00dcZEY KORUYUCU VE PARLATICI\"}]},{\"@type\":\"WebSite\",\"@id\":\"https:\/\/dolphinfix.com.tr\/#website\",\"url\":\"https:\/\/dolphinfix.com.tr\/\",\"name\":\"Dolphinfix\",\"description\":\"\",\"potentialAction\":[{\"@type\":\"SearchAction\",\"target\":{\"@type\":\"EntryPoint\",\"urlTemplate\":\"https:\/\/dolphinfix.com.tr\/?s={search_term_string}\"},\"query-input\":\"required name=search_term_string\"}],\"inLanguage\":\"tr\"}]}<\/script>\n<!-- \/ Yoast SEO Premium plugin. -->","yoast_head_json":{"title":"YKP 904 Beton Y\u00fczey Koruyucu | Parlat\u0131c\u0131 ve Tozuma \u00d6nleyici Kaplama","description":"YKP 904 solventli y\u00fczey koruyucu kaplama; beton zeminlerde parlakl\u0131k sa\u011flar, tozumay\u0131 \u00f6nler, a\u015f\u0131nma ve su emilimini azaltarak uzun \u00f6m\u00fcrl\u00fc koruma sunar. Otopark, depo ve end\u00fcstriyel alanlar i\u00e7in idealdir.","robots":{"index":"index","follow":"follow","max-snippet":"max-snippet:-1","max-image-preview":"max-image-preview:large","max-video-preview":"max-video-preview:-1"},"canonical":"https:\/\/dolphinfix.com.tr\/urun\/ykp-904-beton-yuzey-koruyucu-ve-parlatici-kaplama\/","og_locale":"tr_TR","og_type":"article","og_title":"904 YKP - Y\u00dcZEY KORUYUCU VE PARLATICI","og_description":"YKP 904 solventli y\u00fczey koruyucu kaplama; beton zeminlerde parlakl\u0131k sa\u011flar, tozumay\u0131 \u00f6nler, a\u015f\u0131nma ve su emilimini azaltarak uzun \u00f6m\u00fcrl\u00fc koruma sunar. Otopark, depo ve end\u00fcstriyel alanlar i\u00e7in idealdir.","og_url":"https:\/\/dolphinfix.com.tr\/urun\/ykp-904-beton-yuzey-koruyucu-ve-parlatici-kaplama\/","og_site_name":"Dolphinfix","article_modified_time":"2026-02-13T22:29:31+00:00","og_image":[{"width":1000,"height":1000,"url":"https:\/\/dolphinfix.com.tr\/wp-content\/uploads\/2024\/10\/904.png","type":"image\/png"}],"twitter_card":"summary_large_image","twitter_misc":{"Tahmini okuma s\u00fcresi":"2 dakika"},"schema":{"@context":"https:\/\/schema.org","@graph":[{"@type":"WebPage","@id":"https:\/\/dolphinfix.com.tr\/urun\/ykp-904-beton-yuzey-koruyucu-ve-parlatici-kaplama\/","url":"https:\/\/dolphinfix.com.tr\/urun\/ykp-904-beton-yuzey-koruyucu-ve-parlatici-kaplama\/","name":"YKP 904 Beton Y\u00fczey Koruyucu | Parlat\u0131c\u0131 ve Tozuma \u00d6nleyici Kaplama","isPartOf":{"@id":"https:\/\/dolphinfix.com.tr\/#website"},"datePublished":"2024-10-23T13:08:51+00:00","dateModified":"2026-02-13T22:29:31+00:00","description":"YKP 904 solventli y\u00fczey koruyucu kaplama; beton zeminlerde parlakl\u0131k sa\u011flar, tozumay\u0131 \u00f6nler, a\u015f\u0131nma ve su emilimini azaltarak uzun \u00f6m\u00fcrl\u00fc koruma sunar. Otopark, depo ve end\u00fcstriyel alanlar i\u00e7in idealdir.","breadcrumb":{"@id":"https:\/\/dolphinfix.com.tr\/urun\/ykp-904-beton-yuzey-koruyucu-ve-parlatici-kaplama\/#breadcrumb"},"inLanguage":"tr","potentialAction":[{"@type":"ReadAction","target":["https:\/\/dolphinfix.com.tr\/urun\/ykp-904-beton-yuzey-koruyucu-ve-parlatici-kaplama\/"]}]},{"@type":"BreadcrumbList","@id":"https:\/\/dolphinfix.com.tr\/urun\/ykp-904-beton-yuzey-koruyucu-ve-parlatici-kaplama\/#breadcrumb","itemListElement":[{"@type":"ListItem","position":1,"name":"Home","item":"https:\/\/dolphinfix.com.tr\/"},{"@type":"ListItem","position":2,"name":"Market","item":"https:\/\/dolphinfix.com.tr\/market\/"},{"@type":"ListItem","position":3,"name":"904 YKP &#8211; Y\u00dcZEY KORUYUCU VE PARLATICI"}]},{"@type":"WebSite","@id":"https:\/\/dolphinfix.com.tr\/#website","url":"https:\/\/dolphinfix.com.tr\/","name":"Dolphinfix","description":"","potentialAction":[{"@type":"SearchAction","target":{"@type":"EntryPoint","urlTemplate":"https:\/\/dolphinfix.com.tr\/?s={search_term_string}"},"query-input":"required name=search_term_string"}],"inLanguage":"tr"}]}},"_links":{"self":[{"href":"https:\/\/dolphinfix.com.tr\/wp-json\/wp\/v2\/product\/16183","targetHints":{"allow":["GET"]}}],"collection":[{"href":"https:\/\/dolphinfix.com.tr\/wp-json\/wp\/v2\/product"}],"about":[{"href":"https:\/\/dolphinfix.com.tr\/wp-json\/wp\/v2\/types\/product"}],"replies":[{"embeddable":true,"href":"https:\/\/dolphinfix.com.tr\/wp-json\/wp\/v2\/comments?post=16183"}],"version-history":[{"count":4,"href":"https:\/\/dolphinfix.com.tr\/wp-json\/wp\/v2\/product\/16183\/revisions"}],"predecessor-version":[{"id":18151,"href":"https:\/\/dolphinfix.com.tr\/wp-json\/wp\/v2\/product\/16183\/revisions\/18151"}],"wp:featuredmedia":[{"embeddable":true,"href":"https:\/\/dolphinfix.com.tr\/wp-json\/wp\/v2\/media\/16185"}],"wp:attachment":[{"href":"https:\/\/dolphinfix.com.tr\/wp-json\/wp\/v2\/media?parent=16183"}],"wp:term":[{"taxonomy":"product_cat","embeddable":true,"href":"https:\/\/dolphinfix.com.tr\/wp-json\/wp\/v2\/product_cat?post=16183"},{"taxonomy":"product_tag","embeddable":true,"href":"https:\/\/dolphinfix.com.tr\/wp-json\/wp\/v2\/product_tag?post=16183"}],"curies":[{"name":"wp","href":"https:\/\/api.w.org\/{rel}","templated":true}]}}