{"id":18062,"date":"2025-05-01T17:59:23","date_gmt":"2025-05-01T14:59:23","guid":{"rendered":"https:\/\/dolphinfix.com.tr\/?post_type=product&#038;p=18062"},"modified":"2026-03-31T16:10:40","modified_gmt":"2026-03-31T13:10:40","slug":"1140-dsw-su-bazli-emprenye","status":"publish","type":"product","link":"https:\/\/dolphinfix.com.tr\/urun\/1140-dsw-su-bazli-emprenye\/","title":{"rendered":"1140 DSW D-S\u0130L WB SU \u0130T\u0130C\u0130 SU BAZLI EMPRENYE MALZEMES\u0130"},"content":{"rendered":"<p data-pm-slice=\"0 0 []\"><span style=\"color: #ff0000;\"><strong>** PALET F\u0130YATLARI \u0130\u00c7\u0130N \u0130LET\u0130\u015e\u0130ME GE\u00c7\u0130N\u0130Z.**<\/strong><\/span><\/p>\n<h3><span style=\"color: #c61016;\">\u00dcR\u00dcN B\u0130LG\u0130LER\u0130 ;<\/span><\/h3>\n<p><span style=\"color: #000000;\"><strong>TANIMI<\/strong><\/span><br \/>\n<span style=\"color: #000000;\">1140 DSW D-S\u0130L WB Su bazl\u0131 \u00e7evre dostu, kokusuz \u00f6zel emprenye malzemesidir.<\/span><\/p>\n<p><span style=\"color: #000000;\"><strong>KULLANIM ALANLARI<\/strong><\/span><br \/>\n<span style=\"color: #000000;\">Tarihi eser cephe kaplamalar\u0131, do\u011fal ta\u015f, tu\u011fla duvar gibi mineral esasl\u0131 yap\u0131 malzemelerinde, hafif beton y\u00fczeylerine hidrofobik emprenye olarak kullan\u0131l\u0131r.<\/span><\/p>\n<p><span style=\"color: #000000;\"><strong>\u00dcR\u00dcN \u00d6ZELL\u0130KLER\u0130 VE AVANTAJLARI<\/strong><\/span><br \/>\n<span style=\"color: #000000;\">*M\u00fckemmel su iticilik,<\/span><br \/>\n<span style=\"color: #000000;\">*D\u0131\u015f cephede leke yapmaz,<\/span><br \/>\n<span style=\"color: #000000;\">*G\u00f6r\u00fcn\u00fcm\u00fcn\u00fc de\u011fi\u015ftirmez,<\/span><br \/>\n<span style=\"color: #000000;\">*Buhar ge\u00e7irgen \u00f6zelliktedir,<\/span><br \/>\n<span style=\"color: #000000;\">*Alkalilere ve UV \u0131\u015f\u0131nlar\u0131na kar\u015f\u0131 <\/span><span style=\"color: #000000;\">dayan\u0131kl\u0131d\u0131r,<\/span><br \/>\n<span style=\"color: #000000;\">*G\u00fcvenli uygulama,<\/span><br \/>\n<span style=\"color: #000000;\">*Solventsizdir,<\/span><br \/>\n<span style=\"color: #000000;\">*\u00c7evre dostudur.<\/span><\/p>\n<p><span style=\"color: #000000;\"><strong>TEKN\u0130K \u00d6ZELL\u0130KLER<\/strong><\/span><br \/>\n<span style=\"color: #000000;\">Malzemenin Yap\u0131s\u0131: Alkaliosiloksan<\/span><br \/>\n<span style=\"color: #000000;\">Renk: Beyaz<\/span><br \/>\n<span style=\"color: #000000;\">Yo\u011funluk: 1,00 gr\/cm\u2021<\/span><br \/>\n<span style=\"color: #000000;\">Kuruma S\u00fcresi: 60 dakika<\/span><br \/>\n<span style=\"color: #000000;\">Uygulama Ortam S\u0131cakl\u0131\u011f\u0131: +10\u00b0C ile +25\u00b0C<\/span><br \/>\n<span style=\"color: #000000;\">Uygulama \u015eekli: P\u00fcsk\u00fcrtme, rulo, f\u0131r\u00e7a<\/span><br \/>\n<span style=\"color: #000000;\">T\u00fcketim: 0.20\u20131.0 L\/m\u2020 (y\u00fczey emicili\u011fi ve cinsine g\u00f6re) (k\u00fc\u00e7\u00fck alanda deneme yap\u0131lmas\u0131 \u00f6nerilir)<\/span><\/p>\n<p><span style=\"color: #000000;\"><strong>UYGULAMA Y\u00d6NTEM\u0130<\/strong><\/span><br \/>\n<span style=\"color: #000000;\"><strong>Y\u00fczey Haz\u0131rl\u0131\u011f\u0131<\/strong><\/span><br \/>\n<span style=\"color: #000000;\">*Uygulama y\u00fczeyinin sa\u011flam, tutunmay\u0131 \u00f6nleyici,kuru, tozsuz ve ayn\u0131 zamanda temiz olmal\u0131d\u0131r.<\/span><br \/>\n<span style=\"color: #000000;\">*Y\u00fczey aderans\u0131 azaltacak her t\u00fcrl\u00fc ya\u011f, gres, pas kal\u0131nt\u0131lar\u0131ndan iyice temizlenmeli ve y\u00fczeyde gev\u015fek par\u00e7ac\u0131klar olmamal\u0131d\u0131r<\/span><\/p>\n<p><span style=\"color: #000000;\"><strong>KARI\u015eTIRMA<\/strong><\/span><br \/>\n<span style=\"color: #000000;\">Temiz bir kap i\u00e7inde veya kendi ambalaj\u0131nda d\u00fc\u015f\u00fck devirli matkapla yakla\u015f\u0131k 3 dakika kar\u0131\u015ft\u0131r\u0131lmal\u0131d\u0131r. Kullan\u0131ma haz\u0131r hale gelen malzeme p\u00fcsk\u00fcrtme cihaz\u0131, rulo veya f\u0131r\u00e7a ile y\u00fczeye doyana kadar s\u00fcr\u00fcl\u00fcr. 1140 DSW D-S\u0130L WB ya\u015f \u00fcst\u00fc ya\u015f yukar\u0131dan a\u015fa\u011f\u0131ya do\u011fru uygulan\u0131r. K\u00fc\u00e7\u00fck ve detayl\u0131 cephelerde p\u00fcsk\u00fcrtme i\u015fleminin zor olaca\u011f\u0131 yerlerde f\u0131r\u00e7a ile uygulanmal\u0131d\u0131r. \u00c7ok g\u00f6zenekli y\u00fczeylerde bir kat daha fazla uygulanmas\u0131 gerekebilir. Hafif nemli y\u00fczeylerde de uygulanabilir. Yeni uygulama yap\u0131lm\u0131\u015f y\u00fczeyler min. 5 saat ya\u011fmurdan korunmal\u0131d\u0131r. Emprenyenin tam olarak etkisi uygulamadan 1\u20132 hafta sonra tam olarak ortaya \u00e7\u0131kar.<\/span><\/p>\n<p><span style=\"color: #000000;\"><strong>UYARILAR<\/strong><\/span><br \/>\n<span style=\"color: #000000;\">*Malzeme i\u00e7ine kesinlikle hi\u00e7bir yabanc\u0131 malzeme ilave etmeyiniz.<\/span><br \/>\n<span style=\"color: #000000;\">*Malzeme y\u00fczeyde akma yapmamas\u0131na dikkat ediniz.<\/span><br \/>\n<span style=\"color: #000000;\">*Baz\u0131 do\u011fal ta\u015f tiplerinde renk bask\u0131nl\u0131\u011f\u0131 g\u00f6zle \u00e7arpabilir. Uygulama yap\u0131lmadan \u00f6nce cephe y\u00fczeyinde mutlaka bir deneme yap\u0131lmas\u0131 \u00f6nerilir.\u00a0<\/span><br \/>\n<span style=\"color: #000000;\">*Uygulamadan sonra direkt g\u00fcne\u015f \u0131\u015f\u0131\u011f\u0131, \u015fiddetli r\u00fczg\u00e2r, y\u00fcksek hava s\u0131cakl\u0131\u011f\u0131, ya\u011fmur ve don gibi olumsuz hava \u015fartlar\u0131na kar\u015f\u0131 korunmal\u0131d\u0131r.<\/span><br \/>\n<span style=\"color: #000000;\">*Aletler ya\u015f iken su ile temizlenir.<\/span><\/p>\n<p><span style=\"color: #000000;\"><strong>AMBALAJ<\/strong><\/span><br \/>\n<span style=\"color: #000000;\">10 Kg ve 30 Kg Plastik Bidon.<\/span><\/p>\n<p><span style=\"color: #000000;\"><strong>DEPOLAMA<\/strong><\/span><br \/>\n<span style=\"color: #000000;\">A\u00e7\u0131lmam\u0131\u015f orijinal ambalaj\u0131nda a\u011fz\u0131 kapal\u0131, serin ortamda depolanmal\u0131d\u0131r. <\/span><\/p>\n<p><span style=\"color: #000000;\"><strong>RAF \u00d6MR\u00dc<\/strong><\/span><br \/>\n<span style=\"color: #000000;\">\u00dcretim tarihinden itibaren 12 ayd\u0131r.<\/span><\/p>\n<p><span style=\"color: #000000;\"><em>\u00dcr\u00fcn Teknik \u00f6zellikleri ve di\u011fer bilgiler i\u00e7in tds belgesini indirmenizi rica ederiz.<\/em><\/span><\/p>\n","protected":false},"excerpt":{"rendered":"<p><span style=\"color: #000000;\"><a style=\"color: #000000;\" href=\"https:\/\/dolphinfix.com.tr\/eticaret\/wp-content\/uploads\/2026\/03\/1140-DSW-D-SIL-WB-SU-ITICI-SU-BAZLI-EMPRENYE-MALZEMESI.pdf\" target=\"_blank\" rel=\"noopener\">TDS Belgesini \u0130ndirmek \u0130\u00e7in T\u0131klay\u0131n\u0131z<br \/>\n<\/a><\/span><span style=\"color: #000000;\"><a style=\"color: #000000;\" href=\"#\" target=\"_blank\" rel=\"noopener\">CE Belgesini \u0130ndirmek \u0130\u00e7in T\u0131klay\u0131n\u0131z<\/a><\/span><\/p>\n","protected":false},"featured_media":18059,"comment_status":"open","ping_status":"closed","template":"","meta":{"_joinchat":[]},"product_cat":[84],"product_tag":[1176,1183,1174,1182,1178,1179,1184,1177,1185,1173,1172,1180,1186,1187,1175,1181,1088],"class_list":{"0":"post-18062","1":"product","2":"type-product","3":"status-publish","4":"has-post-thumbnail","6":"product_cat-restorasyon-cozumleri","7":"product_tag-beton-su-itici","8":"product_tag-cevre-dostu-su-itici","9":"product_tag-d-sil-wb","10":"product_tag-dayanikli-emprenye","11":"product_tag-dis-cephe-koruyucu","12":"product_tag-ic-cephe-koruyucu","13":"product_tag-kolay-uygulanabilir-su-itici","14":"product_tag-nefes-alan-su-itici","15":"product_tag-profesyonel-su-itici-uygulama","16":"product_tag-su-bazli-emprenye","17":"product_tag-su-itici-malzeme","18":"product_tag-suya-dayanikli-kaplama","19":"product_tag-tarihi-eser-yapilarda-kullanilan-su-bazli-su-itici-malzeme-ve-urun","20":"product_tag-tas-ve-tugla-duvarlari-yuzeyinde-kullanilan-su-bazli-su-itici-malzeme-ve-urun","21":"product_tag-tas-ve-tugla-su-itici","22":"product_tag-uzun-omurlu-su-itici","23":"product_tag-yuzey-koruma","25":"first","26":"instock","27":"shipping-taxable","28":"product-type-variable"},"yoast_head":"<!-- This site is optimized with the Yoast SEO Premium plugin v20.2.1 (Yoast SEO v20.2.1) - https:\/\/yoast.com\/wordpress\/plugins\/seo\/ -->\n<title>1140 DSW D-S\u0130L WB Su Bazl\u0131 Su \u0130tici Emprenye | Nefes Alan Koruma<\/title>\n<meta name=\"description\" content=\"1140 DSW D-S\u0130L WB su bazl\u0131 su itici emprenye; beton, ta\u015f ve mineral y\u00fczeylerde su emilimini azalt\u0131r, nefes alabilir koruma sa\u011flar. D\u0131\u015f cephe ve yap\u0131 y\u00fczeylerinde uzun \u00f6m\u00fcrl\u00fc, \u015feffaf su yal\u0131t\u0131m \u00e7\u00f6z\u00fcm\u00fc.\" \/>\n<meta name=\"robots\" content=\"index, follow, max-snippet:-1, max-image-preview:large, max-video-preview:-1\" \/>\n<link rel=\"canonical\" href=\"https:\/\/dolphinfix.com.tr\/urun\/1140-dsw-su-bazli-emprenye\/\" \/>\n<meta property=\"og:locale\" content=\"tr_TR\" \/>\n<meta property=\"og:type\" content=\"article\" \/>\n<meta property=\"og:title\" content=\"1140 DSW D-S\u0130L WB SU \u0130T\u0130C\u0130 SU BAZLI EMPRENYE MALZEMES\u0130\" \/>\n<meta property=\"og:description\" content=\"1140 DSW D-S\u0130L WB su bazl\u0131 su itici emprenye; beton, ta\u015f ve mineral y\u00fczeylerde su emilimini azalt\u0131r, nefes alabilir koruma sa\u011flar. D\u0131\u015f cephe ve yap\u0131 y\u00fczeylerinde uzun \u00f6m\u00fcrl\u00fc, \u015feffaf su yal\u0131t\u0131m \u00e7\u00f6z\u00fcm\u00fc.\" \/>\n<meta property=\"og:url\" content=\"https:\/\/dolphinfix.com.tr\/urun\/1140-dsw-su-bazli-emprenye\/\" \/>\n<meta property=\"og:site_name\" content=\"Dolphinfix\" \/>\n<meta property=\"article:modified_time\" content=\"2026-03-31T13:10:40+00:00\" \/>\n<meta property=\"og:image\" content=\"https:\/\/dolphinfix.com.tr\/wp-content\/uploads\/2025\/05\/1140-DSW-D-SIL-WB.png\" \/>\n\t<meta property=\"og:image:width\" content=\"1000\" \/>\n\t<meta property=\"og:image:height\" content=\"1000\" \/>\n\t<meta property=\"og:image:type\" content=\"image\/png\" \/>\n<meta name=\"twitter:card\" content=\"summary_large_image\" \/>\n<meta name=\"twitter:label1\" content=\"Tahmini okuma s\u00fcresi\" \/>\n\t<meta name=\"twitter:data1\" content=\"2 dakika\" \/>\n<script type=\"application\/ld+json\" class=\"yoast-schema-graph\">{\"@context\":\"https:\/\/schema.org\",\"@graph\":[{\"@type\":\"WebPage\",\"@id\":\"https:\/\/dolphinfix.com.tr\/urun\/1140-dsw-su-bazli-emprenye\/\",\"url\":\"https:\/\/dolphinfix.com.tr\/urun\/1140-dsw-su-bazli-emprenye\/\",\"name\":\"1140 DSW D-S\u0130L WB Su Bazl\u0131 Su \u0130tici Emprenye | Nefes Alan Koruma\",\"isPartOf\":{\"@id\":\"https:\/\/dolphinfix.com.tr\/#website\"},\"datePublished\":\"2025-05-01T14:59:23+00:00\",\"dateModified\":\"2026-03-31T13:10:40+00:00\",\"description\":\"1140 DSW D-S\u0130L WB su bazl\u0131 su itici emprenye; beton, ta\u015f ve mineral y\u00fczeylerde su emilimini azalt\u0131r, nefes alabilir koruma sa\u011flar. D\u0131\u015f cephe ve yap\u0131 y\u00fczeylerinde uzun \u00f6m\u00fcrl\u00fc, \u015feffaf su yal\u0131t\u0131m \u00e7\u00f6z\u00fcm\u00fc.\",\"breadcrumb\":{\"@id\":\"https:\/\/dolphinfix.com.tr\/urun\/1140-dsw-su-bazli-emprenye\/#breadcrumb\"},\"inLanguage\":\"tr\",\"potentialAction\":[{\"@type\":\"ReadAction\",\"target\":[\"https:\/\/dolphinfix.com.tr\/urun\/1140-dsw-su-bazli-emprenye\/\"]}]},{\"@type\":\"BreadcrumbList\",\"@id\":\"https:\/\/dolphinfix.com.tr\/urun\/1140-dsw-su-bazli-emprenye\/#breadcrumb\",\"itemListElement\":[{\"@type\":\"ListItem\",\"position\":1,\"name\":\"Home\",\"item\":\"https:\/\/dolphinfix.com.tr\/\"},{\"@type\":\"ListItem\",\"position\":2,\"name\":\"Market\",\"item\":\"https:\/\/dolphinfix.com.tr\/market\/\"},{\"@type\":\"ListItem\",\"position\":3,\"name\":\"1140 DSW D-S\u0130L WB SU \u0130T\u0130C\u0130 SU BAZLI EMPRENYE MALZEMES\u0130\"}]},{\"@type\":\"WebSite\",\"@id\":\"https:\/\/dolphinfix.com.tr\/#website\",\"url\":\"https:\/\/dolphinfix.com.tr\/\",\"name\":\"Dolphinfix\",\"description\":\"\",\"potentialAction\":[{\"@type\":\"SearchAction\",\"target\":{\"@type\":\"EntryPoint\",\"urlTemplate\":\"https:\/\/dolphinfix.com.tr\/?s={search_term_string}\"},\"query-input\":\"required name=search_term_string\"}],\"inLanguage\":\"tr\"}]}<\/script>\n<!-- \/ Yoast SEO Premium plugin. -->","yoast_head_json":{"title":"1140 DSW D-S\u0130L WB Su Bazl\u0131 Su \u0130tici Emprenye | Nefes Alan Koruma","description":"1140 DSW D-S\u0130L WB su bazl\u0131 su itici emprenye; beton, ta\u015f ve mineral y\u00fczeylerde su emilimini azalt\u0131r, nefes alabilir koruma sa\u011flar. D\u0131\u015f cephe ve yap\u0131 y\u00fczeylerinde uzun \u00f6m\u00fcrl\u00fc, \u015feffaf su yal\u0131t\u0131m \u00e7\u00f6z\u00fcm\u00fc.","robots":{"index":"index","follow":"follow","max-snippet":"max-snippet:-1","max-image-preview":"max-image-preview:large","max-video-preview":"max-video-preview:-1"},"canonical":"https:\/\/dolphinfix.com.tr\/urun\/1140-dsw-su-bazli-emprenye\/","og_locale":"tr_TR","og_type":"article","og_title":"1140 DSW D-S\u0130L WB SU \u0130T\u0130C\u0130 SU BAZLI EMPRENYE MALZEMES\u0130","og_description":"1140 DSW D-S\u0130L WB su bazl\u0131 su itici emprenye; beton, ta\u015f ve mineral y\u00fczeylerde su emilimini azalt\u0131r, nefes alabilir koruma sa\u011flar. D\u0131\u015f cephe ve yap\u0131 y\u00fczeylerinde uzun \u00f6m\u00fcrl\u00fc, \u015feffaf su yal\u0131t\u0131m \u00e7\u00f6z\u00fcm\u00fc.","og_url":"https:\/\/dolphinfix.com.tr\/urun\/1140-dsw-su-bazli-emprenye\/","og_site_name":"Dolphinfix","article_modified_time":"2026-03-31T13:10:40+00:00","og_image":[{"width":1000,"height":1000,"url":"https:\/\/dolphinfix.com.tr\/wp-content\/uploads\/2025\/05\/1140-DSW-D-SIL-WB.png","type":"image\/png"}],"twitter_card":"summary_large_image","twitter_misc":{"Tahmini okuma s\u00fcresi":"2 dakika"},"schema":{"@context":"https:\/\/schema.org","@graph":[{"@type":"WebPage","@id":"https:\/\/dolphinfix.com.tr\/urun\/1140-dsw-su-bazli-emprenye\/","url":"https:\/\/dolphinfix.com.tr\/urun\/1140-dsw-su-bazli-emprenye\/","name":"1140 DSW D-S\u0130L WB Su Bazl\u0131 Su \u0130tici Emprenye | Nefes Alan Koruma","isPartOf":{"@id":"https:\/\/dolphinfix.com.tr\/#website"},"datePublished":"2025-05-01T14:59:23+00:00","dateModified":"2026-03-31T13:10:40+00:00","description":"1140 DSW D-S\u0130L WB su bazl\u0131 su itici emprenye; beton, ta\u015f ve mineral y\u00fczeylerde su emilimini azalt\u0131r, nefes alabilir koruma sa\u011flar. D\u0131\u015f cephe ve yap\u0131 y\u00fczeylerinde uzun \u00f6m\u00fcrl\u00fc, \u015feffaf su yal\u0131t\u0131m \u00e7\u00f6z\u00fcm\u00fc.","breadcrumb":{"@id":"https:\/\/dolphinfix.com.tr\/urun\/1140-dsw-su-bazli-emprenye\/#breadcrumb"},"inLanguage":"tr","potentialAction":[{"@type":"ReadAction","target":["https:\/\/dolphinfix.com.tr\/urun\/1140-dsw-su-bazli-emprenye\/"]}]},{"@type":"BreadcrumbList","@id":"https:\/\/dolphinfix.com.tr\/urun\/1140-dsw-su-bazli-emprenye\/#breadcrumb","itemListElement":[{"@type":"ListItem","position":1,"name":"Home","item":"https:\/\/dolphinfix.com.tr\/"},{"@type":"ListItem","position":2,"name":"Market","item":"https:\/\/dolphinfix.com.tr\/market\/"},{"@type":"ListItem","position":3,"name":"1140 DSW D-S\u0130L WB SU \u0130T\u0130C\u0130 SU BAZLI EMPRENYE MALZEMES\u0130"}]},{"@type":"WebSite","@id":"https:\/\/dolphinfix.com.tr\/#website","url":"https:\/\/dolphinfix.com.tr\/","name":"Dolphinfix","description":"","potentialAction":[{"@type":"SearchAction","target":{"@type":"EntryPoint","urlTemplate":"https:\/\/dolphinfix.com.tr\/?s={search_term_string}"},"query-input":"required name=search_term_string"}],"inLanguage":"tr"}]}},"_links":{"self":[{"href":"https:\/\/dolphinfix.com.tr\/wp-json\/wp\/v2\/product\/18062","targetHints":{"allow":["GET"]}}],"collection":[{"href":"https:\/\/dolphinfix.com.tr\/wp-json\/wp\/v2\/product"}],"about":[{"href":"https:\/\/dolphinfix.com.tr\/wp-json\/wp\/v2\/types\/product"}],"replies":[{"embeddable":true,"href":"https:\/\/dolphinfix.com.tr\/wp-json\/wp\/v2\/comments?post=18062"}],"version-history":[{"count":5,"href":"https:\/\/dolphinfix.com.tr\/wp-json\/wp\/v2\/product\/18062\/revisions"}],"predecessor-version":[{"id":18775,"href":"https:\/\/dolphinfix.com.tr\/wp-json\/wp\/v2\/product\/18062\/revisions\/18775"}],"wp:featuredmedia":[{"embeddable":true,"href":"https:\/\/dolphinfix.com.tr\/wp-json\/wp\/v2\/media\/18059"}],"wp:attachment":[{"href":"https:\/\/dolphinfix.com.tr\/wp-json\/wp\/v2\/media?parent=18062"}],"wp:term":[{"taxonomy":"product_cat","embeddable":true,"href":"https:\/\/dolphinfix.com.tr\/wp-json\/wp\/v2\/product_cat?post=18062"},{"taxonomy":"product_tag","embeddable":true,"href":"https:\/\/dolphinfix.com.tr\/wp-json\/wp\/v2\/product_tag?post=18062"}],"curies":[{"name":"wp","href":"https:\/\/api.w.org\/{rel}","templated":true}]}}